{"id":14106,"date":"2022-03-18T10:26:12","date_gmt":"2022-03-18T09:26:12","guid":{"rendered":"https:\/\/agora.xtec.cat\/iesllica\/?page_id=14106"},"modified":"2025-02-18T10:01:07","modified_gmt":"2025-02-18T09:01:07","slug":"cicle-formatiu-gmntll","status":"publish","type":"page","link":"https:\/\/agora.xtec.cat\/iesllica\/estudis\/familia-professional-activitats-fisiques-i-esportives\/cicle-formatiu-gmntll\/","title":{"rendered":"GUIA EN EL MEDI NATURAL I DE TEMPS DE LLEURE (GMNTLL)"},"content":{"rendered":"<h3><a href=\"https:\/\/agora.xtec.cat\/iesllica\/wp-content\/uploads\/usu414\/2024\/04\/banner_guia.jpg\"><img loading=\"lazy\" decoding=\"async\" class=\"alignnone size-large wp-image-20594\" src=\"https:\/\/agora.xtec.cat\/iesllica\/wp-content\/uploads\/usu414\/2024\/04\/banner_guia-1024x286.jpg\" alt=\"\" width=\"1024\" height=\"286\" srcset=\"https:\/\/agora.xtec.cat\/iesllica\/wp-content\/uploads\/usu414\/2024\/04\/banner_guia-1024x286.jpg 1024w, https:\/\/agora.xtec.cat\/iesllica\/wp-content\/uploads\/usu414\/2024\/04\/banner_guia-300x84.jpg 300w, https:\/\/agora.xtec.cat\/iesllica\/wp-content\/uploads\/usu414\/2024\/04\/banner_guia-768x215.jpg 768w, https:\/\/agora.xtec.cat\/iesllica\/wp-content\/uploads\/usu414\/2024\/04\/banner_guia.jpg 1276w\" sizes=\"auto, (max-width: 1024px) 100vw, 1024px\" \/><\/a><\/h3>\n<h3><\/h3>\n<p style=\"text-align: justify;\">Aquests estudis postobligatoris capaciten per organitzar itineraris i guiar grups per entorns naturals de muntanya baixa i mitjana, terreny nevat de tipus n\u00f2rdic, cavitats de dificultat baixa, barrancs de risc baix, medi aqu\u00e0tic i instal\u00b7lacions d&#8217;oci i aventura (progressant a peu, amb cordes, en bicicleta, en embarcacions i a cavall), aix\u00ed com dinamitzar activitats de temps de lleure, adaptant les activitats a la tipologia dels participants, i respectant el medi ambient i garantint-ne la qualitat i la seguretat.<\/p>\n<p>La durada \u00e9s de 2.000 hores distribu\u00efdes en dos cursos acad\u00e8mics.<\/p>\n<p><strong>HORARIS<\/strong><\/p>\n<ul>\n<li style=\"list-style-type: none;\">\n<ul>\n<li>Principalment de mat\u00ed, per\u00f2 lligat a les sortides:\n<ul>\n<li style=\"text-align: justify;\">Sortides d&#8217;un mat\u00ed a l&#8217;entorn proper &#8211; <em>Setmanalment<\/em><\/li>\n<li style=\"text-align: justify;\">Jornada a l&#8217;h\u00edpica &#8211; <em>Setmanalment<\/em><\/li>\n<li style=\"text-align: justify;\">Piscina &#8211; <em>mig mat\u00ed setmanalment<\/em><\/li>\n<li style=\"text-align: justify;\">Jornades espec\u00edfiques d&#8217;un dia &#8211; <em>Mensualment<\/em><\/li>\n<li style=\"text-align: justify;\">Sortides de 2 a 4 dies (terreny nevat, espeleologia, embarcacions en medi aqu\u00e0tic, a cavall, a peu, en BTT, barrancs, escalada,<br \/>\nacampada, &#8230;) &#8211; <em>Trimestralment<\/em><\/li>\n<\/ul>\n<\/li>\n<\/ul>\n<\/li>\n<\/ul>\n<p><strong>CONTINGUTS DEL CICLE<\/strong><\/p>\n<ul>\n<li style=\"list-style-type: none;\">\n<ul>\n<li>T\u00e8cniques d&#8217;equitaci\u00f3<\/li>\n<li>Guia eq\u00fcestre<\/li>\n<li>Atenci\u00f3 a grups<\/li>\n<li>Organitzaci\u00f3 d&#8217;itineraris<\/li>\n<li>Guia de muntanya baixa i mitjana<\/li>\n<li>Guia de bicicleta<\/li>\n<li>T\u00e8cniques de temps de lleure<\/li>\n<li>T\u00e8cniques de nataci\u00f3<\/li>\n<li>Socorrisme en el medi natural<\/li>\n<li>Guia en el MN aqu\u00e0tic<\/li>\n<li>Maniobres amb cordes<\/li>\n<li>Digitalitzaci\u00f3 Aplicada als Sectors Productius<\/li>\n<li>Sostenibilitat Aplicada al Sistema Productiu<\/li>\n<li>Itinerari Personal per a l\u2019Ocupabilitat I<\/li>\n<li>Itinerari Personal per a l\u2019Ocupabilitat II<\/li>\n<li>Angl\u00e8s Professional<\/li>\n<li>Projecte Internodular<\/li>\n<li>Formaci\u00f3 Dual<\/li>\n<\/ul>\n<\/li>\n<\/ul>\n<ul>\n<li><a href=\"https:\/\/agora.xtec.cat\/iesllica\/wp-content\/uploads\/usu414\/2025\/02\/GMNTLL.pdf\" target=\"_blank\" rel=\"noopener\">Descarrega Tr\u00edptic (.pdf)<\/a><\/li>\n<\/ul>\n<p>Per a m\u00e9s informaci\u00f3, podeu visitar la seg\u00fcent <a href=\"https:\/\/triaeducativa.gencat.cat\/ca\/estudis\/?guia-medi-natural-temps-lleure&amp;p_id=4870\" target=\"_blank\" rel=\"noopener\">web<\/a>.<\/p>\n<p>&nbsp;<\/p>\n","protected":false},"excerpt":{"rendered":"<p><a href=\"https:\/\/agora.xtec.cat\/iesllica\/wp-content\/uploads\/usu414\/2024\/04\/banner_guia.jpg\"><\/a><\/p>\n<p>Aquests estudis postobligatoris capaciten per organitzar itineraris i guiar grups per entorns naturals de muntanya baixa i mitjana, terreny nevat de tipus n\u00f2rdic, cavitats de dificultat baixa, barrancs de risc baix, medi aqu\u00e0tic i instal\u00b7lacions d&#8217;oci i aventura (progressant a peu, amb cordes, en&hellip;  <a href=\"https:\/\/agora.xtec.cat\/iesllica\/estudis\/familia-professional-activitats-fisiques-i-esportives\/cicle-formatiu-gmntll\/\" title=\"Read GUIA EN EL MEDI NATURAL I DE TEMPS DE LLEURE (GMNTLL)\">Llegeix m\u00e9s\u00bb<\/a><\/p>\n","protected":false},"author":11,"featured_media":0,"parent":20492,"menu_order":0,"comment_status":"closed","ping_status":"closed","template":"page-templates\/side-menu.php","meta":{"_bbp_topic_count":0,"_bbp_reply_count":0,"_bbp_total_topic_count":0,"_bbp_total_reply_count":0,"_bbp_voice_count":0,"_bbp_anonymous_reply_count":0,"_bbp_topic_count_hidden":0,"_bbp_reply_count_hidden":0,"_bbp_forum_subforum_count":0,"footnotes":""},"class_list":["post-14106","page","type-page","status-publish","hentry"],"post_mailing_queue_ids":[],"_links":{"self":[{"href":"https:\/\/agora.xtec.cat\/iesllica\/wp-json\/wp\/v2\/pages\/14106","targetHints":{"allow":["GET"]}}],"collection":[{"href":"https:\/\/agora.xtec.cat\/iesllica\/wp-json\/wp\/v2\/pages"}],"about":[{"href":"https:\/\/agora.xtec.cat\/iesllica\/wp-json\/wp\/v2\/types\/page"}],"author":[{"embeddable":true,"href":"https:\/\/agora.xtec.cat\/iesllica\/wp-json\/wp\/v2\/users\/11"}],"replies":[{"embeddable":true,"href":"https:\/\/agora.xtec.cat\/iesllica\/wp-json\/wp\/v2\/comments?post=14106"}],"version-history":[{"count":7,"href":"https:\/\/agora.xtec.cat\/iesllica\/wp-json\/wp\/v2\/pages\/14106\/revisions"}],"predecessor-version":[{"id":22061,"href":"https:\/\/agora.xtec.cat\/iesllica\/wp-json\/wp\/v2\/pages\/14106\/revisions\/22061"}],"up":[{"embeddable":true,"href":"https:\/\/agora.xtec.cat\/iesllica\/wp-json\/wp\/v2\/pages\/20492"}],"wp:attachment":[{"href":"https:\/\/agora.xtec.cat\/iesllica\/wp-json\/wp\/v2\/media?parent=14106"}],"curies":[{"name":"wp","href":"https:\/\/api.w.org\/{rel}","templated":true}]}}