{"id":14104,"date":"2022-03-18T10:26:12","date_gmt":"2022-03-18T09:26:12","guid":{"rendered":"https:\/\/agora.xtec.cat\/iesllica\/?page_id=14104"},"modified":"2025-02-18T09:47:56","modified_gmt":"2025-02-18T08:47:56","slug":"cicle-formatiu-asix-ciberseguretat","status":"publish","type":"page","link":"https:\/\/agora.xtec.cat\/iesllica\/estudis\/familia-professional-informatica-i-comunicacions\/cicle-formatiu-asix-ciberseguretat\/","title":{"rendered":"ADMINISTRACI\u00d3 DE SISTEMES INFORM\u00c0TICS EN XARXES (ASIX)  (perfil ciberseguretat)"},"content":{"rendered":"<h3><a href=\"https:\/\/agora.xtec.cat\/iesllica\/wp-content\/uploads\/usu414\/2024\/04\/banner_asix.jpeg\"><img loading=\"lazy\" decoding=\"async\" class=\"alignnone wp-image-20561\" src=\"https:\/\/agora.xtec.cat\/iesllica\/wp-content\/uploads\/usu414\/2024\/04\/banner_asix.jpeg\" alt=\"\" width=\"1033\" height=\"136\" srcset=\"https:\/\/agora.xtec.cat\/iesllica\/wp-content\/uploads\/usu414\/2024\/04\/banner_asix.jpeg 600w, https:\/\/agora.xtec.cat\/iesllica\/wp-content\/uploads\/usu414\/2024\/04\/banner_asix-300x40.jpeg 300w\" sizes=\"auto, (max-width: 1033px) 100vw, 1033px\" \/><\/a><\/h3>\n<p>&nbsp;<\/p>\n<p style=\"text-align: justify;\">Aquests estudis postobligatoris capaciten per configurar, administrar i mantenir sistemes inform\u00e0tics, garantint-ne la funcionalitat, la integritat dels recursos i serveis del sistema, amb la qualitat exigida i complint la reglamentaci\u00f3 vigent.<\/p>\n<p style=\"text-align: justify;\">D\u2019altra banda, aquest cicle formatiu, orientat a la ciberseguretat, permet formar un professional per ser capa\u00e7 d\u2019analitzar la seguretat i proposar solucions als ciberatacs detectats, reconeixent-ne l&#8217;origen i motius; definir i implementar un funcionament segur per als dispositius m\u00f2bils i d\u2019altres (<em>IoT<\/em>), i assegurar els serveis de xarxa per garantir-ne la seguretat.<\/p>\n<p>Aquesta titulaci\u00f3 s\u2019ofereix amb una durada de 2.000 hores de formaci\u00f3 distribu\u00efdes en dos cursos acad\u00e8mics.<\/p>\n<p>&nbsp;<\/p>\n<p><strong>HORARIS<\/strong><\/p>\n<ul>\n<li style=\"list-style-type: none;\">\n<ul>\n<li>1r curs: \u00cdntegrament en el centre educatiu al mat\u00ed (8:00h a 14:30h)<\/li>\n<li>2n curs: Mat\u00ed (8:00h a 13:30h). A la tarda \u00e9s l\u2019espai horari on es realitzar\u00e0 la formaci\u00f3 dual.<\/li>\n<\/ul>\n<\/li>\n<\/ul>\n<p>&nbsp;<\/p>\n<p><strong>CONTINGUTS DEL CICLE<\/strong><\/p>\n<ul>\n<li style=\"list-style-type: none;\">\n<ul>\n<li>Implantaci\u00f3 de sistemes operatius<\/li>\n<li>Gesti\u00f3 de bases de dades<\/li>\n<li>Llenguatges de marques i sistemes de gesti\u00f3 de la informaci\u00f3<\/li>\n<li>Fonaments de maquinari<\/li>\n<li>Administraci\u00f3 de sistemes operatius<\/li>\n<li>Planificaci\u00f3 i administraci\u00f3 de xarxes<\/li>\n<li>Implantaci\u00f3 d&#8217;aplicacions web<\/li>\n<li>Administraci\u00f3 de sistemes gestors de bases de dades<\/li>\n<li>Serveis de xarxa i Internet<\/li>\n<li>Digitalitzaci\u00f3 Aplicada als Sectors Productius<\/li>\n<li>Sostenibilitat Aplicada al Sistema Productiu<\/li>\n<li>Itinerari Personal per a l\u2019Ocupabilitat I<\/li>\n<li>Itinerari Personal per a l\u2019Ocupabilitat II<\/li>\n<li>Angl\u00e8s Professional<\/li>\n<li>Projecte Internodular<\/li>\n<li>Seguretat en sistemes, xarxes i serveis<\/li>\n<li>Ciberseguretat i hacking \u00e8tic<\/li>\n<li>Formaci\u00f3 Dual<\/li>\n<\/ul>\n<\/li>\n<\/ul>\n<p>&nbsp;<\/p>\n<ul>\n<li><a href=\"https:\/\/agora.xtec.cat\/iesllica\/wp-content\/uploads\/usu414\/2025\/02\/ASIX-Ciberseguretat.pdf\" target=\"_blank\" rel=\"noopener\">Descarrega tr\u00edptic (.pdf)<\/a><\/li>\n<\/ul>\n<p>Per a m\u00e9s informaci\u00f3, podeu visitar la seg\u00fcent <a href=\"https:\/\/triaeducativa.gencat.cat\/ca\/estudis\/?administracio-sistemes-informatics-xarxa-perfil-professional-ciberseguretat&amp;p_id=3990\" target=\"_blank\" rel=\"noopener\">web<\/a>.<\/p>\n<p>&nbsp;<\/p>\n","protected":false},"excerpt":{"rendered":"<p><a href=\"https:\/\/agora.xtec.cat\/iesllica\/wp-content\/uploads\/usu414\/2024\/04\/banner_asix.jpeg\"><\/a><br \/>\n&nbsp;<br \/>\nAquests estudis postobligatoris capaciten per configurar, administrar i mantenir sistemes inform\u00e0tics, garantint-ne la funcionalitat, la integritat dels recursos i serveis del sistema, amb la qualitat exigida i complint la reglamentaci\u00f3 vigent.<br \/>\nD\u2019altra banda, aquest cicle formatiu, orientat a la ciberseguretat, permet formar un professional per&hellip;  <a href=\"https:\/\/agora.xtec.cat\/iesllica\/estudis\/familia-professional-informatica-i-comunicacions\/cicle-formatiu-asix-ciberseguretat\/\" title=\"Read ADMINISTRACI\u00d3 DE SISTEMES INFORM\u00c0TICS EN XARXES (ASIX)  (perfil ciberseguretat)\">Llegeix m\u00e9s\u00bb<\/a><\/p>\n","protected":false},"author":11,"featured_media":0,"parent":20482,"menu_order":2,"comment_status":"closed","ping_status":"closed","template":"page-templates\/side-menu.php","meta":{"_bbp_topic_count":0,"_bbp_reply_count":0,"_bbp_total_topic_count":0,"_bbp_total_reply_count":0,"_bbp_voice_count":0,"_bbp_anonymous_reply_count":0,"_bbp_topic_count_hidden":0,"_bbp_reply_count_hidden":0,"_bbp_forum_subforum_count":0,"footnotes":""},"class_list":["post-14104","page","type-page","status-publish","hentry"],"post_mailing_queue_ids":[],"_links":{"self":[{"href":"https:\/\/agora.xtec.cat\/iesllica\/wp-json\/wp\/v2\/pages\/14104","targetHints":{"allow":["GET"]}}],"collection":[{"href":"https:\/\/agora.xtec.cat\/iesllica\/wp-json\/wp\/v2\/pages"}],"about":[{"href":"https:\/\/agora.xtec.cat\/iesllica\/wp-json\/wp\/v2\/types\/page"}],"author":[{"embeddable":true,"href":"https:\/\/agora.xtec.cat\/iesllica\/wp-json\/wp\/v2\/users\/11"}],"replies":[{"embeddable":true,"href":"https:\/\/agora.xtec.cat\/iesllica\/wp-json\/wp\/v2\/comments?post=14104"}],"version-history":[{"count":6,"href":"https:\/\/agora.xtec.cat\/iesllica\/wp-json\/wp\/v2\/pages\/14104\/revisions"}],"predecessor-version":[{"id":22051,"href":"https:\/\/agora.xtec.cat\/iesllica\/wp-json\/wp\/v2\/pages\/14104\/revisions\/22051"}],"up":[{"embeddable":true,"href":"https:\/\/agora.xtec.cat\/iesllica\/wp-json\/wp\/v2\/pages\/20482"}],"wp:attachment":[{"href":"https:\/\/agora.xtec.cat\/iesllica\/wp-json\/wp\/v2\/media?parent=14104"}],"curies":[{"name":"wp","href":"https:\/\/api.w.org\/{rel}","templated":true}]}}