{"id":10844,"date":"2021-04-21T09:40:31","date_gmt":"2021-04-21T07:40:31","guid":{"rendered":"http:\/\/agora.xtec.cat\/iesllica\/?page_id=10844"},"modified":"2025-02-18T09:48:35","modified_gmt":"2025-02-18T08:48:35","slug":"cicles-formatiu-sistemes-microinformatics-i-xarxes","status":"publish","type":"page","link":"https:\/\/agora.xtec.cat\/iesllica\/estudis\/familia-professional-informatica-i-comunicacions\/cicles-formatiu-sistemes-microinformatics-i-xarxes\/","title":{"rendered":"SISTEMES MICROINFORM\u00c0TICS I XARXES (SMX)"},"content":{"rendered":"<h3><a href=\"https:\/\/agora.xtec.cat\/iesllica\/wp-content\/uploads\/usu414\/2024\/04\/banner_smx.jpeg\"><img loading=\"lazy\" decoding=\"async\" class=\"alignnone wp-image-20556\" src=\"https:\/\/agora.xtec.cat\/iesllica\/wp-content\/uploads\/usu414\/2024\/04\/banner_smx-1024x267.jpeg\" alt=\"\" width=\"1094\" height=\"285\" srcset=\"https:\/\/agora.xtec.cat\/iesllica\/wp-content\/uploads\/usu414\/2024\/04\/banner_smx-1024x267.jpeg 1024w, https:\/\/agora.xtec.cat\/iesllica\/wp-content\/uploads\/usu414\/2024\/04\/banner_smx-300x78.jpeg 300w, https:\/\/agora.xtec.cat\/iesllica\/wp-content\/uploads\/usu414\/2024\/04\/banner_smx-768x200.jpeg 768w, https:\/\/agora.xtec.cat\/iesllica\/wp-content\/uploads\/usu414\/2024\/04\/banner_smx-1536x401.jpeg 1536w, https:\/\/agora.xtec.cat\/iesllica\/wp-content\/uploads\/usu414\/2024\/04\/banner_smx.jpeg 1920w\" sizes=\"auto, (max-width: 1094px) 100vw, 1094px\" \/><\/a><\/h3>\n<h3><\/h3>\n<p style=\"text-align: justify;\">Aquests estudis postobligatoris capaciten per instal\u00b7lar i mantenir serveis de xarxes fixes i m\u00f2bils, serveis d\u2019Internet i sistemes inform\u00e0tics i tamb\u00e9 per prestar suport als usuaris\/es. L\u2019acc\u00e9s es fa habitualment mitjan\u00e7ant el t\u00edtol de Graduat en ESO o per la prova d\u2019acc\u00e9s al cicle formatiu de grau mitj\u00e0.<\/p>\n<p style=\"text-align: justify;\">Aquesta titulaci\u00f3 s\u2019ofereix amb una durada de 2.000 hores de formaci\u00f3 distribu\u00efdes en dos cursos acad\u00e8mics.<\/p>\n<p style=\"text-align: justify;\">Aquest cicle va destinat a tot aquella persona amb molta inquietud en l\u2019\u00e0mbit de la inform\u00e0tica, comunicacions, noves tecnologies i es veu treballant com a t\u00e8cnic en un futur. La culminaci\u00f3 d\u2019aquest t\u00edtol permet obtenir un t\u00edtol de T\u00e8cnic que permetr\u00e0 incorporar-se en el m\u00f3n laboral o tamb\u00e9 encaminar-se cap a un cicle de grau superior d\u2019inform\u00e0tica.Des<\/p>\n<p style=\"text-align: justify;\"><strong>HORARIS<\/strong><\/p>\n<ul>\n<li style=\"list-style-type: none;\">\n<ul>\n<li>1r curs: \u00cdntegrament en el centre educatiu al mat\u00ed (8:00h a 14:30h)<\/li>\n<li>2n curs: Mat\u00ed (8:00h a 13:30h). A la tarda \u00e9s l\u2019espai horari on es realitzar\u00e0 la formaci\u00f3 dual.<\/li>\n<\/ul>\n<\/li>\n<\/ul>\n<p><strong>CONTINGUTS DEL CICLE<\/strong><\/p>\n<ul>\n<li style=\"list-style-type: none;\">\n<ul>\n<li>Muntatge i Manteniment d\u2019Equips<\/li>\n<li>Sistemes Operatius Monolloc<\/li>\n<li>Aplicacions Ofim\u00e0tiques<\/li>\n<li>Sistemes Operatius en Xarxa<\/li>\n<li>Xarxes Locals<\/li>\n<li>Seguretat Inform\u00e0tica<\/li>\n<li>Serveis de Xarxa<\/li>\n<li>Aplicacions Web<\/li>\n<li>Digitalitzaci\u00f3 Aplicada als Sectors Productius<\/li>\n<li>Sostenibilitat Aplicada al Sistema Productiu<\/li>\n<li>Itinerari Personal per a l\u2019Ocupabilitat I<\/li>\n<li>Itinerari Personal per a l\u2019Ocupabilitat II<\/li>\n<li>Angl\u00e8s Professional<\/li>\n<li>Projecte Internodular<\/li>\n<li>M\u00f2dul Professional Optatiu:\n<ul>\n<li>Programaci\u00f3<\/li>\n<li>Xarxes Locals II<\/li>\n<\/ul>\n<\/li>\n<li>Formaci\u00f3 Dual<\/li>\n<\/ul>\n<\/li>\n<\/ul>\n<p>A banda d&#8217;aquesta formaci\u00f3 oficial reglada pel Departament d&#8217;Ensenyament, l&#8217;INS de Lli\u00e7\u00e0 ofereix la possibilitat d&#8217;obtenir les certificacions de <a href=\"https:\/\/www.lpi.org\/es\/\" target=\"_blank\" rel=\"noopener\">Linux Essentials Professional<\/a> i <a href=\"https:\/\/www.netacad.com\/es\" target=\"_blank\" rel=\"noopener\">Cisco Exploration Networks Fundamentals<\/a>.<\/p>\n<ul style=\"list-style-type: circle;\">\n<li><a href=\"https:\/\/agora.xtec.cat\/iesllica\/wp-content\/uploads\/usu414\/2025\/02\/SMX.pdf\" target=\"_blank\" rel=\"noopener\">Descarrega Tr\u00edptic (.pdf)<\/a><\/li>\n<\/ul>\n<p>Per a m\u00e9s informaci\u00f3, podeu visitar el web <a href=\"http:\/\/www.insllica.cat\/smx\">www.insllica.cat\/smx<\/a><\/p>\n","protected":false},"excerpt":{"rendered":"<p><a href=\"https:\/\/agora.xtec.cat\/iesllica\/wp-content\/uploads\/usu414\/2024\/04\/banner_smx.jpeg\"><\/a><\/p>\n<p>Aquests estudis postobligatoris capaciten per instal\u00b7lar i mantenir serveis de xarxes fixes i m\u00f2bils, serveis d\u2019Internet i sistemes inform\u00e0tics i tamb\u00e9 per prestar suport als usuaris\/es. L\u2019acc\u00e9s es fa habitualment mitjan\u00e7ant el t\u00edtol de Graduat en ESO o per la prova d\u2019acc\u00e9s al cicle&hellip;  <a href=\"https:\/\/agora.xtec.cat\/iesllica\/estudis\/familia-professional-informatica-i-comunicacions\/cicles-formatiu-sistemes-microinformatics-i-xarxes\/\" title=\"Read SISTEMES MICROINFORM\u00c0TICS I XARXES (SMX)\">Llegeix m\u00e9s\u00bb<\/a><\/p>\n","protected":false},"author":12,"featured_media":0,"parent":20482,"menu_order":1,"comment_status":"closed","ping_status":"closed","template":"page-templates\/side-menu.php","meta":{"_bbp_topic_count":0,"_bbp_reply_count":0,"_bbp_total_topic_count":0,"_bbp_total_reply_count":0,"_bbp_voice_count":0,"_bbp_anonymous_reply_count":0,"_bbp_topic_count_hidden":0,"_bbp_reply_count_hidden":0,"_bbp_forum_subforum_count":0,"footnotes":""},"class_list":["post-10844","page","type-page","status-publish","hentry"],"post_mailing_queue_ids":[],"_links":{"self":[{"href":"https:\/\/agora.xtec.cat\/iesllica\/wp-json\/wp\/v2\/pages\/10844","targetHints":{"allow":["GET"]}}],"collection":[{"href":"https:\/\/agora.xtec.cat\/iesllica\/wp-json\/wp\/v2\/pages"}],"about":[{"href":"https:\/\/agora.xtec.cat\/iesllica\/wp-json\/wp\/v2\/types\/page"}],"author":[{"embeddable":true,"href":"https:\/\/agora.xtec.cat\/iesllica\/wp-json\/wp\/v2\/users\/12"}],"replies":[{"embeddable":true,"href":"https:\/\/agora.xtec.cat\/iesllica\/wp-json\/wp\/v2\/comments?post=10844"}],"version-history":[{"count":6,"href":"https:\/\/agora.xtec.cat\/iesllica\/wp-json\/wp\/v2\/pages\/10844\/revisions"}],"predecessor-version":[{"id":22052,"href":"https:\/\/agora.xtec.cat\/iesllica\/wp-json\/wp\/v2\/pages\/10844\/revisions\/22052"}],"up":[{"embeddable":true,"href":"https:\/\/agora.xtec.cat\/iesllica\/wp-json\/wp\/v2\/pages\/20482"}],"wp:attachment":[{"href":"https:\/\/agora.xtec.cat\/iesllica\/wp-json\/wp\/v2\/media?parent=10844"}],"curies":[{"name":"wp","href":"https:\/\/api.w.org\/{rel}","templated":true}]}}