{"id":701,"date":"2021-02-20T20:37:59","date_gmt":"2021-02-20T19:37:59","guid":{"rendered":"https:\/\/agora.xtec.cat\/iesllavaneres\/?page_id=701"},"modified":"2026-02-06T18:11:44","modified_gmt":"2026-02-06T17:11:44","slug":"proves-geso","status":"publish","type":"page","link":"https:\/\/agora.xtec.cat\/iesllavaneres\/secretaria\/proves-geso\/","title":{"rendered":"Proves GESO"},"content":{"rendered":"<h4><strong>Informacions:<\/strong> <a href=\"https:\/\/agora.xtec.cat\/iesllavaneres\/wp-content\/uploads\/usu2229\/2026\/01\/Full-informacio.pdf\" target=\"_blank\" rel=\"noopener\">Full Informatiu<\/a><\/h4>\n<h4><strong>Inscripci\u00f3: <\/strong><a href=\"https:\/\/agora.xtec.cat\/iesllavaneres\/wp-content\/uploads\/usu2229\/2026\/01\/A665.pdf\" target=\"_blank\" rel=\"noopener\">Full d&#8217;inscripci\u00f3<\/a><\/h4>\n<h5><strong>Sol\u00b7licitud de la prova: entre el 2 i el 13 de febrer a la Secretaria del centre.<\/strong><\/h5>\n<h5><b>Pr\u00f2ximament es publicar\u00e0 el calendari de proves.<\/b><\/h5>\n<p>A continuaci\u00f3 teniu els temaris de les proves de cada mat\u00e8ria. (Actualitzant)<\/p>\n<p><a href=\"https:\/\/agora.xtec.cat\/iesllavaneres\/wp-content\/uploads\/usu2229\/2026\/02\/GESO-prova-i-criteris-de-Ciencies-Socials.pdf\" target=\"_blank\" rel=\"noopener\">2026 PROVES GESO ESO4 Socials<\/a><\/p>\n<p><a href=\"https:\/\/agora.xtec.cat\/iesllavaneres\/wp-content\/uploads\/usu2229\/2026\/02\/Emprenedoria_20de_20GESO-prova_20i_20criteris_25-26.docx.pdf\" target=\"_blank\" rel=\"noopener\">2026PROVES GESO ESO4 Emprenedoria<\/a><\/p>\n<p><a href=\"https:\/\/agora.xtec.cat\/iesllavaneres\/wp-content\/uploads\/usu2229\/2026\/02\/GESO-Biologia-i-Geologia.-AVALUACIO-I-CRITERIS-25-26.pdf\" target=\"_blank\" rel=\"noopener\">2026 PROVES GESO ESO4 Biologia i Geologia<\/a><\/p>\n<p><a href=\"https:\/\/agora.xtec.cat\/iesllavaneres\/wp-content\/uploads\/usu2229\/2026\/02\/Temari_Biologia_Geologia.pdf\" target=\"_blank\" rel=\"noopener\">Material &#8211; Proves GESO ESO4 Biologia i Geologia<\/a><\/p>\n<p>______________________________________________________________<\/p>\n<p><a href=\"https:\/\/agora.xtec.cat\/iesllavaneres\/wp-content\/uploads\/usu2229\/2023\/01\/PROVES_GESO_LLENGUA_CATALANA_2023.pdf\">2025 PROVES GESO ESO4 Catal\u00e0<\/a><\/p>\n<p><a href=\"https:\/\/agora.xtec.cat\/iesllavaneres\/wp-content\/uploads\/usu2229\/2024\/10\/GESO_2025_ESO4_MATEMATIQUES.docx.pdf\">2025 PROVES GESO ESO4 Matem\u00e0tiques<\/a><\/p>\n<p><a href=\"https:\/\/agora.xtec.cat\/iesllavaneres\/wp-content\/uploads\/usu2229\/2023\/02\/PROVES_GESO_LENGUA_CASTELLANA_2023.pdf\">2025 PROVES GESO ESO4 Castell\u00e0<\/a><\/p>\n<p><a href=\"https:\/\/agora.xtec.cat\/iesllavaneres\/wp-content\/uploads\/usu2229\/2023\/02\/PROVES_GESO_LLENGUA_ANGLESA_2023.pdf\">2025 PROVES GESO ESO 4 Llengua anglesa<\/a><\/p>\n<p><a href=\"https:\/\/agora.xtec.cat\/iesllavaneres\/wp-content\/uploads\/usu2229\/2023\/01\/PROVES_GESO_INFORMATICA_2023.pdf\">2025 PROVES GESO ESO4 Inform\u00e0tica<\/a><\/p>\n<p><a href=\"https:\/\/agora.xtec.cat\/iesllavaneres\/wp-content\/uploads\/usu2229\/2025\/01\/CRITERIS_GESO_TECNOLONOGIA_3R_2425.pdf\">2025 PROVES GESO ESO4 Tecnologia<\/a><\/p>\n<p><a href=\"http:\/\/iesllavaneres.org\/wp\/wp-content\/uploads\/2021\/02\/2021_PROVES_GESO3_VISUAL_I_PLASTICA.pdf\">2023 PROVES GESO ESO4 Visual i Pl\u00e0stica<\/a><\/p>\n","protected":false},"excerpt":{"rendered":"<p>Informacions: Full Informatiu Inscripci\u00f3: Full d&#8217;inscripci\u00f3 Sol\u00b7licitud de la prova: entre el 2 i el 13 de febrer a la Secretaria del centre. Pr\u00f2ximament es publicar\u00e0 el calendari de proves. A continuaci\u00f3 teniu els temaris de les proves de cada mat\u00e8ria. (Actualitzant) 2026 PROVES GESO ESO4 Socials 2026PROVES GESO ESO4 Emprenedoria 2026 PROVES GESO ESO4 [&hellip;]<\/p>\n","protected":false},"author":1,"featured_media":0,"parent":81,"menu_order":30,"comment_status":"closed","ping_status":"closed","template":"","meta":{"_bbp_topic_count":0,"_bbp_reply_count":0,"_bbp_total_topic_count":0,"_bbp_total_reply_count":0,"_bbp_voice_count":0,"_bbp_anonymous_reply_count":0,"_bbp_topic_count_hidden":0,"_bbp_reply_count_hidden":0,"_bbp_forum_subforum_count":0,"site-sidebar-layout":"default","site-content-layout":"","ast-site-content-layout":"default","site-content-style":"default","site-sidebar-style":"default","ast-global-header-display":"","ast-banner-title-visibility":"","ast-main-header-display":"","ast-hfb-above-header-display":"","ast-hfb-below-header-display":"","ast-hfb-mobile-header-display":"","site-post-title":"","ast-breadcrumbs-content":"","ast-featured-img":"","footer-sml-layout":"","theme-transparent-header-meta":"","adv-header-id-meta":"","stick-header-meta":"","header-above-stick-meta":"","header-main-stick-meta":"","header-below-stick-meta":"","astra-migrate-meta-layouts":"set","ast-page-background-enabled":"default","ast-page-background-meta":{"desktop":{"background-color":"var(--ast-global-color-4)","background-image":"","background-repeat":"repeat","background-position":"center center","background-size":"auto","background-attachment":"scroll","background-type":"","background-media":"","overlay-type":"","overlay-color":"","overlay-opacity":"","overlay-gradient":""},"tablet":{"background-color":"","background-image":"","background-repeat":"repeat","background-position":"center center","background-size":"auto","background-attachment":"scroll","background-type":"","background-media":"","overlay-type":"","overlay-color":"","overlay-opacity":"","overlay-gradient":""},"mobile":{"background-color":"","background-image":"","background-repeat":"repeat","background-position":"center center","background-size":"auto","background-attachment":"scroll","background-type":"","background-media":"","overlay-type":"","overlay-color":"","overlay-opacity":"","overlay-gradient":""}},"ast-content-background-meta":{"desktop":{"background-color":"var(--ast-global-color-5)","background-image":"","background-repeat":"repeat","background-position":"center center","background-size":"auto","background-attachment":"scroll","background-type":"","background-media":"","overlay-type":"","overlay-color":"","overlay-opacity":"","overlay-gradient":""},"tablet":{"background-color":"var(--ast-global-color-5)","background-image":"","background-repeat":"repeat","background-position":"center center","background-size":"auto","background-attachment":"scroll","background-type":"","background-media":"","overlay-type":"","overlay-color":"","overlay-opacity":"","overlay-gradient":""},"mobile":{"background-color":"var(--ast-global-color-5)","background-image":"","background-repeat":"repeat","background-position":"center center","background-size":"auto","background-attachment":"scroll","background-type":"","background-media":"","overlay-type":"","overlay-color":"","overlay-opacity":"","overlay-gradient":""}},"footnotes":""},"class_list":["post-701","page","type-page","status-publish","hentry"],"post_mailing_queue_ids":[],"_links":{"self":[{"href":"https:\/\/agora.xtec.cat\/iesllavaneres\/wp-json\/wp\/v2\/pages\/701","targetHints":{"allow":["GET"]}}],"collection":[{"href":"https:\/\/agora.xtec.cat\/iesllavaneres\/wp-json\/wp\/v2\/pages"}],"about":[{"href":"https:\/\/agora.xtec.cat\/iesllavaneres\/wp-json\/wp\/v2\/types\/page"}],"author":[{"embeddable":true,"href":"https:\/\/agora.xtec.cat\/iesllavaneres\/wp-json\/wp\/v2\/users\/1"}],"replies":[{"embeddable":true,"href":"https:\/\/agora.xtec.cat\/iesllavaneres\/wp-json\/wp\/v2\/comments?post=701"}],"version-history":[{"count":6,"href":"https:\/\/agora.xtec.cat\/iesllavaneres\/wp-json\/wp\/v2\/pages\/701\/revisions"}],"predecessor-version":[{"id":5468,"href":"https:\/\/agora.xtec.cat\/iesllavaneres\/wp-json\/wp\/v2\/pages\/701\/revisions\/5468"}],"up":[{"embeddable":true,"href":"https:\/\/agora.xtec.cat\/iesllavaneres\/wp-json\/wp\/v2\/pages\/81"}],"wp:attachment":[{"href":"https:\/\/agora.xtec.cat\/iesllavaneres\/wp-json\/wp\/v2\/media?parent=701"}],"curies":[{"name":"wp","href":"https:\/\/api.w.org\/{rel}","templated":true}]}}