{"id":689,"date":"2021-02-20T20:04:36","date_gmt":"2021-02-20T19:04:36","guid":{"rendered":"https:\/\/agora.xtec.cat\/iesllavaneres\/?page_id=689"},"modified":"2025-09-25T13:10:55","modified_gmt":"2025-09-25T11:10:55","slug":"documents","status":"publish","type":"page","link":"https:\/\/agora.xtec.cat\/iesllavaneres\/secretaria\/documents\/","title":{"rendered":"Documents"},"content":{"rendered":"\n<p><a href=\"https:\/\/agora.xtec.cat\/iesllavaneres\/wp-content\/uploads\/usu2229\/2021\/02\/e1a150d8a290939ce066076a89304281-1.pdf\">Inst\u00e0ncia gen\u00e8rica<\/a><\/p>\n\n\n\n<p><a href=\"https:\/\/agora.xtec.cat\/iesllavaneres\/wp-content\/uploads\/usu2229\/2025\/09\/Canvi-Materies_2025.docx-Documents-de-Google.pdf\">Sol\u00b7licitud Canvi Mat\u00e8ries<\/a><\/p>\n\n\n\n<p><a href=\"https:\/\/agora.xtec.cat\/iesllavaneres\/wp-content\/uploads\/usu2229\/2025\/09\/Sol.licitud-alumnat-ESO.pdf\">Sol\u00b7licitud de reconeixement de la mat\u00e8ria d&#8217;Educaci\u00f3 F\u00edsica per dedicaci\u00f3 significativa a l&#8217;esport (ESO).<\/a><\/p>\n\n\n\n<p><a href=\"https:\/\/agora.xtec.cat\/iesllavaneres\/wp-content\/uploads\/usu2229\/2025\/09\/Sol.licitud-alumnat-BAT.pdf\">Sol\u00b7licitud de reconeixement de mat\u00e8ries optatives per dedicaci\u00f3 significativa a l&#8217;esport (BAT).<\/a><\/p>\n\n\n\n<p><a href=\"https:\/\/agora.xtec.cat\/iesllavaneres\/wp-content\/uploads\/usu2229\/2025\/09\/Sollicitud-de-convalidacio-de-materies-optatives-de-batxillerat-per-a-alumnes-que-cursen-simultaniament-una-segona-llengua-estrangera-en-una-EOI.pdf\">Sol\u00b7licitud de reconeixement de mat\u00e8ries optatives per estudis cursats a la EOI (BAT).<\/a><\/p>\n\n\n\n<p><a href=\"https:\/\/agora.xtec.cat\/iesllavaneres\/wp-content\/uploads\/usu2229\/2021\/02\/Reduccio_Musica_ESO.pdf\">Sol\u00b7licitud Reducci\u00f3 M\u00fasica ESO<\/a><\/p>\n\n\n\n<p><a href=\"https:\/\/agora.xtec.cat\/iesllavaneres\/wp-content\/uploads\/usu2229\/2023\/10\/Document-de-baixa-de-lalumnat.-2023-24.pdf\">Sol\u00b7licitud de baixa<\/a><\/p>\n\n\n\n<p><a href=\"https:\/\/agora.xtec.cat\/iesllavaneres\/wp-content\/uploads\/usu2229\/2021\/02\/Reclamacio_notes.pdf\">Reclamaci\u00f3 per notes<\/a><\/p>\n\n\n\n<p><a href=\"https:\/\/agora.xtec.cat\/iesllavaneres\/wp-content\/uploads\/usu2229\/2021\/02\/Formulari_Queixa_servei_professional.pdf\">Formulari de queixa per prestaci\u00f3 de serveis professionals<\/a><\/p>\n\n\n\n<p><a href=\"https:\/\/agora.xtec.cat\/iesllavaneres\/wp-content\/uploads\/usu2229\/2023\/02\/ieduca-Guia-us-iEduca-per-les-families.pdf\">Guia \u00fas Ieduca<\/a><\/p>\n\n\n\n<p><a href=\"https:\/\/agora.xtec.cat\/iesllavaneres\/wp-content\/uploads\/usu2229\/2022\/03\/Guia-aplicacio-iEduca-Tokapp-v.03.pdf\">Guia registre Ieduca TokApp<\/a><\/p>\n\n\n\n<p><a href=\"https:\/\/agora.xtec.cat\/iesllavaneres\/wp-content\/uploads\/usu2229\/2025\/01\/Pressupost_2025.pdf\">Pressupost 2025<\/a><\/p>\n\n\n\n<p><a href=\"https:\/\/agora.xtec.cat\/iesllavaneres\/wp-content\/uploads\/usu2229\/2025\/02\/Liquidacio-del-pressupost-2024.pdf\">Liquidaci\u00f3 pressupost 2024<\/a><\/p>\n","protected":false},"excerpt":{"rendered":"<p>Inst\u00e0ncia gen\u00e8rica Sol\u00b7licitud Canvi Mat\u00e8ries Sol\u00b7licitud de reconeixement de la mat\u00e8ria d&#8217;Educaci\u00f3 F\u00edsica per dedicaci\u00f3 significativa a l&#8217;esport (ESO). Sol\u00b7licitud de reconeixement de mat\u00e8ries optatives per dedicaci\u00f3 significativa a l&#8217;esport (BAT). Sol\u00b7licitud de reconeixement de mat\u00e8ries optatives per estudis cursats a la EOI (BAT). Sol\u00b7licitud Reducci\u00f3 M\u00fasica ESO Sol\u00b7licitud de baixa Reclamaci\u00f3 per notes Formulari [&hellip;]<\/p>\n","protected":false},"author":1,"featured_media":0,"parent":81,"menu_order":10,"comment_status":"closed","ping_status":"closed","template":"","meta":{"_bbp_topic_count":0,"_bbp_reply_count":0,"_bbp_total_topic_count":0,"_bbp_total_reply_count":0,"_bbp_voice_count":0,"_bbp_anonymous_reply_count":0,"_bbp_topic_count_hidden":0,"_bbp_reply_count_hidden":0,"_bbp_forum_subforum_count":0,"site-sidebar-layout":"default","site-content-layout":"","ast-site-content-layout":"default","site-content-style":"default","site-sidebar-style":"default","ast-global-header-display":"","ast-banner-title-visibility":"","ast-main-header-display":"","ast-hfb-above-header-display":"","ast-hfb-below-header-display":"","ast-hfb-mobile-header-display":"","site-post-title":"","ast-breadcrumbs-content":"","ast-featured-img":"","footer-sml-layout":"","theme-transparent-header-meta":"","adv-header-id-meta":"","stick-header-meta":"","header-above-stick-meta":"","header-main-stick-meta":"","header-below-stick-meta":"","astra-migrate-meta-layouts":"set","ast-page-background-enabled":"default","ast-page-background-meta":{"desktop":{"background-color":"var(--ast-global-color-4)","background-image":"","background-repeat":"repeat","background-position":"center center","background-size":"auto","background-attachment":"scroll","background-type":"","background-media":"","overlay-type":"","overlay-color":"","overlay-opacity":"","overlay-gradient":""},"tablet":{"background-color":"","background-image":"","background-repeat":"repeat","background-position":"center center","background-size":"auto","background-attachment":"scroll","background-type":"","background-media":"","overlay-type":"","overlay-color":"","overlay-opacity":"","overlay-gradient":""},"mobile":{"background-color":"","background-image":"","background-repeat":"repeat","background-position":"center center","background-size":"auto","background-attachment":"scroll","background-type":"","background-media":"","overlay-type":"","overlay-color":"","overlay-opacity":"","overlay-gradient":""}},"ast-content-background-meta":{"desktop":{"background-color":"var(--ast-global-color-5)","background-image":"","background-repeat":"repeat","background-position":"center center","background-size":"auto","background-attachment":"scroll","background-type":"","background-media":"","overlay-type":"","overlay-color":"","overlay-opacity":"","overlay-gradient":""},"tablet":{"background-color":"var(--ast-global-color-5)","background-image":"","background-repeat":"repeat","background-position":"center center","background-size":"auto","background-attachment":"scroll","background-type":"","background-media":"","overlay-type":"","overlay-color":"","overlay-opacity":"","overlay-gradient":""},"mobile":{"background-color":"var(--ast-global-color-5)","background-image":"","background-repeat":"repeat","background-position":"center center","background-size":"auto","background-attachment":"scroll","background-type":"","background-media":"","overlay-type":"","overlay-color":"","overlay-opacity":"","overlay-gradient":""}},"footnotes":""},"class_list":["post-689","page","type-page","status-publish","hentry"],"post_mailing_queue_ids":[],"_links":{"self":[{"href":"https:\/\/agora.xtec.cat\/iesllavaneres\/wp-json\/wp\/v2\/pages\/689","targetHints":{"allow":["GET"]}}],"collection":[{"href":"https:\/\/agora.xtec.cat\/iesllavaneres\/wp-json\/wp\/v2\/pages"}],"about":[{"href":"https:\/\/agora.xtec.cat\/iesllavaneres\/wp-json\/wp\/v2\/types\/page"}],"author":[{"embeddable":true,"href":"https:\/\/agora.xtec.cat\/iesllavaneres\/wp-json\/wp\/v2\/users\/1"}],"replies":[{"embeddable":true,"href":"https:\/\/agora.xtec.cat\/iesllavaneres\/wp-json\/wp\/v2\/comments?post=689"}],"version-history":[{"count":6,"href":"https:\/\/agora.xtec.cat\/iesllavaneres\/wp-json\/wp\/v2\/pages\/689\/revisions"}],"predecessor-version":[{"id":5131,"href":"https:\/\/agora.xtec.cat\/iesllavaneres\/wp-json\/wp\/v2\/pages\/689\/revisions\/5131"}],"up":[{"embeddable":true,"href":"https:\/\/agora.xtec.cat\/iesllavaneres\/wp-json\/wp\/v2\/pages\/81"}],"wp:attachment":[{"href":"https:\/\/agora.xtec.cat\/iesllavaneres\/wp-json\/wp\/v2\/media?parent=689"}],"curies":[{"name":"wp","href":"https:\/\/api.w.org\/{rel}","templated":true}]}}