{"id":65,"date":"2014-09-18T10:12:22","date_gmt":"2014-09-18T10:12:22","guid":{"rendered":"http:\/\/agora.xtec.cat\/iesllavaneres\/?page_id=65"},"modified":"2021-07-15T13:08:24","modified_gmt":"2021-07-15T11:08:24","slug":"serveis-digitals","status":"publish","type":"page","link":"https:\/\/agora.xtec.cat\/iesllavaneres\/serveis\/serveis-digitals\/","title":{"rendered":"Serveis digitals"},"content":{"rendered":"<p>El centre ofereix diferents serve\u00efs digitals, tots ells orientats a la millora i satisfacci\u00f3 de la comunitat educativa en les seves diferents vessants.<\/p>\n<p><span style=\"text-decoration: underline;\">Alumnat:<\/span><\/p>\n<ul>\n<li>Tots els alumnes disposen d&#8217;un correu corporatiu subministrat pel centre, del tipus &#8220;1r cognom.2ncognom.nom@iesllavaneres&#8221;\n<ul>\n<li>Amb aquest correu tenen acc\u00e9s als diferents serveis digitals del nostre domini, com ara:\n<ul>\n<li>Moodle propi de cada mat\u00e8ria.<\/li>\n<li>Classroom propi de cada mat\u00e8ria.<\/li>\n<li>Entorn d&#8217;eines digitals basat en el n\u00favol, i gestionat pel centre.<\/li>\n<\/ul>\n<\/li>\n<\/ul>\n<\/li>\n<li>Tamb\u00e9 accedeixen al sistema de chromebooks &#8220;enrolat&#8221; al centre.<\/li>\n<li>No s&#8217;inclou en aquesta descripci\u00f3 els serveis pr\u00f2pies d&#8217;algunes mat\u00e8ries, com ara tecnologia, pel que fa a l&#8217;\u00fas de sistemes digitals propis.<\/li>\n<\/ul>\n<p>&nbsp;<\/p>\n<p><span style=\"text-decoration: underline;\">Fam\u00edlies:<\/span><\/p>\n<ul>\n<li>Acces al portal &#8220;Ieduca&#8221; d&#8217;informaci\u00f3 i gesti\u00f3 de faltes, notes, comunicaci\u00f3, etc sobre la marxa de l&#8217;alumne.<\/li>\n<li>Acc\u00e8 a l&#8217;APP &#8220;Ieduca Tokapp&#8221; amb funcionalitats semblants al portal, per\u00f2 accesible via m\u00f2bil, tablet, etc.<\/li>\n<\/ul>\n<p>&nbsp;<\/p>\n<p><span style=\"text-decoration: underline;\">Professorat:<\/span><\/p>\n<ul>\n<li>Subministrament de correu corporatiu personal<\/li>\n<li>Utilitzaci\u00f3 de les eines digitals abans esmentades.<\/li>\n<\/ul>\n","protected":false},"excerpt":{"rendered":"<p>El centre ofereix diferents serve\u00efs digitals, tots ells orientats a la millora i satisfacci\u00f3 de la comunitat educativa en les seves diferents vessants. Alumnat: Tots els alumnes disposen d&#8217;un correu corporatiu subministrat pel centre, del tipus &#8220;1r cognom.2ncognom.nom@iesllavaneres&#8221; Amb aquest correu tenen acc\u00e9s als diferents serveis digitals del nostre domini, com ara: Moodle propi de [&hellip;]<\/p>\n","protected":false},"author":1,"featured_media":0,"parent":63,"menu_order":10,"comment_status":"closed","ping_status":"closed","template":"page-templates\/side-menu.php","meta":{"_bbp_topic_count":0,"_bbp_reply_count":0,"_bbp_total_topic_count":0,"_bbp_total_reply_count":0,"_bbp_voice_count":0,"_bbp_anonymous_reply_count":0,"_bbp_topic_count_hidden":0,"_bbp_reply_count_hidden":0,"_bbp_forum_subforum_count":0,"site-sidebar-layout":"default","site-content-layout":"","ast-site-content-layout":"","site-content-style":"default","site-sidebar-style":"default","ast-global-header-display":"","ast-banner-title-visibility":"","ast-main-header-display":"","ast-hfb-above-header-display":"","ast-hfb-below-header-display":"","ast-hfb-mobile-header-display":"","site-post-title":"","ast-breadcrumbs-content":"","ast-featured-img":"","footer-sml-layout":"","theme-transparent-header-meta":"","adv-header-id-meta":"","stick-header-meta":"","header-above-stick-meta":"","header-main-stick-meta":"","header-below-stick-meta":"","astra-migrate-meta-layouts":"default","ast-page-background-enabled":"default","ast-page-background-meta":{"desktop":{"background-color":"var(--ast-global-color-4)","background-image":"","background-repeat":"repeat","background-position":"center center","background-size":"auto","background-attachment":"scroll","background-type":"","background-media":"","overlay-type":"","overlay-color":"","overlay-opacity":"","overlay-gradient":""},"tablet":{"background-color":"","background-image":"","background-repeat":"repeat","background-position":"center center","background-size":"auto","background-attachment":"scroll","background-type":"","background-media":"","overlay-type":"","overlay-color":"","overlay-opacity":"","overlay-gradient":""},"mobile":{"background-color":"","background-image":"","background-repeat":"repeat","background-position":"center center","background-size":"auto","background-attachment":"scroll","background-type":"","background-media":"","overlay-type":"","overlay-color":"","overlay-opacity":"","overlay-gradient":""}},"ast-content-background-meta":{"desktop":{"background-color":"var(--ast-global-color-5)","background-image":"","background-repeat":"repeat","background-position":"center center","background-size":"auto","background-attachment":"scroll","background-type":"","background-media":"","overlay-type":"","overlay-color":"","overlay-opacity":"","overlay-gradient":""},"tablet":{"background-color":"var(--ast-global-color-5)","background-image":"","background-repeat":"repeat","background-position":"center center","background-size":"auto","background-attachment":"scroll","background-type":"","background-media":"","overlay-type":"","overlay-color":"","overlay-opacity":"","overlay-gradient":""},"mobile":{"background-color":"var(--ast-global-color-5)","background-image":"","background-repeat":"repeat","background-position":"center center","background-size":"auto","background-attachment":"scroll","background-type":"","background-media":"","overlay-type":"","overlay-color":"","overlay-opacity":"","overlay-gradient":""}},"footnotes":""},"class_list":["post-65","page","type-page","status-publish","hentry"],"post_mailing_queue_ids":[],"_links":{"self":[{"href":"https:\/\/agora.xtec.cat\/iesllavaneres\/wp-json\/wp\/v2\/pages\/65","targetHints":{"allow":["GET"]}}],"collection":[{"href":"https:\/\/agora.xtec.cat\/iesllavaneres\/wp-json\/wp\/v2\/pages"}],"about":[{"href":"https:\/\/agora.xtec.cat\/iesllavaneres\/wp-json\/wp\/v2\/types\/page"}],"author":[{"embeddable":true,"href":"https:\/\/agora.xtec.cat\/iesllavaneres\/wp-json\/wp\/v2\/users\/1"}],"replies":[{"embeddable":true,"href":"https:\/\/agora.xtec.cat\/iesllavaneres\/wp-json\/wp\/v2\/comments?post=65"}],"version-history":[{"count":3,"href":"https:\/\/agora.xtec.cat\/iesllavaneres\/wp-json\/wp\/v2\/pages\/65\/revisions"}],"predecessor-version":[{"id":857,"href":"https:\/\/agora.xtec.cat\/iesllavaneres\/wp-json\/wp\/v2\/pages\/65\/revisions\/857"}],"up":[{"embeddable":true,"href":"https:\/\/agora.xtec.cat\/iesllavaneres\/wp-json\/wp\/v2\/pages\/63"}],"wp:attachment":[{"href":"https:\/\/agora.xtec.cat\/iesllavaneres\/wp-json\/wp\/v2\/media?parent=65"}],"curies":[{"name":"wp","href":"https:\/\/api.w.org\/{rel}","templated":true}]}}