{"id":581,"date":"2021-02-14T19:20:49","date_gmt":"2021-02-14T18:20:49","guid":{"rendered":"https:\/\/agora.xtec.cat\/iesllavaneres\/?page_id=581"},"modified":"2025-10-03T10:05:28","modified_gmt":"2025-10-03T08:05:28","slug":"ciencies-de-la-naturalesa","status":"publish","type":"page","link":"https:\/\/agora.xtec.cat\/iesllavaneres\/departaments-didactics\/ciencies-de-la-naturalesa\/","title":{"rendered":"Ci\u00e8ncies de la naturalesa"},"content":{"rendered":"\n<p><\/p>\n\n\n\n<div class=\"wp-block-getwid-icon-box has-icon-left has-text-left\"><div class=\"wp-block-getwid-icon-box__icon-container is-position-top\"><div class=\"wp-block-getwid-icon-box__icon-wrapper has-text-color has-ast-global-color-0-color\" style=\"font-size:30px\"><i class=\"fas fa-folder-open\"><\/i><\/div><\/div><div class=\"wp-block-getwid-icon-box__content\">\n<h3 class=\"wp-block-heading\" style=\"font-size:14px\"><a href=\"https:\/\/drive.google.com\/drive\/folders\/1jmRpR2pzAFETBGSsxnMNUJiEr4R590RL?usp=sharing\" target=\"_blank\" rel=\"noreferrer noopener\">Criteris de qualificaci\u00f3 i d&#8217;avaluaci\u00f3 25\/26<\/a><\/h3>\n<\/div><\/div>\n\n\n\n<p style=\"padding-top:var(--wp--preset--spacing--30);padding-bottom:var(--wp--preset--spacing--30)\"><em>&#8220;No oblideu mai que les coses meravelloses que apreneu a l\u2019escola s\u00f3n obra de moltes generacions, producte de l\u2019esfor\u00e7 entusiasta i del treball incansable de tots els pa\u00efsos del m\u00f3n. Es diposita tot aix\u00f2 a les vostres mans com a her\u00e8ncia perqu\u00e8 ho rebeu, ho honreu, ho augmenteu i aix\u00ed un dia ho pugueu transmetre als vostres fills. Aix\u00ed \u00e9s com nosaltres, els mortals, aconseguirem la immortalitat en les coses permanents que creem en com\u00fa.<\/em><\/p>\n\n\n\n<p style=\"padding-top:var(--wp--preset--spacing--30);padding-bottom:var(--wp--preset--spacing--30)\"><em>Si mai no oblideu aix\u00f2, trobareu un sentit a la vida i al treball, i adoptareu l\u2019actitud m\u00e9s correcta cap a altres nacions i altres \u00e8poques.&#8221;<\/em><\/p>\n\n\n\n<p class=\"has-text-align-right\">Albert Einstein (1934)<\/p>\n\n\n\n<p><strong>Membres del departament:<\/strong><\/p>\n\n\n\n<p>Arqu\u00e9s, Meritxell<\/p>\n\n\n\n<p>Llad\u00f3, Merc\u00e9<\/p>\n\n\n\n<p>Canaleta, N\u00faria<\/p>\n\n\n\n<p>Saez, Gabriel<\/p>\n\n\n\n<p>Sanz, J\u00falia (cap de departament)<\/p>\n\n\n\n<p>Rosell, Albert<\/p>\n\n\n\n<p>Vendrell, C\u00e8lia<\/p>\n","protected":false},"excerpt":{"rendered":"<p>&#8220;No oblideu mai que les coses meravelloses que apreneu a l\u2019escola s\u00f3n obra de moltes generacions, producte de l\u2019esfor\u00e7 entusiasta i del treball incansable de tots els pa\u00efsos del m\u00f3n. Es diposita tot aix\u00f2 a les vostres mans com a her\u00e8ncia perqu\u00e8 ho rebeu, ho honreu, ho augmenteu i aix\u00ed un dia ho pugueu transmetre [&hellip;]<\/p>\n","protected":false},"author":1,"featured_media":0,"parent":578,"menu_order":0,"comment_status":"closed","ping_status":"closed","template":"","meta":{"_bbp_topic_count":0,"_bbp_reply_count":0,"_bbp_total_topic_count":0,"_bbp_total_reply_count":0,"_bbp_voice_count":0,"_bbp_anonymous_reply_count":0,"_bbp_topic_count_hidden":0,"_bbp_reply_count_hidden":0,"_bbp_forum_subforum_count":0,"site-sidebar-layout":"default","site-content-layout":"","ast-site-content-layout":"default","site-content-style":"default","site-sidebar-style":"default","ast-global-header-display":"","ast-banner-title-visibility":"","ast-main-header-display":"","ast-hfb-above-header-display":"","ast-hfb-below-header-display":"","ast-hfb-mobile-header-display":"","site-post-title":"","ast-breadcrumbs-content":"","ast-featured-img":"","footer-sml-layout":"","theme-transparent-header-meta":"","adv-header-id-meta":"","stick-header-meta":"","header-above-stick-meta":"","header-main-stick-meta":"","header-below-stick-meta":"","astra-migrate-meta-layouts":"set","ast-page-background-enabled":"default","ast-page-background-meta":{"desktop":{"background-color":"var(--ast-global-color-4)","background-image":"","background-repeat":"repeat","background-position":"center center","background-size":"auto","background-attachment":"scroll","background-type":"","background-media":"","overlay-type":"","overlay-color":"","overlay-opacity":"","overlay-gradient":""},"tablet":{"background-color":"","background-image":"","background-repeat":"repeat","background-position":"center center","background-size":"auto","background-attachment":"scroll","background-type":"","background-media":"","overlay-type":"","overlay-color":"","overlay-opacity":"","overlay-gradient":""},"mobile":{"background-color":"","background-image":"","background-repeat":"repeat","background-position":"center center","background-size":"auto","background-attachment":"scroll","background-type":"","background-media":"","overlay-type":"","overlay-color":"","overlay-opacity":"","overlay-gradient":""}},"ast-content-background-meta":{"desktop":{"background-color":"var(--ast-global-color-5)","background-image":"","background-repeat":"repeat","background-position":"center center","background-size":"auto","background-attachment":"scroll","background-type":"","background-media":"","overlay-type":"","overlay-color":"","overlay-opacity":"","overlay-gradient":""},"tablet":{"background-color":"var(--ast-global-color-5)","background-image":"","background-repeat":"repeat","background-position":"center center","background-size":"auto","background-attachment":"scroll","background-type":"","background-media":"","overlay-type":"","overlay-color":"","overlay-opacity":"","overlay-gradient":""},"mobile":{"background-color":"var(--ast-global-color-5)","background-image":"","background-repeat":"repeat","background-position":"center center","background-size":"auto","background-attachment":"scroll","background-type":"","background-media":"","overlay-type":"","overlay-color":"","overlay-opacity":"","overlay-gradient":""}},"footnotes":""},"class_list":["post-581","page","type-page","status-publish","hentry"],"post_mailing_queue_ids":[],"_links":{"self":[{"href":"https:\/\/agora.xtec.cat\/iesllavaneres\/wp-json\/wp\/v2\/pages\/581","targetHints":{"allow":["GET"]}}],"collection":[{"href":"https:\/\/agora.xtec.cat\/iesllavaneres\/wp-json\/wp\/v2\/pages"}],"about":[{"href":"https:\/\/agora.xtec.cat\/iesllavaneres\/wp-json\/wp\/v2\/types\/page"}],"author":[{"embeddable":true,"href":"https:\/\/agora.xtec.cat\/iesllavaneres\/wp-json\/wp\/v2\/users\/1"}],"replies":[{"embeddable":true,"href":"https:\/\/agora.xtec.cat\/iesllavaneres\/wp-json\/wp\/v2\/comments?post=581"}],"version-history":[{"count":6,"href":"https:\/\/agora.xtec.cat\/iesllavaneres\/wp-json\/wp\/v2\/pages\/581\/revisions"}],"predecessor-version":[{"id":5185,"href":"https:\/\/agora.xtec.cat\/iesllavaneres\/wp-json\/wp\/v2\/pages\/581\/revisions\/5185"}],"up":[{"embeddable":true,"href":"https:\/\/agora.xtec.cat\/iesllavaneres\/wp-json\/wp\/v2\/pages\/578"}],"wp:attachment":[{"href":"https:\/\/agora.xtec.cat\/iesllavaneres\/wp-json\/wp\/v2\/media?parent=581"}],"curies":[{"name":"wp","href":"https:\/\/api.w.org\/{rel}","templated":true}]}}