{"id":5618,"date":"2026-03-17T17:08:37","date_gmt":"2026-03-17T16:08:37","guid":{"rendered":"https:\/\/agora.xtec.cat\/iesllavaneres\/?page_id=5618"},"modified":"2026-03-17T17:09:12","modified_gmt":"2026-03-17T16:09:12","slug":"batxillerat","status":"publish","type":"page","link":"https:\/\/agora.xtec.cat\/iesllavaneres\/estudis\/batxillerat\/","title":{"rendered":"Batxillerat"},"content":{"rendered":"\n<p><a href=\"https:\/\/preinscripcio.gencat.cat\/ca\/estudis\/batxillerat\/inici\/index.html\" target=\"_blank\" rel=\"noreferrer noopener\"><strong>La preinscripci\u00f3 escolar al Batxillerat<\/strong><\/a><\/p>\n\n\n\n<p>L\u2019alumnat de 1r de BAT inicia una nova etapa de l\u2019Educaci\u00f3 Secund\u00e0ria postobligat\u00f2ria que consta de dos cursos acad\u00e8mics. El&nbsp;Batxillerat s\u2019organitza en modalitats per tal d\u2019oferir uns coneixements especialitzats d\u2019acord amb els interessos i les perspectives de&nbsp;futur de l\u2019alumnat. Les modalitats ofertes pel nostre institut s\u00f3n dues: Humanitats &#8211; Ci\u00e8ncies Socials i Ci\u00e8ncies-Tecnologia.<\/p>\n\n\n\n<p>D\u2019acord a l\u2019actual normativa, al finalitzar el Batxillerat, els alumnes que aproven totes les mat\u00e8ries obtenen&nbsp;el t\u00edtol de batxillerat.&nbsp;Amb aquesta titulaci\u00f3 poden accedir a la Universitat, a Cicles Formatius de Grau Superior i Ensenyaments superiors art\u00edstics, o al&nbsp;m\u00f3n laboral. Per accedir a la universitat caldr\u00e0 haver fet les PAU. Per accedir a CGFS no ser\u00e0 necessari, per\u00f2 si en un centre hi ha&nbsp;m\u00e9s demanda que oferta, poden classificar els alumnes per nota&nbsp;d\u2019expedient&nbsp;de Batxillerat o fins i tot per si han fet o no les PAU.<\/p>\n\n\n\n<p><a href=\"https:\/\/agora.xtec.cat\/iesllavaneres\/wp-content\/uploads\/usu2229\/2026\/03\/Itineraris-i-optatives-Batxillerat-26-27.pdf\" target=\"_blank\" rel=\"noreferrer noopener\"><strong>Itinerari i optatives de Batxillerat<\/strong><\/a><\/p>\n\n\n\n<p><strong>Modalitat de Ci\u00e8ncies i Tecnologia<\/strong>:&nbsp;alumnat interessat en les ci\u00e8ncies experimentals, les matem\u00e0tiques, els estudis relacionats&nbsp;amb continguts&nbsp;cient\u00edficosanitaris&nbsp;i el m\u00f3n dels processos tecnol\u00f2gics i dels materials, instruments, aparells i m\u00e0quines.<\/p>\n\n\n\n<p><strong>Modalitat d\u2019Humanitats i Ci\u00e8ncies socials<\/strong>:&nbsp;alumnat amb inquietuds relacionades amb els estudis ling\u00fc\u00edstics i literaris, la filosofia,&nbsp;les manifestacions culturals, les ci\u00e8ncies socials, jur\u00eddiques, pol\u00edtiques i econ\u00f2miques la gesti\u00f3 i administraci\u00f3 p\u00fablica, la&nbsp;comunicaci\u00f3, les relacions p\u00fabliques, la publicitat, el turisme i altres serveis d\u2019oci.<\/p>\n","protected":false},"excerpt":{"rendered":"<p>La preinscripci\u00f3 escolar al Batxillerat L\u2019alumnat de 1r de BAT inicia una nova etapa de l\u2019Educaci\u00f3 Secund\u00e0ria postobligat\u00f2ria que consta de dos cursos acad\u00e8mics. El&nbsp;Batxillerat s\u2019organitza en modalitats per tal d\u2019oferir uns coneixements especialitzats d\u2019acord amb els interessos i les perspectives de&nbsp;futur de l\u2019alumnat. Les modalitats ofertes pel nostre institut s\u00f3n dues: Humanitats &#8211; Ci\u00e8ncies [&hellip;]<\/p>\n","protected":false},"author":7,"featured_media":0,"parent":195,"menu_order":0,"comment_status":"closed","ping_status":"closed","template":"","meta":{"_bbp_topic_count":0,"_bbp_reply_count":0,"_bbp_total_topic_count":0,"_bbp_total_reply_count":0,"_bbp_voice_count":0,"_bbp_anonymous_reply_count":0,"_bbp_topic_count_hidden":0,"_bbp_reply_count_hidden":0,"_bbp_forum_subforum_count":0,"site-sidebar-layout":"default","site-content-layout":"","ast-site-content-layout":"default","site-content-style":"default","site-sidebar-style":"default","ast-global-header-display":"","ast-banner-title-visibility":"","ast-main-header-display":"","ast-hfb-above-header-display":"","ast-hfb-below-header-display":"","ast-hfb-mobile-header-display":"","site-post-title":"","ast-breadcrumbs-content":"","ast-featured-img":"","footer-sml-layout":"","theme-transparent-header-meta":"","adv-header-id-meta":"","stick-header-meta":"","header-above-stick-meta":"","header-main-stick-meta":"","header-below-stick-meta":"","astra-migrate-meta-layouts":"set","ast-page-background-enabled":"default","ast-page-background-meta":{"desktop":{"background-color":"var(--ast-global-color-4)","background-image":"","background-repeat":"repeat","background-position":"center center","background-size":"auto","background-attachment":"scroll","background-type":"","background-media":"","overlay-type":"","overlay-color":"","overlay-opacity":"","overlay-gradient":""},"tablet":{"background-color":"","background-image":"","background-repeat":"repeat","background-position":"center center","background-size":"auto","background-attachment":"scroll","background-type":"","background-media":"","overlay-type":"","overlay-color":"","overlay-opacity":"","overlay-gradient":""},"mobile":{"background-color":"","background-image":"","background-repeat":"repeat","background-position":"center center","background-size":"auto","background-attachment":"scroll","background-type":"","background-media":"","overlay-type":"","overlay-color":"","overlay-opacity":"","overlay-gradient":""}},"ast-content-background-meta":{"desktop":{"background-color":"var(--ast-global-color-5)","background-image":"","background-repeat":"repeat","background-position":"center center","background-size":"auto","background-attachment":"scroll","background-type":"","background-media":"","overlay-type":"","overlay-color":"","overlay-opacity":"","overlay-gradient":""},"tablet":{"background-color":"var(--ast-global-color-5)","background-image":"","background-repeat":"repeat","background-position":"center center","background-size":"auto","background-attachment":"scroll","background-type":"","background-media":"","overlay-type":"","overlay-color":"","overlay-opacity":"","overlay-gradient":""},"mobile":{"background-color":"var(--ast-global-color-5)","background-image":"","background-repeat":"repeat","background-position":"center center","background-size":"auto","background-attachment":"scroll","background-type":"","background-media":"","overlay-type":"","overlay-color":"","overlay-opacity":"","overlay-gradient":""}},"footnotes":""},"class_list":["post-5618","page","type-page","status-publish","hentry"],"post_mailing_queue_ids":[],"_links":{"self":[{"href":"https:\/\/agora.xtec.cat\/iesllavaneres\/wp-json\/wp\/v2\/pages\/5618","targetHints":{"allow":["GET"]}}],"collection":[{"href":"https:\/\/agora.xtec.cat\/iesllavaneres\/wp-json\/wp\/v2\/pages"}],"about":[{"href":"https:\/\/agora.xtec.cat\/iesllavaneres\/wp-json\/wp\/v2\/types\/page"}],"author":[{"embeddable":true,"href":"https:\/\/agora.xtec.cat\/iesllavaneres\/wp-json\/wp\/v2\/users\/7"}],"replies":[{"embeddable":true,"href":"https:\/\/agora.xtec.cat\/iesllavaneres\/wp-json\/wp\/v2\/comments?post=5618"}],"version-history":[{"count":1,"href":"https:\/\/agora.xtec.cat\/iesllavaneres\/wp-json\/wp\/v2\/pages\/5618\/revisions"}],"predecessor-version":[{"id":5621,"href":"https:\/\/agora.xtec.cat\/iesllavaneres\/wp-json\/wp\/v2\/pages\/5618\/revisions\/5621"}],"up":[{"embeddable":true,"href":"https:\/\/agora.xtec.cat\/iesllavaneres\/wp-json\/wp\/v2\/pages\/195"}],"wp:attachment":[{"href":"https:\/\/agora.xtec.cat\/iesllavaneres\/wp-json\/wp\/v2\/media?parent=5618"}],"curies":[{"name":"wp","href":"https:\/\/api.w.org\/{rel}","templated":true}]}}