{"id":55,"date":"2014-09-17T16:59:49","date_gmt":"2014-09-17T16:59:49","guid":{"rendered":"http:\/\/agora.xtec.cat\/iesllavaneres\/?page_id=55"},"modified":"2025-10-31T12:04:19","modified_gmt":"2025-10-31T11:04:19","slug":"horaris","status":"publish","type":"page","link":"https:\/\/agora.xtec.cat\/iesllavaneres\/linstitut\/horaris\/","title":{"rendered":"Horaris"},"content":{"rendered":"<p><strong>Horari Secretaria i Administraci\u00f3:<\/strong><\/p>\n<p>Matins: Dilluns a divendres, de 9:00 h a 13:30 h<\/p>\n<p>Tarda: Dilluns i Dimecres, de 15:00 h a 17:00 h<\/p>\n<p><strong>Horari docent:<\/strong><\/p>\n<p>El marc horari docent \u00e9s de 7:55 a 14:35, de dilluns a divendres.<\/p>\n<p>Per veure horari especific de disitribuci\u00f3 de mat\u00e8ries dels diferents grups, consulteu l&#8217;aplicatiu <a href=\"https:\/\/login.ieduca.com\/?error=login.no_token&amp;lang=ca&amp;centre=iesllavaneres&amp;modul=base&amp;urlback=Lw%3D%3D&amp;__cf_chl_jschl_tk__=7c4a475cd2223c245e1483f69f92e1880eb39ab8-1611137436-0-AZydTSDDYcJWQJYaefUHPN67c0-FCqMkpK0WS_ps0ijwXTMJamhjPzQmCSvJrMtpl4wRpOAhXV4qZlNXwcWCMUFYXX2MAjDhsB2_pzZ28dAmemuuRHd7o-6ge8mq0GPpnYhSXTJbez93zKnf8lBss3ruwArWq53OMb-2ccTh60h1pWt8QsQBXWiuzecVrJjo_QSSYAhUeVCWHvOQXNmEl0V8pLAA-GTv3XfJRs7gND3ijoRMKxDkecZByeoJWnJsNLEiFpylnTwhODxHSbFHbTmkyGTnS3eZ_UGjaIQnxqWH6Llj2-KnOlTu7llKC3aC93BMxLmiuGsTW5D4_41ouFEjWl0bX9JkHql_UucMfgL5s5NqcXoBozfPT6tCCJmQpfLg-CZUk0u8ZV-mCBLIhDnF5mHeunb0nrO0Ks7sQmOE\">Ieduca.<\/a><\/p>\n","protected":false},"excerpt":{"rendered":"<p>Horari Secretaria i Administraci\u00f3: Matins: Dilluns a divendres, de 9:00 h a 13:30 h Tarda: Dilluns i Dimecres, de 15:00 h a 17:00 h Horari docent: El marc horari docent \u00e9s de 7:55 a 14:35, de dilluns a divendres. Per veure horari especific de disitribuci\u00f3 de mat\u00e8ries dels diferents grups, consulteu l&#8217;aplicatiu Ieduca.<\/p>\n","protected":false},"author":1,"featured_media":0,"parent":19,"menu_order":80,"comment_status":"closed","ping_status":"closed","template":"","meta":{"_bbp_topic_count":0,"_bbp_reply_count":0,"_bbp_total_topic_count":0,"_bbp_total_reply_count":0,"_bbp_voice_count":0,"_bbp_anonymous_reply_count":0,"_bbp_topic_count_hidden":0,"_bbp_reply_count_hidden":0,"_bbp_forum_subforum_count":0,"site-sidebar-layout":"default","site-content-layout":"","ast-site-content-layout":"default","site-content-style":"default","site-sidebar-style":"default","ast-global-header-display":"","ast-banner-title-visibility":"","ast-main-header-display":"","ast-hfb-above-header-display":"","ast-hfb-below-header-display":"","ast-hfb-mobile-header-display":"","site-post-title":"","ast-breadcrumbs-content":"","ast-featured-img":"","footer-sml-layout":"","theme-transparent-header-meta":"","adv-header-id-meta":"","stick-header-meta":"","header-above-stick-meta":"","header-main-stick-meta":"","header-below-stick-meta":"","astra-migrate-meta-layouts":"set","ast-page-background-enabled":"default","ast-page-background-meta":{"desktop":{"background-color":"var(--ast-global-color-4)","background-image":"","background-repeat":"repeat","background-position":"center center","background-size":"auto","background-attachment":"scroll","background-type":"","background-media":"","overlay-type":"","overlay-color":"","overlay-opacity":"","overlay-gradient":""},"tablet":{"background-color":"","background-image":"","background-repeat":"repeat","background-position":"center center","background-size":"auto","background-attachment":"scroll","background-type":"","background-media":"","overlay-type":"","overlay-color":"","overlay-opacity":"","overlay-gradient":""},"mobile":{"background-color":"","background-image":"","background-repeat":"repeat","background-position":"center center","background-size":"auto","background-attachment":"scroll","background-type":"","background-media":"","overlay-type":"","overlay-color":"","overlay-opacity":"","overlay-gradient":""}},"ast-content-background-meta":{"desktop":{"background-color":"var(--ast-global-color-5)","background-image":"","background-repeat":"repeat","background-position":"center center","background-size":"auto","background-attachment":"scroll","background-type":"","background-media":"","overlay-type":"","overlay-color":"","overlay-opacity":"","overlay-gradient":""},"tablet":{"background-color":"var(--ast-global-color-5)","background-image":"","background-repeat":"repeat","background-position":"center center","background-size":"auto","background-attachment":"scroll","background-type":"","background-media":"","overlay-type":"","overlay-color":"","overlay-opacity":"","overlay-gradient":""},"mobile":{"background-color":"var(--ast-global-color-5)","background-image":"","background-repeat":"repeat","background-position":"center center","background-size":"auto","background-attachment":"scroll","background-type":"","background-media":"","overlay-type":"","overlay-color":"","overlay-opacity":"","overlay-gradient":""}},"footnotes":""},"class_list":["post-55","page","type-page","status-publish","hentry"],"post_mailing_queue_ids":[],"_links":{"self":[{"href":"https:\/\/agora.xtec.cat\/iesllavaneres\/wp-json\/wp\/v2\/pages\/55","targetHints":{"allow":["GET"]}}],"collection":[{"href":"https:\/\/agora.xtec.cat\/iesllavaneres\/wp-json\/wp\/v2\/pages"}],"about":[{"href":"https:\/\/agora.xtec.cat\/iesllavaneres\/wp-json\/wp\/v2\/types\/page"}],"author":[{"embeddable":true,"href":"https:\/\/agora.xtec.cat\/iesllavaneres\/wp-json\/wp\/v2\/users\/1"}],"replies":[{"embeddable":true,"href":"https:\/\/agora.xtec.cat\/iesllavaneres\/wp-json\/wp\/v2\/comments?post=55"}],"version-history":[{"count":4,"href":"https:\/\/agora.xtec.cat\/iesllavaneres\/wp-json\/wp\/v2\/pages\/55\/revisions"}],"predecessor-version":[{"id":5264,"href":"https:\/\/agora.xtec.cat\/iesllavaneres\/wp-json\/wp\/v2\/pages\/55\/revisions\/5264"}],"up":[{"embeddable":true,"href":"https:\/\/agora.xtec.cat\/iesllavaneres\/wp-json\/wp\/v2\/pages\/19"}],"wp:attachment":[{"href":"https:\/\/agora.xtec.cat\/iesllavaneres\/wp-json\/wp\/v2\/media?parent=55"}],"curies":[{"name":"wp","href":"https:\/\/api.w.org\/{rel}","templated":true}]}}