{"id":4866,"date":"2025-06-06T13:51:06","date_gmt":"2025-06-06T11:51:06","guid":{"rendered":"https:\/\/agora.xtec.cat\/iesllavaneres\/?page_id=4866"},"modified":"2025-06-06T13:59:49","modified_gmt":"2025-06-06T11:59:49","slug":"titols-de-batxillerat","status":"publish","type":"page","link":"https:\/\/agora.xtec.cat\/iesllavaneres\/titols-de-batxillerat\/","title":{"rendered":"T\u00edtols de Batxillerat"},"content":{"rendered":"<p>Des del 5 de maig de 2025, l\u2019alumnat ha de sol\u00b7licitar l\u2019expedici\u00f3, la duplicaci\u00f3 o l\u2019actualitzaci\u00f3 del t\u00edtol de batxiller a trav\u00e9s del tr\u00e0mit en l\u00ednia.<\/p>\n<p>Necessiteu:<\/p>\n<p>\u00b7\u00a0Ordinador, tauleta o tel\u00e8fon m\u00f2bil amb connexi\u00f3 a Internet.<\/p>\n<p>\u00b7\u00a0Eina d\u2019identificaci\u00f3 digital ( idCAT M\u00f2bil , certificat digital o Cl@ve).<\/p>\n<p>Procediment:<\/p>\n<p>1. Sol\u00b7liciteu la tramitaci\u00f3 en l\u00ednia.<\/p>\n<p>2. Feu el pagament: Caixers de Caixabank o per internet.<\/p>\n<p>3. Rebreu resposta de l\u2019administraci\u00f3 .<\/p>\n<p>&nbsp;<\/p>\n<p>Per comen\u00e7ar el tr\u00e0mit:\u00a0<a href=\"https:\/\/educacio.gencat.cat\/ca\/tramits\/tramits-temes\/titols-academics-no-universitaris\" target=\"_blank\" rel=\"noopener\" data-saferedirecturl=\"https:\/\/www.google.com\/url?q=https:\/\/educacio.gencat.cat\/ca\/tramits\/tramits-temes\/titolsacademics-no-universitaris&amp;source=gmail&amp;ust=1749291154464000&amp;usg=AOvVaw2nhRhm2RDZUfLrFvvOKbkv\">https:\/\/educacio.<wbr \/>gencat.cat\/ca\/tramits\/tramits-<wbr \/>temes\/titolsacademics-no-<wbr \/>universitaris<\/a><\/p>\n<p>Per finalitzar:\u00a0 Heu de portar el resguard a la secretaria del centre per signar i segellar.<\/p>\n","protected":false},"excerpt":{"rendered":"<p>Des del 5 de maig de 2025, l\u2019alumnat ha de sol\u00b7licitar l\u2019expedici\u00f3, la duplicaci\u00f3 o l\u2019actualitzaci\u00f3 del t\u00edtol de batxiller a trav\u00e9s del tr\u00e0mit en l\u00ednia. Necessiteu: \u00b7\u00a0Ordinador, tauleta o tel\u00e8fon m\u00f2bil amb connexi\u00f3 a Internet. \u00b7\u00a0Eina d\u2019identificaci\u00f3 digital ( idCAT M\u00f2bil , certificat digital o Cl@ve). Procediment: 1. Sol\u00b7liciteu la tramitaci\u00f3 en l\u00ednia. 2. [&hellip;]<\/p>\n","protected":false},"author":7,"featured_media":0,"parent":0,"menu_order":0,"comment_status":"closed","ping_status":"closed","template":"","meta":{"_bbp_topic_count":0,"_bbp_reply_count":0,"_bbp_total_topic_count":0,"_bbp_total_reply_count":0,"_bbp_voice_count":0,"_bbp_anonymous_reply_count":0,"_bbp_topic_count_hidden":0,"_bbp_reply_count_hidden":0,"_bbp_forum_subforum_count":0,"site-sidebar-layout":"default","site-content-layout":"","ast-site-content-layout":"","site-content-style":"default","site-sidebar-style":"default","ast-global-header-display":"","ast-banner-title-visibility":"","ast-main-header-display":"","ast-hfb-above-header-display":"","ast-hfb-below-header-display":"","ast-hfb-mobile-header-display":"","site-post-title":"","ast-breadcrumbs-content":"","ast-featured-img":"","footer-sml-layout":"","theme-transparent-header-meta":"","adv-header-id-meta":"","stick-header-meta":"","header-above-stick-meta":"","header-main-stick-meta":"","header-below-stick-meta":"","astra-migrate-meta-layouts":"default","ast-page-background-enabled":"default","ast-page-background-meta":{"desktop":{"background-color":"var(--ast-global-color-4)","background-image":"","background-repeat":"repeat","background-position":"center center","background-size":"auto","background-attachment":"scroll","background-type":"","background-media":"","overlay-type":"","overlay-color":"","overlay-opacity":"","overlay-gradient":""},"tablet":{"background-color":"","background-image":"","background-repeat":"repeat","background-position":"center center","background-size":"auto","background-attachment":"scroll","background-type":"","background-media":"","overlay-type":"","overlay-color":"","overlay-opacity":"","overlay-gradient":""},"mobile":{"background-color":"","background-image":"","background-repeat":"repeat","background-position":"center center","background-size":"auto","background-attachment":"scroll","background-type":"","background-media":"","overlay-type":"","overlay-color":"","overlay-opacity":"","overlay-gradient":""}},"ast-content-background-meta":{"desktop":{"background-color":"var(--ast-global-color-5)","background-image":"","background-repeat":"repeat","background-position":"center center","background-size":"auto","background-attachment":"scroll","background-type":"","background-media":"","overlay-type":"","overlay-color":"","overlay-opacity":"","overlay-gradient":""},"tablet":{"background-color":"var(--ast-global-color-5)","background-image":"","background-repeat":"repeat","background-position":"center center","background-size":"auto","background-attachment":"scroll","background-type":"","background-media":"","overlay-type":"","overlay-color":"","overlay-opacity":"","overlay-gradient":""},"mobile":{"background-color":"var(--ast-global-color-5)","background-image":"","background-repeat":"repeat","background-position":"center center","background-size":"auto","background-attachment":"scroll","background-type":"","background-media":"","overlay-type":"","overlay-color":"","overlay-opacity":"","overlay-gradient":""}},"footnotes":""},"class_list":["post-4866","page","type-page","status-publish","hentry"],"post_mailing_queue_ids":[],"_links":{"self":[{"href":"https:\/\/agora.xtec.cat\/iesllavaneres\/wp-json\/wp\/v2\/pages\/4866","targetHints":{"allow":["GET"]}}],"collection":[{"href":"https:\/\/agora.xtec.cat\/iesllavaneres\/wp-json\/wp\/v2\/pages"}],"about":[{"href":"https:\/\/agora.xtec.cat\/iesllavaneres\/wp-json\/wp\/v2\/types\/page"}],"author":[{"embeddable":true,"href":"https:\/\/agora.xtec.cat\/iesllavaneres\/wp-json\/wp\/v2\/users\/7"}],"replies":[{"embeddable":true,"href":"https:\/\/agora.xtec.cat\/iesllavaneres\/wp-json\/wp\/v2\/comments?post=4866"}],"version-history":[{"count":3,"href":"https:\/\/agora.xtec.cat\/iesllavaneres\/wp-json\/wp\/v2\/pages\/4866\/revisions"}],"predecessor-version":[{"id":4873,"href":"https:\/\/agora.xtec.cat\/iesllavaneres\/wp-json\/wp\/v2\/pages\/4866\/revisions\/4873"}],"wp:attachment":[{"href":"https:\/\/agora.xtec.cat\/iesllavaneres\/wp-json\/wp\/v2\/media?parent=4866"}],"curies":[{"name":"wp","href":"https:\/\/api.w.org\/{rel}","templated":true}]}}