{"id":46,"date":"2014-09-17T16:53:45","date_gmt":"2014-09-17T16:53:45","guid":{"rendered":"http:\/\/agora.xtec.cat\/iesllavaneres\/?page_id=46"},"modified":"2025-09-25T13:14:53","modified_gmt":"2025-09-25T11:14:53","slug":"organigrama","status":"publish","type":"page","link":"https:\/\/agora.xtec.cat\/iesllavaneres\/linstitut\/organigrama\/","title":{"rendered":"Organigrama"},"content":{"rendered":"<table style=\"height: 835px; width: 59.2007%;\" width=\"686\">\n<tbody>\n<tr style=\"height: 30px;\">\n<td style=\"height: 10px; width: 107.443%;\" colspan=\"13\"><strong>Institut Llavaneres. Professorat. Curs 2025-26<\/strong><\/td>\n<\/tr>\n<tr style=\"height: 30px;\">\n<td style=\"height: 45px; width: 57.803%;\" colspan=\"7\"><strong>Equip directiu<\/strong><\/td>\n<td style=\"height: 45px; width: 49.6404%;\" colspan=\"6\"><strong>Coordinacions <\/strong><\/td>\n<\/tr>\n<tr style=\"height: 30px;\">\n<td style=\"height: 45px; width: 37.848%;\" colspan=\"4\"><strong>Director<\/strong><\/td>\n<td style=\"height: 45px; width: 19.955%;\" colspan=\"3\">Saez, Gabriel<\/td>\n<td style=\"height: 45px; width: 21.5646%;\" colspan=\"3\"><strong> ESO1 i ESO2 <\/strong><\/td>\n<td style=\"height: 45px; width: 28.0758%;\" colspan=\"3\">Puigv\u00ed, Anna<\/td>\n<\/tr>\n<tr style=\"height: 30px;\">\n<td style=\"height: 45px; width: 37.848%;\" colspan=\"4\"><strong>Cap d\u2019estudis <\/strong><\/td>\n<td style=\"height: 45px; width: 19.955%;\" colspan=\"3\">Barea, Estefan\u00eda<\/td>\n<td style=\"height: 45px; width: 21.5646%;\" colspan=\"3\"><strong> ESO3 i ESO4 <\/strong><\/td>\n<td style=\"height: 45px; width: 28.0758%;\" colspan=\"3\">Monterde, Marta<\/td>\n<\/tr>\n<tr style=\"height: 30px;\">\n<td style=\"height: 50px; width: 37.848%;\" colspan=\"4\"><strong>Coordinadora pedag\u00f2gica<\/strong><\/td>\n<td style=\"height: 50px; width: 19.955%;\" colspan=\"3\">Cotet, Eva<\/td>\n<td style=\"height: 50px; width: 21.5646%;\" colspan=\"3\"><strong> Batxillerat <\/strong><\/td>\n<td style=\"height: 50px; width: 28.0758%;\" colspan=\"3\">Barrufet, Anna<\/td>\n<\/tr>\n<tr style=\"height: 30px;\">\n<td style=\"height: 45px; width: 37.848%;\" colspan=\"4\"><strong>Secretari <\/strong><\/td>\n<td style=\"height: 45px; width: 19.955%;\" colspan=\"3\">Vesa, Laura<\/td>\n<td style=\"height: 45px; width: 21.5646%;\" colspan=\"3\"><strong> LIC <\/strong><\/td>\n<td style=\"height: 45px; width: 28.0758%;\" colspan=\"3\">Blay, Pep<\/td>\n<\/tr>\n<tr style=\"height: 30px;\">\n<td style=\"width: 57.803%; height: 240px;\" colspan=\"7\" rowspan=\"6\"><\/td>\n<td style=\"width: 21.5646%; height: 40px;\" colspan=\"3\"><strong> Riscos laborals <\/strong><\/td>\n<td style=\"width: 28.0758%; height: 40px;\" colspan=\"3\">Llad\u00f3, Merc\u00e8<\/td>\n<\/tr>\n<tr style=\"height: 30px;\">\n<td style=\"width: 21.5646%; height: 40px;\" colspan=\"3\"><b>Coordinaci\u00f3 Inform\u00e0tica\/G Workspace<\/b><\/td>\n<td style=\"width: 28.0758%; height: 40px;\" colspan=\"3\">Ortega, Rub\u00e9n<\/td>\n<\/tr>\n<tr style=\"height: 30px;\">\n<td style=\"height: 40px; width: 21.5646%;\" colspan=\"3\"><strong>Projecte Diversificaci\u00f3 curricular <\/strong><\/td>\n<td style=\"height: 40px; width: 28.0758%;\" colspan=\"3\">Monterde, Marta<\/td>\n<\/tr>\n<tr style=\"height: 40px;\">\n<td style=\"width: 21.5646%; height: 40px;\" colspan=\"3\"><strong>COCOBE<\/strong><\/td>\n<td style=\"width: 28.0758%; height: 40px;\" colspan=\"3\">Grasa, Gina<\/td>\n<\/tr>\n<tr style=\"height: 30px;\">\n<td style=\"width: 21.5646%; height: 40px;\" colspan=\"3\"><strong>G-Workspace iEduca\u00a0 Moodle<\/strong><\/td>\n<td style=\"width: 28.0758%; height: 40px;\" colspan=\"3\">Balduzzi, Francesco<\/td>\n<\/tr>\n<tr style=\"height: 30px;\">\n<td style=\"width: 21.5646%; height: 40px;\" colspan=\"3\"><strong>G-Workspace iEduca\u00a0 P\u00e0gina <\/strong><strong>Web<\/strong><\/td>\n<td style=\"width: 28.0758%; height: 40px;\" colspan=\"3\">Hern\u00e1ndez, Antoni<\/td>\n<\/tr>\n<tr style=\"height: 30px;\">\n<td style=\"height: 60px; width: 107.443%;\" colspan=\"13\"><strong>Tutories <\/strong><\/td>\n<\/tr>\n<tr style=\"height: 30px;\">\n<td style=\"height: 45px; width: 25%;\" colspan=\"2\"><strong>ESO1 <\/strong><\/td>\n<td style=\"height: 45px; width: 19.8848%;\" colspan=\"3\"><strong>ESO2 <\/strong><\/td>\n<td style=\"height: 45px; width: 21.6422%;\" colspan=\"3\"><strong>ESO3 <\/strong><\/td>\n<td style=\"height: 45px; width: 21.149%;\" colspan=\"3\"><strong>ESO4 <\/strong><\/td>\n<td style=\"height: 45px; width: 19.7674%;\" colspan=\"2\"><strong>Batxillerat <\/strong><\/td>\n<\/tr>\n<tr style=\"height: 30px;\">\n<td style=\"height: 50px; width: 5.6686%;\"><strong>A <\/strong><\/td>\n<td style=\"height: 50px; width: 19.3314%;\">Irene Piquer<\/td>\n<td style=\"height: 50px; width: 5.81395%;\"><strong>A <\/strong><\/td>\n<td style=\"height: 50px; width: 14.0708%;\" colspan=\"2\">Josep Lluis Ll\u00faria<\/td>\n<td style=\"height: 50px; width: 4.36047%;\"><strong>A <\/strong><\/td>\n<td style=\"height: 50px; width: 17.2817%;\" colspan=\"2\">Montserrat Masvidal<\/td>\n<td style=\"height: 50px; width: 4.36047%;\"><strong>A <\/strong><\/td>\n<td style=\"height: 50px; width: 16.7886%;\" colspan=\"2\">Pep Blay<\/td>\n<td style=\"height: 50px; width: 5.08721%;\"><strong>1A <\/strong><\/td>\n<td style=\"height: 50px; width: 14.6802%;\">S\u00f2nia Puente<\/td>\n<\/tr>\n<tr style=\"height: 30px;\">\n<td style=\"height: 50px; width: 5.6686%;\"><strong>B <\/strong><\/td>\n<td style=\"height: 50px; width: 19.3314%;\">Antoni Hern\u00e1ndez<\/td>\n<td style=\"height: 50px; width: 5.81395%;\"><strong>B <\/strong><\/td>\n<td style=\"height: 50px; width: 14.0708%;\" colspan=\"2\">Estefania Jord\u00e0<\/td>\n<td style=\"height: 50px; width: 4.36047%;\"><strong>B <\/strong><\/td>\n<td style=\"height: 50px; width: 17.2817%;\" colspan=\"2\">Miquel G\u00f3mez<\/td>\n<td style=\"height: 50px; width: 4.36047%;\"><strong>B <\/strong><\/td>\n<td style=\"height: 50px; width: 16.7886%;\" colspan=\"2\">Frank Jim\u00e9nez<\/td>\n<td style=\"height: 50px; width: 5.08721%;\"><strong>1B<\/strong><\/td>\n<td style=\"height: 50px; width: 14.6802%;\">Anna Barrufet<\/td>\n<\/tr>\n<tr style=\"height: 30px;\">\n<td style=\"height: 50px; width: 5.6686%;\"><strong>C <\/strong><\/td>\n<td style=\"height: 50px; width: 19.3314%;\">Pere Novell<\/td>\n<td style=\"height: 50px; width: 5.81395%;\"><strong>C <\/strong><\/td>\n<td style=\"height: 50px; width: 14.0708%;\" colspan=\"2\">Joan Ramis<\/td>\n<td style=\"height: 50px; width: 4.36047%;\"><strong>C <\/strong><\/td>\n<td style=\"height: 50px; width: 17.2817%;\" colspan=\"2\">Josep Antonijuan<\/td>\n<td style=\"height: 50px; width: 4.36047%;\"><strong>C<\/strong><\/td>\n<td style=\"height: 50px; width: 16.7886%;\" colspan=\"2\">Gemma Fontanals<\/td>\n<td style=\"height: 50px; width: 5.08721%;\"><strong>2A<\/strong><\/td>\n<td style=\"height: 50px; width: 14.6802%;\">Anna Navarro<\/td>\n<\/tr>\n<tr style=\"height: 30px;\">\n<td style=\"height: 50px; width: 5.6686%;\"><strong>D <\/strong><\/td>\n<td style=\"height: 50px; width: 19.3314%;\">Mar Salas<\/td>\n<td style=\"height: 50px; width: 5.81395%;\"><strong>D <\/strong><\/td>\n<td style=\"height: 50px; width: 14.0708%;\" colspan=\"2\">Carme Javaloy<\/td>\n<td style=\"height: 50px; width: 4.36047%;\"><strong>D<\/strong><\/td>\n<td style=\"height: 50px; width: 17.2817%;\" colspan=\"2\">Patr\u00edcia de la Vega<\/td>\n<td style=\"height: 50px; width: 4.36047%;\"><strong>D<\/strong><\/td>\n<td style=\"height: 50px; width: 16.7886%;\" colspan=\"2\">Cristina Bielsa<\/td>\n<td style=\"height: 50px; width: 5.08721%;\"><strong>2B<\/strong><\/td>\n<td style=\"height: 50px; width: 14.6802%;\">Toni Pereiro<\/td>\n<\/tr>\n<tr style=\"height: 30px;\">\n<td style=\"height: 50px; width: 5.6686%;\"><\/td>\n<td style=\"height: 50px; width: 19.3314%;\"><\/td>\n<td style=\"height: 50px; width: 5.81395%;\"><\/td>\n<td style=\"height: 50px; width: 14.0708%;\" colspan=\"2\"><\/td>\n<td style=\"height: 50px; width: 4.36047%;\"><strong>E<\/strong><\/td>\n<td style=\"height: 50px; width: 17.2817%;\" colspan=\"2\">Monterde, Marta<\/td>\n<td style=\"height: 50px; width: 4.36047%;\"><strong>E<\/strong><\/td>\n<td style=\"height: 50px; width: 16.7886%;\" colspan=\"2\">Monterde, Marta<\/td>\n<td style=\"height: 50px; width: 5.08721%;\"><\/td>\n<td style=\"height: 50px; width: 14.6802%;\"><\/td>\n<\/tr>\n<\/tbody>\n<\/table>\n<table style=\"width: 59.2007%; height: 940px;\" width=\"686\">\n<tbody>\n<tr style=\"height: 140px;\">\n<td style=\"height: 140px; width: 18.591%;\" width=\"130\"><strong>Ci\u00e8ncies naturals <\/strong>6 jornades \/ 7 persones<\/td>\n<td style=\"height: 140px; width: 18.9824%;\" width=\"140\"><strong>Ci\u00e8ncies socials <\/strong>6,\u00a0 jornades \/6 persones<\/td>\n<td style=\"height: 140px; width: 23.092%;\" width=\"147\"><strong>Educaci\u00f3 f\u00edsica <\/strong>3 jornades \/3\u00a0\u00a0 persones<\/td>\n<td style=\"height: 140px; width: 19.3738%;\" width=\"154\"><strong>Expressi\u00f3 <\/strong>3 jornades \/\u00a0 3 persones<\/td>\n<td style=\"height: 140px; width: 17.2211%;\" width=\"116\"><strong>Llengua castellana <\/strong>4 jornades \/\u00a0 5 persones<\/td>\n<\/tr>\n<tr style=\"height: 48px;\">\n<td style=\"height: 48px; width: 18.591%;\" width=\"130\">Rosell, Albert<\/td>\n<td style=\"height: 48px; width: 18.9824%;\" width=\"140\">Rabaneda, Marc<\/td>\n<td style=\"height: 48px; width: 23.092%;\" width=\"147\">Antonijuan, Josep<\/td>\n<td style=\"height: 48px; width: 19.3738%;\" width=\"154\">Ferrer, Clara<\/td>\n<td style=\"height: 48px; width: 17.2211%;\" width=\"116\">Barea, Estefania<\/td>\n<\/tr>\n<tr style=\"height: 48px;\">\n<td style=\"height: 48px; width: 18.591%;\" width=\"130\">Llad\u00f3, Merc\u00e8<\/td>\n<td style=\"height: 48px; width: 18.9824%;\" width=\"140\">M\u00fcller, Christine<\/td>\n<td style=\"height: 48px; width: 23.092%;\" width=\"147\"><strong>Mas, Mireia<\/strong><\/td>\n<td style=\"height: 48px; width: 19.3738%;\" width=\"154\"><strong><em>Moro, Luci<\/em><\/strong><\/td>\n<td style=\"height: 48px; width: 17.2211%;\" width=\"116\"><em><strong>Ca\u00f1ete, Encarna<\/strong><\/em><\/td>\n<\/tr>\n<tr style=\"height: 48px;\">\n<td style=\"height: 48px; width: 18.591%;\" width=\"130\">Arqu\u00e9, Meritxell<\/td>\n<td style=\"height: 48px; width: 18.9824%;\" width=\"140\"><strong>Luque, Laura<\/strong><\/td>\n<td style=\"height: 48px; width: 23.092%;\" width=\"147\">Rivero, Marian<\/td>\n<td style=\"height: 48px; width: 19.3738%;\" width=\"154\">Pannon, Arnald<\/td>\n<td style=\"height: 48px; width: 17.2211%;\" width=\"116\">Puente, Sonia<\/td>\n<\/tr>\n<tr style=\"height: 48px;\">\n<td style=\"height: 48px; width: 18.591%;\" width=\"130\"><em>S\u00e1ez, Gabriel<\/em><\/td>\n<td style=\"height: 48px; width: 18.9824%;\" width=\"140\">Lafuente, Mirella<\/td>\n<td style=\"height: 48px; width: 23.092%;\" width=\"147\"><\/td>\n<td style=\"height: 48px; width: 19.3738%;\" width=\"154\"><\/td>\n<td style=\"height: 48px; width: 17.2211%;\" width=\"116\">\u00a0Mart\u00ednez, M\u00aa Eug\u00e8nia<\/td>\n<\/tr>\n<tr style=\"height: 48px;\">\n<td style=\"height: 48px; width: 18.591%;\" width=\"130\"><strong>Sanz, J\u00falia<\/strong><\/td>\n<td style=\"height: 48px; width: 18.9824%;\" width=\"140\"><em>Pereiro, Toni<\/em><\/td>\n<td style=\"height: 48px; width: 23.092%;\" width=\"147\"><\/td>\n<td style=\"height: 48px; width: 19.3738%;\" width=\"154\"><\/td>\n<td style=\"height: 48px; width: 17.2211%;\" width=\"116\">Vesa, Laura<\/td>\n<\/tr>\n<tr style=\"height: 33px;\">\n<td style=\"height: 33px; width: 18.591%;\" width=\"130\">Canaleta, N\u00faria<\/td>\n<td style=\"height: 33px; width: 18.9824%;\" width=\"140\">Vil\u00e0, Eva<\/td>\n<td style=\"height: 33px; width: 23.092%;\" width=\"147\"><\/td>\n<td style=\"height: 33px; width: 19.3738%;\" width=\"154\"><\/td>\n<td style=\"height: 33px; width: 17.2211%;\" width=\"116\"><\/td>\n<\/tr>\n<tr style=\"height: 33px;\">\n<td style=\"height: 33px; width: 18.591%;\" width=\"130\">Vendrell, C\u00e8lia (2\/3)<\/td>\n<td style=\"height: 33px; width: 18.9824%;\" width=\"140\"><\/td>\n<td style=\"height: 33px; width: 23.092%;\" width=\"147\"><\/td>\n<td style=\"height: 33px; width: 19.3738%;\" width=\"154\"><\/td>\n<td style=\"height: 33px; width: 17.2211%;\" width=\"116\"><\/td>\n<\/tr>\n<tr>\n<td style=\"width: 18.591%;\"><\/td>\n<td style=\"width: 18.9824%;\"><\/td>\n<td style=\"width: 23.092%;\"><\/td>\n<td style=\"width: 19.3738%;\"><\/td>\n<td style=\"width: 17.2211%;\"><\/td>\n<\/tr>\n<tr style=\"height: 140px;\">\n<td style=\"height: 140px; width: 18.591%;\" width=\"130\"><strong>Llengua catalana <\/strong>5\u00a0 jornades \/\u00a0 6 persones<\/td>\n<td style=\"height: 140px; width: 18.9824%;\" width=\"140\"><strong>Lleng\u00fces estrangeres <\/strong>8 jornades \/\u00a0 8 persones<\/td>\n<td style=\"height: 140px; width: 23.092%;\" width=\"147\"><strong>Matem\u00e0tiques <\/strong>6 jornades \/ 6 persones<\/td>\n<td style=\"height: 140px; width: 19.3738%;\" width=\"154\"><strong>Orientaci\u00f3 i Filosofia <\/strong>7 jornades \/ 8 persones<\/td>\n<td style=\"height: 140px; width: 17.2211%;\" width=\"116\"><strong>Tecnologia <\/strong>4 jornades \/\u00a0 4 persones<\/td>\n<\/tr>\n<tr style=\"height: 48px;\">\n<td style=\"height: 48px; width: 18.591%;\" width=\"130\">Blay, Pep<\/td>\n<td style=\"height: 48px; width: 18.9824%;\" width=\"140\">Barrufet, Anna<\/td>\n<td style=\"height: 48px; width: 23.092%;\" width=\"147\">Ll\u00faria, Josep Lluis<\/td>\n<td style=\"height: 48px; width: 19.3738%;\" width=\"154\">Balduzzi, Franco (Filosofia)<\/td>\n<td style=\"height: 48px; width: 17.2211%;\" width=\"116\"><strong>de la Vega, Patr\u00edcia<\/strong><\/td>\n<\/tr>\n<tr style=\"height: 48px;\">\n<td style=\"height: 48px; width: 18.591%;\" width=\"130\">Carbonell, Gemma (2\/3)<\/td>\n<td style=\"height: 48px; width: 18.9824%;\" width=\"140\">Salas, Mar<\/td>\n<td style=\"height: 48px; width: 23.092%;\" width=\"147\">G\u00f3mez, Miquel<\/td>\n<td style=\"height: 48px; width: 19.3738%;\" width=\"154\">Bielsa, Cristina (Orientaci\u00f3)<\/td>\n<td style=\"height: 48px; width: 17.2211%;\" width=\"116\">Novell, Pere<\/td>\n<\/tr>\n<tr style=\"height: 48px;\">\n<td style=\"height: 48px; width: 18.591%;\" width=\"130\">\u00a0Masvidal, Montserrat<\/td>\n<td style=\"height: 48px; width: 18.9824%;\" width=\"140\">Fontanals, Gemma<\/td>\n<td style=\"height: 48px; width: 23.092%;\" width=\"147\">Hern\u00e1ndez, Antoni<\/td>\n<td style=\"height: 48px; width: 19.3738%;\" width=\"154\"><em>Cotet, Eva (Orientaci\u00f3)<\/em><\/td>\n<td style=\"height: 48px; width: 17.2211%;\" width=\"116\">Ramis, Joan<\/td>\n<\/tr>\n<tr style=\"height: 48px;\">\n<td style=\"height: 48px; width: 18.591%;\" width=\"130\">Jord\u00e0, Estefania<\/td>\n<td style=\"height: 48px; width: 18.9824%;\" width=\"140\">Piquer, Irene<\/td>\n<td style=\"height: 48px; width: 23.092%;\" width=\"147\">Jim\u00e9nez, Frank<\/td>\n<td style=\"height: 48px; width: 19.3738%;\" width=\"154\">Javaloy, Carme (Religi\u00f3)<\/td>\n<td style=\"height: 48px; width: 17.2211%;\" width=\"116\"><em>Safar, \u00c0lex<\/em><\/td>\n<\/tr>\n<tr style=\"height: 48px;\">\n<td style=\"height: 48px; width: 18.591%;\" width=\"130\">Celma, J\u00falia (1\/2)<\/td>\n<td style=\"height: 48px; width: 18.9824%;\" width=\"140\"><strong><em>Mora, Montse<\/em><\/strong><\/td>\n<td style=\"height: 48px; width: 23.092%;\" width=\"147\">Navarro, Raquel<\/td>\n<td style=\"height: 48px; width: 19.3738%;\" width=\"154\">Lozano, Anna (SIEI)<\/td>\n<td style=\"height: 48px; width: 17.2211%;\" width=\"116\"><\/td>\n<\/tr>\n<tr style=\"height: 33px;\">\n<td style=\"height: 33px; width: 18.591%;\" width=\"130\"><em><strong>Saavedra. Lourdes<\/strong><\/em><\/td>\n<td style=\"height: 33px; width: 18.9824%;\" width=\"140\">Navarro, Anna<\/td>\n<td style=\"height: 33px; width: 23.092%;\" width=\"147\"><strong><em>Ortega, Rub\u00e9n<\/em><\/strong><\/td>\n<td style=\"height: 33px; width: 19.3738%;\" width=\"154\"><strong>Polo, Maria Jos\u00e9<\/strong> (AA)<\/td>\n<td style=\"height: 33px; width: 17.2211%;\" width=\"116\"><\/td>\n<\/tr>\n<tr style=\"height: 48px;\">\n<td style=\"height: 48px; width: 18.591%;\" width=\"130\"><\/td>\n<td style=\"height: 48px; width: 18.9824%;\" width=\"140\">Puigv\u00ed, Anna<\/td>\n<td style=\"height: 48px; width: 23.092%;\" width=\"147\"><\/td>\n<td style=\"height: 48px; width: 19.3738%;\" width=\"154\">Monterde, Marta<\/td>\n<td style=\"height: 48px; width: 17.2211%;\" width=\"116\"><\/td>\n<\/tr>\n<tr style=\"height: 33px;\">\n<td style=\"height: 33px; width: 18.591%;\" width=\"130\"><\/td>\n<td style=\"height: 33px; width: 18.9824%;\" width=\"140\">Sartorio, Guillem<\/td>\n<td style=\"height: 33px; width: 23.092%;\" width=\"147\"><\/td>\n<td style=\"height: 33px; width: 19.3738%;\" width=\"154\">Grasa, Gina<\/td>\n<td style=\"height: 33px; width: 17.2211%;\" width=\"116\"><\/td>\n<\/tr>\n<\/tbody>\n<\/table>\n<h5>Administraci\u00f3\/PAS<\/h5>\n<ul>\n<li>Daniel Carrillo<\/li>\n<li>S\u00f2nia Carrillo<\/li>\n<li>Ignasi L\u00f3pez<\/li>\n<li>Teresa Llad\u00f3<\/li>\n<\/ul>\n","protected":false},"excerpt":{"rendered":"<p>Institut Llavaneres. Professorat. Curs 2025-26 Equip directiu Coordinacions Director Saez, Gabriel ESO1 i ESO2 Puigv\u00ed, Anna Cap d\u2019estudis Barea, Estefan\u00eda ESO3 i ESO4 Monterde, Marta Coordinadora pedag\u00f2gica Cotet, Eva Batxillerat Barrufet, Anna Secretari Vesa, Laura LIC Blay, Pep Riscos laborals Llad\u00f3, Merc\u00e8 Coordinaci\u00f3 Inform\u00e0tica\/G Workspace Ortega, Rub\u00e9n Projecte Diversificaci\u00f3 curricular Monterde, Marta COCOBE Grasa, Gina [&hellip;]<\/p>\n","protected":false},"author":1,"featured_media":0,"parent":19,"menu_order":50,"comment_status":"closed","ping_status":"closed","template":"","meta":{"_bbp_topic_count":0,"_bbp_reply_count":0,"_bbp_total_topic_count":0,"_bbp_total_reply_count":0,"_bbp_voice_count":0,"_bbp_anonymous_reply_count":0,"_bbp_topic_count_hidden":0,"_bbp_reply_count_hidden":0,"_bbp_forum_subforum_count":0,"site-sidebar-layout":"default","site-content-layout":"","ast-site-content-layout":"default","site-content-style":"default","site-sidebar-style":"default","ast-global-header-display":"","ast-banner-title-visibility":"","ast-main-header-display":"","ast-hfb-above-header-display":"","ast-hfb-below-header-display":"","ast-hfb-mobile-header-display":"","site-post-title":"","ast-breadcrumbs-content":"","ast-featured-img":"","footer-sml-layout":"","theme-transparent-header-meta":"","adv-header-id-meta":"","stick-header-meta":"","header-above-stick-meta":"","header-main-stick-meta":"","header-below-stick-meta":"","astra-migrate-meta-layouts":"set","ast-page-background-enabled":"default","ast-page-background-meta":{"desktop":{"background-color":"var(--ast-global-color-4)","background-image":"","background-repeat":"repeat","background-position":"center center","background-size":"auto","background-attachment":"scroll","background-type":"","background-media":"","overlay-type":"","overlay-color":"","overlay-opacity":"","overlay-gradient":""},"tablet":{"background-color":"","background-image":"","background-repeat":"repeat","background-position":"center center","background-size":"auto","background-attachment":"scroll","background-type":"","background-media":"","overlay-type":"","overlay-color":"","overlay-opacity":"","overlay-gradient":""},"mobile":{"background-color":"","background-image":"","background-repeat":"repeat","background-position":"center center","background-size":"auto","background-attachment":"scroll","background-type":"","background-media":"","overlay-type":"","overlay-color":"","overlay-opacity":"","overlay-gradient":""}},"ast-content-background-meta":{"desktop":{"background-color":"var(--ast-global-color-5)","background-image":"","background-repeat":"repeat","background-position":"center center","background-size":"auto","background-attachment":"scroll","background-type":"","background-media":"","overlay-type":"","overlay-color":"","overlay-opacity":"","overlay-gradient":""},"tablet":{"background-color":"var(--ast-global-color-5)","background-image":"","background-repeat":"repeat","background-position":"center center","background-size":"auto","background-attachment":"scroll","background-type":"","background-media":"","overlay-type":"","overlay-color":"","overlay-opacity":"","overlay-gradient":""},"mobile":{"background-color":"var(--ast-global-color-5)","background-image":"","background-repeat":"repeat","background-position":"center center","background-size":"auto","background-attachment":"scroll","background-type":"","background-media":"","overlay-type":"","overlay-color":"","overlay-opacity":"","overlay-gradient":""}},"footnotes":""},"class_list":["post-46","page","type-page","status-publish","hentry"],"post_mailing_queue_ids":[],"_links":{"self":[{"href":"https:\/\/agora.xtec.cat\/iesllavaneres\/wp-json\/wp\/v2\/pages\/46","targetHints":{"allow":["GET"]}}],"collection":[{"href":"https:\/\/agora.xtec.cat\/iesllavaneres\/wp-json\/wp\/v2\/pages"}],"about":[{"href":"https:\/\/agora.xtec.cat\/iesllavaneres\/wp-json\/wp\/v2\/types\/page"}],"author":[{"embeddable":true,"href":"https:\/\/agora.xtec.cat\/iesllavaneres\/wp-json\/wp\/v2\/users\/1"}],"replies":[{"embeddable":true,"href":"https:\/\/agora.xtec.cat\/iesllavaneres\/wp-json\/wp\/v2\/comments?post=46"}],"version-history":[{"count":6,"href":"https:\/\/agora.xtec.cat\/iesllavaneres\/wp-json\/wp\/v2\/pages\/46\/revisions"}],"predecessor-version":[{"id":5134,"href":"https:\/\/agora.xtec.cat\/iesllavaneres\/wp-json\/wp\/v2\/pages\/46\/revisions\/5134"}],"up":[{"embeddable":true,"href":"https:\/\/agora.xtec.cat\/iesllavaneres\/wp-json\/wp\/v2\/pages\/19"}],"wp:attachment":[{"href":"https:\/\/agora.xtec.cat\/iesllavaneres\/wp-json\/wp\/v2\/media?parent=46"}],"curies":[{"name":"wp","href":"https:\/\/api.w.org\/{rel}","templated":true}]}}