{"id":1384,"date":"2022-03-06T20:41:59","date_gmt":"2022-03-06T19:41:59","guid":{"rendered":"https:\/\/agora.xtec.cat\/iesllavaneres\/?page_id=1384"},"modified":"2026-01-23T09:32:32","modified_gmt":"2026-01-23T08:32:32","slug":"dades-preinscripcions-ensenyaments-postobligatoris","status":"publish","type":"page","link":"https:\/\/agora.xtec.cat\/iesllavaneres\/orientacio\/dades-preinscripcions-ensenyaments-postobligatoris\/","title":{"rendered":"Dades preinscripcions Ensenyaments postobligatoris"},"content":{"rendered":"<p>Batxillerat:<\/p>\n<p>Programes de Formaci\u00f3 i Inserci\u00f3 (PFI):<\/p>\n<p>Formaci\u00f3 professional (Grau B\u00e0sic):<\/p>\n<p>Cicles Formatius Grau Mitj\u00e0:<\/p>\n<p>Cicles Formatius Grau Superior:<\/p>\n<div>\n<p><b>Proves d&#8217;acc\u00e9s a formaci\u00f3 professional per alumnes que no tenen la titulaci\u00f3\u00a0necess\u00e0ria per accedir-hi:<\/b><\/p>\n<p>Beques MEC per estudis postobligatoris:<\/p>\n<p><a href=\"https:\/\/educacio.gencat.cat\/ca\/serveis-tramits\/beques\/beques-postobligatoris\/\">Beques per a estudis no universitaris. Departament d&#8217;Educaci\u00f3 i Formaci\u00f3 Professional<\/a> (obrir l&#8217;enlla\u00e7 en una pestanya nova)<\/p>\n<div><\/div>\n<\/div>\n","protected":false},"excerpt":{"rendered":"<p>Batxillerat: Programes de Formaci\u00f3 i Inserci\u00f3 (PFI): Formaci\u00f3 professional (Grau B\u00e0sic): Cicles Formatius Grau Mitj\u00e0: Cicles Formatius Grau Superior: Proves d&#8217;acc\u00e9s a formaci\u00f3 professional per alumnes que no tenen la titulaci\u00f3\u00a0necess\u00e0ria per accedir-hi: Beques MEC per estudis postobligatoris: Beques per a estudis no universitaris. Departament d&#8217;Educaci\u00f3 i Formaci\u00f3 Professional (obrir l&#8217;enlla\u00e7 en una pestanya nova)<\/p>\n","protected":false},"author":1,"featured_media":0,"parent":1379,"menu_order":1,"comment_status":"closed","ping_status":"closed","template":"","meta":{"_bbp_topic_count":0,"_bbp_reply_count":0,"_bbp_total_topic_count":0,"_bbp_total_reply_count":0,"_bbp_voice_count":0,"_bbp_anonymous_reply_count":0,"_bbp_topic_count_hidden":0,"_bbp_reply_count_hidden":0,"_bbp_forum_subforum_count":0,"site-sidebar-layout":"default","site-content-layout":"","ast-site-content-layout":"default","site-content-style":"default","site-sidebar-style":"default","ast-global-header-display":"","ast-banner-title-visibility":"","ast-main-header-display":"","ast-hfb-above-header-display":"","ast-hfb-below-header-display":"","ast-hfb-mobile-header-display":"","site-post-title":"","ast-breadcrumbs-content":"","ast-featured-img":"","footer-sml-layout":"","theme-transparent-header-meta":"","adv-header-id-meta":"","stick-header-meta":"","header-above-stick-meta":"","header-main-stick-meta":"","header-below-stick-meta":"","astra-migrate-meta-layouts":"set","ast-page-background-enabled":"default","ast-page-background-meta":{"desktop":{"background-color":"var(--ast-global-color-4)","background-image":"","background-repeat":"repeat","background-position":"center center","background-size":"auto","background-attachment":"scroll","background-type":"","background-media":"","overlay-type":"","overlay-color":"","overlay-opacity":"","overlay-gradient":""},"tablet":{"background-color":"","background-image":"","background-repeat":"repeat","background-position":"center center","background-size":"auto","background-attachment":"scroll","background-type":"","background-media":"","overlay-type":"","overlay-color":"","overlay-opacity":"","overlay-gradient":""},"mobile":{"background-color":"","background-image":"","background-repeat":"repeat","background-position":"center center","background-size":"auto","background-attachment":"scroll","background-type":"","background-media":"","overlay-type":"","overlay-color":"","overlay-opacity":"","overlay-gradient":""}},"ast-content-background-meta":{"desktop":{"background-color":"var(--ast-global-color-5)","background-image":"","background-repeat":"repeat","background-position":"center center","background-size":"auto","background-attachment":"scroll","background-type":"","background-media":"","overlay-type":"","overlay-color":"","overlay-opacity":"","overlay-gradient":""},"tablet":{"background-color":"var(--ast-global-color-5)","background-image":"","background-repeat":"repeat","background-position":"center center","background-size":"auto","background-attachment":"scroll","background-type":"","background-media":"","overlay-type":"","overlay-color":"","overlay-opacity":"","overlay-gradient":""},"mobile":{"background-color":"var(--ast-global-color-5)","background-image":"","background-repeat":"repeat","background-position":"center center","background-size":"auto","background-attachment":"scroll","background-type":"","background-media":"","overlay-type":"","overlay-color":"","overlay-opacity":"","overlay-gradient":""}},"footnotes":""},"class_list":["post-1384","page","type-page","status-publish","hentry"],"post_mailing_queue_ids":[],"_links":{"self":[{"href":"https:\/\/agora.xtec.cat\/iesllavaneres\/wp-json\/wp\/v2\/pages\/1384","targetHints":{"allow":["GET"]}}],"collection":[{"href":"https:\/\/agora.xtec.cat\/iesllavaneres\/wp-json\/wp\/v2\/pages"}],"about":[{"href":"https:\/\/agora.xtec.cat\/iesllavaneres\/wp-json\/wp\/v2\/types\/page"}],"author":[{"embeddable":true,"href":"https:\/\/agora.xtec.cat\/iesllavaneres\/wp-json\/wp\/v2\/users\/1"}],"replies":[{"embeddable":true,"href":"https:\/\/agora.xtec.cat\/iesllavaneres\/wp-json\/wp\/v2\/comments?post=1384"}],"version-history":[{"count":5,"href":"https:\/\/agora.xtec.cat\/iesllavaneres\/wp-json\/wp\/v2\/pages\/1384\/revisions"}],"predecessor-version":[{"id":5431,"href":"https:\/\/agora.xtec.cat\/iesllavaneres\/wp-json\/wp\/v2\/pages\/1384\/revisions\/5431"}],"up":[{"embeddable":true,"href":"https:\/\/agora.xtec.cat\/iesllavaneres\/wp-json\/wp\/v2\/pages\/1379"}],"wp:attachment":[{"href":"https:\/\/agora.xtec.cat\/iesllavaneres\/wp-json\/wp\/v2\/media?parent=1384"}],"curies":[{"name":"wp","href":"https:\/\/api.w.org\/{rel}","templated":true}]}}