{"id":7902,"date":"2025-03-21T18:17:52","date_gmt":"2025-03-21T17:17:52","guid":{"rendered":"https:\/\/agora.xtec.cat\/iesllagostera\/?page_id=7902"},"modified":"2025-03-21T18:20:03","modified_gmt":"2025-03-21T17:20:03","slug":"beca-general-curs-2025-2026","status":"publish","type":"page","link":"https:\/\/agora.xtec.cat\/iesllagostera\/beca-general-curs-2025-2026\/","title":{"rendered":"BECA GENERAL CURS 2025-2026"},"content":{"rendered":"<h5><strong>Del 24 de mar\u00e7 a les 8:00h fins al 14 de maig de 2025 a les 15:00h, ambd\u00f3s inclosos (hores peninsulars)<\/strong><\/h5>\n<h5>Sol\u00b7licita-la dins del termini, encara que no s\u00e0pigues el que estudiar\u00e0s, o fins i tot, encara que no s\u00e0pigues si estudiar\u00e0s o no. Posa els estudis que consideris m\u00e9s probables i cap al setembre podr\u00e0s modificar-los, si cal.<\/h5>\n<h5><strong><a href=\"https:\/\/agaur.gencat.cat\/ca\/beques-i-ajuts\/pagines-especials\/beques-i-ajuts-per-estudis-universitaris1\/beca-general-ministeri\/index.html\" target=\"_blank\" rel=\"noopener\">ENLLA\u00c7<\/a><\/strong><\/h5>\n<p>&nbsp;<\/p>\n","protected":false},"excerpt":{"rendered":"<p>Del 24 de mar\u00e7 a les 8:00h fins al 14 de maig de 2025 a les 15:00h, ambd\u00f3s inclosos (hores peninsulars)<br \/>\nSol\u00b7licita-la dins del termini, encara que no s\u00e0pigues el que estudiar\u00e0s, o fins i tot, encara que no s\u00e0pigues si estudiar\u00e0s o no. Posa els&hellip;  <a href=\"https:\/\/agora.xtec.cat\/iesllagostera\/beca-general-curs-2025-2026\/\" title=\"Read BECA GENERAL CURS 2025-2026\">Llegeix m\u00e9s\u00bb<\/a><\/p>\n","protected":false},"author":1,"featured_media":0,"parent":0,"menu_order":0,"comment_status":"closed","ping_status":"closed","template":"","meta":{"_bbp_topic_count":0,"_bbp_reply_count":0,"_bbp_total_topic_count":0,"_bbp_total_reply_count":0,"_bbp_voice_count":0,"_bbp_anonymous_reply_count":0,"_bbp_topic_count_hidden":0,"_bbp_reply_count_hidden":0,"_bbp_forum_subforum_count":0,"footnotes":""},"class_list":["post-7902","page","type-page","status-publish","hentry"],"post_mailing_queue_ids":[],"_links":{"self":[{"href":"https:\/\/agora.xtec.cat\/iesllagostera\/wp-json\/wp\/v2\/pages\/7902","targetHints":{"allow":["GET"]}}],"collection":[{"href":"https:\/\/agora.xtec.cat\/iesllagostera\/wp-json\/wp\/v2\/pages"}],"about":[{"href":"https:\/\/agora.xtec.cat\/iesllagostera\/wp-json\/wp\/v2\/types\/page"}],"author":[{"embeddable":true,"href":"https:\/\/agora.xtec.cat\/iesllagostera\/wp-json\/wp\/v2\/users\/1"}],"replies":[{"embeddable":true,"href":"https:\/\/agora.xtec.cat\/iesllagostera\/wp-json\/wp\/v2\/comments?post=7902"}],"version-history":[{"count":2,"href":"https:\/\/agora.xtec.cat\/iesllagostera\/wp-json\/wp\/v2\/pages\/7902\/revisions"}],"predecessor-version":[{"id":7906,"href":"https:\/\/agora.xtec.cat\/iesllagostera\/wp-json\/wp\/v2\/pages\/7902\/revisions\/7906"}],"wp:attachment":[{"href":"https:\/\/agora.xtec.cat\/iesllagostera\/wp-json\/wp\/v2\/media?parent=7902"}],"curies":[{"name":"wp","href":"https:\/\/api.w.org\/{rel}","templated":true}]}}