{"id":75,"date":"2014-09-18T10:21:02","date_gmt":"2014-09-18T09:21:02","guid":{"rendered":"http:\/\/agora.xtec.cat\/iesllagostera\/?page_id=75"},"modified":"2025-10-28T12:34:31","modified_gmt":"2025-10-28T11:34:31","slug":"departaments","status":"publish","type":"page","link":"https:\/\/agora.xtec.cat\/iesllagostera\/linstitut\/departaments\/","title":{"rendered":"Departaments"},"content":{"rendered":"<h2><strong>CURS 2025-2026<\/strong><\/h2>\n<p>&nbsp;<\/p>\n<h3>Departament de Castell\u00e0<\/h3>\n<h4>Jordi De Domingo Miquel<\/h4>\n<h4>Susana Lara Dur\u00e1n<\/h4>\n<h4>Merc\u00e8 Roca Mat\u00f3<\/h4>\n<h4>Gl\u00f2ria S\u00e1nchez Grau<\/h4>\n<p>&nbsp;<\/p>\n<h3>Departament de Catal\u00e0<\/h3>\n<h4>Montse Badia Capdevila<\/h4>\n<h4>Imma Batlle Vidal<\/h4>\n<h4>Ariadna Peralta Llad\u00f3<\/h4>\n<h4>Maria Ripoll Barcel\u00f3<\/h4>\n<h4>Nat\u00e0lia Rosdevall B\u00f2ria<\/h4>\n<h4>Sara S\u00e1nchez Navarro<\/h4>\n<p>&nbsp;<\/p>\n<h3>Departament de Ci\u00e8ncies<\/h3>\n<h4>Anna Bay\u00e9s Carrera<\/h4>\n<h4>No\u00e9 Larrosa Casta\u00f1o<\/h4>\n<h4>Irene Mayoral Soler<\/h4>\n<h4>Esteve Mor\u00e9 Torras<\/h4>\n<h4>Ariadna P\u00e8lach Gonz\u00e0lez<\/h4>\n<h4>Cristina Prats Puig<\/h4>\n<h4>Esther Riera Lara<\/h4>\n<h4>Francesc Ruaix Moradell<\/h4>\n<p>&nbsp;<\/p>\n<h3>Departament d&#8217;Expressi\u00f3<\/h3>\n<h4>Pau Fuentes Cano<\/h4>\n<h4>Maite Hern\u00e0ndez Mart\u00ednez<\/h4>\n<h4>N\u00faria Paneque Mart\u00edn<\/h4>\n<h4>Joan Ribas Ansaldo<\/h4>\n<h4>S\u00edlvia Serrano Fern\u00e1ndez<\/h4>\n<h4>Sergi Vivet Tarr\u00e9s<\/h4>\n<p>&nbsp;<\/p>\n<h3>Departament de Lleng\u00fces estrangeres<\/h3>\n<h4>Teresa Castell\u00f3 Bou<\/h4>\n<h4>Marina Castro Rod\u00e0<\/h4>\n<h4>Simona Dragomir<\/h4>\n<h4>Agust\u00ed Garcia Pons<\/h4>\n<h4>Leo L\u00f3pez de Ahumada Mart\u00ednez<\/h4>\n<h4>Mar Nadal Sobrequ\u00e9s<\/h4>\n<h4>Cristina Negre Melendez<\/h4>\n<p>&nbsp;<\/p>\n<h3>Departament de Matem\u00e0tiques<\/h3>\n<h4>Xavi Catal\u00e1n Gonz\u00e1lez<\/h4>\n<h4>Josep M\u00aa Juan Moreno<\/h4>\n<h4>Susana L\u00f3pez Roura<\/h4>\n<h4>Eduard L\u00f3pez Muria<\/h4>\n<h4>Ivan Mart\u00edn Moreno<\/h4>\n<h4>Xavier S\u00e1nchez Mart\u00edn<\/h4>\n<h4>Gl\u00f2ria S\u00e1nchez Puig<\/h4>\n<h4>Mart\u00ed Tarradas Bonany<\/h4>\n<p>&nbsp;<\/p>\n<h3>Departament d&#8217;Orientaci\u00f3<\/h3>\n<h4>Maite Crego Clemente<\/h4>\n<h4>Laura Fern\u00e0ndez Paris<\/h4>\n<h4>Cristina L\u00f3pez<\/h4>\n<h4>S\u00edlvia Gil Capdevila<\/h4>\n<h4>M\u00edriam Jim\u00e9nez Ram\u00edrez<\/h4>\n<h4>N\u00faria Juanes<\/h4>\n<h4>N\u00faria Riur\u00f3 C\u00e0ceres<\/h4>\n<h4>Cristina Xapell\u00ed Clos<\/h4>\n<h3><\/h3>\n<p>&nbsp;<\/p>\n<h3>Departament de Socials<\/h3>\n<h4>Sara Bernab\u00e9 Teixid\u00f3<\/h4>\n<h4>Montse Casadevall<\/h4>\n<h4>Sandra Casa\u00f1as Fraile<\/h4>\n<h4>Maria Costa Baltrons<\/h4>\n<h4>Pere Font Homs<\/h4>\n<h4>Judit Par\u00e9s Boadas<\/h4>\n<h4>N\u00faria Pascual Molinas<\/h4>\n<h4>S\u00edlvia Ribas Mateos<\/h4>\n<h4>Anna Tallada<\/h4>\n<p>&nbsp;<\/p>\n<h3>Departament de Tecnologia<\/h3>\n<h4>Gilbert Gardenyes<\/h4>\n<h4>Marc Mas Vidal<\/h4>\n<h4>Carles Rius<\/h4>\n<h4>Montserrat Salgado Fontsubir\u00e0<\/h4>\n<h4>Anna Torrent Mart\u00ednez<\/h4>\n<p>&nbsp;<\/p>\n<h4><\/h4>\n","protected":false},"excerpt":{"rendered":"<p>CURS 2025-2026<br \/>\n&nbsp;<br \/>\nDepartament de Castell\u00e0<br \/>\nJordi De Domingo Miquel<br \/>\nSusana Lara Dur\u00e1n<br \/>\nMerc\u00e8 Roca Mat\u00f3<br \/>\nGl\u00f2ria S\u00e1nchez Grau<br \/>\n&nbsp;<br \/>\nDepartament de Catal\u00e0<br \/>\nMontse Badia Capdevila<br \/>\nImma Batlle Vidal<br \/>\nAriadna Peralta Llad\u00f3<br \/>\nMaria Ripoll Barcel\u00f3<br \/>\nNat\u00e0lia Rosdevall B\u00f2ria<br \/>\nSara S\u00e1nchez Navarro<br \/>\n&nbsp;<br \/>\nDepartament de Ci\u00e8ncies<br \/>\nAnna Bay\u00e9s Carrera<br \/>\nNo\u00e9 Larrosa Casta\u00f1o<br \/>\nIrene Mayoral Soler<br \/>\nEsteve Mor\u00e9 Torras<br \/>\nAriadna P\u00e8lach Gonz\u00e0lez<br \/>\nCristina Prats Puig<br \/>\nEsther Riera Lara<br \/>\nFrancesc Ruaix Moradell<br \/>\n&nbsp;<br \/>\nDepartament&hellip;  <a href=\"https:\/\/agora.xtec.cat\/iesllagostera\/linstitut\/departaments\/\" title=\"Read Departaments\">Llegeix m\u00e9s\u00bb<\/a><\/p>\n","protected":false},"author":1,"featured_media":0,"parent":19,"menu_order":60,"comment_status":"closed","ping_status":"closed","template":"page-templates\/side-menu.php","meta":{"_bbp_topic_count":0,"_bbp_reply_count":0,"_bbp_total_topic_count":0,"_bbp_total_reply_count":0,"_bbp_voice_count":0,"_bbp_anonymous_reply_count":0,"_bbp_topic_count_hidden":0,"_bbp_reply_count_hidden":0,"_bbp_forum_subforum_count":0,"footnotes":""},"class_list":["post-75","page","type-page","status-publish","hentry"],"post_mailing_queue_ids":[],"_links":{"self":[{"href":"https:\/\/agora.xtec.cat\/iesllagostera\/wp-json\/wp\/v2\/pages\/75","targetHints":{"allow":["GET"]}}],"collection":[{"href":"https:\/\/agora.xtec.cat\/iesllagostera\/wp-json\/wp\/v2\/pages"}],"about":[{"href":"https:\/\/agora.xtec.cat\/iesllagostera\/wp-json\/wp\/v2\/types\/page"}],"author":[{"embeddable":true,"href":"https:\/\/agora.xtec.cat\/iesllagostera\/wp-json\/wp\/v2\/users\/1"}],"replies":[{"embeddable":true,"href":"https:\/\/agora.xtec.cat\/iesllagostera\/wp-json\/wp\/v2\/comments?post=75"}],"version-history":[{"count":6,"href":"https:\/\/agora.xtec.cat\/iesllagostera\/wp-json\/wp\/v2\/pages\/75\/revisions"}],"predecessor-version":[{"id":8711,"href":"https:\/\/agora.xtec.cat\/iesllagostera\/wp-json\/wp\/v2\/pages\/75\/revisions\/8711"}],"up":[{"embeddable":true,"href":"https:\/\/agora.xtec.cat\/iesllagostera\/wp-json\/wp\/v2\/pages\/19"}],"wp:attachment":[{"href":"https:\/\/agora.xtec.cat\/iesllagostera\/wp-json\/wp\/v2\/media?parent=75"}],"curies":[{"name":"wp","href":"https:\/\/api.w.org\/{rel}","templated":true}]}}