{"id":55,"date":"2014-09-17T16:59:49","date_gmt":"2014-09-17T16:59:49","guid":{"rendered":"http:\/\/agora.xtec.cat\/iesllagostera\/?page_id=55"},"modified":"2025-09-19T19:50:30","modified_gmt":"2025-09-19T17:50:30","slug":"horaris","status":"publish","type":"page","link":"https:\/\/agora.xtec.cat\/iesllagostera\/linstitut\/horaris\/","title":{"rendered":"Marc horari i calendari escolar"},"content":{"rendered":"<p>&nbsp;<\/p>\n<p><strong>El marc horari dels alumnes d\u2019ESO i Batxillerat ser\u00e0 de 30 hores i es distribuir\u00e0 de la seg\u00fcent manera:<\/strong><\/p>\n<p>&nbsp;<\/p>\n<table class=\" aligncenter\" style=\"height: 297px; border-style: solid; width: 717px;\" width=\"717\">\n<tbody>\n<tr style=\"height: 33px;\">\n<td style=\"width: 116.9px; height: 33px; background-color: rgba(0, 0, 0, 0.067); text-align: center;\"><\/td>\n<td style=\"width: 116.9px; height: 33px; background-color: rgba(0, 0, 0, 0.067); text-align: center;\">Dl<\/td>\n<td style=\"width: 116.9px; height: 33px; background-color: rgba(0, 0, 0, 0.067); text-align: center;\">Dm<\/td>\n<td style=\"width: 116.9px; height: 33px; background-color: rgba(0, 0, 0, 0.067); text-align: center;\">Dc<\/td>\n<td style=\"width: 116.9px; height: 33px; background-color: rgba(0, 0, 0, 0.067); text-align: center;\">Dj<\/td>\n<td style=\"width: 116.9px; background-color: rgba(0, 0, 0, 0.067); height: 33px; text-align: center;\">Dv<\/td>\n<\/tr>\n<tr style=\"height: 33px;\">\n<td style=\"width: 116.9px; height: 33px; text-align: center;\">8 a 9<\/td>\n<td style=\"width: 116.9px; height: 33px; text-align: center;\"><\/td>\n<td style=\"width: 116.9px; height: 33px; text-align: center;\"><\/td>\n<td style=\"width: 116.9px; height: 33px; text-align: center;\"><\/td>\n<td style=\"width: 116.9px; height: 33px; text-align: center;\"><\/td>\n<td style=\"width: 116.9px; height: 33px; text-align: center;\"><\/td>\n<\/tr>\n<tr style=\"height: 33px;\">\n<td style=\"width: 116.9px; height: 33px; text-align: center;\">9 a 10<\/td>\n<td style=\"width: 116.9px; height: 33px; text-align: center;\"><\/td>\n<td style=\"width: 116.9px; height: 33px; text-align: center;\"><\/td>\n<td style=\"width: 116.9px; height: 33px; text-align: center;\"><\/td>\n<td style=\"width: 116.9px; height: 33px; text-align: center;\"><\/td>\n<td style=\"width: 116.9px; height: 33px; text-align: center;\"><\/td>\n<\/tr>\n<tr style=\"height: 33px;\">\n<td style=\"width: 116.9px; height: 33px; text-align: center;\">10 a 10:20<\/td>\n<td style=\"width: 116.9px; height: 33px; text-align: center;\">esbarjo<\/td>\n<td style=\"width: 116.9px; height: 33px; text-align: center;\">esbarjo<\/td>\n<td style=\"width: 116.9px; height: 33px; text-align: center;\">esbarjo<\/td>\n<td style=\"width: 116.9px; height: 33px; text-align: center;\">esbarjo<\/td>\n<td style=\"width: 116.9px; height: 33px; text-align: center;\">esbarjo<\/td>\n<\/tr>\n<tr style=\"height: 33px;\">\n<td style=\"width: 116.9px; height: 33px; text-align: center;\">10:20 a 11:20<\/td>\n<td style=\"width: 116.9px; height: 33px; text-align: center;\"><\/td>\n<td style=\"width: 116.9px; height: 33px; text-align: center;\"><\/td>\n<td style=\"width: 116.9px; height: 33px; text-align: center;\"><\/td>\n<td style=\"width: 116.9px; height: 33px; text-align: center;\"><\/td>\n<td style=\"width: 116.9px; height: 33px; text-align: center;\"><\/td>\n<\/tr>\n<tr style=\"height: 33px;\">\n<td style=\"width: 116.9px; height: 33px; text-align: center;\">11:20 a 12:20<\/td>\n<td style=\"width: 116.9px; height: 33px; text-align: center;\"><\/td>\n<td style=\"width: 116.9px; height: 33px; text-align: center;\"><\/td>\n<td style=\"width: 116.9px; height: 33px; text-align: center;\"><\/td>\n<td style=\"width: 116.9px; height: 33px; text-align: center;\"><\/td>\n<td style=\"width: 116.9px; height: 33px; text-align: center;\"><\/td>\n<\/tr>\n<tr style=\"height: 33px;\">\n<td style=\"width: 116.9px; height: 33px; text-align: center;\">12:20 a 12:40<\/td>\n<td style=\"width: 116.9px; height: 33px; text-align: center;\">esbarjo<\/td>\n<td style=\"width: 116.9px; height: 33px; text-align: center;\">esbarjo<\/td>\n<td style=\"width: 116.9px; height: 33px; text-align: center;\">esbarjo<\/td>\n<td style=\"width: 116.9px; height: 33px; text-align: center;\">esbarjo<\/td>\n<td style=\"width: 116.9px; height: 33px; text-align: center;\">esbarjo<\/td>\n<\/tr>\n<tr style=\"height: 33px;\">\n<td style=\"width: 116.9px; height: 33px; text-align: center;\">12:40 a 13:40<\/td>\n<td style=\"width: 116.9px; height: 33px; text-align: center;\"><\/td>\n<td style=\"width: 116.9px; height: 33px; text-align: center;\"><\/td>\n<td style=\"width: 116.9px; height: 33px; text-align: center;\"><\/td>\n<td style=\"width: 116.9px; height: 33px; text-align: center;\"><\/td>\n<td style=\"width: 116.9px; height: 33px; text-align: center;\"><\/td>\n<\/tr>\n<tr style=\"height: 33px;\">\n<td style=\"width: 116.9px; height: 33px; text-align: center;\">13:40 a 14:40<\/td>\n<td style=\"width: 116.9px; height: 33px; text-align: center;\"><\/td>\n<td style=\"width: 116.9px; height: 33px; text-align: center;\"><\/td>\n<td style=\"width: 116.9px; height: 33px; text-align: center;\"><\/td>\n<td style=\"width: 116.9px; height: 33px; text-align: center;\"><\/td>\n<td style=\"width: 116.9px; height: 33px; text-align: center;\"><\/td>\n<\/tr>\n<\/tbody>\n<\/table>\n<p>&nbsp;<\/p>\n<p style=\"text-align: center;\">\n<h2>CALENDARI ESCOLAR 25-26<\/h2>\n<p>&nbsp;<\/p>\n<p><a href=\"https:\/\/agora.xtec.cat\/iesllagostera\/wp-content\/uploads\/usu1990\/2025\/09\/IMG_3121.jpg\"><img loading=\"lazy\" decoding=\"async\" class=\"wp-image-8626 aligncenter\" src=\"https:\/\/agora.xtec.cat\/iesllagostera\/wp-content\/uploads\/usu1990\/2025\/09\/IMG_3121-1024x599.jpg\" alt=\"\" width=\"711\" height=\"416\" srcset=\"https:\/\/agora.xtec.cat\/iesllagostera\/wp-content\/uploads\/usu1990\/2025\/09\/IMG_3121-1024x599.jpg 1024w, https:\/\/agora.xtec.cat\/iesllagostera\/wp-content\/uploads\/usu1990\/2025\/09\/IMG_3121-300x175.jpg 300w, https:\/\/agora.xtec.cat\/iesllagostera\/wp-content\/uploads\/usu1990\/2025\/09\/IMG_3121-768x449.jpg 768w, https:\/\/agora.xtec.cat\/iesllagostera\/wp-content\/uploads\/usu1990\/2025\/09\/IMG_3121.jpg 1062w\" sizes=\"auto, (max-width: 711px) 100vw, 711px\" \/><\/a><\/p>\n<p>&nbsp;<\/p>\n<p>Tamb\u00e9 el podeu trobar a la p\u00e0gina d&#8217;inici d&#8217;aquesta web, a la barra lateral esquerra a baix de tot.<\/p>\n","protected":false},"excerpt":{"rendered":"<p>&nbsp;<br \/>\nEl marc horari dels alumnes d\u2019ESO i Batxillerat ser\u00e0 de 30 hores i es distribuir\u00e0 de la seg\u00fcent manera:<br \/>\n&nbsp;<\/p>\n<p>Dl<br \/>\nDm<br \/>\nDc<br \/>\nDj<br \/>\nDv<\/p>\n<p>8 a 9<\/p>\n<p>9 a 10<\/p>\n<p>10 a 10:20<br \/>\nesbarjo<br \/>\nesbarjo<br \/>\nesbarjo<br \/>\nesbarjo<br \/>\nesbarjo<\/p>\n<p>10:20 a 11:20<\/p>\n<p>11:20 a 12:20<\/p>\n<p>12:20 a 12:40<br \/>\nesbarjo<br \/>\nesbarjo<br \/>\nesbarjo<br \/>\nesbarjo<br \/>\nesbarjo<\/p>\n<p>12:40 a 13:40<\/p>\n<p>13:40 a 14:40<\/p>\n<p>&nbsp;<\/p>\n<p>CALENDARI ESCOLAR 25-26<br \/>\n&nbsp;<br \/>\n<a href=\"https:\/\/agora.xtec.cat\/iesllagostera\/wp-content\/uploads\/usu1990\/2025\/09\/IMG_3121.jpg\"><\/a><br \/>\n&nbsp;<br \/>\nTamb\u00e9 el podeu trobar a la p\u00e0gina d&#8217;inici&hellip;  <a href=\"https:\/\/agora.xtec.cat\/iesllagostera\/linstitut\/horaris\/\" title=\"Read Marc horari i calendari escolar\">Llegeix m\u00e9s\u00bb<\/a><\/p>\n","protected":false},"author":1,"featured_media":0,"parent":19,"menu_order":80,"comment_status":"closed","ping_status":"closed","template":"page-templates\/side-menu.php","meta":{"_bbp_topic_count":0,"_bbp_reply_count":0,"_bbp_total_topic_count":0,"_bbp_total_reply_count":0,"_bbp_voice_count":0,"_bbp_anonymous_reply_count":0,"_bbp_topic_count_hidden":0,"_bbp_reply_count_hidden":0,"_bbp_forum_subforum_count":0,"footnotes":""},"class_list":["post-55","page","type-page","status-publish","hentry"],"post_mailing_queue_ids":[],"_links":{"self":[{"href":"https:\/\/agora.xtec.cat\/iesllagostera\/wp-json\/wp\/v2\/pages\/55","targetHints":{"allow":["GET"]}}],"collection":[{"href":"https:\/\/agora.xtec.cat\/iesllagostera\/wp-json\/wp\/v2\/pages"}],"about":[{"href":"https:\/\/agora.xtec.cat\/iesllagostera\/wp-json\/wp\/v2\/types\/page"}],"author":[{"embeddable":true,"href":"https:\/\/agora.xtec.cat\/iesllagostera\/wp-json\/wp\/v2\/users\/1"}],"replies":[{"embeddable":true,"href":"https:\/\/agora.xtec.cat\/iesllagostera\/wp-json\/wp\/v2\/comments?post=55"}],"version-history":[{"count":6,"href":"https:\/\/agora.xtec.cat\/iesllagostera\/wp-json\/wp\/v2\/pages\/55\/revisions"}],"predecessor-version":[{"id":8628,"href":"https:\/\/agora.xtec.cat\/iesllagostera\/wp-json\/wp\/v2\/pages\/55\/revisions\/8628"}],"up":[{"embeddable":true,"href":"https:\/\/agora.xtec.cat\/iesllagostera\/wp-json\/wp\/v2\/pages\/19"}],"wp:attachment":[{"href":"https:\/\/agora.xtec.cat\/iesllagostera\/wp-json\/wp\/v2\/media?parent=55"}],"curies":[{"name":"wp","href":"https:\/\/api.w.org\/{rel}","templated":true}]}}