{"id":4830,"date":"2022-10-01T09:46:42","date_gmt":"2022-10-01T07:46:42","guid":{"rendered":"https:\/\/agora.xtec.cat\/iesllagostera\/?page_id=4830"},"modified":"2024-08-02T01:24:30","modified_gmt":"2024-08-01T23:24:30","slug":"orientat","status":"publish","type":"page","link":"https:\/\/agora.xtec.cat\/iesllagostera\/estudis\/orientat\/","title":{"rendered":"Orienta&#8217;t"},"content":{"rendered":"<p class=\"CDt4Ke zfr3Q\" dir=\"ltr\" style=\"text-align: justify;\">Bloc de l&#8217;Institut de Llagostera, bloc sobre ORIENTACI\u00d3. Clica damunt la fotografia per entrar-hi.<\/p>\n<p class=\"CDt4Ke zfr3Q\" dir=\"ltr\" style=\"text-align: justify;\">A trav\u00e9s d&#8217;aquest bloc, volem ajudar a tota la comunitat educativa a con\u00e8ixer quins s\u00f3n els diferents itineraris possibles per aconseguir els objectius acad\u00e8mics i professionals del nostre alumnat.<\/p>\n<p dir=\"ltr\"><a href=\"https:\/\/sites.google.com\/insllagostera.cat\/orientatinsllagostera\/p%C3%A0gina-principal?authuser=0\" target=\"_blank\" rel=\"noopener\"><img loading=\"lazy\" decoding=\"async\" class=\" wp-image-4833 aligncenter\" src=\"https:\/\/agora.xtec.cat\/iesllagostera\/wp-content\/uploads\/usu1990\/2022\/10\/IMG_4021.jpg\" alt=\"\" width=\"714\" height=\"304\" srcset=\"https:\/\/agora.xtec.cat\/iesllagostera\/wp-content\/uploads\/usu1990\/2022\/10\/IMG_4021.jpg 827w, https:\/\/agora.xtec.cat\/iesllagostera\/wp-content\/uploads\/usu1990\/2022\/10\/IMG_4021-300x128.jpg 300w, https:\/\/agora.xtec.cat\/iesllagostera\/wp-content\/uploads\/usu1990\/2022\/10\/IMG_4021-768x327.jpg 768w\" sizes=\"auto, (max-width: 714px) 100vw, 714px\" \/><\/a><\/p>\n","protected":false},"excerpt":{"rendered":"<p>Bloc de l&#8217;Institut de Llagostera, bloc sobre ORIENTACI\u00d3. Clica damunt la fotografia per entrar-hi.<br \/>\nA trav\u00e9s d&#8217;aquest bloc, volem ajudar a tota la comunitat educativa a con\u00e8ixer quins s\u00f3n els diferents itineraris possibles per aconseguir els objectius acad\u00e8mics i professionals del nostre alumnat.<br \/>\n<a href=\"https:\/\/sites.google.com\/insllagostera.cat\/orientatinsllagostera\/p%C3%A0gina-principal?authuser=0\" target=\"_blank\" rel=\"noopener\"><\/a><\/p>\n","protected":false},"author":1,"featured_media":0,"parent":195,"menu_order":200,"comment_status":"closed","ping_status":"closed","template":"page-templates\/side-menu.php","meta":{"_bbp_topic_count":0,"_bbp_reply_count":0,"_bbp_total_topic_count":0,"_bbp_total_reply_count":0,"_bbp_voice_count":0,"_bbp_anonymous_reply_count":0,"_bbp_topic_count_hidden":0,"_bbp_reply_count_hidden":0,"_bbp_forum_subforum_count":0,"footnotes":""},"class_list":["post-4830","page","type-page","status-publish","hentry"],"post_mailing_queue_ids":[],"_links":{"self":[{"href":"https:\/\/agora.xtec.cat\/iesllagostera\/wp-json\/wp\/v2\/pages\/4830","targetHints":{"allow":["GET"]}}],"collection":[{"href":"https:\/\/agora.xtec.cat\/iesllagostera\/wp-json\/wp\/v2\/pages"}],"about":[{"href":"https:\/\/agora.xtec.cat\/iesllagostera\/wp-json\/wp\/v2\/types\/page"}],"author":[{"embeddable":true,"href":"https:\/\/agora.xtec.cat\/iesllagostera\/wp-json\/wp\/v2\/users\/1"}],"replies":[{"embeddable":true,"href":"https:\/\/agora.xtec.cat\/iesllagostera\/wp-json\/wp\/v2\/comments?post=4830"}],"version-history":[{"count":5,"href":"https:\/\/agora.xtec.cat\/iesllagostera\/wp-json\/wp\/v2\/pages\/4830\/revisions"}],"predecessor-version":[{"id":7063,"href":"https:\/\/agora.xtec.cat\/iesllagostera\/wp-json\/wp\/v2\/pages\/4830\/revisions\/7063"}],"up":[{"embeddable":true,"href":"https:\/\/agora.xtec.cat\/iesllagostera\/wp-json\/wp\/v2\/pages\/195"}],"wp:attachment":[{"href":"https:\/\/agora.xtec.cat\/iesllagostera\/wp-json\/wp\/v2\/media?parent=4830"}],"curies":[{"name":"wp","href":"https:\/\/api.w.org\/{rel}","templated":true}]}}