{"id":43,"date":"2014-09-17T16:45:07","date_gmt":"2014-09-17T16:45:07","guid":{"rendered":"http:\/\/agora.xtec.cat\/iesllagostera\/?page_id=43"},"modified":"2025-11-20T19:57:52","modified_gmt":"2025-11-20T18:57:52","slug":"consell-escolar","status":"publish","type":"page","link":"https:\/\/agora.xtec.cat\/iesllagostera\/linstitut\/consell-escolar\/","title":{"rendered":"Consell Escolar"},"content":{"rendered":"<table style=\"border-collapse: collapse; width: 100%;\">\n<tbody>\n<tr>\n<td style=\"width: 100%; background-color: #631010;\"><\/td>\n<\/tr>\n<\/tbody>\n<\/table>\n<h4><strong style=\"font-size: 1.4375em;\">RENOVACI\u00d3 DEL CONSELL ESCOLAR<\/strong><\/h4>\n<table style=\"border-collapse: collapse; width: 100%;\">\n<tbody>\n<tr>\n<td style=\"width: 100%; background-color: #631010;\"><\/td>\n<\/tr>\n<\/tbody>\n<\/table>\n<h4><strong style=\"font-size: 1.4375em;\">CANDIDATURES<\/strong><\/h4>\n<h4><strong>\u00a0<\/strong><\/h4>\n<h4><strong>V\u00eddeos de les candidatures de l&#8217;alumnat:<\/strong> <a href=\"https:\/\/photos.app.goo.gl\/Rms3eL1V5rNkekPA8\" target=\"_blank\" rel=\"noopener\">Jannat<\/a> ,\u00a0<a href=\"https:\/\/photos.app.goo.gl\/3bJMi42GDXL2aDHd7\" target=\"_blank\" rel=\"noopener\">J\u00falia<\/a> i <a href=\"https:\/\/photos.app.goo.gl\/tL2dGgkUPCH69sY67\" target=\"_blank\" rel=\"noopener\">Gala<\/a><\/h4>\n<h4><\/h4>\n<h4><a href=\"https:\/\/drive.google.com\/file\/d\/1OkYpP07CIgleebdiAIbIrhzDTTHcVkbR\/view?usp=sharing\" target=\"_blank\" rel=\"noopener\">Candidatures<\/a> <strong>a la renovaci\u00f3 del Consell Escolar 2025<\/strong><\/h4>\n<p>&nbsp;<\/p>\n<div class=\"sites-embed-content sites-embed-type-text\">\n<div class=\"sites-embed-content-textbox\">\n<div class=\"sites-embed-content sites-embed-type-text\">\n<div class=\"sites-embed-content-textbox\">\n<table style=\"border-collapse: collapse; width: 100%;\">\n<tbody>\n<tr>\n<td style=\"width: 100%; background-color: #631010;\"><\/td>\n<\/tr>\n<\/tbody>\n<\/table>\n<\/div>\n<\/div>\n<\/div>\n<h4><strong style=\"font-size: 1.4375em;\">INFORMACI\u00d3<\/strong><\/h4>\n<p>&nbsp;<\/p>\n<div class=\"sites-embed-content-textbox\">\n<div class=\"sites-embed-content sites-embed-type-text\">\n<div class=\"sites-embed-content-textbox\">\n<h4><a href=\"https:\/\/drive.google.com\/file\/d\/1dXhOimoUnZ_SJbvEaAOj3U1Hi0IR3-XA\/view?usp=sharing\" target=\"_blank\" rel=\"noopener\">ACTA CONVOCAT\u00d2RIA ELECCIONS CONSELL ESCOLAR<\/a><\/h4>\n<h4><\/h4>\n<h4><a href=\"https:\/\/educacio.gencat.cat\/ca\/arees-actuacio\/centres-serveis-educatius\/centres\/consells-escolars-centres\/index.html\" target=\"_blank\" rel=\"noopener\">NORMATIVA<\/a><\/h4>\n<h4><\/h4>\n<h4><a href=\"https:\/\/drive.google.com\/file\/d\/1y2PmdEJeG59PcGKwFNkHV7WTm5H7Hf3t\/view?usp=sharing\" target=\"_blank\" rel=\"noopener\">MODEL PRESENTACI\u00d3 CANDIDATURES<\/a><\/h4>\n<h4><\/h4>\n<h4><a href=\"https:\/\/drive.google.com\/file\/d\/1tyA6Y3oVHU6sq0CViCQ6gZxQn5CsThDr\/view?usp=sharing\" target=\"_blank\" rel=\"noopener\">ACTA FINAL RESULTAT VOTACIONS<\/a><\/h4>\n<h4><\/h4>\n<\/div>\n<p>&nbsp;<\/p>\n<\/div>\n<\/div>\n<\/div>\n<table style=\"border-collapse: collapse; width: 100%;\">\n<tbody>\n<tr>\n<td style=\"width: 100%; background-color: #9e7d3c;\"><\/td>\n<\/tr>\n<\/tbody>\n<\/table>\n<h4><\/h4>\n<h4><strong style=\"font-size: 1.4375em;\">CONSELL ESCOLAR<\/strong><\/h4>\n<div class=\"sites-embed-content sites-embed-type-text\">\n<div class=\"sites-embed-content-textbox\">\n<div class=\"sites-embed-content sites-embed-type-text\">\n<div class=\"sites-embed-content-textbox\">\n<h4><\/h4>\n<p>&nbsp;<\/p>\n<p>El consell escolar del centre \u00e9s l&#8217;\u00f2rgan col\u00b7legiat de participaci\u00f3 de la comunitat escolar en el govern del centre. En el consell escolar hi ha representats tots els col\u00b7lectius que intervenen en la comunitat educativa: director, professorat, alumnat, personal d&#8217;administraci\u00f3 i serveis, etc.<\/p>\n<p>En els centres p\u00fablics, la funci\u00f3 principal del consell escolar \u00e9s participar en la presa de decisions en relaci\u00f3 amb aquells temes importants per al funcionament i l&#8217;organitzaci\u00f3 del centre: el projecte educatiu, la programaci\u00f3 general, la gesti\u00f3 econ\u00f2mica, etc. En el cas dels centres privats concertats, el consell escolar debat, avalua, analitza i pren decisions sobre els temes proposats pel titular del centre.<\/p>\n<p>Els membres del consell escolar s\u00f3n elegits per un per\u00edode de quatre anys i es renoven per meitats cada dos anys.<\/p>\n<p>&nbsp;<\/p>\n<h4><b>Qui forma part del Consell Escolar de l\u2019Institut de Llagostera? Curs 24-25<br \/>\n<\/b><\/h4>\n<p>&nbsp;<\/p>\n<p><b>Directora:<\/b> Susanna L\u00f3pez i Roura<\/p>\n<p><b>Secretari:<\/b> Marc Mas Vidal<\/p>\n<p><b>Cap d&#8217;estudis:<\/b> Esther Riera Lara<\/p>\n<p><b>Representant de l&#8217;Ajuntament:<\/b> Irene Miquel Valent\u00ed<\/p>\n<p><b>Representants electes del sector del professorat: <\/b><span style=\"color: #444444;\">Jordi de Domingo Miquel, Gl\u00f2ria S\u00e1nchez Grau, Anna\u00a0<\/span>Bay\u00e9s Carrera<span style=\"color: #444444;\">, Sara S\u00e1nchez Navarro\u00a0<\/span>i<span style=\"color: #444444;\"> Xavier S\u00e1nchez Mart\u00edn<\/span><\/p>\n<p><b>Representants electes del sector fam\u00edlies: <\/b>Isabel Tur\u00f3n Boadella, Ramon de Arriba Reg\u00e0s i S\u00edlvia Fa Caterura<\/p>\n<p><b>Representants electes del sector alumnat:<\/b> Yasmin<span style=\"color: #444444;\">\u00a0El\u00a0<\/span>Ghezouani\u00a0Gaina<span style=\"color: #444444;\">, Lluc Mas Labarta<\/span><span style=\"color: #444444;\"> i Rania Nati Sakrouhi<\/span><\/p>\n<p><b>Representant de l&#8217;Associaci\u00f3 de Fam\u00edlies de l&#8217;Alumnat:<\/b>\u00a0 Jordi Duch Oliveras<\/p>\n<p><b>Representant del Personal\u00a0 l&#8217;Administraci\u00f3 i Serveis:<\/b> Agn\u00e8s Esparraguera Carb\u00f3<\/p>\n<p>&nbsp;<\/p>\n<h4><b>Horari de convocat\u00f2ria<\/b>:<\/h4>\n<p>Dilluns a les 19.00<\/p>\n<h4><\/h4>\n<h4><strong>Acords Consell Escolar Curs 2024-2025<\/strong><\/h4>\n<h5><a href=\"https:\/\/drive.google.com\/file\/d\/19_X4ZuvWv-FzWib2Y4ZlOe2wxs0-u4IX\/view?usp=sharing\" target=\"_blank\" rel=\"noopener\">Acords 5 de novembre de 2024<\/a><\/h5>\n<h5><a href=\"https:\/\/drive.google.com\/file\/d\/1G9WON6sq50Gr2MklSN4uJh9_eUN-eJ93\/view?usp=sharing\" target=\"_blank\" rel=\"noopener\">Acords 14 d&#8217;octubre de 2024<\/a><\/h5>\n<h4><strong>Acords Consell Escolar Curs 2023-2024<\/strong><\/h4>\n<h5><a href=\"https:\/\/drive.google.com\/file\/d\/1BI9_WaId1Cy19ya64xsd8_LCY00VvaTG\/view?usp=sharing\" target=\"_blank\" rel=\"noopener\">Acords 25 de juny de 2024<\/a><\/h5>\n<h5><a href=\"https:\/\/drive.google.com\/file\/d\/1AnsxyVzQhbriruMjaksL6RxNANkG06Z-\/view?usp=sharing\" target=\"_blank\" rel=\"noopener\">Acords 16 d&#8217;abril de 2024<\/a><\/h5>\n<h5><a href=\"https:\/\/drive.google.com\/file\/d\/18nqXFInWBdMNhN3n8TYwvMrZa30NotkF\/view?usp=sharing\" target=\"_blank\" rel=\"noopener\">Acords 5 de mar\u00e7 de 2024<\/a><\/h5>\n<h5><a href=\"https:\/\/drive.google.com\/file\/d\/1GLAY9Cb4HinxvKK7p2pSaGo5F3VBFCLz\/view?usp=sharing\" target=\"_blank\" rel=\"noopener\">Acords 25 de gener de 2024<\/a><\/h5>\n<h5><a href=\"https:\/\/drive.google.com\/file\/d\/1OeG1mGkMiLoVzRvpQkKw1Bk-PsT1khbM\/view?usp=sharing\" target=\"_blank\" rel=\"noopener\">Acords 18 de desembre de 2023<\/a><\/h5>\n<h5><a href=\"https:\/\/drive.google.com\/file\/d\/1qkki_n1Pq6Pxm-Up4iA3pErR1cpF4oGr\/view?usp=sharing\" target=\"_blank\" rel=\"noopener\">Acords 28 de setembre de 2023<\/a><\/h5>\n<h4><\/h4>\n<h4><strong>Acords Consell Escolar Curs 2022-2023<\/strong><\/h4>\n<h5><a href=\"https:\/\/drive.google.com\/file\/d\/1mKy9w0BRMRE7NlcpdPewcjIhCDN8I9zP\/view?usp=sharing\" target=\"_blank\" rel=\"noopener\">Acords 3 de febrer de 2023<\/a><\/h5>\n<h5><a href=\"https:\/\/drive.google.com\/file\/d\/1WFP2bOEZmL9y7NydxZqXMvYOPj80Gr-e\/view?usp=sharing\" target=\"_blank\" rel=\"noopener\">Acords 26 de gener de 2023<\/a><\/h5>\n<h5><a href=\"https:\/\/drive.google.com\/file\/d\/1H9_kSi6TY0HGxihyhMhW16rfE8RYfuzR\/view?usp=sharing\" target=\"_blank\" rel=\"noopener\">Acords 7 de setembre de 2022<\/a><\/h5>\n<h5><\/h5>\n<\/div>\n<\/div>\n<h5><\/h5>\n<h5><\/h5>\n<p>&nbsp;<\/p>\n<\/div>\n<\/div>\n","protected":false},"excerpt":{"rendered":"<p>RENOVACI\u00d3 DEL CONSELL ESCOLAR<\/p>\n<p>CANDIDATURES<br \/>\n\u00a0<br \/>\nV\u00eddeos de les candidatures de l&#8217;alumnat: <a href=\"https:\/\/photos.app.goo.gl\/Rms3eL1V5rNkekPA8\" target=\"_blank\" rel=\"noopener\">Jannat<\/a> ,\u00a0<a href=\"https:\/\/photos.app.goo.gl\/3bJMi42GDXL2aDHd7\" target=\"_blank\" rel=\"noopener\">J\u00falia<\/a> i <a href=\"https:\/\/photos.app.goo.gl\/tL2dGgkUPCH69sY67\" target=\"_blank\" rel=\"noopener\">Gala<\/a><\/p>\n<p><a href=\"https:\/\/drive.google.com\/file\/d\/1OkYpP07CIgleebdiAIbIrhzDTTHcVkbR\/view?usp=sharing\" target=\"_blank\" rel=\"noopener\">Candidatures<\/a> a la renovaci\u00f3 del Consell Escolar 2025<br \/>\n&nbsp;<\/p>\n<p>INFORMACI\u00d3<br \/>\n&nbsp;<\/p>\n<p><a href=\"https:\/\/drive.google.com\/file\/d\/1dXhOimoUnZ_SJbvEaAOj3U1Hi0IR3-XA\/view?usp=sharing\" target=\"_blank\" rel=\"noopener\">ACTA CONVOCAT\u00d2RIA ELECCIONS CONSELL ESCOLAR<\/a><\/p>\n<p><a href=\"https:\/\/educacio.gencat.cat\/ca\/arees-actuacio\/centres-serveis-educatius\/centres\/consells-escolars-centres\/index.html\" target=\"_blank\" rel=\"noopener\">NORMATIVA<\/a><\/p>\n<p><a href=\"https:\/\/drive.google.com\/file\/d\/1y2PmdEJeG59PcGKwFNkHV7WTm5H7Hf3t\/view?usp=sharing\" target=\"_blank\" rel=\"noopener\">MODEL&hellip;  <a href=\"https:\/\/agora.xtec.cat\/iesllagostera\/linstitut\/consell-escolar\/\" title=\"Read Consell Escolar\">Llegeix m\u00e9s\u00bb<\/a><\/p>\n","protected":false},"author":1,"featured_media":0,"parent":19,"menu_order":40,"comment_status":"closed","ping_status":"closed","template":"page-templates\/side-menu.php","meta":{"_bbp_topic_count":0,"_bbp_reply_count":0,"_bbp_total_topic_count":0,"_bbp_total_reply_count":0,"_bbp_voice_count":0,"_bbp_anonymous_reply_count":0,"_bbp_topic_count_hidden":0,"_bbp_reply_count_hidden":0,"_bbp_forum_subforum_count":0,"footnotes":""},"class_list":["post-43","page","type-page","status-publish","hentry"],"post_mailing_queue_ids":[],"_links":{"self":[{"href":"https:\/\/agora.xtec.cat\/iesllagostera\/wp-json\/wp\/v2\/pages\/43","targetHints":{"allow":["GET"]}}],"collection":[{"href":"https:\/\/agora.xtec.cat\/iesllagostera\/wp-json\/wp\/v2\/pages"}],"about":[{"href":"https:\/\/agora.xtec.cat\/iesllagostera\/wp-json\/wp\/v2\/types\/page"}],"author":[{"embeddable":true,"href":"https:\/\/agora.xtec.cat\/iesllagostera\/wp-json\/wp\/v2\/users\/1"}],"replies":[{"embeddable":true,"href":"https:\/\/agora.xtec.cat\/iesllagostera\/wp-json\/wp\/v2\/comments?post=43"}],"version-history":[{"count":7,"href":"https:\/\/agora.xtec.cat\/iesllagostera\/wp-json\/wp\/v2\/pages\/43\/revisions"}],"predecessor-version":[{"id":8872,"href":"https:\/\/agora.xtec.cat\/iesllagostera\/wp-json\/wp\/v2\/pages\/43\/revisions\/8872"}],"up":[{"embeddable":true,"href":"https:\/\/agora.xtec.cat\/iesllagostera\/wp-json\/wp\/v2\/pages\/19"}],"wp:attachment":[{"href":"https:\/\/agora.xtec.cat\/iesllagostera\/wp-json\/wp\/v2\/media?parent=43"}],"curies":[{"name":"wp","href":"https:\/\/api.w.org\/{rel}","templated":true}]}}