{"id":27,"date":"2014-09-17T16:24:03","date_gmt":"2014-09-17T16:24:03","guid":{"rendered":"http:\/\/agora.xtec.cat\/iesllagostera\/?page_id=27"},"modified":"2022-09-19T11:47:30","modified_gmt":"2022-09-19T09:47:30","slug":"historia","status":"publish","type":"page","link":"https:\/\/agora.xtec.cat\/iesllagostera\/linstitut\/historia\/","title":{"rendered":"Hist\u00f2ria"},"content":{"rendered":"<div class=\"sites-embed-content sites-embed-type-text\">\n<div class=\"sites-embed-content-textbox\">\n<div dir=\"ltr\">\n<p style=\"text-align: justify;\"><strong>L\u2019Institut d&#8217;Ensenyament Secundari de Llagostera \u00e9s un centre p\u00fablic que pertany a la xarxa d\u2019equipaments escolars del Departament d\u2019Educaci\u00f3 de la Generalitat de Catalunya que es regeix per la Llei Org\u00e0nica d\u2019Educaci\u00f3 (LOE) i el seu desplegament normatiu\u00a0 (LEC) i t\u00e9 com objectiu prioritari, el desenvolupament i millora de les capacitats de cadascun dels nostres alumnes com a principi b\u00e0sic d\u2019equitat i de garantia de la cohesi\u00f3 social.<\/strong><\/p>\n<p style=\"text-align: justify;\"><strong>L\u2019 Institut es va inaugurar per primera vegada l\u2019any 1996 al barri de Can Gotarra en uns m\u00f2duls prefabricats. Va ser l\u2019any 2003 quan es va inaugurar l\u2019edifici on est\u00e0 situat actualment a l\u2019avinguda Giron\u00e8s, 51.<\/strong><\/p>\n<p style=\"text-align: justify;\"><strong>Aquest curs el centre compta amb un total de 50 professors, 2 conserges i 1 administrativa i un total de 500 alumnes.<\/strong><\/p>\n<p style=\"text-align: justify;\"><strong>La gran majoria dels nostres alumnes provenen de les dues escoles p\u00fabliques del municipi; Escola Lacust\u00e0ria i\u00a0 Escola Puig de Les Cadiretes. Tamb\u00e9 venen alumnes de Caldes de Malavella a fer el Batxillerat.<\/strong><\/p>\n<p style=\"text-align: justify;\"><strong>A l\u2019 institut hi ha quatre l\u00ednies a cada curs de l\u2019 ESO, dues a 1r de Batxillerat i dues a segon. Tamb\u00e9 hi ha un PFI-PTT d\u2019Auxiliar de Jardineria.<\/strong><\/p>\n<p style=\"text-align: justify;\"><strong>De Batxillerat s\u2019ofereixen dues modalitats; el Cient\u00edfic-Tecnol\u00f2gic i l\u2019 Human\u00edstic-Social i amb la possibilitat de diversificar el curr\u00edculum a trav\u00e9s de l\u2019 Institut Obert de Catalunya (IOC).<\/strong><\/p>\n<p style=\"text-align: justify;\"><strong>Els eixos fonamentals del nostre projecte educatiu s\u00f3n l\u2019orientaci\u00f3 i la tutoritzaci\u00f3 dels nostres alumnes per tal d\u2019assolir dos objectius:<\/strong><\/p>\n<p style=\"text-align: justify;\"><strong>\u00a0\u00a0\u00a0\u00a0\u00a0\u00a0\u00a0\u00a0\u00a0\u00a0 Millorar els resultats educatius<\/strong><\/p>\n<p style=\"text-align: justify;\"><strong>\u00a0\u00a0\u00a0\u00a0\u00a0\u00a0\u00a0\u00a0\u00a0\u00a0 Millorar la cohesi\u00f3 social<\/strong><\/p>\n<p style=\"text-align: justify;\"><strong>\u00a0\u00a0\u00a0\u00a0\u00a0\u00a0\u00a0\u00a0\u00a0 Avan\u00e7ar en la millora de la gesti\u00f3 i l\u2019organitzaci\u00f3 del centre<\/strong><\/p>\n<\/div>\n<\/div>\n<\/div>\n","protected":false},"excerpt":{"rendered":"<p>L\u2019Institut d&#8217;Ensenyament Secundari de Llagostera \u00e9s un centre p\u00fablic que pertany a la xarxa d\u2019equipaments escolars del Departament d\u2019Educaci\u00f3 de la Generalitat de Catalunya que es regeix per la Llei Org\u00e0nica d\u2019Educaci\u00f3 (LOE) i el seu desplegament normatiu\u00a0 (LEC) i t\u00e9 com objectiu prioritari, el&hellip;  <a href=\"https:\/\/agora.xtec.cat\/iesllagostera\/linstitut\/historia\/\" title=\"Read Hist\u00f2ria\">Llegeix m\u00e9s\u00bb<\/a><\/p>\n","protected":false},"author":1,"featured_media":0,"parent":19,"menu_order":20,"comment_status":"closed","ping_status":"closed","template":"page-templates\/side-menu.php","meta":{"_bbp_topic_count":0,"_bbp_reply_count":0,"_bbp_total_topic_count":0,"_bbp_total_reply_count":0,"_bbp_voice_count":0,"_bbp_anonymous_reply_count":0,"_bbp_topic_count_hidden":0,"_bbp_reply_count_hidden":0,"_bbp_forum_subforum_count":0,"footnotes":""},"class_list":["post-27","page","type-page","status-publish","hentry"],"post_mailing_queue_ids":[],"_links":{"self":[{"href":"https:\/\/agora.xtec.cat\/iesllagostera\/wp-json\/wp\/v2\/pages\/27","targetHints":{"allow":["GET"]}}],"collection":[{"href":"https:\/\/agora.xtec.cat\/iesllagostera\/wp-json\/wp\/v2\/pages"}],"about":[{"href":"https:\/\/agora.xtec.cat\/iesllagostera\/wp-json\/wp\/v2\/types\/page"}],"author":[{"embeddable":true,"href":"https:\/\/agora.xtec.cat\/iesllagostera\/wp-json\/wp\/v2\/users\/1"}],"replies":[{"embeddable":true,"href":"https:\/\/agora.xtec.cat\/iesllagostera\/wp-json\/wp\/v2\/comments?post=27"}],"version-history":[{"count":4,"href":"https:\/\/agora.xtec.cat\/iesllagostera\/wp-json\/wp\/v2\/pages\/27\/revisions"}],"predecessor-version":[{"id":4748,"href":"https:\/\/agora.xtec.cat\/iesllagostera\/wp-json\/wp\/v2\/pages\/27\/revisions\/4748"}],"up":[{"embeddable":true,"href":"https:\/\/agora.xtec.cat\/iesllagostera\/wp-json\/wp\/v2\/pages\/19"}],"wp:attachment":[{"href":"https:\/\/agora.xtec.cat\/iesllagostera\/wp-json\/wp\/v2\/media?parent=27"}],"curies":[{"name":"wp","href":"https:\/\/api.w.org\/{rel}","templated":true}]}}