{"id":739,"date":"2017-12-26T10:58:47","date_gmt":"2017-12-26T09:58:47","guid":{"rendered":"http:\/\/agora.xtec.cat\/ieslestermes\/?page_id=739"},"modified":"2025-10-23T11:36:02","modified_gmt":"2025-10-23T09:36:02","slug":"atencio-al-public","status":"publish","type":"page","link":"https:\/\/agora.xtec.cat\/ieslestermes\/secretaria\/atencio-al-public\/","title":{"rendered":"Atenci\u00f3 al P\u00fablic"},"content":{"rendered":"<p style=\"padding: 0px; margin: 1em 0px 1em 0px;\"><span style=\"font-size: 12pt;\">A continuaci\u00f3 hi ha reflectit l\u2019horari d\u2019atenci\u00f3 al p\u00fablic de Secretaria. \u00c9s recomanable concertar cita pr\u00e8via al tel\u00e8fon: <\/span><\/p>\n<p style=\"padding: 0px; margin: 1em 0px; text-align: center;\"><span style=\"font-size: 12pt;\"><strong>93 710 23 08<\/strong><\/span><\/p>\n<table class=\"mceItemTable\" style=\"border: 0px solid #4682b4; width: 80.9625%;\" border=\"0\" align=\"center\">\n<tbody>\n<tr>\n<td style=\"text-align: center; background-color: #4682b4; width: 118.087%;\" colspan=\"2\"><strong><span style=\"color: #ffffff;\">Horari Secretaria<\/span><\/strong><\/td>\n<\/tr>\n<tr>\n<td style=\"background-color: #87ceeb; text-align: center; width: 51.2338%;\">\n<div><strong>Horari d&#8217;hivern<\/strong><\/div>\n<div><strong>(d&#8217;Octubre a Maig)<\/strong><\/div>\n<\/td>\n<td style=\"background-color: #87ceeb; width: 66.8531%;\">\n<div style=\"text-align: center;\">\u00a0 \u00a0<strong>Horari d&#8217;estiu \u00a0\u00a0<\/strong><\/div>\n<div style=\"text-align: center;\"><strong>\u00a0 \u00a0(Juny, Juliol i Setembre)<\/strong><\/div>\n<\/td>\n<\/tr>\n<tr>\n<td style=\"background-color: #e0ffff; text-align: center; width: 51.2338%;\"><span style=\"line-height: normal;\"><strong>Mat\u00ed: <\/strong>de 9:30h a 13:30h<\/span><\/p>\n<p><span style=\"line-height: normal;\"><strong>Tarda<\/strong><\/span><strong style=\"font-family: inherit; font-size: 1em; text-align: center;\">:<\/strong><span style=\"font-family: inherit; font-size: 1em; text-align: center;\"> dimecres de 15:30h a 17:00h<\/span><\/p>\n<p style=\"text-align: center;\">\n<\/td>\n<td style=\"background-color: #e0ffff; text-align: center; width: 66.8531%;\"><strong>Mat\u00ed:<\/strong> de 9:30h a 13:30h<\/p>\n<p><strong>Tarda:<\/strong> tancat<\/td>\n<\/tr>\n<\/tbody>\n<\/table>\n<p>&nbsp;<\/p>\n<p>&nbsp;<\/p>\n","protected":false},"excerpt":{"rendered":"<p>A continuaci\u00f3 hi ha reflectit l\u2019horari d\u2019atenci\u00f3 al p\u00fablic de Secretaria. \u00c9s recomanable concertar cita pr\u00e8via al tel\u00e8fon: 93 710 23 08 Horari Secretaria Horari d&#8217;hivern (d&#8217;Octubre a Maig) \u00a0 \u00a0Horari d&#8217;estiu \u00a0\u00a0 \u00a0 \u00a0(Juny, Juliol i Setembre) Mat\u00ed: de 9:30h a 13:30h Tarda: dimecres de 15:30h a 17:00h Mat\u00ed: de 9:30h a 13:30h Tarda: [&hellip;]<\/p>\n","protected":false},"author":1,"featured_media":0,"parent":81,"menu_order":50,"comment_status":"closed","ping_status":"closed","template":"page-templates\/side-menu.php","meta":{"_bbp_topic_count":0,"_bbp_reply_count":0,"_bbp_total_topic_count":0,"_bbp_total_reply_count":0,"_bbp_voice_count":0,"_bbp_anonymous_reply_count":0,"_bbp_topic_count_hidden":0,"_bbp_reply_count_hidden":0,"_bbp_forum_subforum_count":0,"site-sidebar-layout":"default","site-content-layout":"","ast-site-content-layout":"","site-content-style":"default","site-sidebar-style":"default","ast-global-header-display":"","ast-banner-title-visibility":"","ast-main-header-display":"","ast-hfb-above-header-display":"","ast-hfb-below-header-display":"","ast-hfb-mobile-header-display":"","site-post-title":"","ast-breadcrumbs-content":"","ast-featured-img":"","footer-sml-layout":"","theme-transparent-header-meta":"","adv-header-id-meta":"","stick-header-meta":"","header-above-stick-meta":"","header-main-stick-meta":"","header-below-stick-meta":"","astra-migrate-meta-layouts":"default","ast-page-background-enabled":"default","ast-page-background-meta":{"desktop":{"background-color":"var(--ast-global-color-4)","background-image":"","background-repeat":"repeat","background-position":"center center","background-size":"auto","background-attachment":"scroll","background-type":"","background-media":"","overlay-type":"","overlay-color":"","overlay-opacity":"","overlay-gradient":""},"tablet":{"background-color":"","background-image":"","background-repeat":"repeat","background-position":"center center","background-size":"auto","background-attachment":"scroll","background-type":"","background-media":"","overlay-type":"","overlay-color":"","overlay-opacity":"","overlay-gradient":""},"mobile":{"background-color":"","background-image":"","background-repeat":"repeat","background-position":"center center","background-size":"auto","background-attachment":"scroll","background-type":"","background-media":"","overlay-type":"","overlay-color":"","overlay-opacity":"","overlay-gradient":""}},"ast-content-background-meta":{"desktop":{"background-color":"var(--ast-global-color-5)","background-image":"","background-repeat":"repeat","background-position":"center center","background-size":"auto","background-attachment":"scroll","background-type":"","background-media":"","overlay-type":"","overlay-color":"","overlay-opacity":"","overlay-gradient":""},"tablet":{"background-color":"var(--ast-global-color-5)","background-image":"","background-repeat":"repeat","background-position":"center center","background-size":"auto","background-attachment":"scroll","background-type":"","background-media":"","overlay-type":"","overlay-color":"","overlay-opacity":"","overlay-gradient":""},"mobile":{"background-color":"var(--ast-global-color-5)","background-image":"","background-repeat":"repeat","background-position":"center center","background-size":"auto","background-attachment":"scroll","background-type":"","background-media":"","overlay-type":"","overlay-color":"","overlay-opacity":"","overlay-gradient":""}},"footnotes":""},"class_list":["post-739","page","type-page","status-publish","hentry"],"post_mailing_queue_ids":[],"_links":{"self":[{"href":"https:\/\/agora.xtec.cat\/ieslestermes\/wp-json\/wp\/v2\/pages\/739","targetHints":{"allow":["GET"]}}],"collection":[{"href":"https:\/\/agora.xtec.cat\/ieslestermes\/wp-json\/wp\/v2\/pages"}],"about":[{"href":"https:\/\/agora.xtec.cat\/ieslestermes\/wp-json\/wp\/v2\/types\/page"}],"author":[{"embeddable":true,"href":"https:\/\/agora.xtec.cat\/ieslestermes\/wp-json\/wp\/v2\/users\/1"}],"replies":[{"embeddable":true,"href":"https:\/\/agora.xtec.cat\/ieslestermes\/wp-json\/wp\/v2\/comments?post=739"}],"version-history":[{"count":4,"href":"https:\/\/agora.xtec.cat\/ieslestermes\/wp-json\/wp\/v2\/pages\/739\/revisions"}],"predecessor-version":[{"id":3913,"href":"https:\/\/agora.xtec.cat\/ieslestermes\/wp-json\/wp\/v2\/pages\/739\/revisions\/3913"}],"up":[{"embeddable":true,"href":"https:\/\/agora.xtec.cat\/ieslestermes\/wp-json\/wp\/v2\/pages\/81"}],"wp:attachment":[{"href":"https:\/\/agora.xtec.cat\/ieslestermes\/wp-json\/wp\/v2\/media?parent=739"}],"curies":[{"name":"wp","href":"https:\/\/api.w.org\/{rel}","templated":true}]}}