{"id":728,"date":"2017-12-26T10:46:20","date_gmt":"2017-12-26T09:46:20","guid":{"rendered":"http:\/\/agora.xtec.cat\/ieslestermes\/?page_id=728"},"modified":"2023-06-21T11:50:16","modified_gmt":"2023-06-21T09:50:16","slug":"preinscripcio-batxillerat-2023-24","status":"publish","type":"page","link":"https:\/\/agora.xtec.cat\/ieslestermes\/secretaria\/preinscripcio-batxillerat-2023-24\/","title":{"rendered":"Preinscripci\u00f3 Batxillerat"},"content":{"rendered":"<p>Podeu trobar tota la informaci\u00f3 relativa a la preinscripci\u00f3 i matr\u00edcula pel curs escolar 2023-24 a la <strong><a href=\"https:\/\/preinscripcio.gencat.cat\/ca\/estudis\/batxillerat\/inici\/\" target=\"_blank\" rel=\"noopener noreferrer\">web del Departament d&#8217;Ensenyament<\/a><\/strong>\u00a0de la Generalitat de Catalunya.<\/p>\n<p>Publicada la <a href=\"https:\/\/agora.xtec.cat\/ieslestermes\/wp-content\/uploads\/usu1687\/2023\/06\/INFORME_BAREM_DEFINITIU_BAREM.pdf\"><b>llista ordenada<\/b><\/a>\u00a0de les sol\u00b7licituds de la preinscripci\u00f3 de batxillerat pel curs 2023-2024.<\/p>\n<p>Publicada la <strong><a href=\"https:\/\/agora.xtec.cat\/ieslestermes\/wp-content\/uploads\/usu1687\/2023\/06\/INFORME_alumnat-admes-a-batxillerat.pdf\">llista d&#8217;alumnes<\/a><\/strong> assignats al centre amb indicaci\u00f3 de la primera petici\u00f3 a 21\/06\/2023<\/p>\n","protected":false},"excerpt":{"rendered":"<p>Podeu trobar tota la informaci\u00f3 relativa a la preinscripci\u00f3 i matr\u00edcula pel curs escolar 2023-24 a la web del Departament d&#8217;Ensenyament\u00a0de la Generalitat de Catalunya. Publicada la llista ordenada\u00a0de les sol\u00b7licituds de la preinscripci\u00f3 de batxillerat pel curs 2023-2024. Publicada la llista d&#8217;alumnes assignats al centre amb indicaci\u00f3 de la primera petici\u00f3 a 21\/06\/2023<\/p>\n","protected":false},"author":1,"featured_media":0,"parent":81,"menu_order":20,"comment_status":"closed","ping_status":"closed","template":"page-templates\/side-menu.php","meta":{"_bbp_topic_count":0,"_bbp_reply_count":0,"_bbp_total_topic_count":0,"_bbp_total_reply_count":0,"_bbp_voice_count":0,"_bbp_anonymous_reply_count":0,"_bbp_topic_count_hidden":0,"_bbp_reply_count_hidden":0,"_bbp_forum_subforum_count":0,"site-sidebar-layout":"default","site-content-layout":"","ast-site-content-layout":"","site-content-style":"default","site-sidebar-style":"default","ast-global-header-display":"","ast-banner-title-visibility":"","ast-main-header-display":"","ast-hfb-above-header-display":"","ast-hfb-below-header-display":"","ast-hfb-mobile-header-display":"","site-post-title":"","ast-breadcrumbs-content":"","ast-featured-img":"","footer-sml-layout":"","theme-transparent-header-meta":"","adv-header-id-meta":"","stick-header-meta":"","header-above-stick-meta":"","header-main-stick-meta":"","header-below-stick-meta":"","astra-migrate-meta-layouts":"default","ast-page-background-enabled":"default","ast-page-background-meta":{"desktop":{"background-color":"var(--ast-global-color-4)","background-image":"","background-repeat":"repeat","background-position":"center center","background-size":"auto","background-attachment":"scroll","background-type":"","background-media":"","overlay-type":"","overlay-color":"","overlay-opacity":"","overlay-gradient":""},"tablet":{"background-color":"","background-image":"","background-repeat":"repeat","background-position":"center center","background-size":"auto","background-attachment":"scroll","background-type":"","background-media":"","overlay-type":"","overlay-color":"","overlay-opacity":"","overlay-gradient":""},"mobile":{"background-color":"","background-image":"","background-repeat":"repeat","background-position":"center center","background-size":"auto","background-attachment":"scroll","background-type":"","background-media":"","overlay-type":"","overlay-color":"","overlay-opacity":"","overlay-gradient":""}},"ast-content-background-meta":{"desktop":{"background-color":"var(--ast-global-color-5)","background-image":"","background-repeat":"repeat","background-position":"center center","background-size":"auto","background-attachment":"scroll","background-type":"","background-media":"","overlay-type":"","overlay-color":"","overlay-opacity":"","overlay-gradient":""},"tablet":{"background-color":"var(--ast-global-color-5)","background-image":"","background-repeat":"repeat","background-position":"center center","background-size":"auto","background-attachment":"scroll","background-type":"","background-media":"","overlay-type":"","overlay-color":"","overlay-opacity":"","overlay-gradient":""},"mobile":{"background-color":"var(--ast-global-color-5)","background-image":"","background-repeat":"repeat","background-position":"center center","background-size":"auto","background-attachment":"scroll","background-type":"","background-media":"","overlay-type":"","overlay-color":"","overlay-opacity":"","overlay-gradient":""}},"footnotes":""},"class_list":["post-728","page","type-page","status-publish","hentry"],"post_mailing_queue_ids":[],"_links":{"self":[{"href":"https:\/\/agora.xtec.cat\/ieslestermes\/wp-json\/wp\/v2\/pages\/728","targetHints":{"allow":["GET"]}}],"collection":[{"href":"https:\/\/agora.xtec.cat\/ieslestermes\/wp-json\/wp\/v2\/pages"}],"about":[{"href":"https:\/\/agora.xtec.cat\/ieslestermes\/wp-json\/wp\/v2\/types\/page"}],"author":[{"embeddable":true,"href":"https:\/\/agora.xtec.cat\/ieslestermes\/wp-json\/wp\/v2\/users\/1"}],"replies":[{"embeddable":true,"href":"https:\/\/agora.xtec.cat\/ieslestermes\/wp-json\/wp\/v2\/comments?post=728"}],"version-history":[{"count":3,"href":"https:\/\/agora.xtec.cat\/ieslestermes\/wp-json\/wp\/v2\/pages\/728\/revisions"}],"predecessor-version":[{"id":3500,"href":"https:\/\/agora.xtec.cat\/ieslestermes\/wp-json\/wp\/v2\/pages\/728\/revisions\/3500"}],"up":[{"embeddable":true,"href":"https:\/\/agora.xtec.cat\/ieslestermes\/wp-json\/wp\/v2\/pages\/81"}],"wp:attachment":[{"href":"https:\/\/agora.xtec.cat\/ieslestermes\/wp-json\/wp\/v2\/media?parent=728"}],"curies":[{"name":"wp","href":"https:\/\/api.w.org\/{rel}","templated":true}]}}