{"id":722,"date":"2017-12-26T10:43:17","date_gmt":"2017-12-26T09:43:17","guid":{"rendered":"http:\/\/agora.xtec.cat\/ieslestermes\/?page_id=722"},"modified":"2023-06-13T08:28:56","modified_gmt":"2023-06-13T06:28:56","slug":"preinscripcio-eso-2023-24","status":"publish","type":"page","link":"https:\/\/agora.xtec.cat\/ieslestermes\/secretaria\/preinscripcio-eso-2023-24\/","title":{"rendered":"Preinscripci\u00f3 ESO"},"content":{"rendered":"<p style=\"margin-top: 0px; padding-top: 0px !important; text-align: justify;\">Podeu trobar tota la informaci\u00f3 relativa a la preinscripci\u00f3 i matr\u00edcula pel curs escolar 2023-2024 a la <a title=\"Preinscripci\u00f3 ESO 2013-2014\" href=\"https:\/\/preinscripcio.gencat.cat\/ca\/estudis\/eso\/inici\/\" target=\"_blank\" rel=\"noopener noreferrer\">web del Departament d&#8217;Ensenyament<\/a> de la Generalitat de Catalunya.<\/p>\n<p>Publicada la llista d&#8217;assignacions i la llista d&#8217;espera:<\/p>\n<ul>\n<li><a href=\"https:\/\/agora.xtec.cat\/ieslestermes\/wp-content\/uploads\/usu1687\/2023\/06\/Llista-assignacions-a-120623.pdf\">Alumnes assignats al centre amb indicaci\u00f3 de la primera petici\u00f3<\/a>.<\/li>\n<li><a href=\"https:\/\/agora.xtec.cat\/ieslestermes\/wp-content\/uploads\/usu1687\/2023\/06\/Llista-preinscrits-a-120623.pdf\">Alumnes preinscrits al centre<\/a>.<\/li>\n<li><a href=\"https:\/\/agora.xtec.cat\/ieslestermes\/wp-content\/uploads\/usu1687\/2023\/06\/Llista-espera-a-120623.pdf\">Llista d&#8217;espera<\/a>.<\/li>\n<\/ul>\n","protected":false},"excerpt":{"rendered":"<p>Podeu trobar tota la informaci\u00f3 relativa a la preinscripci\u00f3 i matr\u00edcula pel curs escolar 2023-2024 a la web del Departament d&#8217;Ensenyament de la Generalitat de Catalunya. Publicada la llista d&#8217;assignacions i la llista d&#8217;espera: Alumnes assignats al centre amb indicaci\u00f3 de la primera petici\u00f3. Alumnes preinscrits al centre. Llista d&#8217;espera.<\/p>\n","protected":false},"author":1,"featured_media":0,"parent":81,"menu_order":10,"comment_status":"closed","ping_status":"closed","template":"page-templates\/side-menu.php","meta":{"_bbp_topic_count":0,"_bbp_reply_count":0,"_bbp_total_topic_count":0,"_bbp_total_reply_count":0,"_bbp_voice_count":0,"_bbp_anonymous_reply_count":0,"_bbp_topic_count_hidden":0,"_bbp_reply_count_hidden":0,"_bbp_forum_subforum_count":0,"site-sidebar-layout":"default","site-content-layout":"","ast-site-content-layout":"","site-content-style":"default","site-sidebar-style":"default","ast-global-header-display":"","ast-banner-title-visibility":"","ast-main-header-display":"","ast-hfb-above-header-display":"","ast-hfb-below-header-display":"","ast-hfb-mobile-header-display":"","site-post-title":"","ast-breadcrumbs-content":"","ast-featured-img":"","footer-sml-layout":"","theme-transparent-header-meta":"","adv-header-id-meta":"","stick-header-meta":"","header-above-stick-meta":"","header-main-stick-meta":"","header-below-stick-meta":"","astra-migrate-meta-layouts":"default","ast-page-background-enabled":"default","ast-page-background-meta":{"desktop":{"background-color":"var(--ast-global-color-4)","background-image":"","background-repeat":"repeat","background-position":"center center","background-size":"auto","background-attachment":"scroll","background-type":"","background-media":"","overlay-type":"","overlay-color":"","overlay-opacity":"","overlay-gradient":""},"tablet":{"background-color":"","background-image":"","background-repeat":"repeat","background-position":"center center","background-size":"auto","background-attachment":"scroll","background-type":"","background-media":"","overlay-type":"","overlay-color":"","overlay-opacity":"","overlay-gradient":""},"mobile":{"background-color":"","background-image":"","background-repeat":"repeat","background-position":"center center","background-size":"auto","background-attachment":"scroll","background-type":"","background-media":"","overlay-type":"","overlay-color":"","overlay-opacity":"","overlay-gradient":""}},"ast-content-background-meta":{"desktop":{"background-color":"var(--ast-global-color-5)","background-image":"","background-repeat":"repeat","background-position":"center center","background-size":"auto","background-attachment":"scroll","background-type":"","background-media":"","overlay-type":"","overlay-color":"","overlay-opacity":"","overlay-gradient":""},"tablet":{"background-color":"var(--ast-global-color-5)","background-image":"","background-repeat":"repeat","background-position":"center center","background-size":"auto","background-attachment":"scroll","background-type":"","background-media":"","overlay-type":"","overlay-color":"","overlay-opacity":"","overlay-gradient":""},"mobile":{"background-color":"var(--ast-global-color-5)","background-image":"","background-repeat":"repeat","background-position":"center center","background-size":"auto","background-attachment":"scroll","background-type":"","background-media":"","overlay-type":"","overlay-color":"","overlay-opacity":"","overlay-gradient":""}},"footnotes":""},"class_list":["post-722","page","type-page","status-publish","hentry"],"post_mailing_queue_ids":[],"_links":{"self":[{"href":"https:\/\/agora.xtec.cat\/ieslestermes\/wp-json\/wp\/v2\/pages\/722","targetHints":{"allow":["GET"]}}],"collection":[{"href":"https:\/\/agora.xtec.cat\/ieslestermes\/wp-json\/wp\/v2\/pages"}],"about":[{"href":"https:\/\/agora.xtec.cat\/ieslestermes\/wp-json\/wp\/v2\/types\/page"}],"author":[{"embeddable":true,"href":"https:\/\/agora.xtec.cat\/ieslestermes\/wp-json\/wp\/v2\/users\/1"}],"replies":[{"embeddable":true,"href":"https:\/\/agora.xtec.cat\/ieslestermes\/wp-json\/wp\/v2\/comments?post=722"}],"version-history":[{"count":3,"href":"https:\/\/agora.xtec.cat\/ieslestermes\/wp-json\/wp\/v2\/pages\/722\/revisions"}],"predecessor-version":[{"id":3487,"href":"https:\/\/agora.xtec.cat\/ieslestermes\/wp-json\/wp\/v2\/pages\/722\/revisions\/3487"}],"up":[{"embeddable":true,"href":"https:\/\/agora.xtec.cat\/ieslestermes\/wp-json\/wp\/v2\/pages\/81"}],"wp:attachment":[{"href":"https:\/\/agora.xtec.cat\/ieslestermes\/wp-json\/wp\/v2\/media?parent=722"}],"curies":[{"name":"wp","href":"https:\/\/api.w.org\/{rel}","templated":true}]}}