{"id":705,"date":"2017-12-26T09:22:31","date_gmt":"2017-12-26T08:22:31","guid":{"rendered":"http:\/\/agora.xtec.cat\/ieslestermes\/?page_id=705"},"modified":"2023-02-08T14:41:00","modified_gmt":"2023-02-08T13:41:00","slug":"departaments","status":"publish","type":"page","link":"https:\/\/agora.xtec.cat\/ieslestermes\/departaments\/","title":{"rendered":"Departaments"},"content":{"rendered":"<p>Aquesta secci\u00f3 cont\u00e9 la informaci\u00f3 sobre els departaments de l&#8217;Institut Les Termes<\/p>\n<ul class=\"sub-menu menu-odd menu-depth-1\">\n<li id=\"nav-menu-item-709\" class=\"sub-menu-item menu-item-odd menu-item-depth-1 menu-item menu-item-type-taxonomy menu-item-object-category current-menu-item\"><a class=\"menu-link sub-menu-link\" href=\"http:\/\/agora.xtec.cat\/ieslestermes\/categoria\/departament-de-castella\/\">Departament de Castell\u00e0<\/a><\/li>\n<li id=\"nav-menu-item-711\" class=\"sub-menu-item menu-item-odd menu-item-depth-1 menu-item menu-item-type-taxonomy menu-item-object-category\"><a class=\"menu-link sub-menu-link\" href=\"http:\/\/agora.xtec.cat\/ieslestermes\/categoria\/departament-de-catala\/\">Departament de Catal\u00e0<\/a><\/li>\n<li id=\"nav-menu-item-712\" class=\"sub-menu-item menu-item-odd menu-item-depth-1 menu-item menu-item-type-taxonomy menu-item-object-category\"><a class=\"menu-link sub-menu-link\" href=\"http:\/\/agora.xtec.cat\/ieslestermes\/categoria\/departament-de-ciencies\/\">Departament de Ci\u00e8ncies Experimentals<\/a><\/li>\n<li id=\"nav-menu-item-713\" class=\"sub-menu-item menu-item-odd menu-item-depth-1 menu-item menu-item-type-taxonomy menu-item-object-category\"><a class=\"menu-link sub-menu-link\" href=\"http:\/\/agora.xtec.cat\/ieslestermes\/categoria\/departament-de-ciencies-socials\/\">Departament de Ci\u00e8ncies Socials<\/a><\/li>\n<li id=\"nav-menu-item-714\" class=\"sub-menu-item menu-item-odd menu-item-depth-1 menu-item menu-item-type-taxonomy menu-item-object-category\"><a class=\"menu-link sub-menu-link\" href=\"http:\/\/agora.xtec.cat\/ieslestermes\/categoria\/departament-de-llengues-estrangeres\/\">Departament de Lleng\u00fces Estrangeres<\/a><\/li>\n<li id=\"nav-menu-item-715\" class=\"sub-menu-item menu-item-odd menu-item-depth-1 menu-item menu-item-type-taxonomy menu-item-object-category\"><a class=\"menu-link sub-menu-link\" href=\"http:\/\/agora.xtec.cat\/ieslestermes\/categoria\/departament-de-matematiques\/\">Departament de Matem\u00e0tiques<\/a><\/li>\n<li id=\"nav-menu-item-716\" class=\"sub-menu-item menu-item-odd menu-item-depth-1 menu-item menu-item-type-taxonomy menu-item-object-category\"><a class=\"menu-link sub-menu-link\" href=\"http:\/\/agora.xtec.cat\/ieslestermes\/categoria\/departament-de-tecnologia\/\">Departament de Tecnologia<\/a><\/li>\n<li id=\"nav-menu-item-717\" class=\"sub-menu-item menu-item-odd menu-item-depth-1 menu-item menu-item-type-taxonomy menu-item-object-category\"><a class=\"menu-link sub-menu-link\" href=\"http:\/\/agora.xtec.cat\/ieslestermes\/categoria\/departament-dexpressio\/\">Departament d\u2019Expressi\u00f3<\/a><\/li>\n<li id=\"nav-menu-item-718\" class=\"sub-menu-item menu-item-odd menu-item-depth-1 menu-item menu-item-type-taxonomy menu-item-object-category\"><a class=\"menu-link sub-menu-link\" href=\"http:\/\/agora.xtec.cat\/ieslestermes\/categoria\/departament-orientacio\/\">Departament d\u2019Orientaci\u00f3<\/a><\/li>\n<\/ul>\n","protected":false},"excerpt":{"rendered":"<p>Aquesta secci\u00f3 cont\u00e9 la informaci\u00f3 sobre els departaments de l&#8217;Institut Les Termes Departament de Castell\u00e0 Departament de Catal\u00e0 Departament de Ci\u00e8ncies Experimentals Departament de Ci\u00e8ncies Socials Departament de Lleng\u00fces Estrangeres Departament de Matem\u00e0tiques Departament de Tecnologia Departament d\u2019Expressi\u00f3 Departament d\u2019Orientaci\u00f3<\/p>\n","protected":false},"author":1,"featured_media":0,"parent":0,"menu_order":3,"comment_status":"closed","ping_status":"closed","template":"page-templates\/side-menu.php","meta":{"_bbp_topic_count":0,"_bbp_reply_count":0,"_bbp_total_topic_count":0,"_bbp_total_reply_count":0,"_bbp_voice_count":0,"_bbp_anonymous_reply_count":0,"_bbp_topic_count_hidden":0,"_bbp_reply_count_hidden":0,"_bbp_forum_subforum_count":0,"site-sidebar-layout":"default","site-content-layout":"","ast-site-content-layout":"","site-content-style":"default","site-sidebar-style":"default","ast-global-header-display":"","ast-banner-title-visibility":"","ast-main-header-display":"","ast-hfb-above-header-display":"","ast-hfb-below-header-display":"","ast-hfb-mobile-header-display":"","site-post-title":"","ast-breadcrumbs-content":"","ast-featured-img":"","footer-sml-layout":"","theme-transparent-header-meta":"","adv-header-id-meta":"","stick-header-meta":"","header-above-stick-meta":"","header-main-stick-meta":"","header-below-stick-meta":"","astra-migrate-meta-layouts":"default","ast-page-background-enabled":"default","ast-page-background-meta":{"desktop":{"background-color":"var(--ast-global-color-4)","background-image":"","background-repeat":"repeat","background-position":"center center","background-size":"auto","background-attachment":"scroll","background-type":"","background-media":"","overlay-type":"","overlay-color":"","overlay-opacity":"","overlay-gradient":""},"tablet":{"background-color":"","background-image":"","background-repeat":"repeat","background-position":"center center","background-size":"auto","background-attachment":"scroll","background-type":"","background-media":"","overlay-type":"","overlay-color":"","overlay-opacity":"","overlay-gradient":""},"mobile":{"background-color":"","background-image":"","background-repeat":"repeat","background-position":"center center","background-size":"auto","background-attachment":"scroll","background-type":"","background-media":"","overlay-type":"","overlay-color":"","overlay-opacity":"","overlay-gradient":""}},"ast-content-background-meta":{"desktop":{"background-color":"var(--ast-global-color-5)","background-image":"","background-repeat":"repeat","background-position":"center center","background-size":"auto","background-attachment":"scroll","background-type":"","background-media":"","overlay-type":"","overlay-color":"","overlay-opacity":"","overlay-gradient":""},"tablet":{"background-color":"var(--ast-global-color-5)","background-image":"","background-repeat":"repeat","background-position":"center center","background-size":"auto","background-attachment":"scroll","background-type":"","background-media":"","overlay-type":"","overlay-color":"","overlay-opacity":"","overlay-gradient":""},"mobile":{"background-color":"var(--ast-global-color-5)","background-image":"","background-repeat":"repeat","background-position":"center center","background-size":"auto","background-attachment":"scroll","background-type":"","background-media":"","overlay-type":"","overlay-color":"","overlay-opacity":"","overlay-gradient":""}},"footnotes":""},"class_list":["post-705","page","type-page","status-publish","hentry"],"post_mailing_queue_ids":[],"_links":{"self":[{"href":"https:\/\/agora.xtec.cat\/ieslestermes\/wp-json\/wp\/v2\/pages\/705","targetHints":{"allow":["GET"]}}],"collection":[{"href":"https:\/\/agora.xtec.cat\/ieslestermes\/wp-json\/wp\/v2\/pages"}],"about":[{"href":"https:\/\/agora.xtec.cat\/ieslestermes\/wp-json\/wp\/v2\/types\/page"}],"author":[{"embeddable":true,"href":"https:\/\/agora.xtec.cat\/ieslestermes\/wp-json\/wp\/v2\/users\/1"}],"replies":[{"embeddable":true,"href":"https:\/\/agora.xtec.cat\/ieslestermes\/wp-json\/wp\/v2\/comments?post=705"}],"version-history":[{"count":3,"href":"https:\/\/agora.xtec.cat\/ieslestermes\/wp-json\/wp\/v2\/pages\/705\/revisions"}],"predecessor-version":[{"id":720,"href":"https:\/\/agora.xtec.cat\/ieslestermes\/wp-json\/wp\/v2\/pages\/705\/revisions\/720"}],"wp:attachment":[{"href":"https:\/\/agora.xtec.cat\/ieslestermes\/wp-json\/wp\/v2\/media?parent=705"}],"curies":[{"name":"wp","href":"https:\/\/api.w.org\/{rel}","templated":true}]}}