{"id":701,"date":"2017-12-26T09:08:04","date_gmt":"2017-12-26T08:08:04","guid":{"rendered":"http:\/\/agora.xtec.cat\/ieslestermes\/?page_id=701"},"modified":"2017-12-26T09:08:04","modified_gmt":"2017-12-26T08:08:04","slug":"despres-del-batxillerat-que","status":"publish","type":"page","link":"https:\/\/agora.xtec.cat\/ieslestermes\/estudis-2\/consell-escolar\/despres-del-batxillerat-que\/","title":{"rendered":"Despr\u00e9s del Batxillerat, qu\u00e8?"},"content":{"rendered":"<p><a href=\"http:\/\/agora.xtec.cat\/ieslestermes\/wp-content\/uploads\/usu1687\/2017\/12\/despresbat.gif\"><img loading=\"lazy\" decoding=\"async\" class=\"size-full wp-image-702 aligncenter\" src=\"http:\/\/agora.xtec.cat\/ieslestermes\/wp-content\/uploads\/usu1687\/2017\/12\/despresbat.gif\" alt=\"\" width=\"946\" height=\"918\" \/><\/a><\/p>\n<p>Adreces web d&#8217;inter\u00e8s:<\/p>\n<ul>\n<li><a href=\"http:\/\/www20.gencat.cat\/portal\/site\/queestudiar\" target=\"_blank\" rel=\"noopener noreferrer\">Tots els estudis homologats per la Generalitat de Catalunya (CF, PQPI, Batxillerat\u2026)<\/a><\/li>\n<li><a href=\"http:\/\/www20.gencat.cat\/portal\/site\/ur\/menuitem.636fb8b85d91b1a9ccf24010b0c0e1a0\/?vgnextoid=0f7ec131d66b8310VgnVCM1000000b0c1e0aRCRD&amp;vgnextchannel=0f7ec131d66b8310VgnVCM1000000b0c1e0aRCRD&amp;vgnextfmt=default\" target=\"_blank\" rel=\"noopener noreferrer\">Informaci\u00f3 estudis universitaris<\/a><\/li>\n<li><a href=\"http:\/\/www20.gencat.cat\/portal\/site\/ur\/menuitem.392ea0abf128a1a9ccf24010b0c0e1a0\/?vgnextoid=ec3ec131d66b8310VgnVCM1000000b0c1e0aRCRD&amp;vgnextchannel=ec3ec131d66b8310VgnVCM1000000b0c1e0aRCRD&amp;vgnextfmt=default\" target=\"_blank\" rel=\"noopener noreferrer\">Informaci\u00f3 proves PAU<\/a><\/li>\n<li><a href=\"http:\/\/www.uab.es\" target=\"_blank\" rel=\"noopener noreferrer\">Universitat Aut\u00f2noma de Barcelona<\/a><\/li>\n<li><a href=\"http:\/\/www.ub.es\" target=\"_blank\" rel=\"noopener noreferrer\">Universitat de Barcelona<\/a><\/li>\n<li><a href=\"http:\/\/www.upf.edu\/\" target=\"_blank\" rel=\"noopener noreferrer\">Universitat Pompeu Fabra<\/a><\/li>\n<li><a href=\"http:\/\/www.upc.edu\/\" target=\"_blank\" rel=\"noopener noreferrer\">Universitat Polit\u00e8cnica de Catalunya<\/a><\/li>\n<li><a href=\"http:\/\/www.urv.cat\/\" target=\"_blank\" rel=\"noopener noreferrer\">Universitat Rovira i Virgili (Tarragona)<\/a><\/li>\n<li><a href=\"http:\/\/www.udg.edu\" target=\"_blank\" rel=\"noopener noreferrer\">Universitat de Girona<\/a><\/li>\n<li><a href=\"http:\/\/www.udl.es\/\" target=\"_blank\" rel=\"noopener noreferrer\">Universitat de Lleida<\/a><\/li>\n<li><a href=\"http:\/\/www.vaporllonch.net\" target=\"_blank\" rel=\"noopener noreferrer\">Vapor Llonch (formaci\u00f3 ocupacional i PQPI)<\/a><\/li>\n<\/ul>\n","protected":false},"excerpt":{"rendered":"<p>Adreces web d&#8217;inter\u00e8s: Tots els estudis homologats per la Generalitat de Catalunya (CF, PQPI, Batxillerat\u2026) Informaci\u00f3 estudis universitaris Informaci\u00f3 proves PAU Universitat Aut\u00f2noma de Barcelona Universitat de Barcelona Universitat Pompeu Fabra Universitat Polit\u00e8cnica de Catalunya Universitat Rovira i Virgili (Tarragona) Universitat de Girona Universitat de Lleida Vapor Llonch (formaci\u00f3 ocupacional i PQPI)<\/p>\n","protected":false},"author":1,"featured_media":0,"parent":43,"menu_order":40,"comment_status":"closed","ping_status":"closed","template":"page-templates\/side-menu.php","meta":{"_bbp_topic_count":0,"_bbp_reply_count":0,"_bbp_total_topic_count":0,"_bbp_total_reply_count":0,"_bbp_voice_count":0,"_bbp_anonymous_reply_count":0,"_bbp_topic_count_hidden":0,"_bbp_reply_count_hidden":0,"_bbp_forum_subforum_count":0,"site-sidebar-layout":"default","site-content-layout":"","ast-site-content-layout":"","site-content-style":"default","site-sidebar-style":"default","ast-global-header-display":"","ast-banner-title-visibility":"","ast-main-header-display":"","ast-hfb-above-header-display":"","ast-hfb-below-header-display":"","ast-hfb-mobile-header-display":"","site-post-title":"","ast-breadcrumbs-content":"","ast-featured-img":"","footer-sml-layout":"","theme-transparent-header-meta":"","adv-header-id-meta":"","stick-header-meta":"","header-above-stick-meta":"","header-main-stick-meta":"","header-below-stick-meta":"","astra-migrate-meta-layouts":"default","ast-page-background-enabled":"default","ast-page-background-meta":{"desktop":{"background-color":"var(--ast-global-color-4)","background-image":"","background-repeat":"repeat","background-position":"center center","background-size":"auto","background-attachment":"scroll","background-type":"","background-media":"","overlay-type":"","overlay-color":"","overlay-opacity":"","overlay-gradient":""},"tablet":{"background-color":"","background-image":"","background-repeat":"repeat","background-position":"center center","background-size":"auto","background-attachment":"scroll","background-type":"","background-media":"","overlay-type":"","overlay-color":"","overlay-opacity":"","overlay-gradient":""},"mobile":{"background-color":"","background-image":"","background-repeat":"repeat","background-position":"center center","background-size":"auto","background-attachment":"scroll","background-type":"","background-media":"","overlay-type":"","overlay-color":"","overlay-opacity":"","overlay-gradient":""}},"ast-content-background-meta":{"desktop":{"background-color":"var(--ast-global-color-5)","background-image":"","background-repeat":"repeat","background-position":"center center","background-size":"auto","background-attachment":"scroll","background-type":"","background-media":"","overlay-type":"","overlay-color":"","overlay-opacity":"","overlay-gradient":""},"tablet":{"background-color":"var(--ast-global-color-5)","background-image":"","background-repeat":"repeat","background-position":"center center","background-size":"auto","background-attachment":"scroll","background-type":"","background-media":"","overlay-type":"","overlay-color":"","overlay-opacity":"","overlay-gradient":""},"mobile":{"background-color":"var(--ast-global-color-5)","background-image":"","background-repeat":"repeat","background-position":"center center","background-size":"auto","background-attachment":"scroll","background-type":"","background-media":"","overlay-type":"","overlay-color":"","overlay-opacity":"","overlay-gradient":""}},"footnotes":""},"class_list":["post-701","page","type-page","status-publish","hentry"],"post_mailing_queue_ids":[],"_links":{"self":[{"href":"https:\/\/agora.xtec.cat\/ieslestermes\/wp-json\/wp\/v2\/pages\/701","targetHints":{"allow":["GET"]}}],"collection":[{"href":"https:\/\/agora.xtec.cat\/ieslestermes\/wp-json\/wp\/v2\/pages"}],"about":[{"href":"https:\/\/agora.xtec.cat\/ieslestermes\/wp-json\/wp\/v2\/types\/page"}],"author":[{"embeddable":true,"href":"https:\/\/agora.xtec.cat\/ieslestermes\/wp-json\/wp\/v2\/users\/1"}],"replies":[{"embeddable":true,"href":"https:\/\/agora.xtec.cat\/ieslestermes\/wp-json\/wp\/v2\/comments?post=701"}],"version-history":[{"count":1,"href":"https:\/\/agora.xtec.cat\/ieslestermes\/wp-json\/wp\/v2\/pages\/701\/revisions"}],"predecessor-version":[{"id":703,"href":"https:\/\/agora.xtec.cat\/ieslestermes\/wp-json\/wp\/v2\/pages\/701\/revisions\/703"}],"up":[{"embeddable":true,"href":"https:\/\/agora.xtec.cat\/ieslestermes\/wp-json\/wp\/v2\/pages\/43"}],"wp:attachment":[{"href":"https:\/\/agora.xtec.cat\/ieslestermes\/wp-json\/wp\/v2\/media?parent=701"}],"curies":[{"name":"wp","href":"https:\/\/api.w.org\/{rel}","templated":true}]}}