{"id":697,"date":"2017-12-26T09:03:30","date_gmt":"2017-12-26T08:03:30","guid":{"rendered":"http:\/\/agora.xtec.cat\/ieslestermes\/?page_id=697"},"modified":"2017-12-26T09:05:11","modified_gmt":"2017-12-26T08:05:11","slug":"oferta-batxillerat","status":"publish","type":"page","link":"https:\/\/agora.xtec.cat\/ieslestermes\/estudis-2\/consell-escolar\/oferta-batxillerat\/","title":{"rendered":"Oferta Batxillerat"},"content":{"rendered":"<h2 style=\"font-size: 12px; font-family: Verdana, Helvetica, sans-serif; color: #4db4b0; line-height: normal; padding: 0px; margin: 1em 0px 1em 0px;\"><span style=\"font-size: 13px; color: #4682b4;\">Qu\u00e8 \u00e9s el Batxillerat?<\/span><\/h2>\n<div style=\"font-size: 1em; color: #333333; font-family: Verdana, Helvetica, sans-serif; line-height: normal; text-align: justify; padding: 0px 0px 1em 0px; margin: 1em 0px 1em 0px;\">\n<p>El\u00a0<strong>batxillerat<\/strong> \u00e9s l&#8217;etapa de formaci\u00f3 acad\u00e8mica que es cursa convencionalment entre els 16 i els 18 anys, per\u00f2 \u00e9s oberta a persones de qualsevol edat, ja sigui de forma presencial o a dist\u00e0ncia. Es tracta d&#8217;un cicle format per\u00a0<strong>dos cursos<\/strong>.<\/p>\n<p>El batxillerat prepara l&#8217;alumnat per a estudis posteriors, tant professionals com universitaris, i per a l&#8217;acc\u00e9s al m\u00f3n laboral.<\/p>\n<\/div>\n<h2 style=\"font-size: 1em; color: #333333; font-family: Verdana, Helvetica, sans-serif; line-height: normal; padding: 0px 0px 1em 0px; margin: 1em 0px 1em 0px;\"><span style=\"color: #4682b4; font-size: 13px; font-weight: bold;\">Modalitats que ofereix l&#8217;Institut Les Termes<\/span><\/h2>\n<p style=\"padding: 0px; margin: 1em 0px 1em 0px;\">Batxillerat Cient\u00edfic<\/p>\n<table class=\"mceItemTable\" style=\"border: 0px solid #4682b4; text-align: center; width: 685px;\" border=\"0\">\n<tbody>\n<tr>\n<td rowspan=\"9\" bgcolor=\"#4D94C5\" width=\"36\"><span style=\"color: #ffffff; font-size: 12pt;\"><strong>1r<\/strong><\/span><\/td>\n<td style=\"text-align: left;\" width=\"225\"><strong>Mat\u00e8ries Comunes<\/strong><\/td>\n<td width=\"49\"><strong>Hores<\/strong><\/td>\n<td rowspan=\"9\" bgcolor=\"#FFFFFF\" width=\"29\"><\/td>\n<td rowspan=\"9\" bgcolor=\"#51A5D3\" width=\"38\"><strong><span style=\"color: #ffffff; font-size: 12pt;\">2n<\/span><br \/>\n<\/strong><\/td>\n<td style=\"text-align: left;\" width=\"229\"><strong>Mat\u00e8ries Comunes<\/strong><\/td>\n<td width=\"49\"><strong>Hores<\/strong><\/td>\n<\/tr>\n<tr>\n<td style=\"text-align: left;\">Llengua Catalana i Literatura<\/td>\n<td style=\"text-align: center;\">2<\/td>\n<td style=\"text-align: left;\">Llengua Catalana i Literatura<\/td>\n<td style=\"text-align: center;\">2<\/td>\n<\/tr>\n<tr>\n<td style=\"text-align: left;\">Llengua Castellana i Literatura<\/td>\n<td style=\"text-align: center;\">2<\/td>\n<td style=\"text-align: left;\">Llengua Castellana i Literatura<\/td>\n<td style=\"text-align: center;\">2<\/td>\n<\/tr>\n<tr>\n<td style=\"text-align: left;\">Llengua Anglesa<\/td>\n<td style=\"text-align: center;\">3<\/td>\n<td style=\"text-align: left;\">Llengua Anglesa<\/td>\n<td style=\"text-align: center;\">3<\/td>\n<\/tr>\n<tr>\n<td style=\"text-align: left;\">Filosofia<\/td>\n<td style=\"text-align: center;\">2<\/td>\n<td style=\"text-align: left;\">Hist\u00f2ria<\/td>\n<td style=\"text-align: center;\">3<\/td>\n<\/tr>\n<tr>\n<td style=\"text-align: left;\">Educaci\u00f3 F\u00edsica<\/td>\n<td style=\"text-align: center;\">2<\/td>\n<td style=\"text-align: left;\">Hist\u00f2ria de la Filosofia<\/td>\n<td style=\"text-align: center;\">3<\/td>\n<\/tr>\n<tr>\n<td style=\"text-align: left;\">Ci\u00e8ncies per al M\u00f3n Contemporani<\/td>\n<td style=\"text-align: center;\">2<\/td>\n<td style=\"text-align: left;\">Tutoria<\/td>\n<td style=\"text-align: center;\">1<\/td>\n<\/tr>\n<tr>\n<td style=\"text-align: left;\">Tutoria<\/td>\n<td style=\"text-align: center;\">1<\/td>\n<td style=\"text-align: left;\">Treball de Recerca<\/td>\n<td style=\"text-align: center;\"><\/td>\n<\/tr>\n<tr>\n<td style=\"text-align: right;\" bgcolor=\"#99CCFF\"><strong>TOTAL\u00a0<\/strong><\/td>\n<td style=\"text-align: center;\" bgcolor=\"#A4D5FF\"><strong>14<\/strong><\/td>\n<td style=\"text-align: right;\" bgcolor=\"#A4D5FF\"><strong>TOTAL\u00a0<\/strong><\/td>\n<td style=\"text-align: center;\" bgcolor=\"#A4D5FF\"><strong>14<\/strong><\/td>\n<\/tr>\n<\/tbody>\n<\/table>\n<table class=\"mceItemTable\" style=\"border: 0px solid #4682b4; text-align: center; width: 685px;\" border=\"0\">\n<tbody>\n<tr>\n<td rowspan=\"6\" bgcolor=\"#4D94C5\" width=\"36\"><span style=\"color: #ffffff; font-size: 12pt;\"><strong>1r<\/strong><\/span><\/td>\n<td style=\"text-align: left;\" width=\"225\"><strong>Mat\u00e8ries Modalitat<\/strong><\/td>\n<td width=\"49\"><strong>Hores<\/strong><\/td>\n<td rowspan=\"6\" bgcolor=\"#FFFFFF\" width=\"29\"><\/td>\n<td rowspan=\"6\" bgcolor=\"#51A5D3\" width=\"38\"><strong><span style=\"color: #ffffff; font-size: 12pt;\">2n<\/span><br \/>\n<\/strong><\/td>\n<td style=\"text-align: left;\" width=\"229\"><strong>Mat\u00e8ries Modalitat<\/strong><\/td>\n<td width=\"49\"><strong>Hores<\/strong><\/td>\n<\/tr>\n<tr>\n<td style=\"text-align: left;\">Matem\u00e0tiques 1<\/td>\n<td style=\"text-align: center;\">4<\/td>\n<td style=\"text-align: left;\">Matem\u00e0tiques 2<\/td>\n<td style=\"text-align: center;\">4<\/td>\n<\/tr>\n<tr>\n<td style=\"text-align: left;\">F\u00edsica 1 \/ Alemany<\/td>\n<td style=\"text-align: center;\">4<\/td>\n<td style=\"text-align: left;\">F\u00edsica 2<\/td>\n<td style=\"text-align: center;\">4<\/td>\n<\/tr>\n<tr>\n<td style=\"text-align: left;\">Biologia 1<\/td>\n<td style=\"text-align: center;\">4<\/td>\n<td style=\"text-align: left;\">Biologia 2<\/td>\n<td style=\"text-align: center;\">4<\/td>\n<\/tr>\n<tr>\n<td style=\"text-align: left;\">Qu\u00edmica 1<\/td>\n<td style=\"text-align: center;\">4<\/td>\n<td style=\"text-align: left;\">Qu\u00edmica 2<\/td>\n<td style=\"text-align: center;\">4<\/td>\n<\/tr>\n<tr>\n<td style=\"text-align: right;\" bgcolor=\"#99CCFF\"><strong>TOTAL\u00a0<\/strong><\/td>\n<td style=\"text-align: center;\" bgcolor=\"#A4D5FF\"><strong>16<\/strong><\/td>\n<td style=\"text-align: right;\" bgcolor=\"#A4D5FF\"><strong>TOTAL\u00a0<\/strong><\/td>\n<td style=\"text-align: center;\" bgcolor=\"#A4D5FF\"><strong>16<\/strong><\/td>\n<\/tr>\n<\/tbody>\n<\/table>\n<p>Batxillerat Tecnol\u00f2gic<\/p>\n<table class=\"mceItemTable\" style=\"border: 0px solid #4682b4; text-align: center; width: 685px;\" border=\"0\">\n<tbody>\n<tr>\n<td rowspan=\"9\" bgcolor=\"#4D94C5\" width=\"36\"><span style=\"color: #ffffff; font-size: 12pt;\"><strong>1r<\/strong><\/span><\/td>\n<td style=\"text-align: left;\" width=\"225\"><strong>Mat\u00e8ries Comunes<\/strong><\/td>\n<td width=\"49\"><strong>Hores<\/strong><\/td>\n<td rowspan=\"9\" bgcolor=\"#FFFFFF\" width=\"29\"><\/td>\n<td rowspan=\"9\" bgcolor=\"#51A5D3\" width=\"38\"><strong><span style=\"color: #ffffff; font-size: 12pt;\">2n<\/span><br \/>\n<\/strong><\/td>\n<td style=\"text-align: left;\" width=\"229\"><strong>Mat\u00e8ries Comunes<\/strong><\/td>\n<td width=\"49\"><strong>Hores<\/strong><\/td>\n<\/tr>\n<tr>\n<td style=\"text-align: left;\">Llengua Catalana i Literatura<\/td>\n<td style=\"text-align: center;\">2<\/td>\n<td style=\"text-align: left;\">Llengua Catalana i Literatura<\/td>\n<td style=\"text-align: center;\">2<\/td>\n<\/tr>\n<tr>\n<td style=\"text-align: left;\">Llengua Castellana i Literatura<\/td>\n<td style=\"text-align: center;\">2<\/td>\n<td style=\"text-align: left;\">Llengua Castellana i Literatura<\/td>\n<td style=\"text-align: center;\">2<\/td>\n<\/tr>\n<tr>\n<td style=\"text-align: left;\">Llengua Anglesa<\/td>\n<td style=\"text-align: center;\">3<\/td>\n<td style=\"text-align: left;\">Llengua Anglesa<\/td>\n<td style=\"text-align: center;\">3<\/td>\n<\/tr>\n<tr>\n<td style=\"text-align: left;\">Filosofia<\/td>\n<td style=\"text-align: center;\">2<\/td>\n<td style=\"text-align: left;\">Hist\u00f2ria<\/td>\n<td style=\"text-align: center;\">3<\/td>\n<\/tr>\n<tr>\n<td style=\"text-align: left;\">Educaci\u00f3 F\u00edsica<\/td>\n<td style=\"text-align: center;\">2<\/td>\n<td style=\"text-align: left;\">Hist\u00f2ria de la Filosofia<\/td>\n<td style=\"text-align: center;\">3<\/td>\n<\/tr>\n<tr>\n<td style=\"text-align: left;\">Ci\u00e8ncies per al M\u00f3n Contemporani<\/td>\n<td style=\"text-align: center;\">2<\/td>\n<td style=\"text-align: left;\">Tutoria<\/td>\n<td style=\"text-align: center;\">1<\/td>\n<\/tr>\n<tr>\n<td style=\"text-align: left;\">Tutoria<\/td>\n<td style=\"text-align: center;\">1<\/td>\n<td style=\"text-align: left;\">Treball de Recerca<\/td>\n<td style=\"text-align: center;\"><\/td>\n<\/tr>\n<tr>\n<td style=\"text-align: right;\" bgcolor=\"#99CCFF\"><strong>TOTAL\u00a0<\/strong><\/td>\n<td style=\"text-align: center;\" bgcolor=\"#A4D5FF\"><strong>14<\/strong><\/td>\n<td style=\"text-align: right;\" bgcolor=\"#A4D5FF\"><strong>TOTAL\u00a0<\/strong><\/td>\n<td style=\"text-align: center;\" bgcolor=\"#A4D5FF\"><strong>14<\/strong><\/td>\n<\/tr>\n<\/tbody>\n<\/table>\n<table class=\"mceItemTable\" style=\"border: 0px solid #4682b4; text-align: center; width: 685px;\" border=\"0\">\n<tbody>\n<tr>\n<td rowspan=\"6\" bgcolor=\"#4D94C5\" width=\"36\"><span style=\"color: #ffffff; font-size: 12pt;\"><strong>1r<\/strong><\/span><\/td>\n<td style=\"text-align: left;\" width=\"225\"><strong>Mat\u00e8ries Modalitat<\/strong><\/td>\n<td width=\"49\"><strong>Hores<\/strong><\/td>\n<td rowspan=\"6\" bgcolor=\"#FFFFFF\" width=\"29\"><\/td>\n<td rowspan=\"6\" bgcolor=\"#51A5D3\" width=\"38\"><strong><span style=\"color: #ffffff; font-size: 12pt;\">2n<\/span><br \/>\n<\/strong><\/td>\n<td style=\"text-align: left;\" width=\"229\"><strong>Mat\u00e8ries Modalitat<\/strong><\/td>\n<td width=\"49\"><strong>Hores<\/strong><\/td>\n<\/tr>\n<tr>\n<td style=\"text-align: left;\">Matem\u00e0tiques 1<\/td>\n<td style=\"text-align: center;\">4<\/td>\n<td style=\"text-align: left;\">Matem\u00e0tiques 2<\/td>\n<td style=\"text-align: center;\">4<\/td>\n<\/tr>\n<tr>\n<td style=\"text-align: left;\">F\u00edsica 1 \/ Alemany<\/td>\n<td style=\"text-align: center;\">4<\/td>\n<td style=\"text-align: left;\">F\u00edsica 2<\/td>\n<td style=\"text-align: center;\">4<\/td>\n<\/tr>\n<tr>\n<td style=\"text-align: left;\">Dibuix T\u00e8cnic 1<\/td>\n<td style=\"text-align: center;\">4<\/td>\n<td style=\"text-align: left;\">Dibuix T\u00e8cnic 2<\/td>\n<td style=\"text-align: center;\">4<\/td>\n<\/tr>\n<tr>\n<td style=\"text-align: left;\">Tecnologia Industrial 1<\/td>\n<td style=\"text-align: center;\">4<\/td>\n<td style=\"text-align: left;\">Tecnologia Industrial 2<\/td>\n<td style=\"text-align: center;\">4<\/td>\n<\/tr>\n<tr>\n<td style=\"text-align: right;\" bgcolor=\"#99CCFF\"><strong>TOTAL\u00a0<\/strong><\/td>\n<td style=\"text-align: center;\" bgcolor=\"#A4D5FF\"><strong>16<\/strong><\/td>\n<td style=\"text-align: right;\" bgcolor=\"#A4D5FF\"><strong>TOTAL\u00a0<\/strong><\/td>\n<td style=\"text-align: center;\" bgcolor=\"#A4D5FF\"><strong>16<\/strong><\/td>\n<\/tr>\n<\/tbody>\n<\/table>\n<p style=\"padding: 0px; margin: 1em 0px 1em 0px;\">Batxillerat de Ci\u00e8ncies Socials<\/p>\n<table class=\"mceItemTable\" style=\"border: 0px solid #4682b4; text-align: center; width: 685px;\" border=\"0\">\n<tbody>\n<tr>\n<td rowspan=\"9\" bgcolor=\"#4D94C5\" width=\"36\"><span style=\"color: #ffffff; font-size: 12pt;\"><strong>1r<\/strong><\/span><\/td>\n<td style=\"text-align: left;\" width=\"225\"><strong>Mat\u00e8ries Comunes<\/strong><\/td>\n<td width=\"49\"><strong>Hores<\/strong><\/td>\n<td rowspan=\"9\" bgcolor=\"#FFFFFF\" width=\"29\"><\/td>\n<td rowspan=\"9\" bgcolor=\"#51A5D3\" width=\"38\"><strong><span style=\"color: #ffffff; font-size: 12pt;\">2n<\/span><br \/>\n<\/strong><\/td>\n<td style=\"text-align: left;\" width=\"229\"><strong>Mat\u00e8ries Comunes<\/strong><\/td>\n<td width=\"49\"><strong>Hores<\/strong><\/td>\n<\/tr>\n<tr>\n<td style=\"text-align: left;\">Llengua Catalana i Literatura<\/td>\n<td style=\"text-align: center;\">2<\/td>\n<td style=\"text-align: left;\">Llengua Catalana i Literatura<\/td>\n<td style=\"text-align: center;\">2<\/td>\n<\/tr>\n<tr>\n<td style=\"text-align: left;\">Llengua Castellana i Literatura<\/td>\n<td style=\"text-align: center;\">2<\/td>\n<td style=\"text-align: left;\">Llengua Castellana i Literatura<\/td>\n<td style=\"text-align: center;\">2<\/td>\n<\/tr>\n<tr>\n<td style=\"text-align: left;\">Llengua Anglesa<\/td>\n<td style=\"text-align: center;\">3<\/td>\n<td style=\"text-align: left;\">Llengua Anglesa<\/td>\n<td style=\"text-align: center;\">3<\/td>\n<\/tr>\n<tr>\n<td style=\"text-align: left;\">Filosofia<\/td>\n<td style=\"text-align: center;\">2<\/td>\n<td style=\"text-align: left;\">Hist\u00f2ria<\/td>\n<td style=\"text-align: center;\">3<\/td>\n<\/tr>\n<tr>\n<td style=\"text-align: left;\">Educaci\u00f3 F\u00edsica<\/td>\n<td style=\"text-align: center;\">2<\/td>\n<td style=\"text-align: left;\">Hist\u00f2ria de la Filosofia<\/td>\n<td style=\"text-align: center;\">3<\/td>\n<\/tr>\n<tr>\n<td style=\"text-align: left;\">Ci\u00e8ncies per al M\u00f3n Contemporani<\/td>\n<td style=\"text-align: center;\">2<\/td>\n<td style=\"text-align: left;\">Tutoria<\/td>\n<td style=\"text-align: center;\">1<\/td>\n<\/tr>\n<tr>\n<td style=\"text-align: left;\">Tutoria<\/td>\n<td style=\"text-align: center;\">1<\/td>\n<td style=\"text-align: left;\">Treball de Recerca<\/td>\n<td style=\"text-align: center;\"><\/td>\n<\/tr>\n<tr>\n<td style=\"text-align: right;\" bgcolor=\"#99CCFF\"><strong>TOTAL\u00a0<\/strong><\/td>\n<td style=\"text-align: center;\" bgcolor=\"#A4D5FF\"><strong>14<\/strong><\/td>\n<td style=\"text-align: right;\" bgcolor=\"#A4D5FF\"><strong>TOTAL\u00a0<\/strong><\/td>\n<td style=\"text-align: center;\" bgcolor=\"#A4D5FF\"><strong>14<\/strong><\/td>\n<\/tr>\n<\/tbody>\n<\/table>\n<table class=\"mceItemTable\" style=\"border: 0px solid #4682b4; text-align: center; width: 685px;\" border=\"0\">\n<tbody>\n<tr>\n<td rowspan=\"6\" bgcolor=\"#4D94C5\" width=\"36\"><span style=\"color: #ffffff; font-size: 12pt;\"><strong>1r<\/strong><\/span><\/td>\n<td style=\"text-align: left;\" width=\"225\"><strong>Mat\u00e8ries Modalitat<\/strong><\/td>\n<td width=\"49\"><strong>Hores<\/strong><\/td>\n<td rowspan=\"6\" bgcolor=\"#FFFFFF\" width=\"29\"><\/td>\n<td rowspan=\"6\" bgcolor=\"#51A5D3\" width=\"38\"><strong><span style=\"color: #ffffff; font-size: 12pt;\">2n<\/span><br \/>\n<\/strong><\/td>\n<td style=\"text-align: left;\" width=\"229\"><strong>Mat\u00e8ries Modalitat<\/strong><\/td>\n<td width=\"49\"><strong>Hores<\/strong><\/td>\n<\/tr>\n<tr>\n<td style=\"text-align: left;\">Matem\u00e0tiques Aplicades a les CS 1<\/td>\n<td style=\"text-align: center;\">4<\/td>\n<td style=\"text-align: left;\">Matem\u00e0tiques Aplicades a les CS 2<\/td>\n<td style=\"text-align: center;\">4<\/td>\n<\/tr>\n<tr>\n<td style=\"text-align: left;\">Hist\u00f2ria del m\u00f3n contemporani<\/td>\n<td style=\"text-align: center;\">4<\/td>\n<td style=\"text-align: left;\">Hist\u00f2ria de l&#8217;Art<\/td>\n<td style=\"text-align: center;\">4<\/td>\n<\/tr>\n<tr>\n<td style=\"text-align: left;\">Economia de l&#8217;Empresa 1<\/td>\n<td style=\"text-align: center;\">4<\/td>\n<td style=\"text-align: left;\">Economia de l&#8217;Empresa 2<\/td>\n<td style=\"text-align: center;\">4<\/td>\n<\/tr>\n<tr>\n<td style=\"text-align: left;\">Psicologia i Sociologia \/ Alemany<\/td>\n<td style=\"text-align: center;\">4<\/td>\n<td style=\"text-align: left;\">Geografia<\/td>\n<td style=\"text-align: center;\">4<\/td>\n<\/tr>\n<tr>\n<td style=\"text-align: right;\" bgcolor=\"#99CCFF\"><strong>TOTAL\u00a0<\/strong><\/td>\n<td style=\"text-align: center;\" bgcolor=\"#A4D5FF\"><strong>16<\/strong><\/td>\n<td style=\"text-align: right;\" bgcolor=\"#A4D5FF\"><strong>TOTAL\u00a0<\/strong><\/td>\n<td style=\"text-align: center;\" bgcolor=\"#A4D5FF\"><strong>16<\/strong><\/td>\n<\/tr>\n<\/tbody>\n<\/table>\n<p>Batxillerat Human\u00edstic<\/p>\n<table class=\"mceItemTable\" style=\"border: 0px solid #4682b4; text-align: center; width: 685px;\" border=\"0\">\n<tbody>\n<tr>\n<td rowspan=\"9\" bgcolor=\"#4D94C5\" width=\"36\"><span style=\"color: #ffffff; font-size: 12pt;\"><strong>1r<\/strong><\/span><\/td>\n<td style=\"text-align: left;\" width=\"225\"><strong>Mat\u00e8ries Comunes<\/strong><\/td>\n<td width=\"49\"><strong>Hores<\/strong><\/td>\n<td rowspan=\"9\" bgcolor=\"#FFFFFF\" width=\"29\"><\/td>\n<td rowspan=\"9\" bgcolor=\"#51A5D3\" width=\"38\"><strong><span style=\"color: #ffffff; font-size: 12pt;\">2n<\/span><br \/>\n<\/strong><\/td>\n<td style=\"text-align: left;\" width=\"229\"><strong>Mat\u00e8ries Comunes<\/strong><\/td>\n<td width=\"49\"><strong>Hores<\/strong><\/td>\n<\/tr>\n<tr>\n<td style=\"text-align: left;\">Llengua Catalana i Literatura<\/td>\n<td style=\"text-align: center;\">2<\/td>\n<td style=\"text-align: left;\">Llengua Catalana i Literatura<\/td>\n<td style=\"text-align: center;\">2<\/td>\n<\/tr>\n<tr>\n<td style=\"text-align: left;\">Llengua Castellana i Literatura<\/td>\n<td style=\"text-align: center;\">2<\/td>\n<td style=\"text-align: left;\">Llengua Castellana i Literatura<\/td>\n<td style=\"text-align: center;\">2<\/td>\n<\/tr>\n<tr>\n<td style=\"text-align: left;\">Llengua Anglesa<\/td>\n<td style=\"text-align: center;\">3<\/td>\n<td style=\"text-align: left;\">Llengua Anglesa<\/td>\n<td style=\"text-align: center;\">3<\/td>\n<\/tr>\n<tr>\n<td style=\"text-align: left;\">Filosofia<\/td>\n<td style=\"text-align: center;\">2<\/td>\n<td style=\"text-align: left;\">Hist\u00f2ria<\/td>\n<td style=\"text-align: center;\">3<\/td>\n<\/tr>\n<tr>\n<td style=\"text-align: left;\">Educaci\u00f3 F\u00edsica<\/td>\n<td style=\"text-align: center;\">2<\/td>\n<td style=\"text-align: left;\">Hist\u00f2ria de la Filosofia<\/td>\n<td style=\"text-align: center;\">3<\/td>\n<\/tr>\n<tr>\n<td style=\"text-align: left;\">Ci\u00e8ncies per al M\u00f3n Contemporani<\/td>\n<td style=\"text-align: center;\">2<\/td>\n<td style=\"text-align: left;\">Tutoria<\/td>\n<td style=\"text-align: center;\">1<\/td>\n<\/tr>\n<tr>\n<td style=\"text-align: left;\">Tutoria<\/td>\n<td style=\"text-align: center;\">1<\/td>\n<td style=\"text-align: left;\">Treball de Recerca<\/td>\n<td style=\"text-align: center;\"><\/td>\n<\/tr>\n<tr>\n<td style=\"text-align: right;\" bgcolor=\"#99CCFF\"><strong>TOTAL\u00a0<\/strong><\/td>\n<td style=\"text-align: center;\" bgcolor=\"#A4D5FF\"><strong>14<\/strong><\/td>\n<td style=\"text-align: right;\" bgcolor=\"#A4D5FF\"><strong>TOTAL\u00a0<\/strong><\/td>\n<td style=\"text-align: center;\" bgcolor=\"#A4D5FF\"><strong>14<\/strong><\/td>\n<\/tr>\n<\/tbody>\n<\/table>\n<table class=\"mceItemTable\" style=\"border: 0px solid #4682b4; text-align: center; width: 685px;\" border=\"0\">\n<tbody>\n<tr>\n<td rowspan=\"6\" bgcolor=\"#4D94C5\" width=\"36\"><span style=\"color: #ffffff; font-size: 12pt;\"><strong>1r<\/strong><\/span><\/td>\n<td style=\"text-align: left;\" width=\"225\"><strong>Mat\u00e8ries Modalitat<\/strong><\/td>\n<td width=\"49\"><strong>Hores<\/strong><\/td>\n<td rowspan=\"6\" bgcolor=\"#FFFFFF\" width=\"29\"><\/td>\n<td rowspan=\"6\" bgcolor=\"#51A5D3\" width=\"38\"><strong><span style=\"color: #ffffff; font-size: 12pt;\">2n<\/span><br \/>\n<\/strong><\/td>\n<td style=\"text-align: left;\" width=\"229\"><strong>Mat\u00e8ries Modalitat<\/strong><\/td>\n<td width=\"49\"><strong>Hores<\/strong><\/td>\n<\/tr>\n<tr>\n<td style=\"text-align: left;\">Llat\u00ed 1<\/td>\n<td style=\"text-align: center;\">4<\/td>\n<td style=\"text-align: left;\">Llat\u00ed 2<\/td>\n<td style=\"text-align: center;\">4<\/td>\n<\/tr>\n<tr>\n<td style=\"text-align: left;\">Literatura Castellana<\/td>\n<td style=\"text-align: center;\">4<\/td>\n<td style=\"text-align: left;\">Literatura Catalana<\/td>\n<td style=\"text-align: center;\">4<\/td>\n<\/tr>\n<tr>\n<td style=\"text-align: left;\">Literatura Universal \/ Alemany<\/td>\n<td style=\"text-align: center;\">4<\/td>\n<td style=\"text-align: left;\">Grec 2<\/td>\n<td style=\"text-align: center;\">4<\/td>\n<\/tr>\n<tr>\n<td style=\"text-align: left;\">Grec 1<\/td>\n<td style=\"text-align: center;\">4<\/td>\n<td style=\"text-align: left;\">Hist\u00f2ria de l&#8217;Art<\/td>\n<td style=\"text-align: center;\">4<\/td>\n<\/tr>\n<tr>\n<td style=\"text-align: right;\" bgcolor=\"#99CCFF\"><strong>TOTAL\u00a0<\/strong><\/td>\n<td style=\"text-align: center;\" bgcolor=\"#A4D5FF\"><strong>16<\/strong><\/td>\n<td style=\"text-align: right;\" bgcolor=\"#A4D5FF\"><strong>TOTAL\u00a0<\/strong><\/td>\n<td style=\"text-align: center;\" bgcolor=\"#A4D5FF\"><strong>16<\/strong><\/td>\n<\/tr>\n<\/tbody>\n<\/table>\n<p>(Pots descarregar-te aquesta <a href=\"https:\/\/drive.google.com\/open?id=1vu_scK5tulCvLqtHbN3d0PFCTY9hbTag\" target=\"_blank\" rel=\"noopener noreferrer\">informaci\u00f3 sobre les modalitats<\/a> en format pdf).<\/p>\n<p><iframe loading=\"lazy\" src=\"https:\/\/drive.google.com\/file\/d\/1vu_scK5tulCvLqtHbN3d0PFCTY9hbTag\/preview\" width=\"800\" height=\"610\"><\/iframe><\/p>\n<p>&nbsp;<\/p>\n<h2 style=\"font-size: 13px; font-family: Verdana, Helvetica, sans-serif; color: #4db4b0; line-height: normal; padding: 0px; margin: 1em 0px 1em 0px;\"><span style=\"color: #4682b4;\">Titulaci\u00f3<\/span><\/h2>\n<div>En acabar aquests estudis, els i les estudiants que hagin superat totes les mat\u00e8ries cursades rebran el <strong>t\u00edtol de Batxiller\/a<\/strong>.\u00a0Amb el t\u00edtol de batxiller\/a es pot accedir a:<\/div>\n<ul>\n<li>\n<div><span style=\"line-height: 17px;\">La universitat (un cop aprovades les proves d\u2019acc\u00e9s)<\/span><\/div>\n<\/li>\n<li>\n<div><span style=\"line-height: 17px;\">Un cicle formatiu de Grau superior de formaci\u00f3 professional espec\u00edfica, d\u2019arts pl\u00e0stiques i disseny o d\u2019esports,<\/span><\/div>\n<\/li>\n<li>\n<div><span style=\"line-height: 17px;\">Ensenyaments superiors art\u00edstics,<\/span><\/div>\n<\/li>\n<li>\n<div><span style=\"line-height: 17px;\">El m\u00f3n laboral<\/span><\/div>\n<\/li>\n<\/ul>\n","protected":false},"excerpt":{"rendered":"<p>Qu\u00e8 \u00e9s el Batxillerat? El\u00a0batxillerat \u00e9s l&#8217;etapa de formaci\u00f3 acad\u00e8mica que es cursa convencionalment entre els 16 i els 18 anys, per\u00f2 \u00e9s oberta a persones de qualsevol edat, ja sigui de forma presencial o a dist\u00e0ncia. Es tracta d&#8217;un cicle format per\u00a0dos cursos. El batxillerat prepara l&#8217;alumnat per a estudis posteriors, tant professionals com [&hellip;]<\/p>\n","protected":false},"author":1,"featured_media":0,"parent":43,"menu_order":30,"comment_status":"closed","ping_status":"closed","template":"page-templates\/side-menu.php","meta":{"_bbp_topic_count":0,"_bbp_reply_count":0,"_bbp_total_topic_count":0,"_bbp_total_reply_count":0,"_bbp_voice_count":0,"_bbp_anonymous_reply_count":0,"_bbp_topic_count_hidden":0,"_bbp_reply_count_hidden":0,"_bbp_forum_subforum_count":0,"site-sidebar-layout":"default","site-content-layout":"","ast-site-content-layout":"","site-content-style":"default","site-sidebar-style":"default","ast-global-header-display":"","ast-banner-title-visibility":"","ast-main-header-display":"","ast-hfb-above-header-display":"","ast-hfb-below-header-display":"","ast-hfb-mobile-header-display":"","site-post-title":"","ast-breadcrumbs-content":"","ast-featured-img":"","footer-sml-layout":"","theme-transparent-header-meta":"","adv-header-id-meta":"","stick-header-meta":"","header-above-stick-meta":"","header-main-stick-meta":"","header-below-stick-meta":"","astra-migrate-meta-layouts":"default","ast-page-background-enabled":"default","ast-page-background-meta":{"desktop":{"background-color":"var(--ast-global-color-4)","background-image":"","background-repeat":"repeat","background-position":"center center","background-size":"auto","background-attachment":"scroll","background-type":"","background-media":"","overlay-type":"","overlay-color":"","overlay-opacity":"","overlay-gradient":""},"tablet":{"background-color":"","background-image":"","background-repeat":"repeat","background-position":"center center","background-size":"auto","background-attachment":"scroll","background-type":"","background-media":"","overlay-type":"","overlay-color":"","overlay-opacity":"","overlay-gradient":""},"mobile":{"background-color":"","background-image":"","background-repeat":"repeat","background-position":"center center","background-size":"auto","background-attachment":"scroll","background-type":"","background-media":"","overlay-type":"","overlay-color":"","overlay-opacity":"","overlay-gradient":""}},"ast-content-background-meta":{"desktop":{"background-color":"var(--ast-global-color-5)","background-image":"","background-repeat":"repeat","background-position":"center center","background-size":"auto","background-attachment":"scroll","background-type":"","background-media":"","overlay-type":"","overlay-color":"","overlay-opacity":"","overlay-gradient":""},"tablet":{"background-color":"var(--ast-global-color-5)","background-image":"","background-repeat":"repeat","background-position":"center center","background-size":"auto","background-attachment":"scroll","background-type":"","background-media":"","overlay-type":"","overlay-color":"","overlay-opacity":"","overlay-gradient":""},"mobile":{"background-color":"var(--ast-global-color-5)","background-image":"","background-repeat":"repeat","background-position":"center center","background-size":"auto","background-attachment":"scroll","background-type":"","background-media":"","overlay-type":"","overlay-color":"","overlay-opacity":"","overlay-gradient":""}},"footnotes":""},"class_list":["post-697","page","type-page","status-publish","hentry"],"post_mailing_queue_ids":[],"_links":{"self":[{"href":"https:\/\/agora.xtec.cat\/ieslestermes\/wp-json\/wp\/v2\/pages\/697","targetHints":{"allow":["GET"]}}],"collection":[{"href":"https:\/\/agora.xtec.cat\/ieslestermes\/wp-json\/wp\/v2\/pages"}],"about":[{"href":"https:\/\/agora.xtec.cat\/ieslestermes\/wp-json\/wp\/v2\/types\/page"}],"author":[{"embeddable":true,"href":"https:\/\/agora.xtec.cat\/ieslestermes\/wp-json\/wp\/v2\/users\/1"}],"replies":[{"embeddable":true,"href":"https:\/\/agora.xtec.cat\/ieslestermes\/wp-json\/wp\/v2\/comments?post=697"}],"version-history":[{"count":2,"href":"https:\/\/agora.xtec.cat\/ieslestermes\/wp-json\/wp\/v2\/pages\/697\/revisions"}],"predecessor-version":[{"id":699,"href":"https:\/\/agora.xtec.cat\/ieslestermes\/wp-json\/wp\/v2\/pages\/697\/revisions\/699"}],"up":[{"embeddable":true,"href":"https:\/\/agora.xtec.cat\/ieslestermes\/wp-json\/wp\/v2\/pages\/43"}],"wp:attachment":[{"href":"https:\/\/agora.xtec.cat\/ieslestermes\/wp-json\/wp\/v2\/media?parent=697"}],"curies":[{"name":"wp","href":"https:\/\/api.w.org\/{rel}","templated":true}]}}