{"id":680,"date":"2017-12-25T12:22:45","date_gmt":"2017-12-25T11:22:45","guid":{"rendered":"http:\/\/agora.xtec.cat\/ieslestermes\/?page_id=680"},"modified":"2017-12-25T12:26:00","modified_gmt":"2017-12-25T11:26:00","slug":"oferta-eso","status":"publish","type":"page","link":"https:\/\/agora.xtec.cat\/ieslestermes\/estudis-2\/consell-escolar\/oferta-eso\/","title":{"rendered":"Oferta ESO"},"content":{"rendered":"<h2><span style=\"font-size: 13px; color: #4682b4;\">Qu\u00e8 \u00e9s l&#8217;ESO?<\/span><\/h2>\n<p style=\"font-size: 1em; padding: 0px 0px 1em; color: #333333; font-family: Verdana,Helvetica,sans-serif; line-height: normal; text-align: justify;\">L&#8217;etapa de l&#8217;educaci\u00f3 secund\u00e0ria obligat\u00f2ria (ESO) t\u00e9 car\u00e0cter obligatori i gratu\u00eft. Compr\u00e8n 4 cursos acad\u00e8mics que s&#8217;inicien, generalment, l&#8217;any natural en qu\u00e8 es compleixen els 12 anys i que s&#8217;acaben, normalment, als 16; amb car\u00e0cter general els alumnes tenen dret a romandre en el centre amb r\u00e8gim ordinari fins als 18 anys.<\/p>\n<p>El 4t curs t\u00e9 tamb\u00e9 un car\u00e0cter orientador, tant per als estudis posteriors, com per a la integraci\u00f3 a la vida laboral.<\/p>\n<p>La\u00a0<strong>finalitat de l&#8217;ESO<\/strong> \u00e9s proporcionar a tots els alumnes una educaci\u00f3 que els permeti assegurar un desenvolupament personal s\u00f2lid, adquirir les habilitats i les compet\u00e8ncies culturals i socials relatives a l&#8217;expressi\u00f3 i comprensi\u00f3 oral, a l&#8217;escriptura, al c\u00e0lcul, a la resoluci\u00f3 de problemes de la vida quotidiana, al rebuig de tot tipus de comportaments discriminatoris per ra\u00f3 de sexe, la igualtat de drets i oportunitats entre dones i homes, l&#8217;autonomia personal, la corresponsabilitat i la interdepend\u00e8ncia personal i la comprensi\u00f3 dels elements b\u00e0sics del m\u00f3n en els aspectes cient\u00edfic, social i cultural, en particular aquells elements que permetin un coneixement i arrelament a Catalunya. Aix\u00ed mateix, ha de contribuir a desenvolupar les habilitats socials de treball i d&#8217;estudi amb autonomia i esperit cr\u00edtic, la sensibilitat art\u00edstica, la creativitat i l&#8217;afectivitat de tots els nois i les noies.<\/p>\n<p>El\u00a0<strong>catal\u00e0<\/strong>, com a llengua pr\u00f2pia de Catalunya, ser\u00e0 utilitzat normalment com a llengua vehicular d&#8217;ensenyament i d&#8217;aprenentatge i en les activitats internes i externes de la comunitat educativa.<\/p>\n<h2 style=\"font-size: 13px; color: #4db4b0; font-family: Verdana, Helvetica, sans-serif; line-height: normal;\"><span style=\"color: #4682b4;\">Pla d&#8217;estudis<\/span><\/h2>\n<table class=\"mceItemTable\" style=\"border: 0px solid #4682b4; text-align: center; width: 500px;\" border=\"0\">\n<tbody>\n<tr>\n<td rowspan=\"14\" bgcolor=\"#4D94C5\" width=\"36\"><span style=\"color: #ffffff; font-size: 12pt;\"><strong>1r<\/strong><\/span><\/td>\n<td style=\"text-align: left;\" width=\"225\"><strong>Mat\u00e8ries Comunes<\/strong><\/td>\n<td width=\"49\"><strong>Hores<\/strong><\/td>\n<\/tr>\n<tr>\n<td style=\"text-align: left;\">Llengua Catalana i Literatura<\/td>\n<td style=\"text-align: center;\">3<\/td>\n<\/tr>\n<tr>\n<td style=\"text-align: left;\">Llengua Castellana i Literatura<\/td>\n<td style=\"text-align: center;\">3<\/td>\n<\/tr>\n<tr>\n<td style=\"text-align: left;\">Llengua Anglesa<\/td>\n<td style=\"text-align: center;\">3<\/td>\n<\/tr>\n<tr>\n<td style=\"text-align: left;\">Matem\u00e0tiques<\/td>\n<td style=\"text-align: center;\">3<\/td>\n<\/tr>\n<tr>\n<td style=\"text-align: left;\">Ci\u00e8ncies de la Naturalessa<\/td>\n<td style=\"text-align: center;\">3<\/td>\n<\/tr>\n<tr>\n<td style=\"text-align: left;\">Ci\u00e8ncies Socials<\/td>\n<td style=\"text-align: center;\">3<\/td>\n<\/tr>\n<tr>\n<td style=\"text-align: left;\">Tecnologia<\/td>\n<td style=\"text-align: center;\">2<\/td>\n<\/tr>\n<tr>\n<td style=\"text-align: left;\">M\u00fasica<\/td>\n<td style=\"text-align: center;\">3<\/td>\n<\/tr>\n<tr>\n<td style=\"text-align: left;\">Educaci\u00f3 F\u00edsica<\/td>\n<td style=\"text-align: center;\">3<\/td>\n<\/tr>\n<tr>\n<td style=\"text-align: left;\">Projecte de Sostenibilitat<\/td>\n<td style=\"text-align: center;\">1<\/td>\n<\/tr>\n<tr>\n<td style=\"text-align: left;\">Projecte de Lectura<\/td>\n<td style=\"text-align: center;\">1<\/td>\n<\/tr>\n<tr>\n<td style=\"text-align: left;\">Tutoria<\/td>\n<td style=\"text-align: center;\">2<\/td>\n<\/tr>\n<tr>\n<td style=\"text-align: right;\" bgcolor=\"#99CCFF\"><strong>TOTAL\u00a0<\/strong><\/td>\n<td style=\"text-align: center;\" bgcolor=\"#A4D5FF\"><strong>30<\/strong><\/td>\n<\/tr>\n<\/tbody>\n<\/table>\n<table class=\"mceItemTable\" style=\"border: 0px solid #4682b4; text-align: center; width: 500px;\" border=\"0\">\n<tbody>\n<tr>\n<td rowspan=\"14\" bgcolor=\"#4D94C5\" width=\"36\"><span style=\"color: #ffffff; font-size: 12pt;\"><strong>2n<\/strong><\/span><\/td>\n<td style=\"text-align: left;\" width=\"225\"><strong>Mat\u00e8ries Comunes<\/strong><\/td>\n<td width=\"49\"><strong>Hores<\/strong><\/td>\n<\/tr>\n<tr>\n<td style=\"text-align: left;\">Llengua Catalana i Literatura<\/td>\n<td style=\"text-align: center;\">3<\/td>\n<\/tr>\n<tr>\n<td style=\"text-align: left;\">Llengua Castellana i Literatura<\/td>\n<td style=\"text-align: center;\">3<\/td>\n<\/tr>\n<tr>\n<td style=\"text-align: left;\">Llengua Anglesa<\/td>\n<td style=\"text-align: center;\">3<\/td>\n<\/tr>\n<tr>\n<td style=\"text-align: left;\">Matem\u00e0tiques<\/td>\n<td style=\"text-align: center;\">4<\/td>\n<\/tr>\n<tr>\n<td style=\"text-align: left;\">Ci\u00e8ncies de la Naturalessa<\/td>\n<td style=\"text-align: center;\">3<\/td>\n<\/tr>\n<tr>\n<td style=\"text-align: left;\">Ci\u00e8ncies Socials<\/td>\n<td style=\"text-align: center;\">3<\/td>\n<\/tr>\n<tr>\n<td style=\"text-align: left;\">Tecnologia<\/td>\n<td style=\"text-align: center;\">2<\/td>\n<\/tr>\n<tr>\n<td style=\"text-align: left;\">Educaci\u00f3 Visual i Pl\u00e0stica<\/td>\n<td style=\"text-align: center;\">3<\/td>\n<\/tr>\n<tr>\n<td style=\"text-align: left;\">Educaci\u00f3 F\u00edsica<\/td>\n<td style=\"text-align: center;\">2<\/td>\n<\/tr>\n<tr>\n<td style=\"text-align: left;\">Projecte de Ci\u00e8ncies<\/td>\n<td style=\"text-align: center;\">1<\/td>\n<\/tr>\n<tr>\n<td style=\"text-align: left;\">Projecte de Lectura<\/td>\n<td style=\"text-align: center;\">1<\/td>\n<\/tr>\n<tr>\n<td style=\"text-align: left;\">Tutoria<\/td>\n<td style=\"text-align: center;\">2<\/td>\n<\/tr>\n<tr>\n<td style=\"text-align: right;\" bgcolor=\"#99CCFF\"><strong>TOTAL\u00a0<\/strong><\/td>\n<td style=\"text-align: center;\" bgcolor=\"#A4D5FF\"><strong>30<\/strong><\/td>\n<\/tr>\n<\/tbody>\n<\/table>\n<table class=\"mceItemTable\" style=\"border: 0px solid #4682b4; text-align: center; width: 500px;\" border=\"0\">\n<tbody>\n<tr>\n<td rowspan=\"12\" bgcolor=\"#4D94C5\" width=\"36\"><span style=\"color: #ffffff; font-size: 12pt;\"><strong>3r<\/strong><\/span><\/td>\n<td style=\"text-align: left;\" width=\"400\"><strong>Mat\u00e8ries Comunes<\/strong><\/td>\n<td width=\"49\"><strong>Hores<\/strong><\/td>\n<td rowspan=\"12\" width=\"36\"><span style=\"font-size: 12pt;\"><strong>\u00a0<\/strong><\/span><\/td>\n<td style=\"text-align: left;\" width=\"400\"><strong>Alternatives i Optatives<\/strong><\/td>\n<td width=\"49\"><strong>Hores<\/strong><\/td>\n<\/tr>\n<tr>\n<td style=\"background-color: #ffe4b5; text-align: left;\">Llengua Catalana i Literatura<\/td>\n<td style=\"background-color: #ffe4b5;\">3<\/td>\n<td style=\"background-color: #e6e6fa; text-align: left;\">M\u00fasica<\/td>\n<td style=\"background-color: #e6e6fa;\">3<\/td>\n<\/tr>\n<tr>\n<td style=\"background-color: #ffe4b5; text-align: left;\">Llengua Castellana i Literatura<\/td>\n<td style=\"background-color: #ffe4b5;\">3<\/td>\n<td style=\"background-color: #e6e6fa; text-align: left;\">Eduaci\u00f3 Eticocivica<\/td>\n<td style=\"background-color: #e6e6fa;\">3<\/td>\n<\/tr>\n<tr>\n<td style=\"background-color: #ffe4b5; text-align: left;\">Llengua Anglesa<\/td>\n<td style=\"background-color: #ffe4b5;\">3<\/td>\n<td style=\"background-color: #e6e6fa; text-align: left;\">Educaci\u00f3 Visual i Pl\u00e0stica<\/td>\n<td style=\"background-color: #e6e6fa;\">3<\/td>\n<\/tr>\n<tr>\n<td style=\"background-color: #ffe4b5; text-align: left;\">Matem\u00e0tiques<\/td>\n<td style=\"background-color: #ffe4b5;\">3<\/td>\n<td style=\"background-color: #f0fff0; text-align: left;\">Cultura Cl\u00e0ssica<\/td>\n<td style=\"background-color: #f0fff0;\" rowspan=\"7\">2<\/td>\n<\/tr>\n<tr>\n<td style=\"background-color: #ffe4b5; text-align: left;\">Biologia i Geologia<\/td>\n<td style=\"background-color: #ffe4b5;\">2<\/td>\n<td style=\"background-color: #f0fff0; text-align: left;\">Eprenedoria<\/td>\n<\/tr>\n<tr>\n<td style=\"background-color: #ffe4b5; text-align: left;\">F\u00edsica i Qu\u00edmica<\/td>\n<td style=\"background-color: #ffe4b5;\">2<\/td>\n<td style=\"background-color: #f0fff0; text-align: left;\">Franc\u00e8s<\/td>\n<\/tr>\n<tr>\n<td style=\"background-color: #ffe4b5; text-align: left;\">Ci\u00e8ncies Socials<\/td>\n<td style=\"background-color: #ffe4b5;\">3<\/td>\n<td style=\"background-color: #f0fff0; text-align: left;\">Angl\u00e8s<\/td>\n<\/tr>\n<tr>\n<td style=\"background-color: #ffe4b5; text-align: left;\">Tecnologia<\/td>\n<td style=\"background-color: #ffe4b5;\">2<\/td>\n<td style=\"background-color: #f0fff0; text-align: left;\">Refor\u00e7<\/td>\n<\/tr>\n<tr>\n<td style=\"background-color: #ffe4b5; text-align: left;\">Educaci\u00f3 F\u00edsica<\/td>\n<td style=\"background-color: #ffe4b5;\">2<\/td>\n<td style=\"background-color: #f0fff0;\"><\/td>\n<\/tr>\n<tr>\n<td style=\"background-color: #ffe4b5; text-align: left;\">Tutoria<\/td>\n<td style=\"background-color: #ffe4b5;\">1<\/td>\n<td style=\"background-color: #f0fff0;\"><\/td>\n<\/tr>\n<tr>\n<td style=\"text-align: right;\" bgcolor=\"#99CCFF\"><strong>TOTAL\u00a0<\/strong><\/td>\n<td style=\"text-align: center;\" bgcolor=\"#A4D5FF\"><strong>24<\/strong><\/td>\n<td style=\"text-align: right;\" bgcolor=\"#99CCFF\"><strong>TOTAL\u00a0<\/strong><\/td>\n<td style=\"text-align: center;\" bgcolor=\"#A4D5FF\"><strong>6<\/strong><\/td>\n<\/tr>\n<\/tbody>\n<\/table>\n<p style=\"margin: 0.0px 0.0px 0.0px 0.0px; line-height: 16.0px; font: 11.0px Tahoma;\"><span style=\"font-size: 11px;\">\u00a0<\/span><\/p>\n<table class=\"mceItemTable\" style=\"border: 0px solid #4682b4; text-align: center; width: 500px;\" border=\"0\">\n<tbody>\n<tr>\n<td rowspan=\"14\" bgcolor=\"#4D94C5\" width=\"36\"><span style=\"color: #ffffff; font-size: 12pt;\"><strong>4t<\/strong><\/span><\/td>\n<td style=\"text-align: left;\" width=\"400\"><strong>Mat\u00e8ries Comunes<\/strong><\/td>\n<td width=\"49\"><strong>Hores<\/strong><\/td>\n<td rowspan=\"14\" width=\"36\"><span style=\"font-size: 12pt;\"><strong>\u00a0<\/strong><\/span><\/td>\n<td style=\"text-align: left;\" width=\"400\"><strong>Itineraris<\/strong><\/td>\n<td width=\"49\"><strong>Hores<\/strong><\/td>\n<\/tr>\n<tr>\n<td style=\"background-color: #ffe4b5; text-align: left;\">Llengua Catalana i Literatura<\/td>\n<td style=\"background-color: #ffe4b5;\">3<\/td>\n<td style=\"background-color: #e6e6fa; text-align: left;\">F\u00edsica i Qu\u00edmica<\/td>\n<td style=\"background-color: #e6e6fa;\">3<\/td>\n<\/tr>\n<tr>\n<td style=\"background-color: #ffe4b5; text-align: left;\">Llengua Castellana i Literatura<\/td>\n<td style=\"background-color: #ffe4b5;\">3<\/td>\n<td style=\"background-color: #e6e6fa; text-align: left;\">Biologia 1<\/td>\n<td style=\"background-color: #e6e6fa;\">3<\/td>\n<\/tr>\n<tr>\n<td style=\"background-color: #ffe4b5; text-align: left;\">Llengua Anglesa<\/td>\n<td style=\"background-color: #ffe4b5;\">3<\/td>\n<td style=\"background-color: #e6e6fa; text-align: left;\">Tecnologia 1<\/td>\n<td style=\"background-color: #e6e6fa;\">3<\/td>\n<\/tr>\n<tr>\n<td style=\"background-color: #ffe4b5; text-align: left;\">Matem\u00e0tiques<\/td>\n<td style=\"background-color: #ffe4b5;\">4<\/td>\n<td style=\"background-color: #f0fff0; text-align: left;\">Llat\u00ed 1<\/td>\n<td style=\"background-color: #f0fff0; text-align: center;\">3<\/td>\n<\/tr>\n<tr>\n<td style=\"background-color: #ffe4b5; text-align: left;\">Ci\u00e8ncies Socials<\/td>\n<td style=\"background-color: #ffe4b5;\">3<\/td>\n<td style=\"background-color: #f0fff0; text-align: left;\">M\u00fasica<\/td>\n<td style=\"background-color: #f0fff0; text-align: center;\">3<\/td>\n<\/tr>\n<tr>\n<td style=\"background-color: #ffe4b5; text-align: left;\">Educaci\u00f3 F\u00edsica<\/td>\n<td style=\"background-color: #ffe4b5;\">2<\/td>\n<td style=\"background-color: #f0fff0; text-align: left;\">Franc\u00e8s<\/td>\n<td style=\"background-color: #f0fff0; text-align: center;\">3<\/td>\n<\/tr>\n<tr>\n<td style=\"background-color: #ffe4b5; text-align: left;\">Educaci\u00f3 \u00c8tico-C\u00edvica<\/td>\n<td style=\"background-color: #ffe4b5;\">1<\/td>\n<td style=\"background-color: #fff0f5; text-align: left;\">Biologia 2 \/ EVP<\/td>\n<td style=\"background-color: #fff0f5;\">3<\/td>\n<\/tr>\n<tr>\n<td style=\"background-color: #ffe4b5; text-align: left;\">Projecte de Lectura<\/td>\n<td style=\"background-color: #ffe4b5;\">1<\/td>\n<td style=\"background-color: #fff0f5; text-align: left;\">Inform\u00e0tica 1<\/td>\n<td style=\"background-color: #fff0f5;\">3<\/td>\n<\/tr>\n<tr>\n<td style=\"background-color: #ffe4b5; text-align: left;\">Tutoria<\/td>\n<td style=\"background-color: #ffe4b5;\">1<\/td>\n<td style=\"background-color: #fff0f5; text-align: left;\">Tecnologia 2 \/ Llat\u00ed 2<\/td>\n<td style=\"background-color: #fff0f5;\">3<\/td>\n<\/tr>\n<tr>\n<td style=\"background-color: #ffe4b5; text-align: left;\"><\/td>\n<td style=\"background-color: #ffe4b5;\"><\/td>\n<td style=\"background-color: #f5f5dc; text-align: left;\">Educaci\u00f3 Visual i Pl\u00e0stica<\/td>\n<td style=\"background-color: #f5f5dc;\">3<\/td>\n<\/tr>\n<tr>\n<td style=\"background-color: #ffe4b5; text-align: left;\"><\/td>\n<td style=\"background-color: #ffe4b5;\"><\/td>\n<td style=\"background-color: #f5f5dc; text-align: left;\">Inform\u00e0tica 2<\/td>\n<td style=\"background-color: #f5f5dc;\">3<\/td>\n<\/tr>\n<tr>\n<td style=\"background-color: #ffe4b5; text-align: left;\"><\/td>\n<td style=\"background-color: #ffe4b5;\"><\/td>\n<td style=\"background-color: #f5f5dc; text-align: left;\">Tecnologia 2<\/td>\n<td style=\"background-color: #f5f5dc;\">3<\/td>\n<\/tr>\n<tr>\n<td style=\"text-align: right;\" bgcolor=\"#99CCFF\"><strong>TOTAL\u00a0<\/strong><\/td>\n<td style=\"text-align: center;\" bgcolor=\"#A4D5FF\"><strong>21<\/strong><\/td>\n<td style=\"text-align: right;\" bgcolor=\"#99CCFF\"><strong>TOTAL\u00a0<\/strong><\/td>\n<td style=\"text-align: center;\" bgcolor=\"#A4D5FF\"><strong>9<\/strong><\/td>\n<\/tr>\n<\/tbody>\n<\/table>\n<h2 style=\"font-size: 13px; font-family: Verdana, Helvetica, sans-serif; color: #4db4b0; line-height: normal;\"><span style=\"color: #4682b4;\">Despr\u00e9s de l&#8217;ESO<\/span><\/h2>\n<p style=\"text-align: justify;\">L\u2019alumnat que obt\u00e9 el <strong>t\u00edtol de graduat o graduada en ESO<\/strong> pot accedir al batxillerat o b\u00e9 a un cicle formatiu de grau mitj\u00e0 de formaci\u00f3 professional, d\u2019ensenyaments esportius (si se supera\u00a0la prova espec\u00edfica d&#8217;acc\u00e9s)\u00a0o d\u2019arts pl\u00e0stiques i disseny.<\/p>\n<p style=\"text-align: justify;\">A partir dels 16 anys, si no es t\u00e9 el t\u00edtol de graduat o graduada en ESO, es pot accedir als estudis seg\u00fcents:<\/p>\n<ul style=\"text-align: justify;\">\n<li>els programes de qualificaci\u00f3 professional inicial (PQPI);<\/li>\n<li>la formaci\u00f3 de persones adultes;<\/li>\n<li>els ensenyaments d\u2019idiomes (des de l\u2019edat de 14 anys es pot estudiar un idioma diferent del que s\u2019ha cursat a l\u2019ESO), i<\/li>\n<li>els ensenyaments elementals i professionals de m\u00fasica i dansa, un cop superada la prova espec\u00edfica;<\/li>\n<\/ul>\n<p style=\"text-align: justify;\">Si no es t\u00e9 el t\u00edtol de graduat o graduada en ESO, a partir dels 17 anys es pot accedir als cicles formatius de grau mitj\u00e0, un cop superada la prova d\u2019acc\u00e9s. A m\u00e9s a m\u00e9s, a partir dels 18 anys es t\u00e9 acc\u00e9s a la prova lliura per a l&#8217;obtenci\u00f3 del t\u00edtol de graduat en educaci\u00f3 secund\u00e0ria obligat\u00f2ria<\/p>\n<p style=\"text-align: justify;\">Un cop acabada l\u2019ESO tamb\u00e9 es pot accedir al m\u00f3n laboral.<\/p>\n","protected":false},"excerpt":{"rendered":"<p>Qu\u00e8 \u00e9s l&#8217;ESO? L&#8217;etapa de l&#8217;educaci\u00f3 secund\u00e0ria obligat\u00f2ria (ESO) t\u00e9 car\u00e0cter obligatori i gratu\u00eft. Compr\u00e8n 4 cursos acad\u00e8mics que s&#8217;inicien, generalment, l&#8217;any natural en qu\u00e8 es compleixen els 12 anys i que s&#8217;acaben, normalment, als 16; amb car\u00e0cter general els alumnes tenen dret a romandre en el centre amb r\u00e8gim ordinari fins als 18 anys. [&hellip;]<\/p>\n","protected":false},"author":1,"featured_media":0,"parent":43,"menu_order":10,"comment_status":"closed","ping_status":"closed","template":"page-templates\/side-menu.php","meta":{"_bbp_topic_count":0,"_bbp_reply_count":0,"_bbp_total_topic_count":0,"_bbp_total_reply_count":0,"_bbp_voice_count":0,"_bbp_anonymous_reply_count":0,"_bbp_topic_count_hidden":0,"_bbp_reply_count_hidden":0,"_bbp_forum_subforum_count":0,"site-sidebar-layout":"default","site-content-layout":"","ast-site-content-layout":"","site-content-style":"default","site-sidebar-style":"default","ast-global-header-display":"","ast-banner-title-visibility":"","ast-main-header-display":"","ast-hfb-above-header-display":"","ast-hfb-below-header-display":"","ast-hfb-mobile-header-display":"","site-post-title":"","ast-breadcrumbs-content":"","ast-featured-img":"","footer-sml-layout":"","theme-transparent-header-meta":"","adv-header-id-meta":"","stick-header-meta":"","header-above-stick-meta":"","header-main-stick-meta":"","header-below-stick-meta":"","astra-migrate-meta-layouts":"default","ast-page-background-enabled":"default","ast-page-background-meta":{"desktop":{"background-color":"var(--ast-global-color-4)","background-image":"","background-repeat":"repeat","background-position":"center center","background-size":"auto","background-attachment":"scroll","background-type":"","background-media":"","overlay-type":"","overlay-color":"","overlay-opacity":"","overlay-gradient":""},"tablet":{"background-color":"","background-image":"","background-repeat":"repeat","background-position":"center center","background-size":"auto","background-attachment":"scroll","background-type":"","background-media":"","overlay-type":"","overlay-color":"","overlay-opacity":"","overlay-gradient":""},"mobile":{"background-color":"","background-image":"","background-repeat":"repeat","background-position":"center center","background-size":"auto","background-attachment":"scroll","background-type":"","background-media":"","overlay-type":"","overlay-color":"","overlay-opacity":"","overlay-gradient":""}},"ast-content-background-meta":{"desktop":{"background-color":"var(--ast-global-color-5)","background-image":"","background-repeat":"repeat","background-position":"center center","background-size":"auto","background-attachment":"scroll","background-type":"","background-media":"","overlay-type":"","overlay-color":"","overlay-opacity":"","overlay-gradient":""},"tablet":{"background-color":"var(--ast-global-color-5)","background-image":"","background-repeat":"repeat","background-position":"center center","background-size":"auto","background-attachment":"scroll","background-type":"","background-media":"","overlay-type":"","overlay-color":"","overlay-opacity":"","overlay-gradient":""},"mobile":{"background-color":"var(--ast-global-color-5)","background-image":"","background-repeat":"repeat","background-position":"center center","background-size":"auto","background-attachment":"scroll","background-type":"","background-media":"","overlay-type":"","overlay-color":"","overlay-opacity":"","overlay-gradient":""}},"footnotes":""},"class_list":["post-680","page","type-page","status-publish","hentry"],"post_mailing_queue_ids":[],"_links":{"self":[{"href":"https:\/\/agora.xtec.cat\/ieslestermes\/wp-json\/wp\/v2\/pages\/680","targetHints":{"allow":["GET"]}}],"collection":[{"href":"https:\/\/agora.xtec.cat\/ieslestermes\/wp-json\/wp\/v2\/pages"}],"about":[{"href":"https:\/\/agora.xtec.cat\/ieslestermes\/wp-json\/wp\/v2\/types\/page"}],"author":[{"embeddable":true,"href":"https:\/\/agora.xtec.cat\/ieslestermes\/wp-json\/wp\/v2\/users\/1"}],"replies":[{"embeddable":true,"href":"https:\/\/agora.xtec.cat\/ieslestermes\/wp-json\/wp\/v2\/comments?post=680"}],"version-history":[{"count":3,"href":"https:\/\/agora.xtec.cat\/ieslestermes\/wp-json\/wp\/v2\/pages\/680\/revisions"}],"predecessor-version":[{"id":683,"href":"https:\/\/agora.xtec.cat\/ieslestermes\/wp-json\/wp\/v2\/pages\/680\/revisions\/683"}],"up":[{"embeddable":true,"href":"https:\/\/agora.xtec.cat\/ieslestermes\/wp-json\/wp\/v2\/pages\/43"}],"wp:attachment":[{"href":"https:\/\/agora.xtec.cat\/ieslestermes\/wp-json\/wp\/v2\/media?parent=680"}],"curies":[{"name":"wp","href":"https:\/\/api.w.org\/{rel}","templated":true}]}}