{"id":46,"date":"2014-09-17T16:53:45","date_gmt":"2014-09-17T16:53:45","guid":{"rendered":"http:\/\/agora.xtec.cat\/ieslestermes\/?page_id=46"},"modified":"2025-09-17T08:46:29","modified_gmt":"2025-09-17T06:46:29","slug":"organigrama","status":"publish","type":"page","link":"https:\/\/agora.xtec.cat\/ieslestermes\/linstitut\/organigrama\/","title":{"rendered":"Organigrama"},"content":{"rendered":"<h1><span style=\"font-family: helvetica; color: #4682b4; font-size: 14pt;\"><strong>Equip Directiu<\/strong><\/span><\/h1>\n<ul>\n<li style=\"line-height: 20px;\">\n<div style=\"font-size: 11px;\"><span style=\"font-size: 10pt;\"><strong>Directora: <\/strong>Joaquim Oltra<\/span><\/div>\n<\/li>\n<li style=\"line-height: 20px;\">\n<div style=\"font-size: 11px;\"><span style=\"font-size: 10pt;\"><strong>Secretari: <\/strong>I\u00f1aki C\u00e1novas<br \/>\n<\/span><\/div>\n<\/li>\n<li style=\"line-height: 20px;\">\n<div style=\"font-size: 11px;\"><span style=\"font-size: 10pt;\"><strong>Cap d&#8217;estudis: <\/strong>Rebeca Garc\u00eda<\/span><\/div>\n<\/li>\n<li style=\"line-height: 20px;\">\n<div style=\"font-size: 11px;\"><span style=\"font-size: 10pt;\"><span style=\"font-size: 10pt;\"><strong>Coordinadora pedag\u00f2gica: <\/strong>Maica Castellano<\/span><\/span><\/div>\n<\/li>\n<\/ul>\n<hr class=\"mceItemPageBreak\" title=\"Coordinacions de Nivell\" data-mce-alt=\"Coordinacions de Nivell\" \/>\n<h1 style=\"font-size: 20px; font-family: 'Segoe UI', Arial, Helvetica, sans-serif; padding: 0px; margin: 1em 0px 1em 0px;\"><span style=\"color: #4682b4; font-family: helvetica; font-size: 14pt;\"><strong>Coordinacions de Nivell<\/strong><\/span><\/h1>\n<ul>\n<li><span style=\"font-size: 10pt;\"><strong>Primer d&#8217;ESO:<\/strong> Rub\u00e9n Mu\u00f1oz<br \/>\n<\/span><\/li>\n<li><span style=\"font-size: 10pt;\"><strong>Segon d&#8217;ESO:<\/strong> Vicente Garc\u00eda<br \/>\n<\/span><\/li>\n<li><span style=\"font-size: 10pt;\"><strong>Tercer d&#8217;ESO:<\/strong> Marta Prats<br \/>\n<\/span><\/li>\n<li><span style=\"font-size: 10pt;\"><strong>Quart d&#8217;ESO: <\/strong> Carolina Garcia<br \/>\n<\/span><\/li>\n<li><span style=\"font-size: 10pt;\"><strong>Batxillerat:<\/strong> Sara Elipe<br \/>\n<\/span><\/li>\n<\/ul>\n<hr class=\"mceItemPageBreak\" title=\"Caps de Departament\" data-mce-alt=\"Caps de Departament\" \/>\n<p><span style=\"font-family: helvetica; font-size: 14pt;\">\u00a0<\/span><span style=\"color: #4682b4; font-family: helvetica; font-size: 14pt;\"><strong>Caps de Departament<br \/>\n<\/strong><\/span><\/p>\n<ul>\n<li style=\"line-height: 20px;\">\n<div style=\"font-size: 11px;\"><span style=\"font-size: 10pt;\"><strong>Ci\u00e8ncies Experimentals:\u00a0<\/strong>C\u00e9sar Jim\u00e9nez<br \/>\n<\/span><\/div>\n<\/li>\n<li style=\"line-height: 20px;\">\n<div style=\"font-size: 11px;\"><span style=\"font-size: 10pt;\"><span style=\"font-size: 10pt;\"><strong>Ci\u00e8ncies Socials:\u00a0<\/strong>Eric Sheldon<br \/>\n<\/span><\/span><\/div>\n<\/li>\n<li style=\"line-height: 20px;\">\n<div style=\"font-size: 11px;\"><span style=\"font-size: 10pt;\"><strong>Expressi\u00f3: <\/strong>Jaume Carballo<\/span><\/div>\n<\/li>\n<li style=\"line-height: 20px;\">\n<div style=\"font-size: 11px;\"><span style=\"font-size: 10pt;\"><strong>Llengua Catalana i Literatura:\u00a0<\/strong> Joel Belmonte<br \/>\n<\/span><\/div>\n<\/li>\n<li><span style=\"font-size: 10pt;\"><strong>Llengua Castellana i Literatura:\u00a0<\/strong> Elena Olmos<br \/>\n<\/span><\/li>\n<li><span style=\"font-size: 10pt;\"><span style=\"font-size: 13.3333px;\"><b>Lleng\u00fces<\/b><\/span><b style=\"font-size: 10pt;\"> Estrangeres:\u00a0<\/b>Aina Sanxo<br \/>\n<\/span><\/li>\n<li><span style=\"font-size: 10pt;\"><strong>Matem\u00e0tiques:<\/strong> Cristina Garc\u00eda<br \/>\n<\/span><\/li>\n<li><span style=\"font-size: 10pt;\"><strong>Orientaci\u00f3:<\/strong> Ana Valero<br \/>\n<\/span><\/li>\n<li><span style=\"font-size: 10pt;\"><strong>Tecnologia:<\/strong> Irene Peso<\/span><\/li>\n<\/ul>\n<hr class=\"mceItemPageBreak\" title=\"Coordinacions\" data-mce-alt=\"Coordinacions\" \/>\n<p><strong><span style=\"font-family: 'Segoe UI', Arial, Helvetica, sans-serif; font-size: 20px; font-weight: bold;\"><span style=\"font-family: helvetica; color: #4682b4; font-size: 14pt;\">Coordinacions T\u00e8cniques<\/span><\/span><\/strong><\/p>\n<ul>\n<li style=\"line-height: 20px;\"><span style=\"font-size: 10pt;\"><strong>Activitats i Serveis Socials: <\/strong>Jordi Creus<br \/>\n<\/span><\/li>\n<li style=\"line-height: 20px;\"><strong style=\"font-size: 10pt;\">LIC: <\/strong><span style=\"font-size: 10pt;\">Anna Vidal<\/span><\/li>\n<li style=\"line-height: 20px;\"><span style=\"font-size: 10pt;\"><strong>Riscos Laborals: <\/strong> Ivan Albacete<br \/>\n<\/span><\/li>\n<li style=\"line-height: 20px;\"><span style=\"font-size: 10pt;\"><strong>TAC: <\/strong> Victor P\u00e9rez<br \/>\n<\/span><\/li>\n<li><span style=\"font-size: 10pt;\"><strong> TEI: <\/strong> Ana Valera<br \/>\n<\/span><\/li>\n<li style=\"line-height: 20px;\"><span style=\"font-size: 10pt;\"><strong> Servei comunitari: <\/strong> Raquel Serrano<br \/>\n<\/span><\/li>\n<li style=\"line-height: 20px;\"><span style=\"font-size: 10pt;\"><strong> Gestora de communitats i coordinadora TIC: <\/strong> Meritxell Saperas<br \/>\n<\/span><\/li>\n<\/ul>\n<hr class=\"mceItemPageBreak\" title=\"Tutories ESO i Batxillerat\" data-mce-alt=\"Tutories ESO i Batxillerat\" \/>\n<p><strong style=\"font-family: 'Segoe UI', Arial, Helvetica, sans-serif; font-size: 20px;\"><strong><span style=\"color: #4682b4;\"><span style=\"font-family: helvetica; font-size: 14pt;\">Tutories ESO i Batxillerat<\/span><\/span><\/strong><\/strong><\/p>\n<ul>\n<li style=\"list-style-type: none;\">\n<ul>\n<li style=\"line-height: 20px;\"><span style=\"font-size: 10pt;\"><strong>Primer ESO A: <\/strong>Ruben Mu\u00f1oz<br \/>\n<\/span><\/li>\n<li style=\"line-height: 20px;\"><span style=\"font-size: 10pt;\"><strong>Primer ESO B: <\/strong>Irene Peso<br \/>\n<\/span><\/li>\n<li style=\"line-height: 20px;\"><span style=\"font-size: 10pt;\"><strong>Primer ESO C: <\/strong>Aina Sanxo<br \/>\n<\/span><\/li>\n<li style=\"line-height: 20px;\"><span style=\"font-size: 10pt;\"><strong>Primer ESO D:<\/strong> Rita Bruguera<br \/>\n<\/span><\/li>\n<\/ul>\n<\/li>\n<\/ul>\n<p>&nbsp;<\/p>\n<ul>\n<li style=\"list-style-type: none;\">\n<ul>\n<li style=\"line-height: 20px;\"><span style=\"font-size: 10pt;\"><strong>Segon ESO A: <\/strong>Vicente Garc\u00eda<br \/>\n<\/span><\/li>\n<li style=\"line-height: 20px;\"><span style=\"font-size: 10pt;\"><strong>Segon ESO B: <\/strong>Nerea Mesalles<br \/>\n<\/span><\/li>\n<li style=\"line-height: 20px;\"><span style=\"font-size: 10pt;\"><strong>Segon ESO C:<\/strong>  Jud Olarte<br \/>\n<\/span><\/li>\n<li style=\"line-height: 20px;\"><span style=\"font-size: 10pt;\"><strong>Segon ESO D:\u00a0<\/strong>Victoria Muriach<br \/>\n<\/span><\/li>\n<\/ul>\n<\/li>\n<\/ul>\n<p>&nbsp;<\/p>\n<ul>\n<li style=\"list-style-type: none;\">\n<ul>\n<li style=\"line-height: 20px;\"><span style=\"font-size: 10pt;\"><strong>Tercer ESO A: <\/strong>Marta Prats<br \/>\n<\/span><\/li>\n<li style=\"line-height: 20px;\"><span style=\"font-size: 10pt;\"><strong>Tercer ESO B: <\/strong>Eric Ellis<br \/>\n<\/span><\/li>\n<li style=\"line-height: 20px;\"><span style=\"font-size: 10pt;\"><strong>Tercer ESO C: <\/strong>Elisabeth Rodr\u00edguez<br \/>\n<\/span><\/li>\n<\/ul>\n<p>&nbsp;<\/p>\n<ul>\n<li style=\"line-height: 20px;\"><span style=\"font-size: 10pt;\"><strong>Quart ESO A:\u00a0<\/strong>Carolina Garc\u00eda<br \/>\n<\/span><\/li>\n<li style=\"line-height: 20px;\"><span style=\"font-size: 10pt;\"><strong>Quart ESO B:<\/strong> Carlos Navarro<br \/>\n<\/span><\/li>\n<li style=\"line-height: 20px;\"><span style=\"font-size: 10pt;\"><strong>Quart ESO C:<\/strong> Andr\u00e9s Alc\u00e1ntara<br \/>\n<\/span><\/li>\n<\/ul>\n<p>&nbsp;<\/p>\n<ul>\n<li style=\"line-height: 20px;\"><span style=\"font-size: 10pt;\"><strong>Primer Batxillerat A: <\/strong>V\u00edctor P\u00e9rez<br \/>\n<\/span><\/li>\n<li style=\"line-height: 20px;\"><span style=\"font-size: 10pt;\"><strong>Primer Batxillerat B: <\/strong>Estefania Fern\u00e1ndez<br \/>\n<\/span><\/li>\n<li style=\"line-height: 20px;\"><span style=\"font-size: 10pt;\"><strong>Primer Batxillerat C: <\/strong>Cl\u00e0udia Aguilar<br \/>\n<\/span><\/li>\n<li style=\"line-height: 20px;\"><span style=\"font-size: 10pt;\"><strong>Segon Batxillerat A: <\/strong>\u00d2scar Ulloa<br \/>\n<\/span><\/li>\n<li style=\"line-height: 20px;\"><span style=\"font-size: 10pt;\"><strong>Segon Batxillerat B: <\/strong>Dom\u00e8nec Creus<\/span><\/li>\n<\/ul>\n<\/li>\n<\/ul>\n","protected":false},"excerpt":{"rendered":"<p>Equip Directiu Directora: Joaquim Oltra Secretari: I\u00f1aki C\u00e1novas Cap d&#8217;estudis: Rebeca Garc\u00eda Coordinadora pedag\u00f2gica: Maica Castellano Coordinacions de Nivell Primer d&#8217;ESO: Rub\u00e9n Mu\u00f1oz Segon d&#8217;ESO: Vicente Garc\u00eda Tercer d&#8217;ESO: Marta Prats Quart d&#8217;ESO: Carolina Garcia Batxillerat: Sara Elipe \u00a0Caps de Departament Ci\u00e8ncies Experimentals:\u00a0C\u00e9sar Jim\u00e9nez Ci\u00e8ncies Socials:\u00a0Eric Sheldon Expressi\u00f3: Jaume Carballo Llengua Catalana i Literatura:\u00a0 Joel [&hellip;]<\/p>\n","protected":false},"author":1,"featured_media":0,"parent":19,"menu_order":30,"comment_status":"closed","ping_status":"closed","template":"page-templates\/side-menu.php","meta":{"_bbp_topic_count":0,"_bbp_reply_count":0,"_bbp_total_topic_count":0,"_bbp_total_reply_count":0,"_bbp_voice_count":0,"_bbp_anonymous_reply_count":0,"_bbp_topic_count_hidden":0,"_bbp_reply_count_hidden":0,"_bbp_forum_subforum_count":0,"site-sidebar-layout":"default","site-content-layout":"","ast-site-content-layout":"","site-content-style":"default","site-sidebar-style":"default","ast-global-header-display":"","ast-banner-title-visibility":"","ast-main-header-display":"","ast-hfb-above-header-display":"","ast-hfb-below-header-display":"","ast-hfb-mobile-header-display":"","site-post-title":"","ast-breadcrumbs-content":"","ast-featured-img":"","footer-sml-layout":"","theme-transparent-header-meta":"","adv-header-id-meta":"","stick-header-meta":"","header-above-stick-meta":"","header-main-stick-meta":"","header-below-stick-meta":"","astra-migrate-meta-layouts":"default","ast-page-background-enabled":"default","ast-page-background-meta":{"desktop":{"background-color":"var(--ast-global-color-4)","background-image":"","background-repeat":"repeat","background-position":"center center","background-size":"auto","background-attachment":"scroll","background-type":"","background-media":"","overlay-type":"","overlay-color":"","overlay-opacity":"","overlay-gradient":""},"tablet":{"background-color":"","background-image":"","background-repeat":"repeat","background-position":"center center","background-size":"auto","background-attachment":"scroll","background-type":"","background-media":"","overlay-type":"","overlay-color":"","overlay-opacity":"","overlay-gradient":""},"mobile":{"background-color":"","background-image":"","background-repeat":"repeat","background-position":"center center","background-size":"auto","background-attachment":"scroll","background-type":"","background-media":"","overlay-type":"","overlay-color":"","overlay-opacity":"","overlay-gradient":""}},"ast-content-background-meta":{"desktop":{"background-color":"var(--ast-global-color-5)","background-image":"","background-repeat":"repeat","background-position":"center center","background-size":"auto","background-attachment":"scroll","background-type":"","background-media":"","overlay-type":"","overlay-color":"","overlay-opacity":"","overlay-gradient":""},"tablet":{"background-color":"var(--ast-global-color-5)","background-image":"","background-repeat":"repeat","background-position":"center center","background-size":"auto","background-attachment":"scroll","background-type":"","background-media":"","overlay-type":"","overlay-color":"","overlay-opacity":"","overlay-gradient":""},"mobile":{"background-color":"var(--ast-global-color-5)","background-image":"","background-repeat":"repeat","background-position":"center center","background-size":"auto","background-attachment":"scroll","background-type":"","background-media":"","overlay-type":"","overlay-color":"","overlay-opacity":"","overlay-gradient":""}},"footnotes":""},"class_list":["post-46","page","type-page","status-publish","hentry"],"post_mailing_queue_ids":[],"_links":{"self":[{"href":"https:\/\/agora.xtec.cat\/ieslestermes\/wp-json\/wp\/v2\/pages\/46","targetHints":{"allow":["GET"]}}],"collection":[{"href":"https:\/\/agora.xtec.cat\/ieslestermes\/wp-json\/wp\/v2\/pages"}],"about":[{"href":"https:\/\/agora.xtec.cat\/ieslestermes\/wp-json\/wp\/v2\/types\/page"}],"author":[{"embeddable":true,"href":"https:\/\/agora.xtec.cat\/ieslestermes\/wp-json\/wp\/v2\/users\/1"}],"replies":[{"embeddable":true,"href":"https:\/\/agora.xtec.cat\/ieslestermes\/wp-json\/wp\/v2\/comments?post=46"}],"version-history":[{"count":6,"href":"https:\/\/agora.xtec.cat\/ieslestermes\/wp-json\/wp\/v2\/pages\/46\/revisions"}],"predecessor-version":[{"id":3908,"href":"https:\/\/agora.xtec.cat\/ieslestermes\/wp-json\/wp\/v2\/pages\/46\/revisions\/3908"}],"up":[{"embeddable":true,"href":"https:\/\/agora.xtec.cat\/ieslestermes\/wp-json\/wp\/v2\/pages\/19"}],"wp:attachment":[{"href":"https:\/\/agora.xtec.cat\/ieslestermes\/wp-json\/wp\/v2\/media?parent=46"}],"curies":[{"name":"wp","href":"https:\/\/api.w.org\/{rel}","templated":true}]}}