{"id":81,"date":"2014-09-18T10:38:05","date_gmt":"2014-09-18T10:38:05","guid":{"rendered":"http:\/\/agora.xtec.cat\/ieslesplanes\/?page_id=81"},"modified":"2025-12-11T16:34:23","modified_gmt":"2025-12-11T15:34:23","slug":"secretaria","status":"publish","type":"page","link":"https:\/\/agora.xtec.cat\/ieslesplanes\/pagines-dinici\/secretaria\/","title":{"rendered":"INFORMACI\u00d3 PAGAMENTS DE LES SORTIDES ESCOLARS"},"content":{"rendered":"<p><strong><b>Opci\u00f3 A (amb app): <\/b><\/strong><strong>Pagament a trav\u00e9s de l\u2019aplicaci\u00f3 m\u00f2bil de l\u2019entitat banc\u00e0ria CaixaBankNow<\/strong><\/p>\n<table style=\"border-collapse: collapse; width: 100%; height: 32px;\">\n<tbody>\n<tr style=\"height: 32px;\">\n<td style=\"height: 32px; width: 51.1541%;\" colspan=\"2\"><img loading=\"lazy\" decoding=\"async\" class=\"wp-image-4685 aligncenter\" src=\"https:\/\/agora.xtec.cat\/ieslesplanes\/wp-content\/uploads\/usu229\/2025\/10\/01.jpg\" alt=\"\" width=\"319\" height=\"163\" srcset=\"https:\/\/agora.xtec.cat\/ieslesplanes\/wp-content\/uploads\/usu229\/2025\/10\/01.jpg 945w, https:\/\/agora.xtec.cat\/ieslesplanes\/wp-content\/uploads\/usu229\/2025\/10\/01-300x153.jpg 300w, https:\/\/agora.xtec.cat\/ieslesplanes\/wp-content\/uploads\/usu229\/2025\/10\/01-768x393.jpg 768w\" sizes=\"auto, (max-width: 319px) 100vw, 319px\" \/><\/td>\n<td style=\"width: 47.1323%; height: 32px;\"><img loading=\"lazy\" decoding=\"async\" class=\"wp-image-4703 aligncenter\" style=\"background-color: #f9f9f9;\" src=\"https:\/\/agora.xtec.cat\/ieslesplanes\/wp-content\/uploads\/usu229\/2025\/10\/02-web.png\" alt=\"\" width=\"237\" height=\"235\" srcset=\"https:\/\/agora.xtec.cat\/ieslesplanes\/wp-content\/uploads\/usu229\/2025\/10\/02-web.png 1116w, https:\/\/agora.xtec.cat\/ieslesplanes\/wp-content\/uploads\/usu229\/2025\/10\/02-web-300x297.png 300w, https:\/\/agora.xtec.cat\/ieslesplanes\/wp-content\/uploads\/usu229\/2025\/10\/02-web-1024x1013.png 1024w, https:\/\/agora.xtec.cat\/ieslesplanes\/wp-content\/uploads\/usu229\/2025\/10\/02-web-150x150.png 150w, https:\/\/agora.xtec.cat\/ieslesplanes\/wp-content\/uploads\/usu229\/2025\/10\/02-web-768x760.png 768w\" sizes=\"auto, (max-width: 237px) 100vw, 237px\" \/><\/td>\n<\/tr>\n<tr>\n<td style=\"width: 51.1541%;\" colspan=\"2\"><img loading=\"lazy\" decoding=\"async\" class=\"wp-image-4702 aligncenter\" src=\"https:\/\/agora.xtec.cat\/ieslesplanes\/wp-content\/uploads\/usu229\/2025\/10\/03-web.png\" alt=\"\" width=\"227\" height=\"318\" srcset=\"https:\/\/agora.xtec.cat\/ieslesplanes\/wp-content\/uploads\/usu229\/2025\/10\/03-web.png 1016w, https:\/\/agora.xtec.cat\/ieslesplanes\/wp-content\/uploads\/usu229\/2025\/10\/03-web-214x300.png 214w, https:\/\/agora.xtec.cat\/ieslesplanes\/wp-content\/uploads\/usu229\/2025\/10\/03-web-730x1024.png 730w, https:\/\/agora.xtec.cat\/ieslesplanes\/wp-content\/uploads\/usu229\/2025\/10\/03-web-768x1078.png 768w\" sizes=\"auto, (max-width: 227px) 100vw, 227px\" \/><\/td>\n<td style=\"width: 47.1323%;\"><img loading=\"lazy\" decoding=\"async\" class=\"wp-image-4684 aligncenter\" style=\"background-color: #ffffff;\" src=\"https:\/\/agora.xtec.cat\/ieslesplanes\/wp-content\/uploads\/usu229\/2025\/10\/04.jpg\" alt=\"\" width=\"181\" height=\"301\" srcset=\"https:\/\/agora.xtec.cat\/ieslesplanes\/wp-content\/uploads\/usu229\/2025\/10\/04.jpg 656w, https:\/\/agora.xtec.cat\/ieslesplanes\/wp-content\/uploads\/usu229\/2025\/10\/04-181x300.jpg 181w, https:\/\/agora.xtec.cat\/ieslesplanes\/wp-content\/uploads\/usu229\/2025\/10\/04-616x1024.jpg 616w\" sizes=\"auto, (max-width: 181px) 100vw, 181px\" \/><\/td>\n<\/tr>\n<\/tbody>\n<\/table>\n<p><b>Opci\u00f3 B (amb targeta de cr\u00e8dit):<\/b><\/p>\n<p>En cas de ser d\u2019una entitat banc\u00e0ria diferent, podeu fer el pagament accedint a:<br \/>\n<a href=\"https:\/\/www4.caixabank.es\/apl\/pagos\/codigoBarras_es.html\" target=\"_blank\" rel=\"noopener\" data-saferedirecturl=\"https:\/\/www.google.com\/url?q=https:\/\/www4.caixabank.es\/apl\/pagos\/codigoBarras_es.html&amp;source=gmail&amp;ust=1760080327084000&amp;usg=AOvVaw3i1Fca6M4jnzrGlV8aIcYJ\">https:\/\/www4.caixabank.es\/apl\/<wbr \/>pagos\/codigoBarras_es.html<\/a>\u00a0i caldr\u00e0 teclejar el n\u00famero del codi de barres.<\/p>\n<table style=\"border-collapse: collapse; width: 100%;\">\n<tbody>\n<tr>\n<td style=\"width: 50%;\"><img loading=\"lazy\" decoding=\"async\" class=\"alignnone size-full wp-image-4687\" src=\"https:\/\/agora.xtec.cat\/ieslesplanes\/wp-content\/uploads\/usu229\/2025\/10\/opcioB-01.png\" alt=\"\" width=\"1778\" height=\"1226\" srcset=\"https:\/\/agora.xtec.cat\/ieslesplanes\/wp-content\/uploads\/usu229\/2025\/10\/opcioB-01.png 1778w, https:\/\/agora.xtec.cat\/ieslesplanes\/wp-content\/uploads\/usu229\/2025\/10\/opcioB-01-300x207.png 300w, https:\/\/agora.xtec.cat\/ieslesplanes\/wp-content\/uploads\/usu229\/2025\/10\/opcioB-01-1024x706.png 1024w, https:\/\/agora.xtec.cat\/ieslesplanes\/wp-content\/uploads\/usu229\/2025\/10\/opcioB-01-768x530.png 768w, https:\/\/agora.xtec.cat\/ieslesplanes\/wp-content\/uploads\/usu229\/2025\/10\/opcioB-01-1536x1059.png 1536w\" sizes=\"auto, (max-width: 1778px) 100vw, 1778px\" \/><\/td>\n<td style=\"width: 50%;\"><img loading=\"lazy\" decoding=\"async\" class=\"alignnone size-full wp-image-4688\" src=\"https:\/\/agora.xtec.cat\/ieslesplanes\/wp-content\/uploads\/usu229\/2025\/10\/opcioB-02.png\" alt=\"\" width=\"1784\" height=\"1244\" srcset=\"https:\/\/agora.xtec.cat\/ieslesplanes\/wp-content\/uploads\/usu229\/2025\/10\/opcioB-02.png 1784w, https:\/\/agora.xtec.cat\/ieslesplanes\/wp-content\/uploads\/usu229\/2025\/10\/opcioB-02-300x209.png 300w, https:\/\/agora.xtec.cat\/ieslesplanes\/wp-content\/uploads\/usu229\/2025\/10\/opcioB-02-1024x714.png 1024w, https:\/\/agora.xtec.cat\/ieslesplanes\/wp-content\/uploads\/usu229\/2025\/10\/opcioB-02-768x536.png 768w, https:\/\/agora.xtec.cat\/ieslesplanes\/wp-content\/uploads\/usu229\/2025\/10\/opcioB-02-1536x1071.png 1536w\" sizes=\"auto, (max-width: 1784px) 100vw, 1784px\" \/><\/td>\n<\/tr>\n<tr>\n<td style=\"width: 50%;\"><img loading=\"lazy\" decoding=\"async\" class=\"alignnone size-full wp-image-4689\" style=\"background-color: #ffffff;\" src=\"https:\/\/agora.xtec.cat\/ieslesplanes\/wp-content\/uploads\/usu229\/2025\/10\/opcioB-03.png\" alt=\"\" width=\"1774\" height=\"1374\" srcset=\"https:\/\/agora.xtec.cat\/ieslesplanes\/wp-content\/uploads\/usu229\/2025\/10\/opcioB-03.png 1774w, https:\/\/agora.xtec.cat\/ieslesplanes\/wp-content\/uploads\/usu229\/2025\/10\/opcioB-03-300x232.png 300w, https:\/\/agora.xtec.cat\/ieslesplanes\/wp-content\/uploads\/usu229\/2025\/10\/opcioB-03-1024x793.png 1024w, https:\/\/agora.xtec.cat\/ieslesplanes\/wp-content\/uploads\/usu229\/2025\/10\/opcioB-03-768x595.png 768w, https:\/\/agora.xtec.cat\/ieslesplanes\/wp-content\/uploads\/usu229\/2025\/10\/opcioB-03-1536x1190.png 1536w\" sizes=\"auto, (max-width: 1774px) 100vw, 1774px\" \/><\/td>\n<td style=\"width: 50%;\"><img loading=\"lazy\" decoding=\"async\" class=\"alignnone size-full wp-image-4690\" style=\"background-color: #ffffff;\" src=\"https:\/\/agora.xtec.cat\/ieslesplanes\/wp-content\/uploads\/usu229\/2025\/10\/opcioB-04.png\" alt=\"\" width=\"1202\" height=\"1146\" srcset=\"https:\/\/agora.xtec.cat\/ieslesplanes\/wp-content\/uploads\/usu229\/2025\/10\/opcioB-04.png 1202w, https:\/\/agora.xtec.cat\/ieslesplanes\/wp-content\/uploads\/usu229\/2025\/10\/opcioB-04-300x286.png 300w, https:\/\/agora.xtec.cat\/ieslesplanes\/wp-content\/uploads\/usu229\/2025\/10\/opcioB-04-1024x976.png 1024w, https:\/\/agora.xtec.cat\/ieslesplanes\/wp-content\/uploads\/usu229\/2025\/10\/opcioB-04-768x732.png 768w\" sizes=\"auto, (max-width: 1202px) 100vw, 1202px\" \/><\/td>\n<\/tr>\n<\/tbody>\n<\/table>\n<p dir=\"ltr\"><strong>Opci\u00f3 C (al caixer):<\/strong>\u00a0Tamb\u00e9 podeu despla\u00e7ar-vos a una entitat banc\u00e0ria de CaixaBank i fer el pagament a trav\u00e9s del caixer.<\/p>\n","protected":false},"excerpt":{"rendered":"<p>Opci\u00f3 A (amb app): Pagament a trav\u00e9s de l\u2019aplicaci\u00f3 m\u00f2bil de l\u2019entitat banc\u00e0ria CaixaBankNow Opci\u00f3 B (amb targeta de cr\u00e8dit): En cas de ser d\u2019una entitat banc\u00e0ria diferent, podeu fer el pagament accedint a: https:\/\/www4.caixabank.es\/apl\/pagos\/codigoBarras_es.html\u00a0i caldr\u00e0 teclejar el n\u00famero del codi de barres. Opci\u00f3 C (al caixer):\u00a0Tamb\u00e9 podeu despla\u00e7ar-vos a una entitat banc\u00e0ria de CaixaBank [&hellip;]<\/p>\n","protected":false},"author":1,"featured_media":0,"parent":7,"menu_order":0,"comment_status":"closed","ping_status":"closed","template":"","meta":{"_bbp_topic_count":0,"_bbp_reply_count":0,"_bbp_total_topic_count":0,"_bbp_total_reply_count":0,"_bbp_voice_count":0,"_bbp_anonymous_reply_count":0,"_bbp_topic_count_hidden":0,"_bbp_reply_count_hidden":0,"_bbp_forum_subforum_count":0,"site-sidebar-layout":"default","site-content-layout":"","ast-site-content-layout":"default","site-content-style":"default","site-sidebar-style":"default","ast-global-header-display":"","ast-banner-title-visibility":"","ast-main-header-display":"","ast-hfb-above-header-display":"","ast-hfb-below-header-display":"","ast-hfb-mobile-header-display":"","site-post-title":"","ast-breadcrumbs-content":"","ast-featured-img":"","footer-sml-layout":"","theme-transparent-header-meta":"default","adv-header-id-meta":"","stick-header-meta":"","header-above-stick-meta":"","header-main-stick-meta":"","header-below-stick-meta":"","astra-migrate-meta-layouts":"set","ast-page-background-enabled":"default","ast-page-background-meta":{"desktop":{"background-color":"var(--ast-global-color-4)","background-image":"","background-repeat":"repeat","background-position":"center center","background-size":"auto","background-attachment":"scroll","background-type":"","background-media":"","overlay-type":"","overlay-color":"","overlay-opacity":"","overlay-gradient":""},"tablet":{"background-color":"","background-image":"","background-repeat":"repeat","background-position":"center center","background-size":"auto","background-attachment":"scroll","background-type":"","background-media":"","overlay-type":"","overlay-color":"","overlay-opacity":"","overlay-gradient":""},"mobile":{"background-color":"","background-image":"","background-repeat":"repeat","background-position":"center center","background-size":"auto","background-attachment":"scroll","background-type":"","background-media":"","overlay-type":"","overlay-color":"","overlay-opacity":"","overlay-gradient":""}},"ast-content-background-meta":{"desktop":{"background-color":"var(--ast-global-color-5)","background-image":"","background-repeat":"repeat","background-position":"center center","background-size":"auto","background-attachment":"scroll","background-type":"","background-media":"","overlay-type":"","overlay-color":"","overlay-opacity":"","overlay-gradient":""},"tablet":{"background-color":"var(--ast-global-color-5)","background-image":"","background-repeat":"repeat","background-position":"center center","background-size":"auto","background-attachment":"scroll","background-type":"","background-media":"","overlay-type":"","overlay-color":"","overlay-opacity":"","overlay-gradient":""},"mobile":{"background-color":"var(--ast-global-color-5)","background-image":"","background-repeat":"repeat","background-position":"center center","background-size":"auto","background-attachment":"scroll","background-type":"","background-media":"","overlay-type":"","overlay-color":"","overlay-opacity":"","overlay-gradient":""}},"footnotes":""},"class_list":["post-81","page","type-page","status-publish","hentry"],"post_mailing_queue_ids":[],"_links":{"self":[{"href":"https:\/\/agora.xtec.cat\/ieslesplanes\/wp-json\/wp\/v2\/pages\/81","targetHints":{"allow":["GET"]}}],"collection":[{"href":"https:\/\/agora.xtec.cat\/ieslesplanes\/wp-json\/wp\/v2\/pages"}],"about":[{"href":"https:\/\/agora.xtec.cat\/ieslesplanes\/wp-json\/wp\/v2\/types\/page"}],"author":[{"embeddable":true,"href":"https:\/\/agora.xtec.cat\/ieslesplanes\/wp-json\/wp\/v2\/users\/1"}],"replies":[{"embeddable":true,"href":"https:\/\/agora.xtec.cat\/ieslesplanes\/wp-json\/wp\/v2\/comments?post=81"}],"version-history":[{"count":7,"href":"https:\/\/agora.xtec.cat\/ieslesplanes\/wp-json\/wp\/v2\/pages\/81\/revisions"}],"predecessor-version":[{"id":4706,"href":"https:\/\/agora.xtec.cat\/ieslesplanes\/wp-json\/wp\/v2\/pages\/81\/revisions\/4706"}],"up":[{"embeddable":true,"href":"https:\/\/agora.xtec.cat\/ieslesplanes\/wp-json\/wp\/v2\/pages\/7"}],"wp:attachment":[{"href":"https:\/\/agora.xtec.cat\/ieslesplanes\/wp-json\/wp\/v2\/media?parent=81"}],"curies":[{"name":"wp","href":"https:\/\/api.w.org\/{rel}","templated":true}]}}