{"id":609,"date":"2018-01-09T09:18:35","date_gmt":"2018-01-09T08:18:35","guid":{"rendered":"http:\/\/agora.xtec.cat\/ieslesmarines\/?page_id=609"},"modified":"2021-09-15T11:08:11","modified_gmt":"2021-09-15T09:08:11","slug":"ampa","status":"publish","type":"page","link":"https:\/\/agora.xtec.cat\/ieslesmarines\/linstitut\/ampa\/","title":{"rendered":"AMPA"},"content":{"rendered":"<p><b>AMPA INS LES MARINES<\/b><\/p>\n<p>Una de les maneres de participar en la vida del centre educatiu \u00e9s mitjan\u00e7ant l&#8217;associacionisme.<\/p>\n<p>L\u2019Ampa de Les Marines \u00e9s una associaci\u00f3 sense afany de lucre reconeguda legalment i que agrupa, volunt\u00e0riament, pares i mares del centre educatiu.<\/p>\n<p>Les mares i els pares dels alumnes matriculats en l\u2019Ins Les Marines podeu formar part de l\u2019AMPA.<\/p>\n<p><strong>Funcions i serveis<\/strong><\/p>\n<p><span style=\"font-weight: 400;\">L&#8217;Ampa t\u00e9 com a funci\u00f3 b\u00e0sica treballar, conjuntament amb el centre educatiu, en l&#8217;educaci\u00f3 dels vostres fills, tot fomentant la comunicaci\u00f3 i la participaci\u00f3 dels pares i mares. Aix\u00ed, col\u00b7labora en el desenvolupament d\u2019activitats de centre com:<\/span><\/p>\n<ul>\n<li style=\"font-weight: 400;\"><span style=\"font-weight: 400;\">Actes de comiat de les promocions de 4t d\u2019ESO i 2n de Batxillerat.<\/span><\/li>\n<li style=\"font-weight: 400;\"><span style=\"font-weight: 400;\">Sant Jordi.<\/span><\/li>\n<li style=\"font-weight: 400;\"><span style=\"font-weight: 400;\">Jornades Mediambientals.<\/span><\/li>\n<\/ul>\n<p><span style=\"font-weight: 400;\">Alhora, s\u2019ocupa de gestionar i oferir a les fam\u00edlies els seg\u00fcents serveis:<\/span><\/p>\n<ul>\n<li style=\"font-weight: 400;\"><span style=\"font-weight: 400;\">Projecte de llibres socialitzats.<\/span><\/li>\n<li style=\"font-weight: 400;\"><span style=\"font-weight: 400;\">Projecte ordinadors a l\u2019aula: adquisici\u00f3 d\u2019ordinadors personals per a l\u2019alumnat.<\/span><\/li>\n<li style=\"font-weight: 400;\"><span style=\"font-weight: 400;\">Lloguer d\u2019armariets.<\/span><\/li>\n<\/ul>\n<p><b>Composici\u00f3<\/b><\/p>\n<p><span style=\"font-weight: 400;\">Els \u00f2rgans de direcci\u00f3 de l\u2019AMPA s\u00f3n:<\/span><\/p>\n<ul>\n<li style=\"font-weight: 400;\"><span style=\"font-weight: 400;\">L&#8217;assemblea de pares i mares, on poden participar tots els membres de l&#8217;associaci\u00f3.<\/span><\/li>\n<li style=\"font-weight: 400;\"><span style=\"font-weight: 400;\">La junta, que est\u00e0 formada per:<\/span><\/li>\n<\/ul>\n<ul>\n<li style=\"list-style-type: none;\">\n<ul>\n<li style=\"font-weight: 400;\"><span style=\"font-weight: 400;\">Un President\/a.<\/span><\/li>\n<li style=\"font-weight: 400;\"><span style=\"font-weight: 400;\">Un Secretari\/a.<\/span><\/li>\n<li style=\"font-weight: 400;\"><span style=\"font-weight: 400;\">Un Tresorer\/a.<\/span><\/li>\n<\/ul>\n<\/li>\n<\/ul>\n<p><span style=\"font-weight: 400;\">L\u2019associaci\u00f3 designa un representant de l&#8217;AMPA en el Consell Escolar de l\u2019Institut.<\/span><\/p>\n<p><b>Contacte<\/b><\/p>\n<p>ampainslesmarinescastelldefels<span class=\"atwho-query\">@gmail.com<\/span><\/p>\n<p>&nbsp;<\/p>\n<p>&nbsp;<\/p>\n","protected":false},"excerpt":{"rendered":"<p>AMPA INS LES MARINES Una de les maneres de participar en la vida del centre educatiu \u00e9s mitjan\u00e7ant l&#8217;associacionisme. L\u2019Ampa de Les Marines \u00e9s una associaci\u00f3 sense afany de lucre reconeguda legalment i que agrupa, volunt\u00e0riament, pares i mares del centre educatiu. Les mares i els pares dels alumnes matriculats en l\u2019Ins Les Marines podeu [&hellip;]<\/p>\n","protected":false},"author":1,"featured_media":0,"parent":19,"menu_order":6,"comment_status":"closed","ping_status":"closed","template":"page-templates\/side-menu.php","meta":{"_bbp_topic_count":0,"_bbp_reply_count":0,"_bbp_total_topic_count":0,"_bbp_total_reply_count":0,"_bbp_voice_count":0,"_bbp_anonymous_reply_count":0,"_bbp_topic_count_hidden":0,"_bbp_reply_count_hidden":0,"_bbp_forum_subforum_count":0,"site-sidebar-layout":"default","site-content-layout":"","ast-site-content-layout":"","site-content-style":"default","site-sidebar-style":"default","ast-global-header-display":"","ast-banner-title-visibility":"","ast-main-header-display":"","ast-hfb-above-header-display":"","ast-hfb-below-header-display":"","ast-hfb-mobile-header-display":"","site-post-title":"","ast-breadcrumbs-content":"","ast-featured-img":"","footer-sml-layout":"","theme-transparent-header-meta":"","adv-header-id-meta":"","stick-header-meta":"","header-above-stick-meta":"","header-main-stick-meta":"","header-below-stick-meta":"","astra-migrate-meta-layouts":"default","ast-page-background-enabled":"default","ast-page-background-meta":{"desktop":{"background-color":"var(--ast-global-color-4)","background-image":"","background-repeat":"repeat","background-position":"center center","background-size":"auto","background-attachment":"scroll","background-type":"","background-media":"","overlay-type":"","overlay-color":"","overlay-opacity":"","overlay-gradient":""},"tablet":{"background-color":"","background-image":"","background-repeat":"repeat","background-position":"center center","background-size":"auto","background-attachment":"scroll","background-type":"","background-media":"","overlay-type":"","overlay-color":"","overlay-opacity":"","overlay-gradient":""},"mobile":{"background-color":"","background-image":"","background-repeat":"repeat","background-position":"center center","background-size":"auto","background-attachment":"scroll","background-type":"","background-media":"","overlay-type":"","overlay-color":"","overlay-opacity":"","overlay-gradient":""}},"ast-content-background-meta":{"desktop":{"background-color":"var(--ast-global-color-5)","background-image":"","background-repeat":"repeat","background-position":"center center","background-size":"auto","background-attachment":"scroll","background-type":"","background-media":"","overlay-type":"","overlay-color":"","overlay-opacity":"","overlay-gradient":""},"tablet":{"background-color":"var(--ast-global-color-5)","background-image":"","background-repeat":"repeat","background-position":"center center","background-size":"auto","background-attachment":"scroll","background-type":"","background-media":"","overlay-type":"","overlay-color":"","overlay-opacity":"","overlay-gradient":""},"mobile":{"background-color":"var(--ast-global-color-5)","background-image":"","background-repeat":"repeat","background-position":"center center","background-size":"auto","background-attachment":"scroll","background-type":"","background-media":"","overlay-type":"","overlay-color":"","overlay-opacity":"","overlay-gradient":""}},"footnotes":""},"class_list":["post-609","page","type-page","status-publish","hentry"],"post_mailing_queue_ids":[],"_links":{"self":[{"href":"https:\/\/agora.xtec.cat\/ieslesmarines\/wp-json\/wp\/v2\/pages\/609","targetHints":{"allow":["GET"]}}],"collection":[{"href":"https:\/\/agora.xtec.cat\/ieslesmarines\/wp-json\/wp\/v2\/pages"}],"about":[{"href":"https:\/\/agora.xtec.cat\/ieslesmarines\/wp-json\/wp\/v2\/types\/page"}],"author":[{"embeddable":true,"href":"https:\/\/agora.xtec.cat\/ieslesmarines\/wp-json\/wp\/v2\/users\/1"}],"replies":[{"embeddable":true,"href":"https:\/\/agora.xtec.cat\/ieslesmarines\/wp-json\/wp\/v2\/comments?post=609"}],"version-history":[{"count":3,"href":"https:\/\/agora.xtec.cat\/ieslesmarines\/wp-json\/wp\/v2\/pages\/609\/revisions"}],"predecessor-version":[{"id":2294,"href":"https:\/\/agora.xtec.cat\/ieslesmarines\/wp-json\/wp\/v2\/pages\/609\/revisions\/2294"}],"up":[{"embeddable":true,"href":"https:\/\/agora.xtec.cat\/ieslesmarines\/wp-json\/wp\/v2\/pages\/19"}],"wp:attachment":[{"href":"https:\/\/agora.xtec.cat\/ieslesmarines\/wp-json\/wp\/v2\/media?parent=609"}],"curies":[{"name":"wp","href":"https:\/\/api.w.org\/{rel}","templated":true}]}}