{"id":6028,"date":"2026-02-19T14:35:27","date_gmt":"2026-02-19T13:35:27","guid":{"rendered":"https:\/\/agora.xtec.cat\/ieslesmarines\/?page_id=6028"},"modified":"2026-04-29T09:15:30","modified_gmt":"2026-04-29T07:15:30","slug":"informacio-relativa-al-proces-dinscripcio-al-centre","status":"publish","type":"page","link":"https:\/\/agora.xtec.cat\/ieslesmarines\/informacio-relativa-al-proces-dinscripcio-al-centre\/","title":{"rendered":"Informaci\u00f3 relativa al proc\u00e9s d&#8217;inscripci\u00f3 al centre"},"content":{"rendered":"\n<p>A continuaci\u00f3 podeu trobar el conjunt d&#8217;informaci\u00f3 relativa al proc\u00e9s d&#8217;inscripci\u00f3.<\/p>\n\n\n\n<div data-wp-interactive=\"core\/file\" class=\"wp-block-file\"><object data-wp-bind--hidden=\"!state.hasPdfPreview\" hidden class=\"wp-block-file__embed\" data=\"https:\/\/agora.xtec.cat\/ieslesmarines\/wp-content\/uploads\/usu619\/2026\/02\/Calendari-Preinscripcio-Curs-2026-27.pdf\" type=\"application\/pdf\" style=\"width:100%;height:600px\" aria-label=\"Incrustaci\u00f3 del fitxer Calendari Preinscripci\u00f3 Curs 2026-27.\"><\/object><a id=\"wp-block-file--media-520f8f59-092e-429f-80ea-bb7fa0247c1c\" href=\"https:\/\/agora.xtec.cat\/ieslesmarines\/wp-content\/uploads\/usu619\/2026\/02\/Calendari-Preinscripcio-Curs-2026-27.pdf\">Calendari Preinscripci\u00f3 Curs 2026-27<\/a><a href=\"https:\/\/agora.xtec.cat\/ieslesmarines\/wp-content\/uploads\/usu619\/2026\/02\/Calendari-Preinscripcio-Curs-2026-27.pdf\" class=\"wp-block-file__button wp-element-button\" download aria-describedby=\"wp-block-file--media-520f8f59-092e-429f-80ea-bb7fa0247c1c\">Baixa<\/a><\/div>\n\n\n\n<p>Fes clic <a href=\"https:\/\/view.genially.com\/6979c196e5c5e10f2c52cfca\/interactive-content-dossier-informatiu-marines\">aqu\u00ed <\/a>per ampliar la informaci\u00f3 del centre i veure el Dossier Informatiu.<\/p>\n\n\n\n<p>Preguntes freq\u00fcents, <a href=\"https:\/\/view.genially.com\/65baa0dccf15a3001453a762\/presentation-25-26-preguntes-frequents-portes-obertes\">FAQS<\/a>.<\/p>\n\n\n\n<p>A conrtinuaci\u00f3 es detalla el<strong> llistat de places vacants<\/strong>:<\/p>\n\n\n\n<div data-wp-interactive=\"core\/file\" class=\"wp-block-file\"><object data-wp-bind--hidden=\"!state.hasPdfPreview\" hidden class=\"wp-block-file__embed\" data=\"https:\/\/agora.xtec.cat\/ieslesmarines\/wp-content\/uploads\/usu619\/2026\/03\/OFERTA-INICIAL-ESO-26-27.pdf\" type=\"application\/pdf\" style=\"width:100%;height:600px\" aria-label=\"Incrustaci\u00f3 del fitxer OFERTA INICIAL ESO 26-27.\"><\/object><a id=\"wp-block-file--media-d4c242b7-a603-49c8-bd29-5cc28f3fa190\" href=\"https:\/\/agora.xtec.cat\/ieslesmarines\/wp-content\/uploads\/usu619\/2026\/03\/OFERTA-INICIAL-ESO-26-27.pdf\">OFERTA INICIAL ESO 26-27<\/a><a href=\"https:\/\/agora.xtec.cat\/ieslesmarines\/wp-content\/uploads\/usu619\/2026\/03\/OFERTA-INICIAL-ESO-26-27.pdf\" class=\"wp-block-file__button wp-element-button\" download aria-describedby=\"wp-block-file--media-d4c242b7-a603-49c8-bd29-5cc28f3fa190\">Baixa<\/a><\/div>\n\n\n\n<p>Puntuaci\u00f3 provisional de la preinscripci\u00f3 ESO 26-27:<\/p>\n\n\n\n<div data-wp-interactive=\"core\/file\" class=\"wp-block-file\"><object data-wp-bind--hidden=\"!state.hasPdfPreview\" hidden class=\"wp-block-file__embed\" data=\"https:\/\/agora.xtec.cat\/ieslesmarines\/wp-content\/uploads\/usu619\/2026\/04\/Barem-provisional-ESO-26-27.pdf\" type=\"application\/pdf\" style=\"width:100%;height:600px\" aria-label=\"Incrustaci\u00f3 del fitxer Barem provisional ESO 26-27.\"><\/object><a id=\"wp-block-file--media-dc55299c-38c3-4a65-823c-ab7743620446\" href=\"https:\/\/agora.xtec.cat\/ieslesmarines\/wp-content\/uploads\/usu619\/2026\/04\/Barem-provisional-ESO-26-27.pdf\">Barem provisional ESO 26-27<\/a><a href=\"https:\/\/agora.xtec.cat\/ieslesmarines\/wp-content\/uploads\/usu619\/2026\/04\/Barem-provisional-ESO-26-27.pdf\" class=\"wp-block-file__button wp-element-button\" download aria-describedby=\"wp-block-file--media-dc55299c-38c3-4a65-823c-ab7743620446\">Baixa<\/a><\/div>\n\n\n\n<p>Un cop resoltes les reclamacions, aquest \u00e9s el barem de la preinscripci\u00f3 ESO.<\/p>\n\n\n\n<div data-wp-interactive=\"core\/file\" class=\"wp-block-file\"><object data-wp-bind--hidden=\"!state.hasPdfPreview\" hidden class=\"wp-block-file__embed\" data=\"https:\/\/agora.xtec.cat\/ieslesmarines\/wp-content\/uploads\/usu619\/2026\/04\/INFORME_BAREM_RESOLTES_RECLAMACIONS.pdf\" type=\"application\/pdf\" style=\"width:100%;height:600px\" aria-label=\"Incrustaci\u00f3 del fitxer INFORME_BAREM_RESOLTES_RECLAMACIONS.\"><\/object><a id=\"wp-block-file--media-edd7a296-f602-4898-9296-8dc386c7bc3f\" href=\"https:\/\/agora.xtec.cat\/ieslesmarines\/wp-content\/uploads\/usu619\/2026\/04\/INFORME_BAREM_RESOLTES_RECLAMACIONS.pdf\">INFORME_BAREM_RESOLTES_RECLAMACIONS<\/a><a href=\"https:\/\/agora.xtec.cat\/ieslesmarines\/wp-content\/uploads\/usu619\/2026\/04\/INFORME_BAREM_RESOLTES_RECLAMACIONS.pdf\" class=\"wp-block-file__button wp-element-button\" download aria-describedby=\"wp-block-file--media-edd7a296-f602-4898-9296-8dc386c7bc3f\">Baixa<\/a><\/div>\n\n\n\n<div data-wp-interactive=\"core\/file\" class=\"wp-block-file\"><object data-wp-bind--hidden=\"!state.hasPdfPreview\" hidden class=\"wp-block-file__embed\" data=\"https:\/\/agora.xtec.cat\/ieslesmarines\/wp-content\/uploads\/usu619\/2026\/04\/Numero-de-desempat-ESO.pdf\" type=\"application\/pdf\" style=\"width:100%;height:600px\" aria-label=\"Incrustaci\u00f3 del fitxer N\u00famero de desempat ESO.\"><\/object><a id=\"wp-block-file--media-a50f40f3-ddbe-4014-a535-b02364256fa6\" href=\"https:\/\/agora.xtec.cat\/ieslesmarines\/wp-content\/uploads\/usu619\/2026\/04\/Numero-de-desempat-ESO.pdf\">N\u00famero de desempat ESO<\/a><a href=\"https:\/\/agora.xtec.cat\/ieslesmarines\/wp-content\/uploads\/usu619\/2026\/04\/Numero-de-desempat-ESO.pdf\" class=\"wp-block-file__button wp-element-button\" download aria-describedby=\"wp-block-file--media-a50f40f3-ddbe-4014-a535-b02364256fa6\">Baixa<\/a><\/div>\n\n\n\n<p>Llista ordenada per puntuaci\u00f3 de la preinscripci\u00f3:<\/p>\n\n\n\n<div data-wp-interactive=\"core\/file\" class=\"wp-block-file\"><object data-wp-bind--hidden=\"!state.hasPdfPreview\" hidden class=\"wp-block-file__embed\" data=\"https:\/\/agora.xtec.cat\/ieslesmarines\/wp-content\/uploads\/usu619\/2026\/04\/INFORME_BAREM_DEFINITIU_ESO.pdf\" type=\"application\/pdf\" style=\"width:100%;height:600px\" aria-label=\"Incrustaci\u00f3 del fitxer INFORME_BAREM_DEFINITIU_ESO.\"><\/object><a id=\"wp-block-file--media-d012c4e2-b5f2-4fbb-a21c-1d6b8a9d26e8\" href=\"https:\/\/agora.xtec.cat\/ieslesmarines\/wp-content\/uploads\/usu619\/2026\/04\/INFORME_BAREM_DEFINITIU_ESO.pdf\">INFORME_BAREM_DEFINITIU_ESO<\/a><a href=\"https:\/\/agora.xtec.cat\/ieslesmarines\/wp-content\/uploads\/usu619\/2026\/04\/INFORME_BAREM_DEFINITIU_ESO.pdf\" class=\"wp-block-file__button wp-element-button\" download aria-describedby=\"wp-block-file--media-d012c4e2-b5f2-4fbb-a21c-1d6b8a9d26e8\">Baixa<\/a><\/div>\n","protected":false},"excerpt":{"rendered":"<p>A continuaci\u00f3 podeu trobar el conjunt d&#8217;informaci\u00f3 relativa al proc\u00e9s d&#8217;inscripci\u00f3. Fes clic aqu\u00ed per ampliar la informaci\u00f3 del centre i veure el Dossier Informatiu. Preguntes freq\u00fcents, FAQS. A conrtinuaci\u00f3 es detalla el llistat de places vacants: Puntuaci\u00f3 provisional de la preinscripci\u00f3 ESO 26-27: Un cop resoltes les reclamacions, aquest \u00e9s el barem de la [&hellip;]<\/p>\n","protected":false},"author":1,"featured_media":0,"parent":0,"menu_order":0,"comment_status":"closed","ping_status":"close","template":"","meta":{"_bbp_topic_count":0,"_bbp_reply_count":0,"_bbp_total_topic_count":0,"_bbp_total_reply_count":0,"_bbp_voice_count":0,"_bbp_anonymous_reply_count":0,"_bbp_topic_count_hidden":0,"_bbp_reply_count_hidden":0,"_bbp_forum_subforum_count":0,"site-sidebar-layout":"default","site-content-layout":"","ast-site-content-layout":"default","site-content-style":"default","site-sidebar-style":"default","ast-global-header-display":"","ast-banner-title-visibility":"","ast-main-header-display":"","ast-hfb-above-header-display":"","ast-hfb-below-header-display":"","ast-hfb-mobile-header-display":"","site-post-title":"","ast-breadcrumbs-content":"","ast-featured-img":"","footer-sml-layout":"","theme-transparent-header-meta":"","adv-header-id-meta":"","stick-header-meta":"","header-above-stick-meta":"","header-main-stick-meta":"","header-below-stick-meta":"","astra-migrate-meta-layouts":"set","ast-page-background-enabled":"default","ast-page-background-meta":{"desktop":{"background-color":"var(--ast-global-color-4)","background-image":"","background-repeat":"repeat","background-position":"center center","background-size":"auto","background-attachment":"scroll","background-type":"","background-media":"","overlay-type":"","overlay-color":"","overlay-opacity":"","overlay-gradient":""},"tablet":{"background-color":"","background-image":"","background-repeat":"repeat","background-position":"center center","background-size":"auto","background-attachment":"scroll","background-type":"","background-media":"","overlay-type":"","overlay-color":"","overlay-opacity":"","overlay-gradient":""},"mobile":{"background-color":"","background-image":"","background-repeat":"repeat","background-position":"center center","background-size":"auto","background-attachment":"scroll","background-type":"","background-media":"","overlay-type":"","overlay-color":"","overlay-opacity":"","overlay-gradient":""}},"ast-content-background-meta":{"desktop":{"background-color":"var(--ast-global-color-5)","background-image":"","background-repeat":"repeat","background-position":"center center","background-size":"auto","background-attachment":"scroll","background-type":"","background-media":"","overlay-type":"","overlay-color":"","overlay-opacity":"","overlay-gradient":""},"tablet":{"background-color":"var(--ast-global-color-5)","background-image":"","background-repeat":"repeat","background-position":"center center","background-size":"auto","background-attachment":"scroll","background-type":"","background-media":"","overlay-type":"","overlay-color":"","overlay-opacity":"","overlay-gradient":""},"mobile":{"background-color":"var(--ast-global-color-5)","background-image":"","background-repeat":"repeat","background-position":"center center","background-size":"auto","background-attachment":"scroll","background-type":"","background-media":"","overlay-type":"","overlay-color":"","overlay-opacity":"","overlay-gradient":""}},"footnotes":""},"class_list":["post-6028","page","type-page","status-publish","hentry"],"post_mailing_queue_ids":[],"_links":{"self":[{"href":"https:\/\/agora.xtec.cat\/ieslesmarines\/wp-json\/wp\/v2\/pages\/6028","targetHints":{"allow":["GET"]}}],"collection":[{"href":"https:\/\/agora.xtec.cat\/ieslesmarines\/wp-json\/wp\/v2\/pages"}],"about":[{"href":"https:\/\/agora.xtec.cat\/ieslesmarines\/wp-json\/wp\/v2\/types\/page"}],"author":[{"embeddable":true,"href":"https:\/\/agora.xtec.cat\/ieslesmarines\/wp-json\/wp\/v2\/users\/1"}],"replies":[{"embeddable":true,"href":"https:\/\/agora.xtec.cat\/ieslesmarines\/wp-json\/wp\/v2\/comments?post=6028"}],"version-history":[{"count":6,"href":"https:\/\/agora.xtec.cat\/ieslesmarines\/wp-json\/wp\/v2\/pages\/6028\/revisions"}],"predecessor-version":[{"id":6235,"href":"https:\/\/agora.xtec.cat\/ieslesmarines\/wp-json\/wp\/v2\/pages\/6028\/revisions\/6235"}],"wp:attachment":[{"href":"https:\/\/agora.xtec.cat\/ieslesmarines\/wp-json\/wp\/v2\/media?parent=6028"}],"curies":[{"name":"wp","href":"https:\/\/api.w.org\/{rel}","templated":true}]}}