{"id":5946,"date":"2026-02-04T18:26:44","date_gmt":"2026-02-04T17:26:44","guid":{"rendered":"https:\/\/agora.xtec.cat\/ieslesmarines\/?page_id=5946"},"modified":"2026-02-04T18:26:45","modified_gmt":"2026-02-04T17:26:45","slug":"tast-de-capsules","status":"publish","type":"page","link":"https:\/\/agora.xtec.cat\/ieslesmarines\/tast-de-capsules\/","title":{"rendered":"Tast de c\u00e0psules"},"content":{"rendered":"\n<p>L\u2019alumnat que opta per no cursar una segona llengua estrangera (franc\u00e8s o alemany), cursa un paquet de mat\u00e8ries, de manera que pot experimentar amb diferents propostes:<\/p>\n\n\n\n<ul class=\"wp-block-list\">\n<li><strong>Astronomia i Mites<\/strong>: intentem con\u00e8ixer com veien el cel els grecs. Com explicaven les coses que els passaven al m\u00f3n? Qui eren els protagonistes de les seves hist\u00f2ries?<\/li>\n\n\n\n<li><strong>Creaci\u00f3 liter\u00e0ria<\/strong>: partim d&#8217;un mentor\/a literari. Fem un petit recorregut pels g\u00e8neres i tanquen amb una carta al mentor\/mentora explicant el que han anat fent i com ho han viscut\u2026<\/li>\n\n\n\n<li><strong>Let\u2019s Talk<\/strong>: fem activitats din\u00e0miques amb diferents agrupaments (parelles, grup petit, grup classe) per fomentar l\u2019\u00fas de la llengua oral. Les tem\u00e0tiques s\u00f3n, per a l\u2019alumnat, properes: la fam\u00edlia, l\u2019entorn, l\u2019escola, les activitats de lleure\u2026 Donem especial import\u00e0ncia a l\u2019\u00fas de la llengua anglesa com a mitj\u00e0 de comunicaci\u00f3. Les din\u00e0miques s\u00f3n l\u00fadiques.<\/li>\n\n\n\n<li><strong>Pensament computacional<\/strong>: \u00e9s un petit tast que permet la iniciaci\u00f3 en el pensament computacional. Inclou activitats pr\u00e0ctiques contextualitzades amb activitats de Pensament Desendollat.<\/li>\n<\/ul>\n\n\n\n<p><\/p>\n","protected":false},"excerpt":{"rendered":"<p>L\u2019alumnat que opta per no cursar una segona llengua estrangera (franc\u00e8s o alemany), cursa un paquet de mat\u00e8ries, de manera que pot experimentar amb diferents propostes:<\/p>\n","protected":false},"author":1,"featured_media":0,"parent":0,"menu_order":0,"comment_status":"closed","ping_status":"close","template":"","meta":{"_bbp_topic_count":0,"_bbp_reply_count":0,"_bbp_total_topic_count":0,"_bbp_total_reply_count":0,"_bbp_voice_count":0,"_bbp_anonymous_reply_count":0,"_bbp_topic_count_hidden":0,"_bbp_reply_count_hidden":0,"_bbp_forum_subforum_count":0,"site-sidebar-layout":"default","site-content-layout":"","ast-site-content-layout":"default","site-content-style":"default","site-sidebar-style":"default","ast-global-header-display":"","ast-banner-title-visibility":"","ast-main-header-display":"","ast-hfb-above-header-display":"","ast-hfb-below-header-display":"","ast-hfb-mobile-header-display":"","site-post-title":"","ast-breadcrumbs-content":"","ast-featured-img":"","footer-sml-layout":"","theme-transparent-header-meta":"","adv-header-id-meta":"","stick-header-meta":"","header-above-stick-meta":"","header-main-stick-meta":"","header-below-stick-meta":"","astra-migrate-meta-layouts":"set","ast-page-background-enabled":"default","ast-page-background-meta":{"desktop":{"background-color":"var(--ast-global-color-4)","background-image":"","background-repeat":"repeat","background-position":"center center","background-size":"auto","background-attachment":"scroll","background-type":"","background-media":"","overlay-type":"","overlay-color":"","overlay-opacity":"","overlay-gradient":""},"tablet":{"background-color":"","background-image":"","background-repeat":"repeat","background-position":"center center","background-size":"auto","background-attachment":"scroll","background-type":"","background-media":"","overlay-type":"","overlay-color":"","overlay-opacity":"","overlay-gradient":""},"mobile":{"background-color":"","background-image":"","background-repeat":"repeat","background-position":"center center","background-size":"auto","background-attachment":"scroll","background-type":"","background-media":"","overlay-type":"","overlay-color":"","overlay-opacity":"","overlay-gradient":""}},"ast-content-background-meta":{"desktop":{"background-color":"var(--ast-global-color-5)","background-image":"","background-repeat":"repeat","background-position":"center center","background-size":"auto","background-attachment":"scroll","background-type":"","background-media":"","overlay-type":"","overlay-color":"","overlay-opacity":"","overlay-gradient":""},"tablet":{"background-color":"var(--ast-global-color-5)","background-image":"","background-repeat":"repeat","background-position":"center center","background-size":"auto","background-attachment":"scroll","background-type":"","background-media":"","overlay-type":"","overlay-color":"","overlay-opacity":"","overlay-gradient":""},"mobile":{"background-color":"var(--ast-global-color-5)","background-image":"","background-repeat":"repeat","background-position":"center center","background-size":"auto","background-attachment":"scroll","background-type":"","background-media":"","overlay-type":"","overlay-color":"","overlay-opacity":"","overlay-gradient":""}},"footnotes":""},"class_list":["post-5946","page","type-page","status-publish","hentry"],"post_mailing_queue_ids":[],"_links":{"self":[{"href":"https:\/\/agora.xtec.cat\/ieslesmarines\/wp-json\/wp\/v2\/pages\/5946","targetHints":{"allow":["GET"]}}],"collection":[{"href":"https:\/\/agora.xtec.cat\/ieslesmarines\/wp-json\/wp\/v2\/pages"}],"about":[{"href":"https:\/\/agora.xtec.cat\/ieslesmarines\/wp-json\/wp\/v2\/types\/page"}],"author":[{"embeddable":true,"href":"https:\/\/agora.xtec.cat\/ieslesmarines\/wp-json\/wp\/v2\/users\/1"}],"replies":[{"embeddable":true,"href":"https:\/\/agora.xtec.cat\/ieslesmarines\/wp-json\/wp\/v2\/comments?post=5946"}],"version-history":[{"count":1,"href":"https:\/\/agora.xtec.cat\/ieslesmarines\/wp-json\/wp\/v2\/pages\/5946\/revisions"}],"predecessor-version":[{"id":5947,"href":"https:\/\/agora.xtec.cat\/ieslesmarines\/wp-json\/wp\/v2\/pages\/5946\/revisions\/5947"}],"wp:attachment":[{"href":"https:\/\/agora.xtec.cat\/ieslesmarines\/wp-json\/wp\/v2\/media?parent=5946"}],"curies":[{"name":"wp","href":"https:\/\/api.w.org\/{rel}","templated":true}]}}