{"id":5896,"date":"2026-02-03T11:00:23","date_gmt":"2026-02-03T10:00:23","guid":{"rendered":"https:\/\/agora.xtec.cat\/ieslesmarines\/?page_id=5896"},"modified":"2026-02-03T11:00:24","modified_gmt":"2026-02-03T10:00:24","slug":"installacions","status":"publish","type":"page","link":"https:\/\/agora.xtec.cat\/ieslesmarines\/installacions\/","title":{"rendered":"Instal\u00b7lacions"},"content":{"rendered":"\n<p>L\u2019edifici compta amb els seg\u00fcents espais espec\u00edfics, equipats convenientment per a la funci\u00f3 que s\u2019hi desenvolupa:<\/p>\n\n\n\n<ul class=\"wp-block-list\">\n<li>22 aules per als grups-classe<\/li>\n\n\n\n<li>Aules de desdoblament<\/li>\n\n\n\n<li>2 aules d\u2019Inform\u00e0tica<\/li>\n\n\n\n<li>Aula de Pl\u00e0stica<\/li>\n\n\n\n<li>Aula de M\u00fasica<\/li>\n\n\n\n<li>Aula de Tecnologia<\/li>\n\n\n\n<li>Laboratori de F\u00edsica i Qu\u00edmica<\/li>\n\n\n\n<li>Laboratori de Ci\u00e8ncies Naturals<\/li>\n\n\n\n<li>Laboratori d\u2019Idiomes<\/li>\n\n\n\n<li>Aula d\u2019acollida<\/li>\n\n\n\n<li>Sala d\u2019actes i aula polivalent<\/li>\n\n\n\n<li>Biblioteca<\/li>\n\n\n\n<li>Departaments did\u00e0ctics<\/li>\n\n\n\n<li>Sala de rebuda de fam\u00edlies<\/li>\n\n\n\n<li>Sala de gu\u00e0rdia<\/li>\n\n\n\n<li>Consergeria<\/li>\n\n\n\n<li>Secretaria<\/li>\n<\/ul>\n\n\n\n<p>El centre disposa d\u2019un gimn\u00e0s cobert i pistes esportives a l\u2019aire lliure, utilitzades per a les classes d\u2019Educaci\u00f3 F\u00edsica.<\/p>\n\n\n\n<p>Tamb\u00e9 hi ha una zona exterior d\u2019esbarjo per a l\u2019alumnat i una zona enjardinada, creada i mantinguda pels alumnes en mat\u00e8ries optatives d\u2019hort i jardineria.<\/p>\n\n\n\n<figure class=\"wp-block-image size-large\"><a href=\"https:\/\/agora.xtec.cat\/ieslesmarines\/wp-content\/uploads\/usu619\/2026\/02\/Copia-de-llegenda-mapa.jpg\"><img loading=\"lazy\" decoding=\"async\" width=\"734\" height=\"1024\" src=\"https:\/\/agora.xtec.cat\/ieslesmarines\/wp-content\/uploads\/usu619\/2026\/02\/Copia-de-llegenda-mapa-734x1024.jpg\" alt=\"\" class=\"wp-image-5897\" srcset=\"https:\/\/agora.xtec.cat\/ieslesmarines\/wp-content\/uploads\/usu619\/2026\/02\/Copia-de-llegenda-mapa-734x1024.jpg 734w, https:\/\/agora.xtec.cat\/ieslesmarines\/wp-content\/uploads\/usu619\/2026\/02\/Copia-de-llegenda-mapa-215x300.jpg 215w, https:\/\/agora.xtec.cat\/ieslesmarines\/wp-content\/uploads\/usu619\/2026\/02\/Copia-de-llegenda-mapa.jpg 746w\" sizes=\"auto, (max-width: 734px) 100vw, 734px\" \/><\/a><\/figure>\n\n\n\n<figure class=\"wp-block-image size-large\"><a href=\"https:\/\/agora.xtec.cat\/ieslesmarines\/wp-content\/uploads\/usu619\/2026\/02\/Cpiademapaplantabaix.jpeg\"><img loading=\"lazy\" decoding=\"async\" width=\"960\" height=\"1024\" src=\"https:\/\/agora.xtec.cat\/ieslesmarines\/wp-content\/uploads\/usu619\/2026\/02\/Cpiademapaplantabaix-960x1024.jpeg\" alt=\"\" class=\"wp-image-5898\" srcset=\"https:\/\/agora.xtec.cat\/ieslesmarines\/wp-content\/uploads\/usu619\/2026\/02\/Cpiademapaplantabaix-960x1024.jpeg 960w, https:\/\/agora.xtec.cat\/ieslesmarines\/wp-content\/uploads\/usu619\/2026\/02\/Cpiademapaplantabaix-281x300.jpeg 281w, https:\/\/agora.xtec.cat\/ieslesmarines\/wp-content\/uploads\/usu619\/2026\/02\/Cpiademapaplantabaix-768x820.jpeg 768w, https:\/\/agora.xtec.cat\/ieslesmarines\/wp-content\/uploads\/usu619\/2026\/02\/Cpiademapaplantabaix-1439x1536.jpeg 1439w, https:\/\/agora.xtec.cat\/ieslesmarines\/wp-content\/uploads\/usu619\/2026\/02\/Cpiademapaplantabaix.jpeg 1490w\" sizes=\"auto, (max-width: 960px) 100vw, 960px\" \/><\/a><\/figure>\n\n\n\n<figure class=\"wp-block-image size-large\"><a href=\"https:\/\/agora.xtec.cat\/ieslesmarines\/wp-content\/uploads\/usu619\/2026\/02\/Cpiademapaprimeraplant.jpeg\"><img loading=\"lazy\" decoding=\"async\" width=\"1024\" height=\"877\" src=\"https:\/\/agora.xtec.cat\/ieslesmarines\/wp-content\/uploads\/usu619\/2026\/02\/Cpiademapaprimeraplant-1024x877.jpeg\" alt=\"\" class=\"wp-image-5899\" srcset=\"https:\/\/agora.xtec.cat\/ieslesmarines\/wp-content\/uploads\/usu619\/2026\/02\/Cpiademapaprimeraplant-1024x877.jpeg 1024w, https:\/\/agora.xtec.cat\/ieslesmarines\/wp-content\/uploads\/usu619\/2026\/02\/Cpiademapaprimeraplant-300x257.jpeg 300w, https:\/\/agora.xtec.cat\/ieslesmarines\/wp-content\/uploads\/usu619\/2026\/02\/Cpiademapaprimeraplant-768x657.jpeg 768w, https:\/\/agora.xtec.cat\/ieslesmarines\/wp-content\/uploads\/usu619\/2026\/02\/Cpiademapaprimeraplant.jpeg 1500w\" sizes=\"auto, (max-width: 1024px) 100vw, 1024px\" \/><\/a><\/figure>\n","protected":false},"excerpt":{"rendered":"<p>L\u2019edifici compta amb els seg\u00fcents espais espec\u00edfics, equipats convenientment per a la funci\u00f3 que s\u2019hi desenvolupa: El centre disposa d\u2019un gimn\u00e0s cobert i pistes esportives a l\u2019aire lliure, utilitzades per a les classes d\u2019Educaci\u00f3 F\u00edsica. Tamb\u00e9 hi ha una zona exterior d\u2019esbarjo per a l\u2019alumnat i una zona enjardinada, creada i mantinguda pels alumnes en [&hellip;]<\/p>\n","protected":false},"author":1,"featured_media":0,"parent":0,"menu_order":0,"comment_status":"closed","ping_status":"close","template":"","meta":{"_bbp_topic_count":0,"_bbp_reply_count":0,"_bbp_total_topic_count":0,"_bbp_total_reply_count":0,"_bbp_voice_count":0,"_bbp_anonymous_reply_count":0,"_bbp_topic_count_hidden":0,"_bbp_reply_count_hidden":0,"_bbp_forum_subforum_count":0,"site-sidebar-layout":"default","site-content-layout":"","ast-site-content-layout":"default","site-content-style":"default","site-sidebar-style":"default","ast-global-header-display":"","ast-banner-title-visibility":"","ast-main-header-display":"","ast-hfb-above-header-display":"","ast-hfb-below-header-display":"","ast-hfb-mobile-header-display":"","site-post-title":"","ast-breadcrumbs-content":"","ast-featured-img":"","footer-sml-layout":"","theme-transparent-header-meta":"","adv-header-id-meta":"","stick-header-meta":"","header-above-stick-meta":"","header-main-stick-meta":"","header-below-stick-meta":"","astra-migrate-meta-layouts":"set","ast-page-background-enabled":"default","ast-page-background-meta":{"desktop":{"background-color":"var(--ast-global-color-4)","background-image":"","background-repeat":"repeat","background-position":"center center","background-size":"auto","background-attachment":"scroll","background-type":"","background-media":"","overlay-type":"","overlay-color":"","overlay-opacity":"","overlay-gradient":""},"tablet":{"background-color":"","background-image":"","background-repeat":"repeat","background-position":"center center","background-size":"auto","background-attachment":"scroll","background-type":"","background-media":"","overlay-type":"","overlay-color":"","overlay-opacity":"","overlay-gradient":""},"mobile":{"background-color":"","background-image":"","background-repeat":"repeat","background-position":"center center","background-size":"auto","background-attachment":"scroll","background-type":"","background-media":"","overlay-type":"","overlay-color":"","overlay-opacity":"","overlay-gradient":""}},"ast-content-background-meta":{"desktop":{"background-color":"var(--ast-global-color-5)","background-image":"","background-repeat":"repeat","background-position":"center center","background-size":"auto","background-attachment":"scroll","background-type":"","background-media":"","overlay-type":"","overlay-color":"","overlay-opacity":"","overlay-gradient":""},"tablet":{"background-color":"var(--ast-global-color-5)","background-image":"","background-repeat":"repeat","background-position":"center center","background-size":"auto","background-attachment":"scroll","background-type":"","background-media":"","overlay-type":"","overlay-color":"","overlay-opacity":"","overlay-gradient":""},"mobile":{"background-color":"var(--ast-global-color-5)","background-image":"","background-repeat":"repeat","background-position":"center center","background-size":"auto","background-attachment":"scroll","background-type":"","background-media":"","overlay-type":"","overlay-color":"","overlay-opacity":"","overlay-gradient":""}},"footnotes":""},"class_list":["post-5896","page","type-page","status-publish","hentry"],"post_mailing_queue_ids":[],"_links":{"self":[{"href":"https:\/\/agora.xtec.cat\/ieslesmarines\/wp-json\/wp\/v2\/pages\/5896","targetHints":{"allow":["GET"]}}],"collection":[{"href":"https:\/\/agora.xtec.cat\/ieslesmarines\/wp-json\/wp\/v2\/pages"}],"about":[{"href":"https:\/\/agora.xtec.cat\/ieslesmarines\/wp-json\/wp\/v2\/types\/page"}],"author":[{"embeddable":true,"href":"https:\/\/agora.xtec.cat\/ieslesmarines\/wp-json\/wp\/v2\/users\/1"}],"replies":[{"embeddable":true,"href":"https:\/\/agora.xtec.cat\/ieslesmarines\/wp-json\/wp\/v2\/comments?post=5896"}],"version-history":[{"count":1,"href":"https:\/\/agora.xtec.cat\/ieslesmarines\/wp-json\/wp\/v2\/pages\/5896\/revisions"}],"predecessor-version":[{"id":5900,"href":"https:\/\/agora.xtec.cat\/ieslesmarines\/wp-json\/wp\/v2\/pages\/5896\/revisions\/5900"}],"wp:attachment":[{"href":"https:\/\/agora.xtec.cat\/ieslesmarines\/wp-json\/wp\/v2\/media?parent=5896"}],"curies":[{"name":"wp","href":"https:\/\/api.w.org\/{rel}","templated":true}]}}