{"id":57,"date":"2014-09-17T17:01:07","date_gmt":"2014-09-17T17:01:07","guid":{"rendered":"http:\/\/agora.xtec.cat\/ieslesmarines\/?page_id=57"},"modified":"2025-02-13T14:22:39","modified_gmt":"2025-02-13T13:22:39","slug":"projecte-educatiu","status":"publish","type":"page","link":"https:\/\/agora.xtec.cat\/ieslesmarines\/projecte-educatiu\/","title":{"rendered":"Projecte educatiu"},"content":{"rendered":"<h4><\/h4>\n<h3><a href=\"https:\/\/agora.xtec.cat\/ieslesmarines\/aicle\/\">AICLE<\/a><\/h3>\n<h3 style=\"text-align: justify;\"><a href=\"https:\/\/agora.xtec.cat\/ieslesmarines\/comissio-de-coeducacio\/\">Coeducaci\u00f3<\/a><\/h3>\n<h3><a href=\"https:\/\/sites.google.com\/view\/lesmarines-ev\/home\">Escola Verda<\/a><\/h3>\n<h3><a href=\"https:\/\/agora.xtec.cat\/ieslesmarines\/intercanvis-linguistics\/\">Intercanvis ling\u00fc\u00edstics<\/a><\/h3>\n<h3><a href=\"https:\/\/agora.xtec.cat\/ieslesmarines\/?page_id=1957&amp;preview=true\" target=\"_blank\" rel=\"noopener noreferrer\">Mediaci\u00f3<\/a><\/h3>\n<h3><a href=\"https:\/\/agora.xtec.cat\/ieslesmarines\/treball-per-projectes\/\">Metodologies actives i treball per projectes<\/a><\/h3>\n<h3><a href=\"https:\/\/agora.xtec.cat\/ieslesmarines\/pla-dacollida\/\">Pla d\u2019acollida<\/a><\/h3>\n<h3><a href=\"https:\/\/agora.xtec.cat\/ieslesmarines\/ordinadors\/\">Projecte de digitalitzaci\u00f3<\/a><\/h3>\n<h3><a href=\"https:\/\/agora.xtec.cat\/ieslesmarines\/eslora\/\">Projecte Eslora<\/a><\/h3>\n<h3><a href=\"https:\/\/agora.xtec.cat\/ieslesmarines\/erasmus\/\">Projecte Erasmus +<\/a><\/h3>\n<h3><a href=\"https:\/\/agora.xtec.cat\/ieslesmarines\/projecte-faig-2\/\">Projecte FAIG<\/a><\/h3>\n<h3><a href=\"https:\/\/agora.xtec.cat\/ieslesmarines\/projecte-linguistic\/\">Projecte ling\u00fc\u00edstic<\/a><\/h3>\n<h3><a href=\"https:\/\/agora.xtec.cat\/ieslesmarines\/servei-comunitari\/\">Servei comunitari<\/a><\/h3>\n<h3><a href=\"https:\/\/agora.xtec.cat\/ieslesmarines\/tutoria-master-professorat-de-secundaria\/\">Tutoria del m\u00e0ster de Professorat de Secund\u00e0ria<\/a><\/h3>\n","protected":false},"excerpt":{"rendered":"<p>AICLE Coeducaci\u00f3 Escola Verda Intercanvis ling\u00fc\u00edstics Mediaci\u00f3 Metodologies actives i treball per projectes Pla d\u2019acollida Projecte de digitalitzaci\u00f3 Projecte Eslora Projecte Erasmus + Projecte FAIG Projecte ling\u00fc\u00edstic Servei comunitari Tutoria del m\u00e0ster de Professorat de Secund\u00e0ria<\/p>\n","protected":false},"author":1,"featured_media":0,"parent":0,"menu_order":0,"comment_status":"closed","ping_status":"closed","template":"page-templates\/side-menu.php","meta":{"_bbp_topic_count":0,"_bbp_reply_count":0,"_bbp_total_topic_count":0,"_bbp_total_reply_count":0,"_bbp_voice_count":0,"_bbp_anonymous_reply_count":0,"_bbp_topic_count_hidden":0,"_bbp_reply_count_hidden":0,"_bbp_forum_subforum_count":0,"site-sidebar-layout":"default","site-content-layout":"","ast-site-content-layout":"","site-content-style":"default","site-sidebar-style":"default","ast-global-header-display":"","ast-banner-title-visibility":"","ast-main-header-display":"","ast-hfb-above-header-display":"","ast-hfb-below-header-display":"","ast-hfb-mobile-header-display":"","site-post-title":"","ast-breadcrumbs-content":"","ast-featured-img":"","footer-sml-layout":"","theme-transparent-header-meta":"","adv-header-id-meta":"","stick-header-meta":"","header-above-stick-meta":"","header-main-stick-meta":"","header-below-stick-meta":"","astra-migrate-meta-layouts":"default","ast-page-background-enabled":"default","ast-page-background-meta":{"desktop":{"background-color":"var(--ast-global-color-4)","background-image":"","background-repeat":"repeat","background-position":"center center","background-size":"auto","background-attachment":"scroll","background-type":"","background-media":"","overlay-type":"","overlay-color":"","overlay-opacity":"","overlay-gradient":""},"tablet":{"background-color":"","background-image":"","background-repeat":"repeat","background-position":"center center","background-size":"auto","background-attachment":"scroll","background-type":"","background-media":"","overlay-type":"","overlay-color":"","overlay-opacity":"","overlay-gradient":""},"mobile":{"background-color":"","background-image":"","background-repeat":"repeat","background-position":"center center","background-size":"auto","background-attachment":"scroll","background-type":"","background-media":"","overlay-type":"","overlay-color":"","overlay-opacity":"","overlay-gradient":""}},"ast-content-background-meta":{"desktop":{"background-color":"var(--ast-global-color-5)","background-image":"","background-repeat":"repeat","background-position":"center center","background-size":"auto","background-attachment":"scroll","background-type":"","background-media":"","overlay-type":"","overlay-color":"","overlay-opacity":"","overlay-gradient":""},"tablet":{"background-color":"var(--ast-global-color-5)","background-image":"","background-repeat":"repeat","background-position":"center center","background-size":"auto","background-attachment":"scroll","background-type":"","background-media":"","overlay-type":"","overlay-color":"","overlay-opacity":"","overlay-gradient":""},"mobile":{"background-color":"var(--ast-global-color-5)","background-image":"","background-repeat":"repeat","background-position":"center center","background-size":"auto","background-attachment":"scroll","background-type":"","background-media":"","overlay-type":"","overlay-color":"","overlay-opacity":"","overlay-gradient":""}},"footnotes":""},"class_list":["post-57","page","type-page","status-publish","hentry"],"post_mailing_queue_ids":[],"_links":{"self":[{"href":"https:\/\/agora.xtec.cat\/ieslesmarines\/wp-json\/wp\/v2\/pages\/57","targetHints":{"allow":["GET"]}}],"collection":[{"href":"https:\/\/agora.xtec.cat\/ieslesmarines\/wp-json\/wp\/v2\/pages"}],"about":[{"href":"https:\/\/agora.xtec.cat\/ieslesmarines\/wp-json\/wp\/v2\/types\/page"}],"author":[{"embeddable":true,"href":"https:\/\/agora.xtec.cat\/ieslesmarines\/wp-json\/wp\/v2\/users\/1"}],"replies":[{"embeddable":true,"href":"https:\/\/agora.xtec.cat\/ieslesmarines\/wp-json\/wp\/v2\/comments?post=57"}],"version-history":[{"count":6,"href":"https:\/\/agora.xtec.cat\/ieslesmarines\/wp-json\/wp\/v2\/pages\/57\/revisions"}],"predecessor-version":[{"id":4926,"href":"https:\/\/agora.xtec.cat\/ieslesmarines\/wp-json\/wp\/v2\/pages\/57\/revisions\/4926"}],"wp:attachment":[{"href":"https:\/\/agora.xtec.cat\/ieslesmarines\/wp-json\/wp\/v2\/media?parent=57"}],"curies":[{"name":"wp","href":"https:\/\/api.w.org\/{rel}","templated":true}]}}