{"id":5523,"date":"2025-10-21T15:55:22","date_gmt":"2025-10-21T13:55:22","guid":{"rendered":"https:\/\/agora.xtec.cat\/ieslesmarines\/?page_id=5523"},"modified":"2025-10-21T15:55:22","modified_gmt":"2025-10-21T13:55:22","slug":"linstitut-les-marines-celebra-la-setmana-de-la-sostenibilitat","status":"publish","type":"page","link":"https:\/\/agora.xtec.cat\/ieslesmarines\/linstitut-les-marines-celebra-la-setmana-de-la-sostenibilitat\/","title":{"rendered":"L\u2019Institut Les Marines celebra la Setmana de la Sostenibilitat"},"content":{"rendered":"<p>Castelldefels, 16 de setembre de 2025<\/p>\n<p>Coincidint amb la Setmana Europea de la Mobilitat 2025, l\u2019Institut P\u00fablic de Secund\u00e0ria Les Marines de Castelldefels ha celebrat la\u00a0<strong>Setmana de la Sostenibilitat<\/strong>, entre els dies 16 i 22 de setembre, reivindicant la necessitat de canviar els nostres h\u00e0bits de transport, des de casa a l&#8217;institut.<\/p>\n<p><img loading=\"lazy\" decoding=\"async\" class=\"aligncenter wp-image-5522\" src=\"https:\/\/agora.xtec.cat\/ieslesmarines\/wp-content\/uploads\/usu619\/2025\/10\/1000069114-461x1024.jpg\" alt=\"\" width=\"200\" height=\"444\" srcset=\"https:\/\/agora.xtec.cat\/ieslesmarines\/wp-content\/uploads\/usu619\/2025\/10\/1000069114-461x1024.jpg 461w, https:\/\/agora.xtec.cat\/ieslesmarines\/wp-content\/uploads\/usu619\/2025\/10\/1000069114-135x300.jpg 135w, https:\/\/agora.xtec.cat\/ieslesmarines\/wp-content\/uploads\/usu619\/2025\/10\/1000069114-768x1707.jpg 768w, https:\/\/agora.xtec.cat\/ieslesmarines\/wp-content\/uploads\/usu619\/2025\/10\/1000069114-691x1536.jpg 691w, https:\/\/agora.xtec.cat\/ieslesmarines\/wp-content\/uploads\/usu619\/2025\/10\/1000069114-922x2048.jpg 922w, https:\/\/agora.xtec.cat\/ieslesmarines\/wp-content\/uploads\/usu619\/2025\/10\/1000069114-scaled.jpg 1152w\" sizes=\"auto, (max-width: 200px) 100vw, 200px\" \/><\/p>\n<p>&nbsp;<\/p>\n<p>Sota el lema europeu\u00a0<strong>\u201cCombina i mou-te\u201d<\/strong>, i amb el focus posat en la\u00a0<strong>mobilitat per a tothom<\/strong>, l\u2019institut ha volgut posar el seu granet de sorra per conscienciar sobre la import\u00e0ncia d\u2019un transport accessible, sostenible i eficient. Les Marines disposa d&#8217;un espai per aparcar les bicicletes i els patins el\u00e8ctrics que el seu alumnat utilitza per despla\u00e7ar-se de manera m\u00e9s saludable, eficient i sostenible. D&#8217;aquesta manera, es fomenta entre les fam\u00edlies, el canvi de rutines de transport, convidant a deixar els cotxes a casa i substituir-los per mitjans de transport sostenibles.<\/p>\n<p>El professorat ha aprofitat l\u2019ocasi\u00f3 per treballar transversalment la tem\u00e0tica en diverses assignatures, fomentant una visi\u00f3 global i realista dels reptes que suposa la mobilitat urbana en el context actual d\u2019emerg\u00e8ncia clim\u00e0tica.<\/p>\n<p>Amb aquesta iniciativa, Les Marines s\u2019ha volgut\u00a0<strong>sumar als objectius de la Setmana Europea de la Mobilitat<\/strong>, compartits per municipis de tot Europa i tamb\u00e9 per ciutats com Barcelona: reduir la depend\u00e8ncia del vehicle privat, millorar la qualitat de l\u2019aire, i promoure formes de despla\u00e7ament\u00a0<strong>m\u00e9s saludables, accessibles i respectuoses amb el medi ambient<\/strong>.<\/p>\n<p>La bona acollida per part de la comunitat educativa confirma la voluntat del centre d\u2019anar m\u00e9s enll\u00e0 d\u2019una setmana tem\u00e0tica i\u00a0<strong>convertir la sostenibilitat en un eix transversal del seu projecte educatiu<\/strong>.<\/p>\n","protected":false},"excerpt":{"rendered":"<p>Castelldefels, 16 de setembre de 2025 Coincidint amb la Setmana Europea de la Mobilitat 2025, l\u2019Institut P\u00fablic de Secund\u00e0ria Les Marines de Castelldefels ha celebrat la\u00a0Setmana de la Sostenibilitat, entre els dies 16 i 22 de setembre, reivindicant la necessitat de canviar els nostres h\u00e0bits de transport, des de casa a l&#8217;institut. &nbsp; Sota el [&hellip;]<\/p>\n","protected":false},"author":1,"featured_media":0,"parent":0,"menu_order":0,"comment_status":"closed","ping_status":"closed","template":"","meta":{"_bbp_topic_count":0,"_bbp_reply_count":0,"_bbp_total_topic_count":0,"_bbp_total_reply_count":0,"_bbp_voice_count":0,"_bbp_anonymous_reply_count":0,"_bbp_topic_count_hidden":0,"_bbp_reply_count_hidden":0,"_bbp_forum_subforum_count":0,"site-sidebar-layout":"default","site-content-layout":"","ast-site-content-layout":"","site-content-style":"default","site-sidebar-style":"default","ast-global-header-display":"","ast-banner-title-visibility":"","ast-main-header-display":"","ast-hfb-above-header-display":"","ast-hfb-below-header-display":"","ast-hfb-mobile-header-display":"","site-post-title":"","ast-breadcrumbs-content":"","ast-featured-img":"","footer-sml-layout":"","theme-transparent-header-meta":"","adv-header-id-meta":"","stick-header-meta":"","header-above-stick-meta":"","header-main-stick-meta":"","header-below-stick-meta":"","astra-migrate-meta-layouts":"default","ast-page-background-enabled":"default","ast-page-background-meta":{"desktop":{"background-color":"var(--ast-global-color-4)","background-image":"","background-repeat":"repeat","background-position":"center center","background-size":"auto","background-attachment":"scroll","background-type":"","background-media":"","overlay-type":"","overlay-color":"","overlay-opacity":"","overlay-gradient":""},"tablet":{"background-color":"","background-image":"","background-repeat":"repeat","background-position":"center center","background-size":"auto","background-attachment":"scroll","background-type":"","background-media":"","overlay-type":"","overlay-color":"","overlay-opacity":"","overlay-gradient":""},"mobile":{"background-color":"","background-image":"","background-repeat":"repeat","background-position":"center center","background-size":"auto","background-attachment":"scroll","background-type":"","background-media":"","overlay-type":"","overlay-color":"","overlay-opacity":"","overlay-gradient":""}},"ast-content-background-meta":{"desktop":{"background-color":"var(--ast-global-color-5)","background-image":"","background-repeat":"repeat","background-position":"center center","background-size":"auto","background-attachment":"scroll","background-type":"","background-media":"","overlay-type":"","overlay-color":"","overlay-opacity":"","overlay-gradient":""},"tablet":{"background-color":"var(--ast-global-color-5)","background-image":"","background-repeat":"repeat","background-position":"center center","background-size":"auto","background-attachment":"scroll","background-type":"","background-media":"","overlay-type":"","overlay-color":"","overlay-opacity":"","overlay-gradient":""},"mobile":{"background-color":"var(--ast-global-color-5)","background-image":"","background-repeat":"repeat","background-position":"center center","background-size":"auto","background-attachment":"scroll","background-type":"","background-media":"","overlay-type":"","overlay-color":"","overlay-opacity":"","overlay-gradient":""}},"footnotes":""},"class_list":["post-5523","page","type-page","status-publish","hentry"],"post_mailing_queue_ids":[],"_links":{"self":[{"href":"https:\/\/agora.xtec.cat\/ieslesmarines\/wp-json\/wp\/v2\/pages\/5523","targetHints":{"allow":["GET"]}}],"collection":[{"href":"https:\/\/agora.xtec.cat\/ieslesmarines\/wp-json\/wp\/v2\/pages"}],"about":[{"href":"https:\/\/agora.xtec.cat\/ieslesmarines\/wp-json\/wp\/v2\/types\/page"}],"author":[{"embeddable":true,"href":"https:\/\/agora.xtec.cat\/ieslesmarines\/wp-json\/wp\/v2\/users\/1"}],"replies":[{"embeddable":true,"href":"https:\/\/agora.xtec.cat\/ieslesmarines\/wp-json\/wp\/v2\/comments?post=5523"}],"version-history":[{"count":1,"href":"https:\/\/agora.xtec.cat\/ieslesmarines\/wp-json\/wp\/v2\/pages\/5523\/revisions"}],"predecessor-version":[{"id":5524,"href":"https:\/\/agora.xtec.cat\/ieslesmarines\/wp-json\/wp\/v2\/pages\/5523\/revisions\/5524"}],"wp:attachment":[{"href":"https:\/\/agora.xtec.cat\/ieslesmarines\/wp-json\/wp\/v2\/media?parent=5523"}],"curies":[{"name":"wp","href":"https:\/\/api.w.org\/{rel}","templated":true}]}}