{"id":5359,"date":"2025-05-22T09:40:08","date_gmt":"2025-05-22T07:40:08","guid":{"rendered":"https:\/\/agora.xtec.cat\/ieslesmarines\/?page_id=5359"},"modified":"2025-05-22T09:40:29","modified_gmt":"2025-05-22T07:40:29","slug":"mannequin-challenge-a-historia-de-lart-2n-de-batxillerat","status":"publish","type":"page","link":"https:\/\/agora.xtec.cat\/ieslesmarines\/mannequin-challenge-a-historia-de-lart-2n-de-batxillerat\/","title":{"rendered":"&#8216;Mannequin Challenge&#8217; a Hist\u00f2ria de l&#8217;art &#8211; 2n de batxillerat"},"content":{"rendered":"<p><span style=\"font-weight: 400;\">L&#8217;\u00faltima classe abans dels ex\u00e0mens del 3r trimestre, l\u2019alumnat de 2n batxillerat de la mat\u00e8ria d\u2019hist\u00f2ria de l\u2019art va realitzar una activitat molt especial que va servir per destensar els \u00e0nims abans dels ex\u00e0mens. <\/span><\/p>\n<p><span style=\"font-weight: 400;\">Es tracta d\u2019un <em>mannequin challenge<\/em>, on l\u2019alumnat (i algun professor) representa les poses d\u2019algunes de les obres estudiades durant el curs. A continuaci\u00f3, cada alumne\/a va editar el v\u00eddeo original, li va posar m\u00fasica i els resultats han sigut uns v\u00eddeos molt creatius i originals. <\/span><\/p>\n<p><span style=\"font-weight: 400;\">Us compartim un d\u2019aquests v\u00eddeos, editat per l&#8217;alumna Sophie Sanahuja. Per finalitzar, voldr\u00edem agrair la col\u00b7laboraci\u00f3 de l\u2019alumna Valeria Mu\u00f1oz, que va ser qui va fer la gravaci\u00f3 original amb molt de gust i talent, i l&#8217;il\u00b7lustre professor de l\u2019Escola PIa de Matar\u00f3 Manel Trenchs, creador de l\u2019activitat original.\u00a0<\/span><\/p>\n<div class=\"ast-oembed-container \" style=\"height: 100%;\"><iframe loading=\"lazy\" title=\"Mannequin Challenge - Hist\u00f2ria de l&#039;art 2n batxillerat 2024-2025\" width=\"500\" height=\"281\" src=\"https:\/\/www.youtube.com\/embed\/zt3GVhQIJNg?feature=oembed\" frameborder=\"0\" allow=\"accelerometer; autoplay; clipboard-write; encrypted-media; gyroscope; picture-in-picture; web-share\" referrerpolicy=\"strict-origin-when-cross-origin\" allowfullscreen><\/iframe><\/div>\n<p>&nbsp;<\/p>\n","protected":false},"excerpt":{"rendered":"<p>L&#8217;\u00faltima classe abans dels ex\u00e0mens del 3r trimestre, l\u2019alumnat de 2n batxillerat de la mat\u00e8ria d\u2019hist\u00f2ria de l\u2019art va realitzar una activitat molt especial que va servir per destensar els \u00e0nims abans dels ex\u00e0mens. Es tracta d\u2019un mannequin challenge, on l\u2019alumnat (i algun professor) representa les poses d\u2019algunes de les obres estudiades durant el curs. [&hellip;]<\/p>\n","protected":false},"author":1,"featured_media":0,"parent":0,"menu_order":0,"comment_status":"closed","ping_status":"closed","template":"","meta":{"_bbp_topic_count":0,"_bbp_reply_count":0,"_bbp_total_topic_count":0,"_bbp_total_reply_count":0,"_bbp_voice_count":0,"_bbp_anonymous_reply_count":0,"_bbp_topic_count_hidden":0,"_bbp_reply_count_hidden":0,"_bbp_forum_subforum_count":0,"site-sidebar-layout":"default","site-content-layout":"","ast-site-content-layout":"","site-content-style":"default","site-sidebar-style":"default","ast-global-header-display":"","ast-banner-title-visibility":"","ast-main-header-display":"","ast-hfb-above-header-display":"","ast-hfb-below-header-display":"","ast-hfb-mobile-header-display":"","site-post-title":"","ast-breadcrumbs-content":"","ast-featured-img":"","footer-sml-layout":"","theme-transparent-header-meta":"","adv-header-id-meta":"","stick-header-meta":"","header-above-stick-meta":"","header-main-stick-meta":"","header-below-stick-meta":"","astra-migrate-meta-layouts":"default","ast-page-background-enabled":"default","ast-page-background-meta":{"desktop":{"background-color":"var(--ast-global-color-4)","background-image":"","background-repeat":"repeat","background-position":"center center","background-size":"auto","background-attachment":"scroll","background-type":"","background-media":"","overlay-type":"","overlay-color":"","overlay-opacity":"","overlay-gradient":""},"tablet":{"background-color":"","background-image":"","background-repeat":"repeat","background-position":"center center","background-size":"auto","background-attachment":"scroll","background-type":"","background-media":"","overlay-type":"","overlay-color":"","overlay-opacity":"","overlay-gradient":""},"mobile":{"background-color":"","background-image":"","background-repeat":"repeat","background-position":"center center","background-size":"auto","background-attachment":"scroll","background-type":"","background-media":"","overlay-type":"","overlay-color":"","overlay-opacity":"","overlay-gradient":""}},"ast-content-background-meta":{"desktop":{"background-color":"var(--ast-global-color-5)","background-image":"","background-repeat":"repeat","background-position":"center center","background-size":"auto","background-attachment":"scroll","background-type":"","background-media":"","overlay-type":"","overlay-color":"","overlay-opacity":"","overlay-gradient":""},"tablet":{"background-color":"var(--ast-global-color-5)","background-image":"","background-repeat":"repeat","background-position":"center center","background-size":"auto","background-attachment":"scroll","background-type":"","background-media":"","overlay-type":"","overlay-color":"","overlay-opacity":"","overlay-gradient":""},"mobile":{"background-color":"var(--ast-global-color-5)","background-image":"","background-repeat":"repeat","background-position":"center center","background-size":"auto","background-attachment":"scroll","background-type":"","background-media":"","overlay-type":"","overlay-color":"","overlay-opacity":"","overlay-gradient":""}},"footnotes":""},"class_list":["post-5359","page","type-page","status-publish","hentry"],"post_mailing_queue_ids":[],"_links":{"self":[{"href":"https:\/\/agora.xtec.cat\/ieslesmarines\/wp-json\/wp\/v2\/pages\/5359","targetHints":{"allow":["GET"]}}],"collection":[{"href":"https:\/\/agora.xtec.cat\/ieslesmarines\/wp-json\/wp\/v2\/pages"}],"about":[{"href":"https:\/\/agora.xtec.cat\/ieslesmarines\/wp-json\/wp\/v2\/types\/page"}],"author":[{"embeddable":true,"href":"https:\/\/agora.xtec.cat\/ieslesmarines\/wp-json\/wp\/v2\/users\/1"}],"replies":[{"embeddable":true,"href":"https:\/\/agora.xtec.cat\/ieslesmarines\/wp-json\/wp\/v2\/comments?post=5359"}],"version-history":[{"count":1,"href":"https:\/\/agora.xtec.cat\/ieslesmarines\/wp-json\/wp\/v2\/pages\/5359\/revisions"}],"predecessor-version":[{"id":5360,"href":"https:\/\/agora.xtec.cat\/ieslesmarines\/wp-json\/wp\/v2\/pages\/5359\/revisions\/5360"}],"wp:attachment":[{"href":"https:\/\/agora.xtec.cat\/ieslesmarines\/wp-json\/wp\/v2\/media?parent=5359"}],"curies":[{"name":"wp","href":"https:\/\/api.w.org\/{rel}","templated":true}]}}