{"id":5323,"date":"2025-05-06T08:26:38","date_gmt":"2025-05-06T06:26:38","guid":{"rendered":"https:\/\/agora.xtec.cat\/ieslesmarines\/?page_id=5323"},"modified":"2025-05-06T08:26:38","modified_gmt":"2025-05-06T06:26:38","slug":"intercanvi-a-suecia-1r-de-batxillerat","status":"publish","type":"page","link":"https:\/\/agora.xtec.cat\/ieslesmarines\/intercanvi-a-suecia-1r-de-batxillerat\/","title":{"rendered":"Intercanvi a Su\u00e8cia &#8211; 1r de batxillerat"},"content":{"rendered":"<p>Durant tota una setmana de l\u2019abril, part de l\u2019alumnat de primer de batxillerat ha visitat tant la capital, Estocolm, com una part de Su\u00e8cia per finalitzar la segona part de l\u2019intercanvi cultural.\u00a0<img loading=\"lazy\" decoding=\"async\" class=\"an1\" draggable=\"false\" src=\"https:\/\/fonts.gstatic.com\/s\/e\/notoemoji\/16.0\/1f1f8_1f1ea\/72.png\" alt=\"\ud83c\uddf8\ud83c\uddea\" width=\"18\" height=\"18\" data-emoji=\"\ud83c\uddf8\ud83c\uddea\" aria-label=\"\ud83c\uddf8\ud83c\uddea\" \/><\/p>\n<p>En aquests dies han gaudit de l\u2019amabilitat sueca i de la ciutat que s\u2019estira cap al cel amb paisatge de conte d\u2019hivern.\u00a0<img loading=\"lazy\" decoding=\"async\" class=\"an1\" draggable=\"false\" src=\"https:\/\/fonts.gstatic.com\/s\/e\/notoemoji\/16.0\/2744_fe0f\/72.png\" alt=\"\u2744\ufe0f\" width=\"15\" height=\"15\" data-emoji=\"\u2744\ufe0f\" aria-label=\"\u2744\ufe0f\" \/><img loading=\"lazy\" decoding=\"async\" class=\"an1\" draggable=\"false\" src=\"https:\/\/fonts.gstatic.com\/s\/e\/notoemoji\/16.0\/2744_fe0f\/72.png\" alt=\"\u2744\ufe0f\" width=\"23\" height=\"23\" data-emoji=\"\u2744\ufe0f\" aria-label=\"\u2744\ufe0f\" \/><\/p>\n<p>Tot aix\u00f2, amb una bona dosi d\u2019aprenentatge cultural i hum\u00e0. El nostre alumnat ha tornat satisfet per ampliar vincles m\u00e9s enll\u00e0 de les nostres terres.\u00a0<img loading=\"lazy\" decoding=\"async\" class=\"an1\" draggable=\"false\" src=\"https:\/\/fonts.gstatic.com\/s\/e\/notoemoji\/16.0\/1fac2\/72.png\" alt=\"\ud83e\udec2\" width=\"14\" height=\"14\" data-emoji=\"\ud83e\udec2\" aria-label=\"\ud83e\udec2\" \/><\/p>\n<p>Podeu veure m\u00e9s imatges, <a href=\"https:\/\/instagram.com\/p\/DITYXkzoWcC\/\">aqu\u00ed<\/a>.<\/p>\n<p><img loading=\"lazy\" decoding=\"async\" class=\"wp-image-5324 aligncenter\" src=\"https:\/\/agora.xtec.cat\/ieslesmarines\/wp-content\/uploads\/usu619\/2025\/05\/IMG_1245-1024x768.jpg\" alt=\"\" width=\"600\" height=\"450\" srcset=\"https:\/\/agora.xtec.cat\/ieslesmarines\/wp-content\/uploads\/usu619\/2025\/05\/IMG_1245-1024x768.jpg 1024w, https:\/\/agora.xtec.cat\/ieslesmarines\/wp-content\/uploads\/usu619\/2025\/05\/IMG_1245-300x225.jpg 300w, https:\/\/agora.xtec.cat\/ieslesmarines\/wp-content\/uploads\/usu619\/2025\/05\/IMG_1245-768x576.jpg 768w, https:\/\/agora.xtec.cat\/ieslesmarines\/wp-content\/uploads\/usu619\/2025\/05\/IMG_1245-1536x1152.jpg 1536w, https:\/\/agora.xtec.cat\/ieslesmarines\/wp-content\/uploads\/usu619\/2025\/05\/IMG_1245-2048x1536.jpg 2048w, https:\/\/agora.xtec.cat\/ieslesmarines\/wp-content\/uploads\/usu619\/2025\/05\/IMG_1245-200x150.jpg 200w\" sizes=\"auto, (max-width: 600px) 100vw, 600px\" \/><\/p>\n","protected":false},"excerpt":{"rendered":"<p>Durant tota una setmana de l\u2019abril, part de l\u2019alumnat de primer de batxillerat ha visitat tant la capital, Estocolm, com una part de Su\u00e8cia per finalitzar la segona part de l\u2019intercanvi cultural.\u00a0 En aquests dies han gaudit de l\u2019amabilitat sueca i de la ciutat que s\u2019estira cap al cel amb paisatge de conte d\u2019hivern.\u00a0 Tot [&hellip;]<\/p>\n","protected":false},"author":1,"featured_media":0,"parent":0,"menu_order":0,"comment_status":"closed","ping_status":"closed","template":"","meta":{"_bbp_topic_count":0,"_bbp_reply_count":0,"_bbp_total_topic_count":0,"_bbp_total_reply_count":0,"_bbp_voice_count":0,"_bbp_anonymous_reply_count":0,"_bbp_topic_count_hidden":0,"_bbp_reply_count_hidden":0,"_bbp_forum_subforum_count":0,"site-sidebar-layout":"default","site-content-layout":"","ast-site-content-layout":"","site-content-style":"default","site-sidebar-style":"default","ast-global-header-display":"","ast-banner-title-visibility":"","ast-main-header-display":"","ast-hfb-above-header-display":"","ast-hfb-below-header-display":"","ast-hfb-mobile-header-display":"","site-post-title":"","ast-breadcrumbs-content":"","ast-featured-img":"","footer-sml-layout":"","theme-transparent-header-meta":"","adv-header-id-meta":"","stick-header-meta":"","header-above-stick-meta":"","header-main-stick-meta":"","header-below-stick-meta":"","astra-migrate-meta-layouts":"default","ast-page-background-enabled":"default","ast-page-background-meta":{"desktop":{"background-color":"var(--ast-global-color-4)","background-image":"","background-repeat":"repeat","background-position":"center center","background-size":"auto","background-attachment":"scroll","background-type":"","background-media":"","overlay-type":"","overlay-color":"","overlay-opacity":"","overlay-gradient":""},"tablet":{"background-color":"","background-image":"","background-repeat":"repeat","background-position":"center center","background-size":"auto","background-attachment":"scroll","background-type":"","background-media":"","overlay-type":"","overlay-color":"","overlay-opacity":"","overlay-gradient":""},"mobile":{"background-color":"","background-image":"","background-repeat":"repeat","background-position":"center center","background-size":"auto","background-attachment":"scroll","background-type":"","background-media":"","overlay-type":"","overlay-color":"","overlay-opacity":"","overlay-gradient":""}},"ast-content-background-meta":{"desktop":{"background-color":"var(--ast-global-color-5)","background-image":"","background-repeat":"repeat","background-position":"center center","background-size":"auto","background-attachment":"scroll","background-type":"","background-media":"","overlay-type":"","overlay-color":"","overlay-opacity":"","overlay-gradient":""},"tablet":{"background-color":"var(--ast-global-color-5)","background-image":"","background-repeat":"repeat","background-position":"center center","background-size":"auto","background-attachment":"scroll","background-type":"","background-media":"","overlay-type":"","overlay-color":"","overlay-opacity":"","overlay-gradient":""},"mobile":{"background-color":"var(--ast-global-color-5)","background-image":"","background-repeat":"repeat","background-position":"center center","background-size":"auto","background-attachment":"scroll","background-type":"","background-media":"","overlay-type":"","overlay-color":"","overlay-opacity":"","overlay-gradient":""}},"footnotes":""},"class_list":["post-5323","page","type-page","status-publish","hentry"],"post_mailing_queue_ids":[],"_links":{"self":[{"href":"https:\/\/agora.xtec.cat\/ieslesmarines\/wp-json\/wp\/v2\/pages\/5323","targetHints":{"allow":["GET"]}}],"collection":[{"href":"https:\/\/agora.xtec.cat\/ieslesmarines\/wp-json\/wp\/v2\/pages"}],"about":[{"href":"https:\/\/agora.xtec.cat\/ieslesmarines\/wp-json\/wp\/v2\/types\/page"}],"author":[{"embeddable":true,"href":"https:\/\/agora.xtec.cat\/ieslesmarines\/wp-json\/wp\/v2\/users\/1"}],"replies":[{"embeddable":true,"href":"https:\/\/agora.xtec.cat\/ieslesmarines\/wp-json\/wp\/v2\/comments?post=5323"}],"version-history":[{"count":1,"href":"https:\/\/agora.xtec.cat\/ieslesmarines\/wp-json\/wp\/v2\/pages\/5323\/revisions"}],"predecessor-version":[{"id":5326,"href":"https:\/\/agora.xtec.cat\/ieslesmarines\/wp-json\/wp\/v2\/pages\/5323\/revisions\/5326"}],"wp:attachment":[{"href":"https:\/\/agora.xtec.cat\/ieslesmarines\/wp-json\/wp\/v2\/media?parent=5323"}],"curies":[{"name":"wp","href":"https:\/\/api.w.org\/{rel}","templated":true}]}}