{"id":5301,"date":"2025-04-29T14:08:15","date_gmt":"2025-04-29T12:08:15","guid":{"rendered":"https:\/\/agora.xtec.cat\/ieslesmarines\/?page_id=5301"},"modified":"2025-04-29T14:08:15","modified_gmt":"2025-04-29T12:08:15","slug":"sortida-al-museu-olimpic-1r-de-batxillerat","status":"publish","type":"page","link":"https:\/\/agora.xtec.cat\/ieslesmarines\/sortida-al-museu-olimpic-1r-de-batxillerat\/","title":{"rendered":"Sortida al Museu Ol\u00edmpic &#8211; 1r de batxillerat"},"content":{"rendered":"<p>Dijous passat, 24 d\u2019abril, l\u2019alumnat de 1r de Batxillerat va fer una sortida a Montju\u00efc.<\/p>\n<p>Van veure l\u2019Anella Ol\u00edmpica i van fer una visita guiada al Museu Ol\u00edmpic<img loading=\"lazy\" decoding=\"async\" class=\"an1\" draggable=\"false\" src=\"https:\/\/fonts.gstatic.com\/s\/e\/notoemoji\/16.0\/1f3c3\/72.png\" alt=\"\ud83c\udfc3\" width=\"18\" height=\"18\" data-emoji=\"\ud83c\udfc3\" aria-label=\"\ud83c\udfc3\" \/><img loading=\"lazy\" decoding=\"async\" class=\"an1\" draggable=\"false\" src=\"https:\/\/fonts.gstatic.com\/s\/e\/notoemoji\/16.0\/1f3d2\/72.png\" alt=\"\ud83c\udfd2\" width=\"19\" height=\"19\" data-emoji=\"\ud83c\udfd2\" aria-label=\"\ud83c\udfd2\" \/><img loading=\"lazy\" decoding=\"async\" class=\"an1\" draggable=\"false\" src=\"https:\/\/fonts.gstatic.com\/s\/e\/notoemoji\/16.0\/1f3cb_fe0f_200d_2642_fe0f\/72.png\" alt=\"\ud83c\udfcb\ufe0f\u200d\u2642\ufe0f\" width=\"11\" height=\"11\" data-emoji=\"\ud83c\udfcb\ufe0f\u200d\u2642\ufe0f\" aria-label=\"\ud83c\udfcb\ufe0f\u200d\u2642\ufe0f\" \/><\/p>\n<p>Va estar una sortida molt interessant en qu\u00e8 van gaudir de la ciutat!<\/p>\n<p>Podeu veure m\u00e9s imatges, <a href=\"https:\/\/www.instagram.com\/p\/DJBnu17INsu\/?igsh=MXB2MXVsbGlncTh3Nw==\">aqu\u00ed<\/a>.<\/p>\n<p><img loading=\"lazy\" decoding=\"async\" class=\"wp-image-5302 aligncenter\" src=\"https:\/\/agora.xtec.cat\/ieslesmarines\/wp-content\/uploads\/usu619\/2025\/04\/6344b7e0-85a9-4e27-8365-a79deb6c6140-1024x768.jpg\" alt=\"\" width=\"600\" height=\"450\" srcset=\"https:\/\/agora.xtec.cat\/ieslesmarines\/wp-content\/uploads\/usu619\/2025\/04\/6344b7e0-85a9-4e27-8365-a79deb6c6140-1024x768.jpg 1024w, https:\/\/agora.xtec.cat\/ieslesmarines\/wp-content\/uploads\/usu619\/2025\/04\/6344b7e0-85a9-4e27-8365-a79deb6c6140-300x225.jpg 300w, https:\/\/agora.xtec.cat\/ieslesmarines\/wp-content\/uploads\/usu619\/2025\/04\/6344b7e0-85a9-4e27-8365-a79deb6c6140-768x576.jpg 768w, https:\/\/agora.xtec.cat\/ieslesmarines\/wp-content\/uploads\/usu619\/2025\/04\/6344b7e0-85a9-4e27-8365-a79deb6c6140-1536x1152.jpg 1536w, https:\/\/agora.xtec.cat\/ieslesmarines\/wp-content\/uploads\/usu619\/2025\/04\/6344b7e0-85a9-4e27-8365-a79deb6c6140-200x150.jpg 200w, https:\/\/agora.xtec.cat\/ieslesmarines\/wp-content\/uploads\/usu619\/2025\/04\/6344b7e0-85a9-4e27-8365-a79deb6c6140.jpg 2000w\" sizes=\"auto, (max-width: 600px) 100vw, 600px\" \/><\/p>\n","protected":false},"excerpt":{"rendered":"<p>Dijous passat, 24 d\u2019abril, l\u2019alumnat de 1r de Batxillerat va fer una sortida a Montju\u00efc. Van veure l\u2019Anella Ol\u00edmpica i van fer una visita guiada al Museu Ol\u00edmpic Va estar una sortida molt interessant en qu\u00e8 van gaudir de la ciutat! Podeu veure m\u00e9s imatges, aqu\u00ed.<\/p>\n","protected":false},"author":1,"featured_media":0,"parent":0,"menu_order":0,"comment_status":"closed","ping_status":"closed","template":"","meta":{"_bbp_topic_count":0,"_bbp_reply_count":0,"_bbp_total_topic_count":0,"_bbp_total_reply_count":0,"_bbp_voice_count":0,"_bbp_anonymous_reply_count":0,"_bbp_topic_count_hidden":0,"_bbp_reply_count_hidden":0,"_bbp_forum_subforum_count":0,"site-sidebar-layout":"default","site-content-layout":"","ast-site-content-layout":"","site-content-style":"default","site-sidebar-style":"default","ast-global-header-display":"","ast-banner-title-visibility":"","ast-main-header-display":"","ast-hfb-above-header-display":"","ast-hfb-below-header-display":"","ast-hfb-mobile-header-display":"","site-post-title":"","ast-breadcrumbs-content":"","ast-featured-img":"","footer-sml-layout":"","theme-transparent-header-meta":"","adv-header-id-meta":"","stick-header-meta":"","header-above-stick-meta":"","header-main-stick-meta":"","header-below-stick-meta":"","astra-migrate-meta-layouts":"default","ast-page-background-enabled":"default","ast-page-background-meta":{"desktop":{"background-color":"var(--ast-global-color-4)","background-image":"","background-repeat":"repeat","background-position":"center center","background-size":"auto","background-attachment":"scroll","background-type":"","background-media":"","overlay-type":"","overlay-color":"","overlay-opacity":"","overlay-gradient":""},"tablet":{"background-color":"","background-image":"","background-repeat":"repeat","background-position":"center center","background-size":"auto","background-attachment":"scroll","background-type":"","background-media":"","overlay-type":"","overlay-color":"","overlay-opacity":"","overlay-gradient":""},"mobile":{"background-color":"","background-image":"","background-repeat":"repeat","background-position":"center center","background-size":"auto","background-attachment":"scroll","background-type":"","background-media":"","overlay-type":"","overlay-color":"","overlay-opacity":"","overlay-gradient":""}},"ast-content-background-meta":{"desktop":{"background-color":"var(--ast-global-color-5)","background-image":"","background-repeat":"repeat","background-position":"center center","background-size":"auto","background-attachment":"scroll","background-type":"","background-media":"","overlay-type":"","overlay-color":"","overlay-opacity":"","overlay-gradient":""},"tablet":{"background-color":"var(--ast-global-color-5)","background-image":"","background-repeat":"repeat","background-position":"center center","background-size":"auto","background-attachment":"scroll","background-type":"","background-media":"","overlay-type":"","overlay-color":"","overlay-opacity":"","overlay-gradient":""},"mobile":{"background-color":"var(--ast-global-color-5)","background-image":"","background-repeat":"repeat","background-position":"center center","background-size":"auto","background-attachment":"scroll","background-type":"","background-media":"","overlay-type":"","overlay-color":"","overlay-opacity":"","overlay-gradient":""}},"footnotes":""},"class_list":["post-5301","page","type-page","status-publish","hentry"],"post_mailing_queue_ids":[],"_links":{"self":[{"href":"https:\/\/agora.xtec.cat\/ieslesmarines\/wp-json\/wp\/v2\/pages\/5301","targetHints":{"allow":["GET"]}}],"collection":[{"href":"https:\/\/agora.xtec.cat\/ieslesmarines\/wp-json\/wp\/v2\/pages"}],"about":[{"href":"https:\/\/agora.xtec.cat\/ieslesmarines\/wp-json\/wp\/v2\/types\/page"}],"author":[{"embeddable":true,"href":"https:\/\/agora.xtec.cat\/ieslesmarines\/wp-json\/wp\/v2\/users\/1"}],"replies":[{"embeddable":true,"href":"https:\/\/agora.xtec.cat\/ieslesmarines\/wp-json\/wp\/v2\/comments?post=5301"}],"version-history":[{"count":1,"href":"https:\/\/agora.xtec.cat\/ieslesmarines\/wp-json\/wp\/v2\/pages\/5301\/revisions"}],"predecessor-version":[{"id":5304,"href":"https:\/\/agora.xtec.cat\/ieslesmarines\/wp-json\/wp\/v2\/pages\/5301\/revisions\/5304"}],"wp:attachment":[{"href":"https:\/\/agora.xtec.cat\/ieslesmarines\/wp-json\/wp\/v2\/media?parent=5301"}],"curies":[{"name":"wp","href":"https:\/\/api.w.org\/{rel}","templated":true}]}}