{"id":5030,"date":"2025-02-25T11:21:26","date_gmt":"2025-02-25T10:21:26","guid":{"rendered":"https:\/\/agora.xtec.cat\/ieslesmarines\/?page_id=5030"},"modified":"2025-02-25T11:22:13","modified_gmt":"2025-02-25T10:22:13","slug":"dilluns-de-carnaval-samarreta-del-teu-equip-preferit","status":"publish","type":"page","link":"https:\/\/agora.xtec.cat\/ieslesmarines\/dilluns-de-carnaval-samarreta-del-teu-equip-preferit\/","title":{"rendered":"Dilluns de carnaval: samarreta del teu equip preferit!"},"content":{"rendered":"<div id=\":my\" class=\"ii gt\">\n<div id=\":mx\" class=\"a3s aiL \">\n<div>\n<p>Dilluns de Carnaval: amb la samarreta del teu equip preferit!<img loading=\"lazy\" decoding=\"async\" class=\"an1\" draggable=\"false\" src=\"https:\/\/fonts.gstatic.com\/s\/e\/notoemoji\/16.0\/1f455\/72.png\" alt=\"\ud83d\udc55\" width=\"15\" height=\"15\" data-emoji=\"\ud83d\udc55\" aria-label=\"\ud83d\udc55\" \/><\/p>\n<p>I guanyadors s\u00f3n: 1ESO C, 2ESO C, 4ESO C i 2nBatx!<\/p>\n<p>Dem\u00e0, m\u00e9s!\u00a0<img loading=\"lazy\" decoding=\"async\" class=\"an1\" draggable=\"false\" src=\"https:\/\/fonts.gstatic.com\/s\/e\/notoemoji\/16.0\/1f389\/72.png\" alt=\"\ud83c\udf89\" width=\"22\" height=\"22\" data-emoji=\"\ud83c\udf89\" aria-label=\"\ud83c\udf89\" \/><\/p>\n<\/div>\n<div><\/div>\n<div dir=\"auto\"><\/div>\n<div dir=\"auto\">\n<div>Podeu veure m\u00e9s imatges, <a href=\"https:\/\/www.instagram.com\/p\/DGdrYHBOvUL\/?igsh=OTE5ZWNmNnhpcXQy\">aqu\u00ed<\/a>.<\/div>\n<div><\/div>\n<div><\/div>\n<div class=\"adL\"><img loading=\"lazy\" decoding=\"async\" class=\"alignnone wp-image-5031\" src=\"https:\/\/agora.xtec.cat\/ieslesmarines\/wp-content\/uploads\/usu619\/2025\/02\/dd162bf1-1bae-4e66-bdde-ba84aa444a3f-1024x768.jpg\" alt=\"\" width=\"700\" height=\"525\" srcset=\"https:\/\/agora.xtec.cat\/ieslesmarines\/wp-content\/uploads\/usu619\/2025\/02\/dd162bf1-1bae-4e66-bdde-ba84aa444a3f-1024x768.jpg 1024w, https:\/\/agora.xtec.cat\/ieslesmarines\/wp-content\/uploads\/usu619\/2025\/02\/dd162bf1-1bae-4e66-bdde-ba84aa444a3f-300x225.jpg 300w, https:\/\/agora.xtec.cat\/ieslesmarines\/wp-content\/uploads\/usu619\/2025\/02\/dd162bf1-1bae-4e66-bdde-ba84aa444a3f-768x576.jpg 768w, https:\/\/agora.xtec.cat\/ieslesmarines\/wp-content\/uploads\/usu619\/2025\/02\/dd162bf1-1bae-4e66-bdde-ba84aa444a3f-1536x1152.jpg 1536w, https:\/\/agora.xtec.cat\/ieslesmarines\/wp-content\/uploads\/usu619\/2025\/02\/dd162bf1-1bae-4e66-bdde-ba84aa444a3f-200x150.jpg 200w, https:\/\/agora.xtec.cat\/ieslesmarines\/wp-content\/uploads\/usu619\/2025\/02\/dd162bf1-1bae-4e66-bdde-ba84aa444a3f.jpg 2048w\" sizes=\"auto, (max-width: 700px) 100vw, 700px\" \/><\/div>\n<\/div>\n<div class=\"adL\"><\/div>\n<\/div>\n<\/div>\n<div id=\":oa\" class=\"hq gt\"><\/div>\n","protected":false},"excerpt":{"rendered":"<p>Dilluns de Carnaval: amb la samarreta del teu equip preferit! I guanyadors s\u00f3n: 1ESO C, 2ESO C, 4ESO C i 2nBatx! Dem\u00e0, m\u00e9s!\u00a0 Podeu veure m\u00e9s imatges, aqu\u00ed.<\/p>\n","protected":false},"author":1,"featured_media":0,"parent":0,"menu_order":0,"comment_status":"closed","ping_status":"closed","template":"","meta":{"_bbp_topic_count":0,"_bbp_reply_count":0,"_bbp_total_topic_count":0,"_bbp_total_reply_count":0,"_bbp_voice_count":0,"_bbp_anonymous_reply_count":0,"_bbp_topic_count_hidden":0,"_bbp_reply_count_hidden":0,"_bbp_forum_subforum_count":0,"site-sidebar-layout":"default","site-content-layout":"","ast-site-content-layout":"","site-content-style":"default","site-sidebar-style":"default","ast-global-header-display":"","ast-banner-title-visibility":"","ast-main-header-display":"","ast-hfb-above-header-display":"","ast-hfb-below-header-display":"","ast-hfb-mobile-header-display":"","site-post-title":"","ast-breadcrumbs-content":"","ast-featured-img":"","footer-sml-layout":"","theme-transparent-header-meta":"","adv-header-id-meta":"","stick-header-meta":"","header-above-stick-meta":"","header-main-stick-meta":"","header-below-stick-meta":"","astra-migrate-meta-layouts":"default","ast-page-background-enabled":"default","ast-page-background-meta":{"desktop":{"background-color":"var(--ast-global-color-4)","background-image":"","background-repeat":"repeat","background-position":"center center","background-size":"auto","background-attachment":"scroll","background-type":"","background-media":"","overlay-type":"","overlay-color":"","overlay-opacity":"","overlay-gradient":""},"tablet":{"background-color":"","background-image":"","background-repeat":"repeat","background-position":"center center","background-size":"auto","background-attachment":"scroll","background-type":"","background-media":"","overlay-type":"","overlay-color":"","overlay-opacity":"","overlay-gradient":""},"mobile":{"background-color":"","background-image":"","background-repeat":"repeat","background-position":"center center","background-size":"auto","background-attachment":"scroll","background-type":"","background-media":"","overlay-type":"","overlay-color":"","overlay-opacity":"","overlay-gradient":""}},"ast-content-background-meta":{"desktop":{"background-color":"var(--ast-global-color-5)","background-image":"","background-repeat":"repeat","background-position":"center center","background-size":"auto","background-attachment":"scroll","background-type":"","background-media":"","overlay-type":"","overlay-color":"","overlay-opacity":"","overlay-gradient":""},"tablet":{"background-color":"var(--ast-global-color-5)","background-image":"","background-repeat":"repeat","background-position":"center center","background-size":"auto","background-attachment":"scroll","background-type":"","background-media":"","overlay-type":"","overlay-color":"","overlay-opacity":"","overlay-gradient":""},"mobile":{"background-color":"var(--ast-global-color-5)","background-image":"","background-repeat":"repeat","background-position":"center center","background-size":"auto","background-attachment":"scroll","background-type":"","background-media":"","overlay-type":"","overlay-color":"","overlay-opacity":"","overlay-gradient":""}},"footnotes":""},"class_list":["post-5030","page","type-page","status-publish","hentry"],"post_mailing_queue_ids":[],"_links":{"self":[{"href":"https:\/\/agora.xtec.cat\/ieslesmarines\/wp-json\/wp\/v2\/pages\/5030","targetHints":{"allow":["GET"]}}],"collection":[{"href":"https:\/\/agora.xtec.cat\/ieslesmarines\/wp-json\/wp\/v2\/pages"}],"about":[{"href":"https:\/\/agora.xtec.cat\/ieslesmarines\/wp-json\/wp\/v2\/types\/page"}],"author":[{"embeddable":true,"href":"https:\/\/agora.xtec.cat\/ieslesmarines\/wp-json\/wp\/v2\/users\/1"}],"replies":[{"embeddable":true,"href":"https:\/\/agora.xtec.cat\/ieslesmarines\/wp-json\/wp\/v2\/comments?post=5030"}],"version-history":[{"count":4,"href":"https:\/\/agora.xtec.cat\/ieslesmarines\/wp-json\/wp\/v2\/pages\/5030\/revisions"}],"predecessor-version":[{"id":5036,"href":"https:\/\/agora.xtec.cat\/ieslesmarines\/wp-json\/wp\/v2\/pages\/5030\/revisions\/5036"}],"wp:attachment":[{"href":"https:\/\/agora.xtec.cat\/ieslesmarines\/wp-json\/wp\/v2\/media?parent=5030"}],"curies":[{"name":"wp","href":"https:\/\/api.w.org\/{rel}","templated":true}]}}