{"id":4960,"date":"2025-02-17T09:36:53","date_gmt":"2025-02-17T08:36:53","guid":{"rendered":"https:\/\/agora.xtec.cat\/ieslesmarines\/?page_id=4960"},"modified":"2025-02-17T09:37:29","modified_gmt":"2025-02-17T08:37:29","slug":"xerrada-sobre-lassetjament","status":"publish","type":"page","link":"https:\/\/agora.xtec.cat\/ieslesmarines\/xerrada-sobre-lassetjament\/","title":{"rendered":"Xerrada sobre l&#8217;assetjament"},"content":{"rendered":"<p>L&#8217;institut t\u00e9 el plaer d&#8217;acollir al centre la xerrada per a les fam\u00edlies i joves de 12 a 16 anys: <i>L&#8217;assetjament. Eines i estrat\u00e8gies per evitar l&#8217;assetjament i actuar quan apareix,\u00a0<\/i>que es realitzar\u00e0 el pr\u00f2xim 19 de mar\u00e7 a les 17.30h a la sala d&#8217;actes de l&#8217;institut. Per participar de la xerrada cal fer inscripci\u00f3 pr\u00e8via a l&#8217;<a href=\"https:\/\/forms.office.com\/pages\/responsepage.aspx?id=-DxhUWt3L0-l16g6v9TwqswL-z6fDPZJob_J1QkwKORUN1o2S01GSTBHRFRKRVNMNjNTTjEyRVU5Qy4u&amp;route=shorturl\" target=\"_blank\" rel=\"noopener\" data-saferedirecturl=\"https:\/\/www.google.com\/url?q=https:\/\/forms.office.com\/pages\/responsepage.aspx?id%3D-DxhUWt3L0-l16g6v9TwqswL-z6fDPZJob_J1QkwKORUN1o2S01GSTBHRFRKRVNMNjNTTjEyRVU5Qy4u%26route%3Dshorturl&amp;source=gmail&amp;ust=1739617548565000&amp;usg=AOvVaw1ykaHBpmBqbGU4HoFL9n5Y\">enlla\u00e7<\/a>.<\/p>\n<p>Si necessiteu m\u00e9s informaci\u00f3, podeu trobar-la al web de l&#8217;ajuntament o b\u00e9 a l&#8217;<a href=\"https:\/\/www.castelldefels.org\/ca\/actualitat\/agenda\/lassetjament-eines-i-estrategies-per-evitar-lassetjament-i-per-actuar-quan-apareix\" target=\"_blank\" rel=\"noopener\" data-saferedirecturl=\"https:\/\/www.google.com\/url?q=https:\/\/www.castelldefels.org\/ca\/actualitat\/agenda\/lassetjament-eines-i-estrategies-per-evitar-lassetjament-i-per-actuar-quan-apareix&amp;source=gmail&amp;ust=1739617548565000&amp;usg=AOvVaw13OaN8Q92RgcQdlGRKkEXs\">enlla\u00e7.<\/a><\/p>\n<p><a href=\"https:\/\/forms.office.com\/pages\/responsepage.aspx?id=-DxhUWt3L0-l16g6v9TwqswL-z6fDPZJob_J1QkwKORUN1o2S01GSTBHRFRKRVNMNjNTTjEyRVU5Qy4u&amp;route=shorturl\"><img loading=\"lazy\" decoding=\"async\" class=\"wp-image-4962 aligncenter\" src=\"https:\/\/agora.xtec.cat\/ieslesmarines\/wp-content\/uploads\/usu619\/2025\/02\/unnamed-2-724x1024.jpg\" alt=\"\" width=\"500\" height=\"707\" srcset=\"https:\/\/agora.xtec.cat\/ieslesmarines\/wp-content\/uploads\/usu619\/2025\/02\/unnamed-2-724x1024.jpg 724w, https:\/\/agora.xtec.cat\/ieslesmarines\/wp-content\/uploads\/usu619\/2025\/02\/unnamed-2-212x300.jpg 212w, https:\/\/agora.xtec.cat\/ieslesmarines\/wp-content\/uploads\/usu619\/2025\/02\/unnamed-2-768x1086.jpg 768w, https:\/\/agora.xtec.cat\/ieslesmarines\/wp-content\/uploads\/usu619\/2025\/02\/unnamed-2-1086x1536.jpg 1086w, https:\/\/agora.xtec.cat\/ieslesmarines\/wp-content\/uploads\/usu619\/2025\/02\/unnamed-2.jpg 1205w\" sizes=\"auto, (max-width: 500px) 100vw, 500px\" \/><\/a><\/p>\n","protected":false},"excerpt":{"rendered":"<p>L&#8217;institut t\u00e9 el plaer d&#8217;acollir al centre la xerrada per a les fam\u00edlies i joves de 12 a 16 anys: L&#8217;assetjament. Eines i estrat\u00e8gies per evitar l&#8217;assetjament i actuar quan apareix,\u00a0que es realitzar\u00e0 el pr\u00f2xim 19 de mar\u00e7 a les 17.30h a la sala d&#8217;actes de l&#8217;institut. Per participar de la xerrada cal fer inscripci\u00f3 [&hellip;]<\/p>\n","protected":false},"author":1,"featured_media":0,"parent":0,"menu_order":0,"comment_status":"closed","ping_status":"closed","template":"","meta":{"_bbp_topic_count":0,"_bbp_reply_count":0,"_bbp_total_topic_count":0,"_bbp_total_reply_count":0,"_bbp_voice_count":0,"_bbp_anonymous_reply_count":0,"_bbp_topic_count_hidden":0,"_bbp_reply_count_hidden":0,"_bbp_forum_subforum_count":0,"site-sidebar-layout":"default","site-content-layout":"","ast-site-content-layout":"","site-content-style":"default","site-sidebar-style":"default","ast-global-header-display":"","ast-banner-title-visibility":"","ast-main-header-display":"","ast-hfb-above-header-display":"","ast-hfb-below-header-display":"","ast-hfb-mobile-header-display":"","site-post-title":"","ast-breadcrumbs-content":"","ast-featured-img":"","footer-sml-layout":"","theme-transparent-header-meta":"","adv-header-id-meta":"","stick-header-meta":"","header-above-stick-meta":"","header-main-stick-meta":"","header-below-stick-meta":"","astra-migrate-meta-layouts":"default","ast-page-background-enabled":"default","ast-page-background-meta":{"desktop":{"background-color":"var(--ast-global-color-4)","background-image":"","background-repeat":"repeat","background-position":"center center","background-size":"auto","background-attachment":"scroll","background-type":"","background-media":"","overlay-type":"","overlay-color":"","overlay-opacity":"","overlay-gradient":""},"tablet":{"background-color":"","background-image":"","background-repeat":"repeat","background-position":"center center","background-size":"auto","background-attachment":"scroll","background-type":"","background-media":"","overlay-type":"","overlay-color":"","overlay-opacity":"","overlay-gradient":""},"mobile":{"background-color":"","background-image":"","background-repeat":"repeat","background-position":"center center","background-size":"auto","background-attachment":"scroll","background-type":"","background-media":"","overlay-type":"","overlay-color":"","overlay-opacity":"","overlay-gradient":""}},"ast-content-background-meta":{"desktop":{"background-color":"var(--ast-global-color-5)","background-image":"","background-repeat":"repeat","background-position":"center center","background-size":"auto","background-attachment":"scroll","background-type":"","background-media":"","overlay-type":"","overlay-color":"","overlay-opacity":"","overlay-gradient":""},"tablet":{"background-color":"var(--ast-global-color-5)","background-image":"","background-repeat":"repeat","background-position":"center center","background-size":"auto","background-attachment":"scroll","background-type":"","background-media":"","overlay-type":"","overlay-color":"","overlay-opacity":"","overlay-gradient":""},"mobile":{"background-color":"var(--ast-global-color-5)","background-image":"","background-repeat":"repeat","background-position":"center center","background-size":"auto","background-attachment":"scroll","background-type":"","background-media":"","overlay-type":"","overlay-color":"","overlay-opacity":"","overlay-gradient":""}},"footnotes":""},"class_list":["post-4960","page","type-page","status-publish","hentry"],"post_mailing_queue_ids":[],"_links":{"self":[{"href":"https:\/\/agora.xtec.cat\/ieslesmarines\/wp-json\/wp\/v2\/pages\/4960","targetHints":{"allow":["GET"]}}],"collection":[{"href":"https:\/\/agora.xtec.cat\/ieslesmarines\/wp-json\/wp\/v2\/pages"}],"about":[{"href":"https:\/\/agora.xtec.cat\/ieslesmarines\/wp-json\/wp\/v2\/types\/page"}],"author":[{"embeddable":true,"href":"https:\/\/agora.xtec.cat\/ieslesmarines\/wp-json\/wp\/v2\/users\/1"}],"replies":[{"embeddable":true,"href":"https:\/\/agora.xtec.cat\/ieslesmarines\/wp-json\/wp\/v2\/comments?post=4960"}],"version-history":[{"count":2,"href":"https:\/\/agora.xtec.cat\/ieslesmarines\/wp-json\/wp\/v2\/pages\/4960\/revisions"}],"predecessor-version":[{"id":4963,"href":"https:\/\/agora.xtec.cat\/ieslesmarines\/wp-json\/wp\/v2\/pages\/4960\/revisions\/4963"}],"wp:attachment":[{"href":"https:\/\/agora.xtec.cat\/ieslesmarines\/wp-json\/wp\/v2\/media?parent=4960"}],"curies":[{"name":"wp","href":"https:\/\/api.w.org\/{rel}","templated":true}]}}