{"id":4907,"date":"2025-02-13T08:31:08","date_gmt":"2025-02-13T07:31:08","guid":{"rendered":"https:\/\/agora.xtec.cat\/ieslesmarines\/?page_id=4907"},"modified":"2025-02-13T08:32:20","modified_gmt":"2025-02-13T07:32:20","slug":"segona-jornada-a-roma-4t-deso","status":"publish","type":"page","link":"https:\/\/agora.xtec.cat\/ieslesmarines\/segona-jornada-a-roma-4t-deso\/","title":{"rendered":"Segona jornada a Roma &#8211; 4t d&#8217;ESO"},"content":{"rendered":"<p>2n dia a Roma i sense parar. <img loading=\"lazy\" decoding=\"async\" class=\"an1\" draggable=\"false\" src=\"https:\/\/fonts.gstatic.com\/s\/e\/notoemoji\/16.0\/1f463\/72.png\" alt=\"\ud83d\udc63\" width=\"20\" height=\"20\" data-emoji=\"\ud83d\udc63\" aria-label=\"\ud83d\udc63\" \/><\/p>\n<p>Hem visitat les Bas\u00edliques de Santa Maria la Major i Sant Pietro in Vincole, el Coliseu, el Foro rom\u00e0, el circo massimo, la Bocca della Verit\u00e0, l\u2019esgl\u00e9sia de Santa Maria in Cosmedin, la Piazza Campidoglio i el monument a Vittorio Emanuelle II.\u00a0<img loading=\"lazy\" decoding=\"async\" class=\"an1\" draggable=\"false\" src=\"https:\/\/fonts.gstatic.com\/s\/e\/notoemoji\/16.0\/1f3fa\/72.png\" alt=\"\ud83c\udffa\" width=\"23\" height=\"23\" data-emoji=\"\ud83c\udffa\" aria-label=\"\ud83c\udffa\" \/><\/p>\n<p>I, a m\u00e9s, d\u2019aniversari. Felicitats, Mia! <img loading=\"lazy\" decoding=\"async\" class=\"an1\" draggable=\"false\" src=\"https:\/\/fonts.gstatic.com\/s\/e\/notoemoji\/16.0\/1f382\/72.png\" alt=\"\ud83c\udf82\" width=\"21\" height=\"21\" data-emoji=\"\ud83c\udf82\" aria-label=\"\ud83c\udf82\" \/><\/p>\n<p>De moment el temps ens acompanya i estem gaudint de la ciutat!! <img loading=\"lazy\" decoding=\"async\" class=\"an1\" draggable=\"false\" src=\"https:\/\/fonts.gstatic.com\/s\/e\/notoemoji\/16.0\/1f389\/72.png\" alt=\"\ud83c\udf89\" width=\"18\" height=\"18\" data-emoji=\"\ud83c\udf89\" aria-label=\"\ud83c\udf89\" \/><\/p>\n<p>Podeu veure m\u00e9s imatges, <a href=\"https:\/\/www.instagram.com\/p\/DGAM-JVo7OL\/?igsh=MTVxcm12eWlwbHl3ag==\">aqu\u00ed<\/a>.<\/p>\n<p><img loading=\"lazy\" decoding=\"async\" class=\"wp-image-4909 aligncenter\" src=\"https:\/\/agora.xtec.cat\/ieslesmarines\/wp-content\/uploads\/usu619\/2025\/02\/5fb3601c-55b2-4784-a83b-9030bfe01cbc-1024x768.jpeg\" alt=\"\" width=\"800\" height=\"600\" srcset=\"https:\/\/agora.xtec.cat\/ieslesmarines\/wp-content\/uploads\/usu619\/2025\/02\/5fb3601c-55b2-4784-a83b-9030bfe01cbc-1024x768.jpeg 1024w, https:\/\/agora.xtec.cat\/ieslesmarines\/wp-content\/uploads\/usu619\/2025\/02\/5fb3601c-55b2-4784-a83b-9030bfe01cbc-300x225.jpeg 300w, https:\/\/agora.xtec.cat\/ieslesmarines\/wp-content\/uploads\/usu619\/2025\/02\/5fb3601c-55b2-4784-a83b-9030bfe01cbc-768x576.jpeg 768w, https:\/\/agora.xtec.cat\/ieslesmarines\/wp-content\/uploads\/usu619\/2025\/02\/5fb3601c-55b2-4784-a83b-9030bfe01cbc-1536x1152.jpeg 1536w, https:\/\/agora.xtec.cat\/ieslesmarines\/wp-content\/uploads\/usu619\/2025\/02\/5fb3601c-55b2-4784-a83b-9030bfe01cbc-200x150.jpeg 200w, https:\/\/agora.xtec.cat\/ieslesmarines\/wp-content\/uploads\/usu619\/2025\/02\/5fb3601c-55b2-4784-a83b-9030bfe01cbc.jpeg 2048w\" sizes=\"auto, (max-width: 800px) 100vw, 800px\" \/><\/p>\n","protected":false},"excerpt":{"rendered":"<p>2n dia a Roma i sense parar. Hem visitat les Bas\u00edliques de Santa Maria la Major i Sant Pietro in Vincole, el Coliseu, el Foro rom\u00e0, el circo massimo, la Bocca della Verit\u00e0, l\u2019esgl\u00e9sia de Santa Maria in Cosmedin, la Piazza Campidoglio i el monument a Vittorio Emanuelle II.\u00a0 I, a m\u00e9s, d\u2019aniversari. Felicitats, Mia! [&hellip;]<\/p>\n","protected":false},"author":1,"featured_media":0,"parent":0,"menu_order":0,"comment_status":"closed","ping_status":"closed","template":"","meta":{"_bbp_topic_count":0,"_bbp_reply_count":0,"_bbp_total_topic_count":0,"_bbp_total_reply_count":0,"_bbp_voice_count":0,"_bbp_anonymous_reply_count":0,"_bbp_topic_count_hidden":0,"_bbp_reply_count_hidden":0,"_bbp_forum_subforum_count":0,"site-sidebar-layout":"default","site-content-layout":"","ast-site-content-layout":"","site-content-style":"default","site-sidebar-style":"default","ast-global-header-display":"","ast-banner-title-visibility":"","ast-main-header-display":"","ast-hfb-above-header-display":"","ast-hfb-below-header-display":"","ast-hfb-mobile-header-display":"","site-post-title":"","ast-breadcrumbs-content":"","ast-featured-img":"","footer-sml-layout":"","theme-transparent-header-meta":"","adv-header-id-meta":"","stick-header-meta":"","header-above-stick-meta":"","header-main-stick-meta":"","header-below-stick-meta":"","astra-migrate-meta-layouts":"default","ast-page-background-enabled":"default","ast-page-background-meta":{"desktop":{"background-color":"var(--ast-global-color-4)","background-image":"","background-repeat":"repeat","background-position":"center center","background-size":"auto","background-attachment":"scroll","background-type":"","background-media":"","overlay-type":"","overlay-color":"","overlay-opacity":"","overlay-gradient":""},"tablet":{"background-color":"","background-image":"","background-repeat":"repeat","background-position":"center center","background-size":"auto","background-attachment":"scroll","background-type":"","background-media":"","overlay-type":"","overlay-color":"","overlay-opacity":"","overlay-gradient":""},"mobile":{"background-color":"","background-image":"","background-repeat":"repeat","background-position":"center center","background-size":"auto","background-attachment":"scroll","background-type":"","background-media":"","overlay-type":"","overlay-color":"","overlay-opacity":"","overlay-gradient":""}},"ast-content-background-meta":{"desktop":{"background-color":"var(--ast-global-color-5)","background-image":"","background-repeat":"repeat","background-position":"center center","background-size":"auto","background-attachment":"scroll","background-type":"","background-media":"","overlay-type":"","overlay-color":"","overlay-opacity":"","overlay-gradient":""},"tablet":{"background-color":"var(--ast-global-color-5)","background-image":"","background-repeat":"repeat","background-position":"center center","background-size":"auto","background-attachment":"scroll","background-type":"","background-media":"","overlay-type":"","overlay-color":"","overlay-opacity":"","overlay-gradient":""},"mobile":{"background-color":"var(--ast-global-color-5)","background-image":"","background-repeat":"repeat","background-position":"center center","background-size":"auto","background-attachment":"scroll","background-type":"","background-media":"","overlay-type":"","overlay-color":"","overlay-opacity":"","overlay-gradient":""}},"footnotes":""},"class_list":["post-4907","page","type-page","status-publish","hentry"],"post_mailing_queue_ids":[],"_links":{"self":[{"href":"https:\/\/agora.xtec.cat\/ieslesmarines\/wp-json\/wp\/v2\/pages\/4907","targetHints":{"allow":["GET"]}}],"collection":[{"href":"https:\/\/agora.xtec.cat\/ieslesmarines\/wp-json\/wp\/v2\/pages"}],"about":[{"href":"https:\/\/agora.xtec.cat\/ieslesmarines\/wp-json\/wp\/v2\/types\/page"}],"author":[{"embeddable":true,"href":"https:\/\/agora.xtec.cat\/ieslesmarines\/wp-json\/wp\/v2\/users\/1"}],"replies":[{"embeddable":true,"href":"https:\/\/agora.xtec.cat\/ieslesmarines\/wp-json\/wp\/v2\/comments?post=4907"}],"version-history":[{"count":3,"href":"https:\/\/agora.xtec.cat\/ieslesmarines\/wp-json\/wp\/v2\/pages\/4907\/revisions"}],"predecessor-version":[{"id":4911,"href":"https:\/\/agora.xtec.cat\/ieslesmarines\/wp-json\/wp\/v2\/pages\/4907\/revisions\/4911"}],"wp:attachment":[{"href":"https:\/\/agora.xtec.cat\/ieslesmarines\/wp-json\/wp\/v2\/media?parent=4907"}],"curies":[{"name":"wp","href":"https:\/\/api.w.org\/{rel}","templated":true}]}}