{"id":4758,"date":"2025-01-21T11:05:36","date_gmt":"2025-01-21T10:05:36","guid":{"rendered":"https:\/\/agora.xtec.cat\/ieslesmarines\/?page_id=4758"},"modified":"2025-01-21T11:09:24","modified_gmt":"2025-01-21T10:09:24","slug":"el-monstre-sapropa","status":"publish","type":"page","link":"https:\/\/agora.xtec.cat\/ieslesmarines\/el-monstre-sapropa\/","title":{"rendered":"El Monstre\u00a0s&#8217;apropa!"},"content":{"rendered":"<p>El dijous 16 de gener, les alumnes de 3r d&#8217;ESO de l&#8217;optativa &#8216;El monstre al Laberint&#8217; van assistir al primer assaig al Liceu de l&#8217;\u00f2pera en la qual participem: &#8216;El monstre al laberint&#8217;. Es tracta d&#8217;un projecte del Liceu en el qual estem inscrits des del curs passat. Aquest curs compartirem escenari amb centenars d&#8217;alumnes de tot Catalunya i de professionals de la m\u00fasica i la creaci\u00f3 art\u00edstica.<\/p>\n<p>Vam gaudir de 2 hores d&#8217;assaig musical i de dues hores m\u00e9s d&#8217;assaig d&#8217;escena. Vam parlar dels objectius del projecte, de l&#8217;analogia del mite de Teseu i Ariadna amb els personatges i la hist\u00f2ria actualitzada que tracta l&#8217;\u00f2pera. Una versi\u00f3 sobre valors humans tan necessaris en els moments en qu\u00e8 vivim. Vam cantar, ens vam moure, vam riure i vam plorar d&#8217;emoci\u00f3 quan hav\u00edem d&#8217;interpretar.<\/p>\n<p>Una experi\u00e8ncia superenriquidora que ja est\u00e0 quasi en la meitat del seu cam\u00ed. Continuem en el viatge, gaudint de totes les emocions i aprenentatges que ens est\u00e0 aportant en aquest curs.<\/p>\n<p><img loading=\"lazy\" decoding=\"async\" class=\"wp-image-4760 aligncenter\" src=\"https:\/\/agora.xtec.cat\/ieslesmarines\/wp-content\/uploads\/usu619\/2025\/01\/IMG_20250116_120419-1-1024x768.jpg\" alt=\"\" width=\"600\" height=\"450\" srcset=\"https:\/\/agora.xtec.cat\/ieslesmarines\/wp-content\/uploads\/usu619\/2025\/01\/IMG_20250116_120419-1-1024x768.jpg 1024w, https:\/\/agora.xtec.cat\/ieslesmarines\/wp-content\/uploads\/usu619\/2025\/01\/IMG_20250116_120419-1-300x225.jpg 300w, https:\/\/agora.xtec.cat\/ieslesmarines\/wp-content\/uploads\/usu619\/2025\/01\/IMG_20250116_120419-1-768x576.jpg 768w, https:\/\/agora.xtec.cat\/ieslesmarines\/wp-content\/uploads\/usu619\/2025\/01\/IMG_20250116_120419-1-1536x1152.jpg 1536w, https:\/\/agora.xtec.cat\/ieslesmarines\/wp-content\/uploads\/usu619\/2025\/01\/IMG_20250116_120419-1-2048x1536.jpg 2048w, https:\/\/agora.xtec.cat\/ieslesmarines\/wp-content\/uploads\/usu619\/2025\/01\/IMG_20250116_120419-1-200x150.jpg 200w\" sizes=\"auto, (max-width: 600px) 100vw, 600px\" \/><\/p>\n","protected":false},"excerpt":{"rendered":"<p>El dijous 16 de gener, les alumnes de 3r d&#8217;ESO de l&#8217;optativa &#8216;El monstre al Laberint&#8217; van assistir al primer assaig al Liceu de l&#8217;\u00f2pera en la qual participem: &#8216;El monstre al laberint&#8217;. Es tracta d&#8217;un projecte del Liceu en el qual estem inscrits des del curs passat. Aquest curs compartirem escenari amb centenars d&#8217;alumnes [&hellip;]<\/p>\n","protected":false},"author":1,"featured_media":0,"parent":0,"menu_order":0,"comment_status":"closed","ping_status":"closed","template":"","meta":{"_bbp_topic_count":0,"_bbp_reply_count":0,"_bbp_total_topic_count":0,"_bbp_total_reply_count":0,"_bbp_voice_count":0,"_bbp_anonymous_reply_count":0,"_bbp_topic_count_hidden":0,"_bbp_reply_count_hidden":0,"_bbp_forum_subforum_count":0,"site-sidebar-layout":"default","site-content-layout":"","ast-site-content-layout":"","site-content-style":"default","site-sidebar-style":"default","ast-global-header-display":"","ast-banner-title-visibility":"","ast-main-header-display":"","ast-hfb-above-header-display":"","ast-hfb-below-header-display":"","ast-hfb-mobile-header-display":"","site-post-title":"","ast-breadcrumbs-content":"","ast-featured-img":"","footer-sml-layout":"","theme-transparent-header-meta":"","adv-header-id-meta":"","stick-header-meta":"","header-above-stick-meta":"","header-main-stick-meta":"","header-below-stick-meta":"","astra-migrate-meta-layouts":"default","ast-page-background-enabled":"default","ast-page-background-meta":{"desktop":{"background-color":"var(--ast-global-color-4)","background-image":"","background-repeat":"repeat","background-position":"center center","background-size":"auto","background-attachment":"scroll","background-type":"","background-media":"","overlay-type":"","overlay-color":"","overlay-opacity":"","overlay-gradient":""},"tablet":{"background-color":"","background-image":"","background-repeat":"repeat","background-position":"center center","background-size":"auto","background-attachment":"scroll","background-type":"","background-media":"","overlay-type":"","overlay-color":"","overlay-opacity":"","overlay-gradient":""},"mobile":{"background-color":"","background-image":"","background-repeat":"repeat","background-position":"center center","background-size":"auto","background-attachment":"scroll","background-type":"","background-media":"","overlay-type":"","overlay-color":"","overlay-opacity":"","overlay-gradient":""}},"ast-content-background-meta":{"desktop":{"background-color":"var(--ast-global-color-5)","background-image":"","background-repeat":"repeat","background-position":"center center","background-size":"auto","background-attachment":"scroll","background-type":"","background-media":"","overlay-type":"","overlay-color":"","overlay-opacity":"","overlay-gradient":""},"tablet":{"background-color":"var(--ast-global-color-5)","background-image":"","background-repeat":"repeat","background-position":"center center","background-size":"auto","background-attachment":"scroll","background-type":"","background-media":"","overlay-type":"","overlay-color":"","overlay-opacity":"","overlay-gradient":""},"mobile":{"background-color":"var(--ast-global-color-5)","background-image":"","background-repeat":"repeat","background-position":"center center","background-size":"auto","background-attachment":"scroll","background-type":"","background-media":"","overlay-type":"","overlay-color":"","overlay-opacity":"","overlay-gradient":""}},"footnotes":""},"class_list":["post-4758","page","type-page","status-publish","hentry"],"post_mailing_queue_ids":[],"_links":{"self":[{"href":"https:\/\/agora.xtec.cat\/ieslesmarines\/wp-json\/wp\/v2\/pages\/4758","targetHints":{"allow":["GET"]}}],"collection":[{"href":"https:\/\/agora.xtec.cat\/ieslesmarines\/wp-json\/wp\/v2\/pages"}],"about":[{"href":"https:\/\/agora.xtec.cat\/ieslesmarines\/wp-json\/wp\/v2\/types\/page"}],"author":[{"embeddable":true,"href":"https:\/\/agora.xtec.cat\/ieslesmarines\/wp-json\/wp\/v2\/users\/1"}],"replies":[{"embeddable":true,"href":"https:\/\/agora.xtec.cat\/ieslesmarines\/wp-json\/wp\/v2\/comments?post=4758"}],"version-history":[{"count":2,"href":"https:\/\/agora.xtec.cat\/ieslesmarines\/wp-json\/wp\/v2\/pages\/4758\/revisions"}],"predecessor-version":[{"id":4762,"href":"https:\/\/agora.xtec.cat\/ieslesmarines\/wp-json\/wp\/v2\/pages\/4758\/revisions\/4762"}],"wp:attachment":[{"href":"https:\/\/agora.xtec.cat\/ieslesmarines\/wp-json\/wp\/v2\/media?parent=4758"}],"curies":[{"name":"wp","href":"https:\/\/api.w.org\/{rel}","templated":true}]}}