{"id":4709,"date":"2024-12-19T13:44:28","date_gmt":"2024-12-19T12:44:28","guid":{"rendered":"https:\/\/agora.xtec.cat\/ieslesmarines\/?page_id=4709"},"modified":"2024-12-19T13:48:37","modified_gmt":"2024-12-19T12:48:37","slug":"tallers-deconomia-financera-a-4t-deso","status":"publish","type":"page","link":"https:\/\/agora.xtec.cat\/ieslesmarines\/tallers-deconomia-financera-a-4t-deso\/","title":{"rendered":"Tallers d&#8217;economia financera a 4t d&#8217;ESO"},"content":{"rendered":"<p><span style=\"font-weight: 400;\">Aquest primer trimestre, als grups de 4t d\u2019ESO, d&#8217;Economia i d\u2019Emprenedoria, s&#8217;han impartit tallers d&#8217;economia financera des de l&#8217;EFEC (Ensenyament Financer a les Escoles de Catalunya).\u00a0<\/span><\/p>\n<p><span style=\"font-weight: 400;\">Aquests tallers es porten realitzant al nostre centre des de fa gaireb\u00e9 vuit anys. Sempre han estat molt satisfactoris i \u00fatils i s\u00b4imparteixen un per trimestre. Tracten temes econ\u00f2mics diversos com l&#8217;administraci\u00f3 dels diners, la inversi\u00f3, l\u2019economia circular, l\u2019estalvi, etc que afecten a la vida econ\u00f2mica quotidiana de qualsevol persona. Desitgem que aquesta formaci\u00f3 tan essencial pugui continuar en futurs cursos.<\/span><\/p>\n<p><span style=\"font-weight: 400;\"><img loading=\"lazy\" decoding=\"async\" class=\"wp-image-4710 aligncenter\" src=\"https:\/\/agora.xtec.cat\/ieslesmarines\/wp-content\/uploads\/usu619\/2024\/12\/Foto2-EFEC-24-25-1024x768.jpg\" alt=\"\" width=\"500\" height=\"375\" srcset=\"https:\/\/agora.xtec.cat\/ieslesmarines\/wp-content\/uploads\/usu619\/2024\/12\/Foto2-EFEC-24-25-1024x768.jpg 1024w, https:\/\/agora.xtec.cat\/ieslesmarines\/wp-content\/uploads\/usu619\/2024\/12\/Foto2-EFEC-24-25-300x225.jpg 300w, https:\/\/agora.xtec.cat\/ieslesmarines\/wp-content\/uploads\/usu619\/2024\/12\/Foto2-EFEC-24-25-768x576.jpg 768w, https:\/\/agora.xtec.cat\/ieslesmarines\/wp-content\/uploads\/usu619\/2024\/12\/Foto2-EFEC-24-25-1536x1152.jpg 1536w, https:\/\/agora.xtec.cat\/ieslesmarines\/wp-content\/uploads\/usu619\/2024\/12\/Foto2-EFEC-24-25-2048x1536.jpg 2048w, https:\/\/agora.xtec.cat\/ieslesmarines\/wp-content\/uploads\/usu619\/2024\/12\/Foto2-EFEC-24-25-200x150.jpg 200w\" sizes=\"auto, (max-width: 500px) 100vw, 500px\" \/><\/span><\/p>\n","protected":false},"excerpt":{"rendered":"<p>Aquest primer trimestre, als grups de 4t d\u2019ESO, d&#8217;Economia i d\u2019Emprenedoria, s&#8217;han impartit tallers d&#8217;economia financera des de l&#8217;EFEC (Ensenyament Financer a les Escoles de Catalunya).\u00a0 Aquests tallers es porten realitzant al nostre centre des de fa gaireb\u00e9 vuit anys. Sempre han estat molt satisfactoris i \u00fatils i s\u00b4imparteixen un per trimestre. Tracten temes econ\u00f2mics [&hellip;]<\/p>\n","protected":false},"author":1,"featured_media":0,"parent":0,"menu_order":0,"comment_status":"closed","ping_status":"closed","template":"","meta":{"_bbp_topic_count":0,"_bbp_reply_count":0,"_bbp_total_topic_count":0,"_bbp_total_reply_count":0,"_bbp_voice_count":0,"_bbp_anonymous_reply_count":0,"_bbp_topic_count_hidden":0,"_bbp_reply_count_hidden":0,"_bbp_forum_subforum_count":0,"site-sidebar-layout":"default","site-content-layout":"","ast-site-content-layout":"","site-content-style":"default","site-sidebar-style":"default","ast-global-header-display":"","ast-banner-title-visibility":"","ast-main-header-display":"","ast-hfb-above-header-display":"","ast-hfb-below-header-display":"","ast-hfb-mobile-header-display":"","site-post-title":"","ast-breadcrumbs-content":"","ast-featured-img":"","footer-sml-layout":"","theme-transparent-header-meta":"","adv-header-id-meta":"","stick-header-meta":"","header-above-stick-meta":"","header-main-stick-meta":"","header-below-stick-meta":"","astra-migrate-meta-layouts":"default","ast-page-background-enabled":"default","ast-page-background-meta":{"desktop":{"background-color":"var(--ast-global-color-4)","background-image":"","background-repeat":"repeat","background-position":"center center","background-size":"auto","background-attachment":"scroll","background-type":"","background-media":"","overlay-type":"","overlay-color":"","overlay-opacity":"","overlay-gradient":""},"tablet":{"background-color":"","background-image":"","background-repeat":"repeat","background-position":"center center","background-size":"auto","background-attachment":"scroll","background-type":"","background-media":"","overlay-type":"","overlay-color":"","overlay-opacity":"","overlay-gradient":""},"mobile":{"background-color":"","background-image":"","background-repeat":"repeat","background-position":"center center","background-size":"auto","background-attachment":"scroll","background-type":"","background-media":"","overlay-type":"","overlay-color":"","overlay-opacity":"","overlay-gradient":""}},"ast-content-background-meta":{"desktop":{"background-color":"var(--ast-global-color-5)","background-image":"","background-repeat":"repeat","background-position":"center center","background-size":"auto","background-attachment":"scroll","background-type":"","background-media":"","overlay-type":"","overlay-color":"","overlay-opacity":"","overlay-gradient":""},"tablet":{"background-color":"var(--ast-global-color-5)","background-image":"","background-repeat":"repeat","background-position":"center center","background-size":"auto","background-attachment":"scroll","background-type":"","background-media":"","overlay-type":"","overlay-color":"","overlay-opacity":"","overlay-gradient":""},"mobile":{"background-color":"var(--ast-global-color-5)","background-image":"","background-repeat":"repeat","background-position":"center center","background-size":"auto","background-attachment":"scroll","background-type":"","background-media":"","overlay-type":"","overlay-color":"","overlay-opacity":"","overlay-gradient":""}},"footnotes":""},"class_list":["post-4709","page","type-page","status-publish","hentry"],"post_mailing_queue_ids":[],"_links":{"self":[{"href":"https:\/\/agora.xtec.cat\/ieslesmarines\/wp-json\/wp\/v2\/pages\/4709","targetHints":{"allow":["GET"]}}],"collection":[{"href":"https:\/\/agora.xtec.cat\/ieslesmarines\/wp-json\/wp\/v2\/pages"}],"about":[{"href":"https:\/\/agora.xtec.cat\/ieslesmarines\/wp-json\/wp\/v2\/types\/page"}],"author":[{"embeddable":true,"href":"https:\/\/agora.xtec.cat\/ieslesmarines\/wp-json\/wp\/v2\/users\/1"}],"replies":[{"embeddable":true,"href":"https:\/\/agora.xtec.cat\/ieslesmarines\/wp-json\/wp\/v2\/comments?post=4709"}],"version-history":[{"count":3,"href":"https:\/\/agora.xtec.cat\/ieslesmarines\/wp-json\/wp\/v2\/pages\/4709\/revisions"}],"predecessor-version":[{"id":4716,"href":"https:\/\/agora.xtec.cat\/ieslesmarines\/wp-json\/wp\/v2\/pages\/4709\/revisions\/4716"}],"wp:attachment":[{"href":"https:\/\/agora.xtec.cat\/ieslesmarines\/wp-json\/wp\/v2\/media?parent=4709"}],"curies":[{"name":"wp","href":"https:\/\/api.w.org\/{rel}","templated":true}]}}