{"id":4697,"date":"2024-12-19T13:30:30","date_gmt":"2024-12-19T12:30:30","guid":{"rendered":"https:\/\/agora.xtec.cat\/ieslesmarines\/?page_id=4697"},"modified":"2024-12-19T13:38:14","modified_gmt":"2024-12-19T12:38:14","slug":"xerrades-civico-tributaries","status":"publish","type":"page","link":"https:\/\/agora.xtec.cat\/ieslesmarines\/xerrades-civico-tributaries\/","title":{"rendered":"Xerrades c\u00edvico-tribut\u00e0ries"},"content":{"rendered":"<p>Durant el primer trimestre d&#8217;aquest curs 24-25, al grup d&#8217;Economia de 1r de Batxillerat i als grups de 1r i 2n de Batxillerat de Funcionament de l&#8217;Empresa, s&#8217;han impartit xerrades c\u00edvico-tribut\u00e0ries per part de l&#8217;Ag\u00e8ncia Tribut\u00e0ria. Els coneixements transmesos, de manera did\u00e0ctica i din\u00e0mica, han estat molt \u00fatils i interessants.<\/p>\n<p>L&#8217;alumnat ha mostrat un grau alt de satisfacci\u00f3 i inter\u00e8s pel tema. Desitgem que es puguin seguir realitzant en propers cursos.<\/p>\n<p><img loading=\"lazy\" decoding=\"async\" class=\"wp-image-4698 aligncenter\" src=\"https:\/\/agora.xtec.cat\/ieslesmarines\/wp-content\/uploads\/usu619\/2024\/12\/Foto-civictrib-3.jpg\" alt=\"\" width=\"500\" height=\"375\" srcset=\"https:\/\/agora.xtec.cat\/ieslesmarines\/wp-content\/uploads\/usu619\/2024\/12\/Foto-civictrib-3.jpg 849w, https:\/\/agora.xtec.cat\/ieslesmarines\/wp-content\/uploads\/usu619\/2024\/12\/Foto-civictrib-3-300x225.jpg 300w, https:\/\/agora.xtec.cat\/ieslesmarines\/wp-content\/uploads\/usu619\/2024\/12\/Foto-civictrib-3-768x576.jpg 768w, https:\/\/agora.xtec.cat\/ieslesmarines\/wp-content\/uploads\/usu619\/2024\/12\/Foto-civictrib-3-200x150.jpg 200w\" sizes=\"auto, (max-width: 500px) 100vw, 500px\" \/><\/p>\n<p>&nbsp;<\/p>\n","protected":false},"excerpt":{"rendered":"<p>Durant el primer trimestre d&#8217;aquest curs 24-25, al grup d&#8217;Economia de 1r de Batxillerat i als grups de 1r i 2n de Batxillerat de Funcionament de l&#8217;Empresa, s&#8217;han impartit xerrades c\u00edvico-tribut\u00e0ries per part de l&#8217;Ag\u00e8ncia Tribut\u00e0ria. Els coneixements transmesos, de manera did\u00e0ctica i din\u00e0mica, han estat molt \u00fatils i interessants. L&#8217;alumnat ha mostrat un grau [&hellip;]<\/p>\n","protected":false},"author":1,"featured_media":0,"parent":0,"menu_order":0,"comment_status":"closed","ping_status":"closed","template":"","meta":{"_bbp_topic_count":0,"_bbp_reply_count":0,"_bbp_total_topic_count":0,"_bbp_total_reply_count":0,"_bbp_voice_count":0,"_bbp_anonymous_reply_count":0,"_bbp_topic_count_hidden":0,"_bbp_reply_count_hidden":0,"_bbp_forum_subforum_count":0,"site-sidebar-layout":"default","site-content-layout":"","ast-site-content-layout":"","site-content-style":"default","site-sidebar-style":"default","ast-global-header-display":"","ast-banner-title-visibility":"","ast-main-header-display":"","ast-hfb-above-header-display":"","ast-hfb-below-header-display":"","ast-hfb-mobile-header-display":"","site-post-title":"","ast-breadcrumbs-content":"","ast-featured-img":"","footer-sml-layout":"","theme-transparent-header-meta":"","adv-header-id-meta":"","stick-header-meta":"","header-above-stick-meta":"","header-main-stick-meta":"","header-below-stick-meta":"","astra-migrate-meta-layouts":"default","ast-page-background-enabled":"default","ast-page-background-meta":{"desktop":{"background-color":"var(--ast-global-color-4)","background-image":"","background-repeat":"repeat","background-position":"center center","background-size":"auto","background-attachment":"scroll","background-type":"","background-media":"","overlay-type":"","overlay-color":"","overlay-opacity":"","overlay-gradient":""},"tablet":{"background-color":"","background-image":"","background-repeat":"repeat","background-position":"center center","background-size":"auto","background-attachment":"scroll","background-type":"","background-media":"","overlay-type":"","overlay-color":"","overlay-opacity":"","overlay-gradient":""},"mobile":{"background-color":"","background-image":"","background-repeat":"repeat","background-position":"center center","background-size":"auto","background-attachment":"scroll","background-type":"","background-media":"","overlay-type":"","overlay-color":"","overlay-opacity":"","overlay-gradient":""}},"ast-content-background-meta":{"desktop":{"background-color":"var(--ast-global-color-5)","background-image":"","background-repeat":"repeat","background-position":"center center","background-size":"auto","background-attachment":"scroll","background-type":"","background-media":"","overlay-type":"","overlay-color":"","overlay-opacity":"","overlay-gradient":""},"tablet":{"background-color":"var(--ast-global-color-5)","background-image":"","background-repeat":"repeat","background-position":"center center","background-size":"auto","background-attachment":"scroll","background-type":"","background-media":"","overlay-type":"","overlay-color":"","overlay-opacity":"","overlay-gradient":""},"mobile":{"background-color":"var(--ast-global-color-5)","background-image":"","background-repeat":"repeat","background-position":"center center","background-size":"auto","background-attachment":"scroll","background-type":"","background-media":"","overlay-type":"","overlay-color":"","overlay-opacity":"","overlay-gradient":""}},"footnotes":""},"class_list":["post-4697","page","type-page","status-publish","hentry"],"post_mailing_queue_ids":[],"_links":{"self":[{"href":"https:\/\/agora.xtec.cat\/ieslesmarines\/wp-json\/wp\/v2\/pages\/4697","targetHints":{"allow":["GET"]}}],"collection":[{"href":"https:\/\/agora.xtec.cat\/ieslesmarines\/wp-json\/wp\/v2\/pages"}],"about":[{"href":"https:\/\/agora.xtec.cat\/ieslesmarines\/wp-json\/wp\/v2\/types\/page"}],"author":[{"embeddable":true,"href":"https:\/\/agora.xtec.cat\/ieslesmarines\/wp-json\/wp\/v2\/users\/1"}],"replies":[{"embeddable":true,"href":"https:\/\/agora.xtec.cat\/ieslesmarines\/wp-json\/wp\/v2\/comments?post=4697"}],"version-history":[{"count":5,"href":"https:\/\/agora.xtec.cat\/ieslesmarines\/wp-json\/wp\/v2\/pages\/4697\/revisions"}],"predecessor-version":[{"id":4708,"href":"https:\/\/agora.xtec.cat\/ieslesmarines\/wp-json\/wp\/v2\/pages\/4697\/revisions\/4708"}],"wp:attachment":[{"href":"https:\/\/agora.xtec.cat\/ieslesmarines\/wp-json\/wp\/v2\/media?parent=4697"}],"curies":[{"name":"wp","href":"https:\/\/api.w.org\/{rel}","templated":true}]}}