{"id":4666,"date":"2024-11-16T09:58:13","date_gmt":"2024-11-16T08:58:13","guid":{"rendered":"https:\/\/agora.xtec.cat\/ieslesmarines\/?page_id=4666"},"modified":"2024-12-16T09:58:22","modified_gmt":"2024-12-16T08:58:22","slug":"2n-deso-va-al-teatre","status":"publish","type":"page","link":"https:\/\/agora.xtec.cat\/ieslesmarines\/2n-deso-va-al-teatre\/","title":{"rendered":"2n d&#8217;ESO va al teatre"},"content":{"rendered":"<p><span style=\"font-weight: 400;\">El divendres 15 de novembre l\u2019alumnat de 2n d\u2019ESO va anar al teatre Atrium de Viladecans i va assistir a l\u2019espectacle <\/span><b><i>PLAYOFF<\/i><\/b> <span style=\"font-weight: 400;\">de LaJoven.<\/span><\/p>\n<p><span style=\"font-weight: 400;\">SINOPSI<\/span><\/p>\n<p><span style=\"font-weight: 400;\">Set dones<\/span><\/p>\n<p><span style=\"font-weight: 400;\">Un camp de futbol<\/span><\/p>\n<p><span style=\"font-weight: 400;\">El partit m\u00e9s important de la seva vida<\/span><\/p>\n<p><span style=\"font-weight: 400;\">Marta Buchaca escriu per a LaJoven <\/span><i><span style=\"font-weight: 400;\">PLAYOFF<\/span><\/i><span style=\"font-weight: 400;\">, una tragicom\u00e8dia que reflexiona sobre el paper de la dona i de l\u2019esport femen\u00ed en una societat que encara manifesta un masclisme ferotge en molts \u00e0mbits. Al vestidor afloraran les enveges, els somnis, els dubtes i les pors d\u2019unes noies que nom\u00e9s volen viure de la seva passi\u00f3.<\/span><\/p>\n<p><span style=\"font-weight: 400;\">M\u00e9s informaci\u00f3:<\/span><\/p>\n<p><a href=\"https:\/\/atriumviladecans.com\/espectacles\/playoff\/\"><span style=\"font-weight: 400;\">https:\/\/atriumviladecans.com\/espectacles\/playoff\/<\/span><\/a><\/p>\n<p><a href=\"https:\/\/www.lajoven.es\/gira-playoff\"><span style=\"font-weight: 400;\">https:\/\/www.lajoven.es\/gira-playoff<\/span><\/a><\/p>\n<p><a href=\"https:\/\/atriumviladecans.com\/espectacles\/playoff\/\"><span style=\"font-weight: 400;\"><img loading=\"lazy\" decoding=\"async\" class=\"alignnone size-large wp-image-4667\" src=\"https:\/\/agora.xtec.cat\/ieslesmarines\/wp-content\/uploads\/usu619\/2024\/12\/1731698344894-1024x768.jpg\" alt=\"\" width=\"1024\" height=\"768\" srcset=\"https:\/\/agora.xtec.cat\/ieslesmarines\/wp-content\/uploads\/usu619\/2024\/12\/1731698344894-1024x768.jpg 1024w, https:\/\/agora.xtec.cat\/ieslesmarines\/wp-content\/uploads\/usu619\/2024\/12\/1731698344894-300x225.jpg 300w, https:\/\/agora.xtec.cat\/ieslesmarines\/wp-content\/uploads\/usu619\/2024\/12\/1731698344894-768x576.jpg 768w, https:\/\/agora.xtec.cat\/ieslesmarines\/wp-content\/uploads\/usu619\/2024\/12\/1731698344894-1536x1152.jpg 1536w, https:\/\/agora.xtec.cat\/ieslesmarines\/wp-content\/uploads\/usu619\/2024\/12\/1731698344894-2048x1536.jpg 2048w, https:\/\/agora.xtec.cat\/ieslesmarines\/wp-content\/uploads\/usu619\/2024\/12\/1731698344894-200x150.jpg 200w\" sizes=\"auto, (max-width: 1024px) 100vw, 1024px\" \/><\/span><\/a><\/p>\n<p><span style=\"font-weight: 400;\">A continuaci\u00f3, podeu llegir els comentaris d\u2019alumnat sobre l\u2019espectacle:<\/span><\/p>\n<p><span style=\"font-weight: 400;\">\u201cHan actuado genial. Me alegro que hagan este tipo de obras, ya que vale la pena ir a verlas.\u201d C. T. J.\u00a0<\/span><\/p>\n<p><span style=\"font-weight: 400;\">\u201cMe ha parecido interesante porque trata un tema que me gusta mucho y las actrices lo hac\u00edan muy bien y eso tambi\u00e9n te animaba a estar atenta a la obra. Esta obra es muy interesante ya que trata un tema muy importante y adem\u00e1s lo representan con un deporte que gusta a mucha gente.\u201d M. I. D.<\/span><\/p>\n<p><span style=\"font-weight: 400;\">\u201cMe ha gustado mucho el espect\u00e1culo. Creo que hablan de muchos problemas que todos deber\u00edamos de entender y creo que m\u00e1s gente tendr\u00eda que verlo porque les podr\u00eda hacer ver nuestra sociedad de otra manera.\u201d K. S.\u00a0<\/span><\/p>\n<p><span style=\"font-weight: 400;\">\u201cMe encantaron los decorados y c\u00f3mo actuaron las actrices. Era entretenida y ten\u00eda un buen mensaje.\u201d H. L. F.\u00a0<\/span><\/p>\n<p><span style=\"font-weight: 400;\">\u201cNo me esperaba que iba a estar tan emotiva y sentimental, me ha gustado bastante y es una de las excursiones, durante todo mi paso por la secundaria, que m\u00e1s me ha gustado. Lo han hecho muy bien, \u00a1felicidades!\u201d Y. A. P.<\/span><\/p>\n<p>&nbsp;<\/p>\n","protected":false},"excerpt":{"rendered":"<p>El divendres 15 de novembre l\u2019alumnat de 2n d\u2019ESO va anar al teatre Atrium de Viladecans i va assistir a l\u2019espectacle PLAYOFF de LaJoven. SINOPSI Set dones Un camp de futbol El partit m\u00e9s important de la seva vida Marta Buchaca escriu per a LaJoven PLAYOFF, una tragicom\u00e8dia que reflexiona sobre el paper de la [&hellip;]<\/p>\n","protected":false},"author":1,"featured_media":0,"parent":0,"menu_order":0,"comment_status":"closed","ping_status":"closed","template":"","meta":{"_bbp_topic_count":0,"_bbp_reply_count":0,"_bbp_total_topic_count":0,"_bbp_total_reply_count":0,"_bbp_voice_count":0,"_bbp_anonymous_reply_count":0,"_bbp_topic_count_hidden":0,"_bbp_reply_count_hidden":0,"_bbp_forum_subforum_count":0,"site-sidebar-layout":"default","site-content-layout":"","ast-site-content-layout":"","site-content-style":"default","site-sidebar-style":"default","ast-global-header-display":"","ast-banner-title-visibility":"","ast-main-header-display":"","ast-hfb-above-header-display":"","ast-hfb-below-header-display":"","ast-hfb-mobile-header-display":"","site-post-title":"","ast-breadcrumbs-content":"","ast-featured-img":"","footer-sml-layout":"","theme-transparent-header-meta":"","adv-header-id-meta":"","stick-header-meta":"","header-above-stick-meta":"","header-main-stick-meta":"","header-below-stick-meta":"","astra-migrate-meta-layouts":"default","ast-page-background-enabled":"default","ast-page-background-meta":{"desktop":{"background-color":"var(--ast-global-color-4)","background-image":"","background-repeat":"repeat","background-position":"center center","background-size":"auto","background-attachment":"scroll","background-type":"","background-media":"","overlay-type":"","overlay-color":"","overlay-opacity":"","overlay-gradient":""},"tablet":{"background-color":"","background-image":"","background-repeat":"repeat","background-position":"center center","background-size":"auto","background-attachment":"scroll","background-type":"","background-media":"","overlay-type":"","overlay-color":"","overlay-opacity":"","overlay-gradient":""},"mobile":{"background-color":"","background-image":"","background-repeat":"repeat","background-position":"center center","background-size":"auto","background-attachment":"scroll","background-type":"","background-media":"","overlay-type":"","overlay-color":"","overlay-opacity":"","overlay-gradient":""}},"ast-content-background-meta":{"desktop":{"background-color":"var(--ast-global-color-5)","background-image":"","background-repeat":"repeat","background-position":"center center","background-size":"auto","background-attachment":"scroll","background-type":"","background-media":"","overlay-type":"","overlay-color":"","overlay-opacity":"","overlay-gradient":""},"tablet":{"background-color":"var(--ast-global-color-5)","background-image":"","background-repeat":"repeat","background-position":"center center","background-size":"auto","background-attachment":"scroll","background-type":"","background-media":"","overlay-type":"","overlay-color":"","overlay-opacity":"","overlay-gradient":""},"mobile":{"background-color":"var(--ast-global-color-5)","background-image":"","background-repeat":"repeat","background-position":"center center","background-size":"auto","background-attachment":"scroll","background-type":"","background-media":"","overlay-type":"","overlay-color":"","overlay-opacity":"","overlay-gradient":""}},"footnotes":""},"class_list":["post-4666","page","type-page","status-publish","hentry"],"post_mailing_queue_ids":[],"_links":{"self":[{"href":"https:\/\/agora.xtec.cat\/ieslesmarines\/wp-json\/wp\/v2\/pages\/4666","targetHints":{"allow":["GET"]}}],"collection":[{"href":"https:\/\/agora.xtec.cat\/ieslesmarines\/wp-json\/wp\/v2\/pages"}],"about":[{"href":"https:\/\/agora.xtec.cat\/ieslesmarines\/wp-json\/wp\/v2\/types\/page"}],"author":[{"embeddable":true,"href":"https:\/\/agora.xtec.cat\/ieslesmarines\/wp-json\/wp\/v2\/users\/1"}],"replies":[{"embeddable":true,"href":"https:\/\/agora.xtec.cat\/ieslesmarines\/wp-json\/wp\/v2\/comments?post=4666"}],"version-history":[{"count":1,"href":"https:\/\/agora.xtec.cat\/ieslesmarines\/wp-json\/wp\/v2\/pages\/4666\/revisions"}],"predecessor-version":[{"id":4669,"href":"https:\/\/agora.xtec.cat\/ieslesmarines\/wp-json\/wp\/v2\/pages\/4666\/revisions\/4669"}],"wp:attachment":[{"href":"https:\/\/agora.xtec.cat\/ieslesmarines\/wp-json\/wp\/v2\/media?parent=4666"}],"curies":[{"name":"wp","href":"https:\/\/api.w.org\/{rel}","templated":true}]}}