{"id":4625,"date":"2024-11-28T18:05:20","date_gmt":"2024-11-28T17:05:20","guid":{"rendered":"https:\/\/agora.xtec.cat\/ieslesmarines\/?page_id=4625"},"modified":"2024-11-28T18:06:25","modified_gmt":"2024-11-28T17:06:25","slug":"cursos-de-catala-consorci-per-a-la-normalitzacio-linguistica","status":"publish","type":"page","link":"https:\/\/agora.xtec.cat\/ieslesmarines\/cursos-de-catala-consorci-per-a-la-normalitzacio-linguistica\/","title":{"rendered":"Cursos de catal\u00e0 Consorci per a la Normalitzaci\u00f3 Ling\u00fc\u00edstica"},"content":{"rendered":"<p>El 7 i 8 de gener comen\u00e7aran les classes de catal\u00e0 del 2n trimestre del curs 2024-2025.<\/p>\n<p>Els\u00a0cursos\u00a0de catal\u00e0 del Consorci per a la Normalitzaci\u00f3 Ling\u00fc\u00edstica s\u00f3n homologats i disposen de certificaci\u00f3 oficial de la\u00a0<a id=\"m_3330529416887503210m_3572997719231264064m_5062506258391840332m_6939883717391973476x_m_-3196400783830378491OWAbba06d6a-8691-140e-8ea0-367c40bcabf3\" href=\"https:\/\/llengua.gencat.cat\/ca\/direccio_general_politica_linguistica\/\" target=\"_blank\" rel=\"noopener\" data-saferedirecturl=\"https:\/\/www.google.com\/url?q=https:\/\/llengua.gencat.cat\/ca\/direccio_general_politica_linguistica\/&amp;source=gmail&amp;ust=1732893943268000&amp;usg=AOvVaw2ikakxiArtAsgB9ny6gr42\">Secretaria de Pol\u00edtica Ling\u00fc\u00edstica<\/a>, equivalent al Marc europeu com\u00fa de refer\u00e8ncia. S\u00f3n\u00a0cursos\u00a0gratu\u00efts en els nivells inicials i b\u00e0sics, i compten amb\u00a0<a id=\"m_3330529416887503210m_3572997719231264064m_5062506258391840332m_6939883717391973476x_m_-3196400783830378491OWA8e6a32b4-5d43-73dc-694e-55b8db3d7d8f\" title=\"https:\/\/www.cpnl.cat\/cursos-de-catala\/preus\/\" href=\"https:\/\/www.cpnl.cat\/cursos-de-catala\/preus\/\" target=\"_blank\" rel=\"noopener\" data-saferedirecturl=\"https:\/\/www.google.com\/url?q=https:\/\/www.cpnl.cat\/cursos-de-catala\/preus\/&amp;source=gmail&amp;ust=1732893943268000&amp;usg=AOvVaw2sleFgtWXoYzB3psKXPcVY\">reduccions\u00a0<\/a>en la resta de nivells.<\/p>\n<p>Les persones que hi estiguin interessades s&#8217;hi poden inscriure el 17 de desembre\u00a0(si han fet un curs amb nosaltres durant els \u00faltims 12 mesos) o el\u00a0<b>18 i 19 de desembre\u00a0(matr\u00edcula general)<\/b>. En cas que parlin catal\u00e0 i no s\u00e0piguen quin curs han de fer, cal que sol\u00b7licitin una prova de col\u00b7locaci\u00f3 al m\u00e9s aviat possible (fins al 13 de desembre).La inscripci\u00f3 es pot fer:<\/p>\n<ul>\n<li>en l\u00ednia:\u00a0<a id=\"m_3330529416887503210m_3572997719231264064m_5062506258391840332m_6939883717391973476x_m_-3196400783830378491OWA726adc7d-676b-5885-5154-a4632f660295\" href=\"https:\/\/inscripcions.cpnl.cat\/\" target=\"_blank\" rel=\"noopener\" data-saferedirecturl=\"https:\/\/www.google.com\/url?q=https:\/\/inscripcions.cpnl.cat\/&amp;source=gmail&amp;ust=1732893943268000&amp;usg=AOvVaw2Fqu4MAPwU08VbeP0dCYpU\">Apr\u00e8n o millora el teu catal\u00e0 | CPNL<\/a><\/li>\n<li>presencialment: carrer Esgl\u00e9sia, 117<\/li>\n<\/ul>\n","protected":false},"excerpt":{"rendered":"<p>El 7 i 8 de gener comen\u00e7aran les classes de catal\u00e0 del 2n trimestre del curs 2024-2025. Els\u00a0cursos\u00a0de catal\u00e0 del Consorci per a la Normalitzaci\u00f3 Ling\u00fc\u00edstica s\u00f3n homologats i disposen de certificaci\u00f3 oficial de la\u00a0Secretaria de Pol\u00edtica Ling\u00fc\u00edstica, equivalent al Marc europeu com\u00fa de refer\u00e8ncia. S\u00f3n\u00a0cursos\u00a0gratu\u00efts en els nivells inicials i b\u00e0sics, i compten amb\u00a0reduccions\u00a0en [&hellip;]<\/p>\n","protected":false},"author":1,"featured_media":0,"parent":0,"menu_order":0,"comment_status":"closed","ping_status":"closed","template":"","meta":{"_bbp_topic_count":0,"_bbp_reply_count":0,"_bbp_total_topic_count":0,"_bbp_total_reply_count":0,"_bbp_voice_count":0,"_bbp_anonymous_reply_count":0,"_bbp_topic_count_hidden":0,"_bbp_reply_count_hidden":0,"_bbp_forum_subforum_count":0,"site-sidebar-layout":"default","site-content-layout":"","ast-site-content-layout":"","site-content-style":"default","site-sidebar-style":"default","ast-global-header-display":"","ast-banner-title-visibility":"","ast-main-header-display":"","ast-hfb-above-header-display":"","ast-hfb-below-header-display":"","ast-hfb-mobile-header-display":"","site-post-title":"","ast-breadcrumbs-content":"","ast-featured-img":"","footer-sml-layout":"","theme-transparent-header-meta":"","adv-header-id-meta":"","stick-header-meta":"","header-above-stick-meta":"","header-main-stick-meta":"","header-below-stick-meta":"","astra-migrate-meta-layouts":"default","ast-page-background-enabled":"default","ast-page-background-meta":{"desktop":{"background-color":"var(--ast-global-color-4)","background-image":"","background-repeat":"repeat","background-position":"center center","background-size":"auto","background-attachment":"scroll","background-type":"","background-media":"","overlay-type":"","overlay-color":"","overlay-opacity":"","overlay-gradient":""},"tablet":{"background-color":"","background-image":"","background-repeat":"repeat","background-position":"center center","background-size":"auto","background-attachment":"scroll","background-type":"","background-media":"","overlay-type":"","overlay-color":"","overlay-opacity":"","overlay-gradient":""},"mobile":{"background-color":"","background-image":"","background-repeat":"repeat","background-position":"center center","background-size":"auto","background-attachment":"scroll","background-type":"","background-media":"","overlay-type":"","overlay-color":"","overlay-opacity":"","overlay-gradient":""}},"ast-content-background-meta":{"desktop":{"background-color":"var(--ast-global-color-5)","background-image":"","background-repeat":"repeat","background-position":"center center","background-size":"auto","background-attachment":"scroll","background-type":"","background-media":"","overlay-type":"","overlay-color":"","overlay-opacity":"","overlay-gradient":""},"tablet":{"background-color":"var(--ast-global-color-5)","background-image":"","background-repeat":"repeat","background-position":"center center","background-size":"auto","background-attachment":"scroll","background-type":"","background-media":"","overlay-type":"","overlay-color":"","overlay-opacity":"","overlay-gradient":""},"mobile":{"background-color":"var(--ast-global-color-5)","background-image":"","background-repeat":"repeat","background-position":"center center","background-size":"auto","background-attachment":"scroll","background-type":"","background-media":"","overlay-type":"","overlay-color":"","overlay-opacity":"","overlay-gradient":""}},"footnotes":""},"class_list":["post-4625","page","type-page","status-publish","hentry"],"post_mailing_queue_ids":[],"_links":{"self":[{"href":"https:\/\/agora.xtec.cat\/ieslesmarines\/wp-json\/wp\/v2\/pages\/4625","targetHints":{"allow":["GET"]}}],"collection":[{"href":"https:\/\/agora.xtec.cat\/ieslesmarines\/wp-json\/wp\/v2\/pages"}],"about":[{"href":"https:\/\/agora.xtec.cat\/ieslesmarines\/wp-json\/wp\/v2\/types\/page"}],"author":[{"embeddable":true,"href":"https:\/\/agora.xtec.cat\/ieslesmarines\/wp-json\/wp\/v2\/users\/1"}],"replies":[{"embeddable":true,"href":"https:\/\/agora.xtec.cat\/ieslesmarines\/wp-json\/wp\/v2\/comments?post=4625"}],"version-history":[{"count":2,"href":"https:\/\/agora.xtec.cat\/ieslesmarines\/wp-json\/wp\/v2\/pages\/4625\/revisions"}],"predecessor-version":[{"id":4627,"href":"https:\/\/agora.xtec.cat\/ieslesmarines\/wp-json\/wp\/v2\/pages\/4625\/revisions\/4627"}],"wp:attachment":[{"href":"https:\/\/agora.xtec.cat\/ieslesmarines\/wp-json\/wp\/v2\/media?parent=4625"}],"curies":[{"name":"wp","href":"https:\/\/api.w.org\/{rel}","templated":true}]}}