{"id":4617,"date":"2024-11-22T08:54:27","date_gmt":"2024-11-22T07:54:27","guid":{"rendered":"https:\/\/agora.xtec.cat\/ieslesmarines\/?page_id=4617"},"modified":"2024-11-22T08:54:27","modified_gmt":"2024-11-22T07:54:27","slug":"recollida-de-llibres-per-valencia","status":"publish","type":"page","link":"https:\/\/agora.xtec.cat\/ieslesmarines\/recollida-de-llibres-per-valencia\/","title":{"rendered":"Recollida de llibres per Val\u00e8ncia"},"content":{"rendered":"<p>Com a resposta a la situaci\u00f3 de crisi que s&#8217;est\u00e0 vivint a Val\u00e8ncia, el nostre centre vol col\u00b7laborar en la recuperaci\u00f3 de zones afectades.<\/p>\n<p>\u00c9s per aquest motiu que farem una campanya de recollida de llibres que ajudi a recuperar les biblioteques p\u00fabliques de les poblacions d\u2019Aldaia i l\u2019IES Berenguer Dalmau de Catarroja.<\/p>\n<p>A tal fi, us demanem que totes les persones interessades porteu al centre, ABANS DEL 9 DE DESEMBRE, llibres NOUS o en PERFECTE ESTAT.<\/p>\n<p>Les categories de llibres que es recolliran s\u00f3n:<\/p>\n<ol>\n<li>Infantil (fins 5 anys)<\/li>\n<li>Prim\u00e0ria (de 6 a 11 anys)<\/li>\n<li>Juvenil (novel\u00b7la i llibres de lectura demanats als instituts)<\/li>\n<li>Adult<\/li>\n<li>Edicions especials per a la biblioteca (pedagogia, desenvolupament personal, fam\u00edlies professionals, etc.)<\/li>\n<\/ol>\n<p>Podeu deixar els llibres a consergeria en entrar o b\u00e9 lliurar-los a les sessions de tutoria.<\/p>\n<p>Com sempre, volem agrair el vostre esfor\u00e7 i implicaci\u00f3 i desitjar que la zona pugui recuperar-se com m\u00e9s aviat millor.<\/p>\n","protected":false},"excerpt":{"rendered":"<p>Com a resposta a la situaci\u00f3 de crisi que s&#8217;est\u00e0 vivint a Val\u00e8ncia, el nostre centre vol col\u00b7laborar en la recuperaci\u00f3 de zones afectades. \u00c9s per aquest motiu que farem una campanya de recollida de llibres que ajudi a recuperar les biblioteques p\u00fabliques de les poblacions d\u2019Aldaia i l\u2019IES Berenguer Dalmau de Catarroja. A tal [&hellip;]<\/p>\n","protected":false},"author":1,"featured_media":0,"parent":0,"menu_order":0,"comment_status":"closed","ping_status":"closed","template":"","meta":{"_bbp_topic_count":0,"_bbp_reply_count":0,"_bbp_total_topic_count":0,"_bbp_total_reply_count":0,"_bbp_voice_count":0,"_bbp_anonymous_reply_count":0,"_bbp_topic_count_hidden":0,"_bbp_reply_count_hidden":0,"_bbp_forum_subforum_count":0,"site-sidebar-layout":"default","site-content-layout":"","ast-site-content-layout":"","site-content-style":"default","site-sidebar-style":"default","ast-global-header-display":"","ast-banner-title-visibility":"","ast-main-header-display":"","ast-hfb-above-header-display":"","ast-hfb-below-header-display":"","ast-hfb-mobile-header-display":"","site-post-title":"","ast-breadcrumbs-content":"","ast-featured-img":"","footer-sml-layout":"","theme-transparent-header-meta":"","adv-header-id-meta":"","stick-header-meta":"","header-above-stick-meta":"","header-main-stick-meta":"","header-below-stick-meta":"","astra-migrate-meta-layouts":"default","ast-page-background-enabled":"default","ast-page-background-meta":{"desktop":{"background-color":"var(--ast-global-color-4)","background-image":"","background-repeat":"repeat","background-position":"center center","background-size":"auto","background-attachment":"scroll","background-type":"","background-media":"","overlay-type":"","overlay-color":"","overlay-opacity":"","overlay-gradient":""},"tablet":{"background-color":"","background-image":"","background-repeat":"repeat","background-position":"center center","background-size":"auto","background-attachment":"scroll","background-type":"","background-media":"","overlay-type":"","overlay-color":"","overlay-opacity":"","overlay-gradient":""},"mobile":{"background-color":"","background-image":"","background-repeat":"repeat","background-position":"center center","background-size":"auto","background-attachment":"scroll","background-type":"","background-media":"","overlay-type":"","overlay-color":"","overlay-opacity":"","overlay-gradient":""}},"ast-content-background-meta":{"desktop":{"background-color":"var(--ast-global-color-5)","background-image":"","background-repeat":"repeat","background-position":"center center","background-size":"auto","background-attachment":"scroll","background-type":"","background-media":"","overlay-type":"","overlay-color":"","overlay-opacity":"","overlay-gradient":""},"tablet":{"background-color":"var(--ast-global-color-5)","background-image":"","background-repeat":"repeat","background-position":"center center","background-size":"auto","background-attachment":"scroll","background-type":"","background-media":"","overlay-type":"","overlay-color":"","overlay-opacity":"","overlay-gradient":""},"mobile":{"background-color":"var(--ast-global-color-5)","background-image":"","background-repeat":"repeat","background-position":"center center","background-size":"auto","background-attachment":"scroll","background-type":"","background-media":"","overlay-type":"","overlay-color":"","overlay-opacity":"","overlay-gradient":""}},"footnotes":""},"class_list":["post-4617","page","type-page","status-publish","hentry"],"post_mailing_queue_ids":[],"_links":{"self":[{"href":"https:\/\/agora.xtec.cat\/ieslesmarines\/wp-json\/wp\/v2\/pages\/4617","targetHints":{"allow":["GET"]}}],"collection":[{"href":"https:\/\/agora.xtec.cat\/ieslesmarines\/wp-json\/wp\/v2\/pages"}],"about":[{"href":"https:\/\/agora.xtec.cat\/ieslesmarines\/wp-json\/wp\/v2\/types\/page"}],"author":[{"embeddable":true,"href":"https:\/\/agora.xtec.cat\/ieslesmarines\/wp-json\/wp\/v2\/users\/1"}],"replies":[{"embeddable":true,"href":"https:\/\/agora.xtec.cat\/ieslesmarines\/wp-json\/wp\/v2\/comments?post=4617"}],"version-history":[{"count":3,"href":"https:\/\/agora.xtec.cat\/ieslesmarines\/wp-json\/wp\/v2\/pages\/4617\/revisions"}],"predecessor-version":[{"id":4620,"href":"https:\/\/agora.xtec.cat\/ieslesmarines\/wp-json\/wp\/v2\/pages\/4617\/revisions\/4620"}],"wp:attachment":[{"href":"https:\/\/agora.xtec.cat\/ieslesmarines\/wp-json\/wp\/v2\/media?parent=4617"}],"curies":[{"name":"wp","href":"https:\/\/api.w.org\/{rel}","templated":true}]}}