{"id":4588,"date":"2024-11-20T12:30:34","date_gmt":"2024-11-20T11:30:34","guid":{"rendered":"https:\/\/agora.xtec.cat\/ieslesmarines\/?page_id=4588"},"modified":"2024-11-20T12:41:05","modified_gmt":"2024-11-20T11:41:05","slug":"la-importancia-de-lalimentacio-sana-i-equilibrada","status":"publish","type":"page","link":"https:\/\/agora.xtec.cat\/ieslesmarines\/la-importancia-de-lalimentacio-sana-i-equilibrada\/","title":{"rendered":"La import\u00e0ncia de l&#8217;alimentaci\u00f3 sana i equilibrada"},"content":{"rendered":"<p>Aquest mes, des de la mat\u00e8ria de Ci\u00e8ncies Naturals, s&#8217;ha treballat en la conscienciaci\u00f3 del que significa una alimentaci\u00f3 sana i equilibrada. Sana per a nosaltres i per al planeta. L&#8217;alumnat ha ent\u00e8s punts vitals per tenir cura del nostre cos i la nostra casa (el planeta), com ara:<\/p>\n<div>\n<ul>\n<li>Els costos de l&#8217;alimentaci\u00f3 amb productes llunyans o de gran impacte ambiental (alvocat, kiwi, papaia&#8230;)<\/li>\n<li>La necessitat de fer servir envasos reciclables i menys pl\u00e0stics.<\/li>\n<li>La recuperaci\u00f3 de la nostra dieta mediterr\u00e0nia com a dieta equilibrada\u00a0i protectora dels recursos naturals.<\/li>\n<li>L&#8217;impacte ambiental d&#8217;una dieta basada en prote\u00efnes animals.<\/li>\n<li>El malbaratament dels aliments i l&#8217;impacte econ\u00f2mic i hum\u00e0.<\/li>\n<li>L&#8217;efecte dels ultraprocessats en la salut.<\/li>\n<\/ul>\n<p><img loading=\"lazy\" decoding=\"async\" class=\"alignnone size-large wp-image-4589\" src=\"https:\/\/agora.xtec.cat\/ieslesmarines\/wp-content\/uploads\/usu619\/2024\/11\/IMG_9814-768x1024.jpg\" alt=\"\" width=\"768\" height=\"1024\" srcset=\"https:\/\/agora.xtec.cat\/ieslesmarines\/wp-content\/uploads\/usu619\/2024\/11\/IMG_9814-768x1024.jpg 768w, https:\/\/agora.xtec.cat\/ieslesmarines\/wp-content\/uploads\/usu619\/2024\/11\/IMG_9814-225x300.jpg 225w, https:\/\/agora.xtec.cat\/ieslesmarines\/wp-content\/uploads\/usu619\/2024\/11\/IMG_9814-1152x1536.jpg 1152w, https:\/\/agora.xtec.cat\/ieslesmarines\/wp-content\/uploads\/usu619\/2024\/11\/IMG_9814-1536x2048.jpg 1536w, https:\/\/agora.xtec.cat\/ieslesmarines\/wp-content\/uploads\/usu619\/2024\/11\/IMG_9814-scaled.jpg 1920w\" sizes=\"auto, (max-width: 768px) 100vw, 768px\" \/><\/p>\n<\/div>\n","protected":false},"excerpt":{"rendered":"<p>Aquest mes, des de la mat\u00e8ria de Ci\u00e8ncies Naturals, s&#8217;ha treballat en la conscienciaci\u00f3 del que significa una alimentaci\u00f3 sana i equilibrada. Sana per a nosaltres i per al planeta. L&#8217;alumnat ha ent\u00e8s punts vitals per tenir cura del nostre cos i la nostra casa (el planeta), com ara: Els costos de l&#8217;alimentaci\u00f3 amb productes [&hellip;]<\/p>\n","protected":false},"author":1,"featured_media":0,"parent":0,"menu_order":0,"comment_status":"closed","ping_status":"closed","template":"","meta":{"_bbp_topic_count":0,"_bbp_reply_count":0,"_bbp_total_topic_count":0,"_bbp_total_reply_count":0,"_bbp_voice_count":0,"_bbp_anonymous_reply_count":0,"_bbp_topic_count_hidden":0,"_bbp_reply_count_hidden":0,"_bbp_forum_subforum_count":0,"site-sidebar-layout":"default","site-content-layout":"","ast-site-content-layout":"","site-content-style":"default","site-sidebar-style":"default","ast-global-header-display":"","ast-banner-title-visibility":"","ast-main-header-display":"","ast-hfb-above-header-display":"","ast-hfb-below-header-display":"","ast-hfb-mobile-header-display":"","site-post-title":"","ast-breadcrumbs-content":"","ast-featured-img":"","footer-sml-layout":"","theme-transparent-header-meta":"","adv-header-id-meta":"","stick-header-meta":"","header-above-stick-meta":"","header-main-stick-meta":"","header-below-stick-meta":"","astra-migrate-meta-layouts":"default","ast-page-background-enabled":"default","ast-page-background-meta":{"desktop":{"background-color":"var(--ast-global-color-4)","background-image":"","background-repeat":"repeat","background-position":"center center","background-size":"auto","background-attachment":"scroll","background-type":"","background-media":"","overlay-type":"","overlay-color":"","overlay-opacity":"","overlay-gradient":""},"tablet":{"background-color":"","background-image":"","background-repeat":"repeat","background-position":"center center","background-size":"auto","background-attachment":"scroll","background-type":"","background-media":"","overlay-type":"","overlay-color":"","overlay-opacity":"","overlay-gradient":""},"mobile":{"background-color":"","background-image":"","background-repeat":"repeat","background-position":"center center","background-size":"auto","background-attachment":"scroll","background-type":"","background-media":"","overlay-type":"","overlay-color":"","overlay-opacity":"","overlay-gradient":""}},"ast-content-background-meta":{"desktop":{"background-color":"var(--ast-global-color-5)","background-image":"","background-repeat":"repeat","background-position":"center center","background-size":"auto","background-attachment":"scroll","background-type":"","background-media":"","overlay-type":"","overlay-color":"","overlay-opacity":"","overlay-gradient":""},"tablet":{"background-color":"var(--ast-global-color-5)","background-image":"","background-repeat":"repeat","background-position":"center center","background-size":"auto","background-attachment":"scroll","background-type":"","background-media":"","overlay-type":"","overlay-color":"","overlay-opacity":"","overlay-gradient":""},"mobile":{"background-color":"var(--ast-global-color-5)","background-image":"","background-repeat":"repeat","background-position":"center center","background-size":"auto","background-attachment":"scroll","background-type":"","background-media":"","overlay-type":"","overlay-color":"","overlay-opacity":"","overlay-gradient":""}},"footnotes":""},"class_list":["post-4588","page","type-page","status-publish","hentry"],"post_mailing_queue_ids":[],"_links":{"self":[{"href":"https:\/\/agora.xtec.cat\/ieslesmarines\/wp-json\/wp\/v2\/pages\/4588","targetHints":{"allow":["GET"]}}],"collection":[{"href":"https:\/\/agora.xtec.cat\/ieslesmarines\/wp-json\/wp\/v2\/pages"}],"about":[{"href":"https:\/\/agora.xtec.cat\/ieslesmarines\/wp-json\/wp\/v2\/types\/page"}],"author":[{"embeddable":true,"href":"https:\/\/agora.xtec.cat\/ieslesmarines\/wp-json\/wp\/v2\/users\/1"}],"replies":[{"embeddable":true,"href":"https:\/\/agora.xtec.cat\/ieslesmarines\/wp-json\/wp\/v2\/comments?post=4588"}],"version-history":[{"count":2,"href":"https:\/\/agora.xtec.cat\/ieslesmarines\/wp-json\/wp\/v2\/pages\/4588\/revisions"}],"predecessor-version":[{"id":4594,"href":"https:\/\/agora.xtec.cat\/ieslesmarines\/wp-json\/wp\/v2\/pages\/4588\/revisions\/4594"}],"wp:attachment":[{"href":"https:\/\/agora.xtec.cat\/ieslesmarines\/wp-json\/wp\/v2\/media?parent=4588"}],"curies":[{"name":"wp","href":"https:\/\/api.w.org\/{rel}","templated":true}]}}