{"id":4372,"date":"2024-06-11T09:37:46","date_gmt":"2024-06-11T07:37:46","guid":{"rendered":"https:\/\/agora.xtec.cat\/ieslesmarines\/?page_id=4372"},"modified":"2024-06-11T09:43:19","modified_gmt":"2024-06-11T07:43:19","slug":"iddink-reunio-de-families","status":"publish","type":"page","link":"https:\/\/agora.xtec.cat\/ieslesmarines\/iddink-reunio-de-families\/","title":{"rendered":"Iddink: reuni\u00f3 de fam\u00edlies"},"content":{"rendered":"<p>L\u2019AMPA i la direcci\u00f3 de l\u2019Institut, per tal d\u2019organitzar la compra i la reutilitzaci\u00f3 de llibres de text dels alumnes d\u2019ESO i Batxillerat, han optat per contractar els serveis de l\u2019empresa Iddink. Aquesta opci\u00f3 facilita l\u2019organitzaci\u00f3 i gesti\u00f3 de la compra, alhora que \u00e9s molt m\u00e9s respectuosa amb el medi ambient.<\/p>\n<p>La proposta de l\u2019empresa Iddink ofereix dues opcions a les fam\u00edlies en la compra de llibres de paper:<br \/>\na) Comprar llibres nous<br \/>\nb) Comprar llibres reutilitzats, denominats ecoBooks, amb un estalvi del 55%<\/p>\n<p>El sistema que ens ofereix l\u2019empresa Iddink \u00e9s molt flexible, i ens permet escollir, llibre a llibre, si es vol nou o ecoBook. Tamb\u00e9 gestionarem la compra de llic\u00e8ncies digitals, les lectures obligat\u00f2ries, i d\u2019altres materials que es considerin.<\/p>\n<p>Les comandes es poden fer:<\/p>\n<p>\uf0b7 Per Internet, a Iddink.cat<br \/>\n\uf0b7 Per tel\u00e8fon 932 388 833<br \/>\n\uf0b7 A l\u2019Institut, el dia 3 de juliol, de 9:30 a 14:30h<\/p>\n<p>Per poder informar-vos de com anir\u00e0 tot el proc\u00e9s de la compra de llibres, convoquem a les fam\u00edlies interessades a una reuni\u00f3 informativa el dia 12 juny a la sala d\u2019actes de l\u2019institut:<br \/>\n1r i 2n ESO: 17:30h.<br \/>\n3r, 4t ESO i Batxillerat: A les 18:30h.<\/p>\n<p><img loading=\"lazy\" decoding=\"async\" class=\"wp-image-4373 aligncenter\" src=\"https:\/\/agora.xtec.cat\/ieslesmarines\/wp-content\/uploads\/usu619\/2024\/06\/186-Reunio-de-families-1024x1024.png\" alt=\"\" width=\"500\" height=\"500\" srcset=\"https:\/\/agora.xtec.cat\/ieslesmarines\/wp-content\/uploads\/usu619\/2024\/06\/186-Reunio-de-families-1024x1024.png 1024w, https:\/\/agora.xtec.cat\/ieslesmarines\/wp-content\/uploads\/usu619\/2024\/06\/186-Reunio-de-families-300x300.png 300w, https:\/\/agora.xtec.cat\/ieslesmarines\/wp-content\/uploads\/usu619\/2024\/06\/186-Reunio-de-families-150x150.png 150w, https:\/\/agora.xtec.cat\/ieslesmarines\/wp-content\/uploads\/usu619\/2024\/06\/186-Reunio-de-families-768x768.png 768w, https:\/\/agora.xtec.cat\/ieslesmarines\/wp-content\/uploads\/usu619\/2024\/06\/186-Reunio-de-families-1536x1536.png 1536w, https:\/\/agora.xtec.cat\/ieslesmarines\/wp-content\/uploads\/usu619\/2024\/06\/186-Reunio-de-families-2048x2048.png 2048w\" sizes=\"auto, (max-width: 500px) 100vw, 500px\" \/><\/p>\n<p>Tanmateix, l\u2019institut us proporcionar\u00e0 tot el llistat de llibres i les fam\u00edlies podeu comprar-los all\u00e0 on considereu si la proposta que us oferim no \u00e9s del vostre inter\u00e8s.<\/p>\n<ul type=\"disc\">\n<li class=\"m_-5581862661448579257MsoListParagraph\"><span lang=\"CA\">Comprar a Iddink llibres, ecoBooks i llic\u00e8ncies digitals:<u>\u00a0<\/u><\/span><u><span lang=\"CA\"><a href=\"https:\/\/vimeo.com\/418474967\" target=\"_blank\" rel=\"noopener\" data-saferedirecturl=\"https:\/\/www.google.com\/url?q=https:\/\/vimeo.com\/418474967&amp;source=gmail&amp;ust=1717839929765000&amp;usg=AOvVaw2JDKlPKA29x_0Rz0OkBex6\">https:\/\/vimeo.com\/418474967<\/a><\/span><\/u><\/li>\n<li class=\"m_-5581862661448579257MsoListParagraph\"><span lang=\"CA\">Com fer una comanda?:<u>\u00a0<\/u><\/span><u><span lang=\"CA\"><a href=\"https:\/\/vimeo.com\/427671538\" target=\"_blank\" rel=\"noopener\" data-saferedirecturl=\"https:\/\/www.google.com\/url?q=https:\/\/vimeo.com\/427671538&amp;source=gmail&amp;ust=1717839929765000&amp;usg=AOvVaw27r6aMUlkYUJUaoIi0N4rk\">https:\/\/vimeo.com\/427671538<\/a><\/span><\/u><u><\/u><\/li>\n<li class=\"m_-5581862661448579257MsoListParagraph\"><span lang=\"CA\">Com tractar els ecoBooks?:<u>\u00a0<\/u><\/span><u><span lang=\"CA\"><a href=\"https:\/\/vimeo.com\/45076699\" target=\"_blank\" rel=\"noopener\" data-saferedirecturl=\"https:\/\/www.google.com\/url?q=https:\/\/vimeo.com\/45076699&amp;source=gmail&amp;ust=1717839929765000&amp;usg=AOvVaw1DW_JZ-H6nMmMLyZ1CuciB\">https:\/\/vimeo.com\/45076699<\/a><\/span><\/u><u><\/u><\/li>\n<li class=\"m_-5581862661448579257xmsolistparagraph\">Com accedir a les meves llic\u00e8ncies digitals?:\u00a0<u><a href=\"https:\/\/vimeo.com\/427321666\" target=\"_blank\" rel=\"noopener\" data-saferedirecturl=\"https:\/\/www.google.com\/url?q=https:\/\/vimeo.com\/427321666&amp;source=gmail&amp;ust=1717839929765000&amp;usg=AOvVaw2JuN3DmPq3nK7GLu-p4RW_\">https:\/\/vimeo.com\/427321666<\/a><\/u><\/li>\n<\/ul>\n","protected":false},"excerpt":{"rendered":"<p>L\u2019AMPA i la direcci\u00f3 de l\u2019Institut, per tal d\u2019organitzar la compra i la reutilitzaci\u00f3 de llibres de text dels alumnes d\u2019ESO i Batxillerat, han optat per contractar els serveis de l\u2019empresa Iddink. Aquesta opci\u00f3 facilita l\u2019organitzaci\u00f3 i gesti\u00f3 de la compra, alhora que \u00e9s molt m\u00e9s respectuosa amb el medi ambient. La proposta de l\u2019empresa [&hellip;]<\/p>\n","protected":false},"author":1,"featured_media":0,"parent":0,"menu_order":0,"comment_status":"closed","ping_status":"closed","template":"","meta":{"_bbp_topic_count":0,"_bbp_reply_count":0,"_bbp_total_topic_count":0,"_bbp_total_reply_count":0,"_bbp_voice_count":0,"_bbp_anonymous_reply_count":0,"_bbp_topic_count_hidden":0,"_bbp_reply_count_hidden":0,"_bbp_forum_subforum_count":0,"site-sidebar-layout":"default","site-content-layout":"","ast-site-content-layout":"","site-content-style":"default","site-sidebar-style":"default","ast-global-header-display":"","ast-banner-title-visibility":"","ast-main-header-display":"","ast-hfb-above-header-display":"","ast-hfb-below-header-display":"","ast-hfb-mobile-header-display":"","site-post-title":"","ast-breadcrumbs-content":"","ast-featured-img":"","footer-sml-layout":"","theme-transparent-header-meta":"","adv-header-id-meta":"","stick-header-meta":"","header-above-stick-meta":"","header-main-stick-meta":"","header-below-stick-meta":"","astra-migrate-meta-layouts":"default","ast-page-background-enabled":"default","ast-page-background-meta":{"desktop":{"background-color":"var(--ast-global-color-4)","background-image":"","background-repeat":"repeat","background-position":"center center","background-size":"auto","background-attachment":"scroll","background-type":"","background-media":"","overlay-type":"","overlay-color":"","overlay-opacity":"","overlay-gradient":""},"tablet":{"background-color":"","background-image":"","background-repeat":"repeat","background-position":"center center","background-size":"auto","background-attachment":"scroll","background-type":"","background-media":"","overlay-type":"","overlay-color":"","overlay-opacity":"","overlay-gradient":""},"mobile":{"background-color":"","background-image":"","background-repeat":"repeat","background-position":"center center","background-size":"auto","background-attachment":"scroll","background-type":"","background-media":"","overlay-type":"","overlay-color":"","overlay-opacity":"","overlay-gradient":""}},"ast-content-background-meta":{"desktop":{"background-color":"var(--ast-global-color-5)","background-image":"","background-repeat":"repeat","background-position":"center center","background-size":"auto","background-attachment":"scroll","background-type":"","background-media":"","overlay-type":"","overlay-color":"","overlay-opacity":"","overlay-gradient":""},"tablet":{"background-color":"var(--ast-global-color-5)","background-image":"","background-repeat":"repeat","background-position":"center center","background-size":"auto","background-attachment":"scroll","background-type":"","background-media":"","overlay-type":"","overlay-color":"","overlay-opacity":"","overlay-gradient":""},"mobile":{"background-color":"var(--ast-global-color-5)","background-image":"","background-repeat":"repeat","background-position":"center center","background-size":"auto","background-attachment":"scroll","background-type":"","background-media":"","overlay-type":"","overlay-color":"","overlay-opacity":"","overlay-gradient":""}},"footnotes":""},"class_list":["post-4372","page","type-page","status-publish","hentry"],"post_mailing_queue_ids":[],"_links":{"self":[{"href":"https:\/\/agora.xtec.cat\/ieslesmarines\/wp-json\/wp\/v2\/pages\/4372","targetHints":{"allow":["GET"]}}],"collection":[{"href":"https:\/\/agora.xtec.cat\/ieslesmarines\/wp-json\/wp\/v2\/pages"}],"about":[{"href":"https:\/\/agora.xtec.cat\/ieslesmarines\/wp-json\/wp\/v2\/types\/page"}],"author":[{"embeddable":true,"href":"https:\/\/agora.xtec.cat\/ieslesmarines\/wp-json\/wp\/v2\/users\/1"}],"replies":[{"embeddable":true,"href":"https:\/\/agora.xtec.cat\/ieslesmarines\/wp-json\/wp\/v2\/comments?post=4372"}],"version-history":[{"count":3,"href":"https:\/\/agora.xtec.cat\/ieslesmarines\/wp-json\/wp\/v2\/pages\/4372\/revisions"}],"predecessor-version":[{"id":4378,"href":"https:\/\/agora.xtec.cat\/ieslesmarines\/wp-json\/wp\/v2\/pages\/4372\/revisions\/4378"}],"wp:attachment":[{"href":"https:\/\/agora.xtec.cat\/ieslesmarines\/wp-json\/wp\/v2\/media?parent=4372"}],"curies":[{"name":"wp","href":"https:\/\/api.w.org\/{rel}","templated":true}]}}