{"id":4346,"date":"2024-05-15T08:26:25","date_gmt":"2024-05-15T06:26:25","guid":{"rendered":"https:\/\/agora.xtec.cat\/ieslesmarines\/?page_id=4346"},"modified":"2024-05-15T08:26:25","modified_gmt":"2024-05-15T06:26:25","slug":"2n-deso-c-visita-catalunya-radio","status":"publish","type":"page","link":"https:\/\/agora.xtec.cat\/ieslesmarines\/2n-deso-c-visita-catalunya-radio\/","title":{"rendered":"2n d&#8217;ESO C visita Catalunya R\u00e0dio"},"content":{"rendered":"<p><span style=\"font-weight: 400;\">L\u2019alumnat de 2n d\u2019ESO C el dilluns 29 d\u2019abril visit\u00e0 Catalunya R\u00e0dio.<\/span><\/p>\n<p><span style=\"font-weight: 400;\">Catalunya R\u00e0dio els ofer\u00ed la possibilitat de con\u00e8ixer les seves instal\u00b7lacions per descobrir com es fa la r\u00e0dio en catal\u00e0.<\/span><\/p>\n<p><span style=\"font-weight: 400;\">Un grup assist\u00ed a una secci\u00f3 del programa <\/span><i><span style=\"font-weight: 400;\">Els experts<\/span><\/i><span style=\"font-weight: 400;\">, i l\u2019altre, a una d\u2019<\/span><i><span style=\"font-weight: 400;\">El mat\u00ed de Catalunya R\u00e0dio<\/span><\/i><span style=\"font-weight: 400;\">. A continuaci\u00f3, visitaren les instal\u00b7lacions de la cadena i tingueren la possibilitat de fer de locutors radiof\u00f2nics gravant un butllet\u00ed de not\u00edcies.<\/span><\/p>\n<p><span style=\"font-weight: 400;\">Tot all\u00f2 apr\u00e8s a la visita ho aplicaran en el projecte R\u00e0dio Marines d\u2019expressi\u00f3 escrita i comunicaci\u00f3 oral, el repte final del qual consisteix a gravar en directe un programa radiof\u00f2nic en grup davant la resta de la classe.\u00a0<\/span><\/p>\n<p><img loading=\"lazy\" decoding=\"async\" class=\"alignnone size-large wp-image-4347\" src=\"https:\/\/agora.xtec.cat\/ieslesmarines\/wp-content\/uploads\/usu619\/2024\/05\/3-1024x576.jpg\" alt=\"\" width=\"1024\" height=\"576\" srcset=\"https:\/\/agora.xtec.cat\/ieslesmarines\/wp-content\/uploads\/usu619\/2024\/05\/3-1024x576.jpg 1024w, https:\/\/agora.xtec.cat\/ieslesmarines\/wp-content\/uploads\/usu619\/2024\/05\/3-300x169.jpg 300w, https:\/\/agora.xtec.cat\/ieslesmarines\/wp-content\/uploads\/usu619\/2024\/05\/3-768x432.jpg 768w, https:\/\/agora.xtec.cat\/ieslesmarines\/wp-content\/uploads\/usu619\/2024\/05\/3-1536x864.jpg 1536w, https:\/\/agora.xtec.cat\/ieslesmarines\/wp-content\/uploads\/usu619\/2024\/05\/3.jpg 2016w\" sizes=\"auto, (max-width: 1024px) 100vw, 1024px\" \/><\/p>\n<p><span style=\"font-weight: 400;\">A continuaci\u00f3, podeu llegir els comentaris d\u2019alguns alumnes sobre la sortida:<\/span><\/p>\n<p><span style=\"font-weight: 400;\">\u201cA mi em va semblar molt interessant, a part de divertit. Perqu\u00e8 vam escoltar una rapera, tamb\u00e9 ens va rapejar. A part de la rapera, van posar m\u00fasica i anaven endevinant qui era el cantant. Despr\u00e9s d&#8217;assistir al programa en directe, vam anar a fer una volta per tota Catalunya R\u00e0dio i vam fer una pr\u00e0ctica com si f\u00f3ssim locutors.\u201d M. G. R.\u00a0<\/span><\/p>\n<p><span style=\"font-weight: 400;\">\u201cA mi em va agradar molt, va ser molt divertit anar a veure com fan la r\u00e0dio que escolto al meu dia a dia. Em va sorprendre la quantitat de gent que estava treballant, pensava que serien dos o tres, per\u00f2 eren molts m\u00e9s.\u201d I. T. C.\u00a0<\/span><\/p>\n<p><span style=\"font-weight: 400;\">\u201cJo crec que l&#8217;excursi\u00f3 de Catalunya R\u00e0dio va ser una bona excursi\u00f3: vam veure\u00a0 una presentaci\u00f3 d\u2019una rapera que va ser incre\u00efble. En general, em va encantar.<\/span><\/p>\n<p><span style=\"font-weight: 400;\">Tamb\u00e9 vam fer de locutors, jo no canviaria res i la faria igual tots els anys.\u201d A. C. L.<\/span><\/p>\n<p><span style=\"font-weight: 400;\">\u201cHa estat molt b\u00e9 i molt divertida perqu\u00e8 apart que m&#8217;agrada la m\u00fasica, vam anar a una sala on hi havia una cantant y ficaven m\u00fasica divertida. En conclusi\u00f3, m&#8217;ha agradat aquesta sortida.\u201d C. C. R.<\/span><\/p>\n<p><span style=\"font-weight: 400;\">\u201cVa estar molt entretingut i divertit. El que m\u00e9s em va agradar va ser veure com era Catalunya R\u00e0dio.\u201d J. M. L.\u00a0<\/span><\/p>\n<p><span style=\"font-weight: 400;\">\u201cMe ha gustado Catalunya R\u00e0dio porque me parece s\u00faper interesante c\u00f3mo est\u00e1 montado todo y hay muchas personas trabajando.\u201d J. R. S.\u00a0<\/span><\/p>\n","protected":false},"excerpt":{"rendered":"<p>L\u2019alumnat de 2n d\u2019ESO C el dilluns 29 d\u2019abril visit\u00e0 Catalunya R\u00e0dio. Catalunya R\u00e0dio els ofer\u00ed la possibilitat de con\u00e8ixer les seves instal\u00b7lacions per descobrir com es fa la r\u00e0dio en catal\u00e0. Un grup assist\u00ed a una secci\u00f3 del programa Els experts, i l\u2019altre, a una d\u2019El mat\u00ed de Catalunya R\u00e0dio. A continuaci\u00f3, visitaren les [&hellip;]<\/p>\n","protected":false},"author":1,"featured_media":0,"parent":0,"menu_order":0,"comment_status":"closed","ping_status":"closed","template":"","meta":{"_bbp_topic_count":0,"_bbp_reply_count":0,"_bbp_total_topic_count":0,"_bbp_total_reply_count":0,"_bbp_voice_count":0,"_bbp_anonymous_reply_count":0,"_bbp_topic_count_hidden":0,"_bbp_reply_count_hidden":0,"_bbp_forum_subforum_count":0,"site-sidebar-layout":"default","site-content-layout":"","ast-site-content-layout":"","site-content-style":"default","site-sidebar-style":"default","ast-global-header-display":"","ast-banner-title-visibility":"","ast-main-header-display":"","ast-hfb-above-header-display":"","ast-hfb-below-header-display":"","ast-hfb-mobile-header-display":"","site-post-title":"","ast-breadcrumbs-content":"","ast-featured-img":"","footer-sml-layout":"","theme-transparent-header-meta":"","adv-header-id-meta":"","stick-header-meta":"","header-above-stick-meta":"","header-main-stick-meta":"","header-below-stick-meta":"","astra-migrate-meta-layouts":"default","ast-page-background-enabled":"default","ast-page-background-meta":{"desktop":{"background-color":"var(--ast-global-color-4)","background-image":"","background-repeat":"repeat","background-position":"center center","background-size":"auto","background-attachment":"scroll","background-type":"","background-media":"","overlay-type":"","overlay-color":"","overlay-opacity":"","overlay-gradient":""},"tablet":{"background-color":"","background-image":"","background-repeat":"repeat","background-position":"center center","background-size":"auto","background-attachment":"scroll","background-type":"","background-media":"","overlay-type":"","overlay-color":"","overlay-opacity":"","overlay-gradient":""},"mobile":{"background-color":"","background-image":"","background-repeat":"repeat","background-position":"center center","background-size":"auto","background-attachment":"scroll","background-type":"","background-media":"","overlay-type":"","overlay-color":"","overlay-opacity":"","overlay-gradient":""}},"ast-content-background-meta":{"desktop":{"background-color":"var(--ast-global-color-5)","background-image":"","background-repeat":"repeat","background-position":"center center","background-size":"auto","background-attachment":"scroll","background-type":"","background-media":"","overlay-type":"","overlay-color":"","overlay-opacity":"","overlay-gradient":""},"tablet":{"background-color":"var(--ast-global-color-5)","background-image":"","background-repeat":"repeat","background-position":"center center","background-size":"auto","background-attachment":"scroll","background-type":"","background-media":"","overlay-type":"","overlay-color":"","overlay-opacity":"","overlay-gradient":""},"mobile":{"background-color":"var(--ast-global-color-5)","background-image":"","background-repeat":"repeat","background-position":"center center","background-size":"auto","background-attachment":"scroll","background-type":"","background-media":"","overlay-type":"","overlay-color":"","overlay-opacity":"","overlay-gradient":""}},"footnotes":""},"class_list":["post-4346","page","type-page","status-publish","hentry"],"post_mailing_queue_ids":[],"_links":{"self":[{"href":"https:\/\/agora.xtec.cat\/ieslesmarines\/wp-json\/wp\/v2\/pages\/4346","targetHints":{"allow":["GET"]}}],"collection":[{"href":"https:\/\/agora.xtec.cat\/ieslesmarines\/wp-json\/wp\/v2\/pages"}],"about":[{"href":"https:\/\/agora.xtec.cat\/ieslesmarines\/wp-json\/wp\/v2\/types\/page"}],"author":[{"embeddable":true,"href":"https:\/\/agora.xtec.cat\/ieslesmarines\/wp-json\/wp\/v2\/users\/1"}],"replies":[{"embeddable":true,"href":"https:\/\/agora.xtec.cat\/ieslesmarines\/wp-json\/wp\/v2\/comments?post=4346"}],"version-history":[{"count":1,"href":"https:\/\/agora.xtec.cat\/ieslesmarines\/wp-json\/wp\/v2\/pages\/4346\/revisions"}],"predecessor-version":[{"id":4349,"href":"https:\/\/agora.xtec.cat\/ieslesmarines\/wp-json\/wp\/v2\/pages\/4346\/revisions\/4349"}],"wp:attachment":[{"href":"https:\/\/agora.xtec.cat\/ieslesmarines\/wp-json\/wp\/v2\/media?parent=4346"}],"curies":[{"name":"wp","href":"https:\/\/api.w.org\/{rel}","templated":true}]}}