{"id":4322,"date":"2024-05-08T21:07:13","date_gmt":"2024-05-08T19:07:13","guid":{"rendered":"https:\/\/agora.xtec.cat\/ieslesmarines\/?page_id=4322"},"modified":"2024-05-08T21:07:13","modified_gmt":"2024-05-08T19:07:13","slug":"no-plou-a-catalunya","status":"publish","type":"page","link":"https:\/\/agora.xtec.cat\/ieslesmarines\/no-plou-a-catalunya\/","title":{"rendered":"No plou a Catalunya!"},"content":{"rendered":"<p>Greus problemes de sequera a Catalunya a causa de la falta de pluja.<\/p>\n<p>Fa temps que a Catalunya hi ha una crisi en els embassaments d&#8217;aigua a causa de la falta de pluja i el mal \u00fas de l&#8217;aigua per part de la poblaci\u00f3, aix\u00f2 ha obligat la Generalitat a prendre mesures per a combatre aquesta crisi.<\/p>\n<p>Als estudiants de l&#8217;optativa de Rob\u00f2tica de 1r de Batxillerat de l&#8217;institut Els Marines de Castelldefels no els agrada aquesta situaci\u00f3 d&#8217;emerg\u00e8ncia i han cregut necessari treballar en un projecte per a buscar possibles solucions a aquest problema.<\/p>\n<p><img loading=\"lazy\" decoding=\"async\" class=\"wp-image-4323 aligncenter\" src=\"https:\/\/agora.xtec.cat\/ieslesmarines\/wp-content\/uploads\/usu619\/2024\/05\/20240403_111749-1-edited-9-1536x1536-1-1024x1024.jpg\" alt=\"\" width=\"600\" height=\"600\" srcset=\"https:\/\/agora.xtec.cat\/ieslesmarines\/wp-content\/uploads\/usu619\/2024\/05\/20240403_111749-1-edited-9-1536x1536-1-1024x1024.jpg 1024w, https:\/\/agora.xtec.cat\/ieslesmarines\/wp-content\/uploads\/usu619\/2024\/05\/20240403_111749-1-edited-9-1536x1536-1-300x300.jpg 300w, https:\/\/agora.xtec.cat\/ieslesmarines\/wp-content\/uploads\/usu619\/2024\/05\/20240403_111749-1-edited-9-1536x1536-1-150x150.jpg 150w, https:\/\/agora.xtec.cat\/ieslesmarines\/wp-content\/uploads\/usu619\/2024\/05\/20240403_111749-1-edited-9-1536x1536-1-768x768.jpg 768w, https:\/\/agora.xtec.cat\/ieslesmarines\/wp-content\/uploads\/usu619\/2024\/05\/20240403_111749-1-edited-9-1536x1536-1.jpg 1536w\" sizes=\"auto, (max-width: 600px) 100vw, 600px\" \/><\/p>\n<p>A.A., una de les integrants del grup, ha explicat les bases de la seva idea de projecte. \u201cVolem posar fi a la situaci\u00f3 i que la poblaci\u00f3 de Catalunya pugui gaudir una altra vegada dels serveis p\u00fablics com les dutxes de la platja.\u201d<\/p>\n<p>M.A. afegeix: \u201cVolem modernitzar i millorar el sistema de recollida d&#8217;aigua de pluja amb aquest projecte.\u201d<\/p>\n<p>Aquests alumnes tenen moltes esperances posades en aquest projecte i volen proposar canvis als pobles i ciutats de manera que es depengui menys dels embassaments existents, i es pugui pal\u00b7liar al m\u00e0xim aquesta situaci\u00f3.<\/p>\n","protected":false},"excerpt":{"rendered":"<p>Greus problemes de sequera a Catalunya a causa de la falta de pluja. Fa temps que a Catalunya hi ha una crisi en els embassaments d&#8217;aigua a causa de la falta de pluja i el mal \u00fas de l&#8217;aigua per part de la poblaci\u00f3, aix\u00f2 ha obligat la Generalitat a prendre mesures per a combatre [&hellip;]<\/p>\n","protected":false},"author":1,"featured_media":0,"parent":0,"menu_order":0,"comment_status":"closed","ping_status":"closed","template":"","meta":{"_bbp_topic_count":0,"_bbp_reply_count":0,"_bbp_total_topic_count":0,"_bbp_total_reply_count":0,"_bbp_voice_count":0,"_bbp_anonymous_reply_count":0,"_bbp_topic_count_hidden":0,"_bbp_reply_count_hidden":0,"_bbp_forum_subforum_count":0,"site-sidebar-layout":"default","site-content-layout":"","ast-site-content-layout":"","site-content-style":"default","site-sidebar-style":"default","ast-global-header-display":"","ast-banner-title-visibility":"","ast-main-header-display":"","ast-hfb-above-header-display":"","ast-hfb-below-header-display":"","ast-hfb-mobile-header-display":"","site-post-title":"","ast-breadcrumbs-content":"","ast-featured-img":"","footer-sml-layout":"","theme-transparent-header-meta":"","adv-header-id-meta":"","stick-header-meta":"","header-above-stick-meta":"","header-main-stick-meta":"","header-below-stick-meta":"","astra-migrate-meta-layouts":"default","ast-page-background-enabled":"default","ast-page-background-meta":{"desktop":{"background-color":"var(--ast-global-color-4)","background-image":"","background-repeat":"repeat","background-position":"center center","background-size":"auto","background-attachment":"scroll","background-type":"","background-media":"","overlay-type":"","overlay-color":"","overlay-opacity":"","overlay-gradient":""},"tablet":{"background-color":"","background-image":"","background-repeat":"repeat","background-position":"center center","background-size":"auto","background-attachment":"scroll","background-type":"","background-media":"","overlay-type":"","overlay-color":"","overlay-opacity":"","overlay-gradient":""},"mobile":{"background-color":"","background-image":"","background-repeat":"repeat","background-position":"center center","background-size":"auto","background-attachment":"scroll","background-type":"","background-media":"","overlay-type":"","overlay-color":"","overlay-opacity":"","overlay-gradient":""}},"ast-content-background-meta":{"desktop":{"background-color":"var(--ast-global-color-5)","background-image":"","background-repeat":"repeat","background-position":"center center","background-size":"auto","background-attachment":"scroll","background-type":"","background-media":"","overlay-type":"","overlay-color":"","overlay-opacity":"","overlay-gradient":""},"tablet":{"background-color":"var(--ast-global-color-5)","background-image":"","background-repeat":"repeat","background-position":"center center","background-size":"auto","background-attachment":"scroll","background-type":"","background-media":"","overlay-type":"","overlay-color":"","overlay-opacity":"","overlay-gradient":""},"mobile":{"background-color":"var(--ast-global-color-5)","background-image":"","background-repeat":"repeat","background-position":"center center","background-size":"auto","background-attachment":"scroll","background-type":"","background-media":"","overlay-type":"","overlay-color":"","overlay-opacity":"","overlay-gradient":""}},"footnotes":""},"class_list":["post-4322","page","type-page","status-publish","hentry"],"post_mailing_queue_ids":[],"_links":{"self":[{"href":"https:\/\/agora.xtec.cat\/ieslesmarines\/wp-json\/wp\/v2\/pages\/4322","targetHints":{"allow":["GET"]}}],"collection":[{"href":"https:\/\/agora.xtec.cat\/ieslesmarines\/wp-json\/wp\/v2\/pages"}],"about":[{"href":"https:\/\/agora.xtec.cat\/ieslesmarines\/wp-json\/wp\/v2\/types\/page"}],"author":[{"embeddable":true,"href":"https:\/\/agora.xtec.cat\/ieslesmarines\/wp-json\/wp\/v2\/users\/1"}],"replies":[{"embeddable":true,"href":"https:\/\/agora.xtec.cat\/ieslesmarines\/wp-json\/wp\/v2\/comments?post=4322"}],"version-history":[{"count":1,"href":"https:\/\/agora.xtec.cat\/ieslesmarines\/wp-json\/wp\/v2\/pages\/4322\/revisions"}],"predecessor-version":[{"id":4324,"href":"https:\/\/agora.xtec.cat\/ieslesmarines\/wp-json\/wp\/v2\/pages\/4322\/revisions\/4324"}],"wp:attachment":[{"href":"https:\/\/agora.xtec.cat\/ieslesmarines\/wp-json\/wp\/v2\/media?parent=4322"}],"curies":[{"name":"wp","href":"https:\/\/api.w.org\/{rel}","templated":true}]}}