{"id":4219,"date":"2024-04-04T20:40:31","date_gmt":"2024-04-04T18:40:31","guid":{"rendered":"https:\/\/agora.xtec.cat\/ieslesmarines\/?page_id=4219"},"modified":"2024-04-04T20:40:31","modified_gmt":"2024-04-04T18:40:31","slug":"colonies-2n-deso-dia-2","status":"publish","type":"page","link":"https:\/\/agora.xtec.cat\/ieslesmarines\/colonies-2n-deso-dia-2\/","title":{"rendered":"Col\u00f2nies 2n d&#8217;ESO &#8211; dia 2"},"content":{"rendered":"<p>2n dia de col\u00f2nies d\u2019aventura! \ud83d\uddfb<\/p>\n<p>Avui dia de neu al mat\u00ed, amb un llac de Sant Maurici gla\u00e7at i tot el parc nevat, per\u00f2 amb molt de sol i bona temperatura. Impressionant. \u2744\ufe0f<\/p>\n<p>A la tarda, parc d\u2019aventura al llac de la Torrassa: circuit de tirolines, caiac, big padel surf&#8230; Hem caigut poc a l\u2019aigua, que s\u00ed que estava freda, per\u00f2 el sol acompanyava. \ud83c\udfc4\u200d\u2642\ufe0f\ud83d\udef6<\/p>\n<p>Despr\u00e9s, per tancar aquesta estada, sopar i discoteca, ja que dem\u00e0 tornem a casa. \ud83e\udea9<\/p>\n<p>Podeu veure m\u00e9s imatges, <a href=\"https:\/\/www.instagram.com\/p\/C5WY2ZbMEPz\/?utm_source=ig_web_copy_link\">aqu\u00ed<\/a>.<\/p>\n<p><img loading=\"lazy\" decoding=\"async\" class=\"alignnone wp-image-4220\" src=\"https:\/\/agora.xtec.cat\/ieslesmarines\/wp-content\/uploads\/usu619\/2024\/04\/WhatsApp-Image-2024-04-04-at-8.15.42-PM-1024x768.jpeg\" alt=\"\" width=\"700\" height=\"525\" srcset=\"https:\/\/agora.xtec.cat\/ieslesmarines\/wp-content\/uploads\/usu619\/2024\/04\/WhatsApp-Image-2024-04-04-at-8.15.42-PM-1024x768.jpeg 1024w, https:\/\/agora.xtec.cat\/ieslesmarines\/wp-content\/uploads\/usu619\/2024\/04\/WhatsApp-Image-2024-04-04-at-8.15.42-PM-300x225.jpeg 300w, https:\/\/agora.xtec.cat\/ieslesmarines\/wp-content\/uploads\/usu619\/2024\/04\/WhatsApp-Image-2024-04-04-at-8.15.42-PM-768x576.jpeg 768w, https:\/\/agora.xtec.cat\/ieslesmarines\/wp-content\/uploads\/usu619\/2024\/04\/WhatsApp-Image-2024-04-04-at-8.15.42-PM-1536x1152.jpeg 1536w, https:\/\/agora.xtec.cat\/ieslesmarines\/wp-content\/uploads\/usu619\/2024\/04\/WhatsApp-Image-2024-04-04-at-8.15.42-PM-200x150.jpeg 200w, https:\/\/agora.xtec.cat\/ieslesmarines\/wp-content\/uploads\/usu619\/2024\/04\/WhatsApp-Image-2024-04-04-at-8.15.42-PM.jpeg 2048w\" sizes=\"auto, (max-width: 700px) 100vw, 700px\" \/><\/p>\n","protected":false},"excerpt":{"rendered":"<p>2n dia de col\u00f2nies d\u2019aventura! \ud83d\uddfb Avui dia de neu al mat\u00ed, amb un llac de Sant Maurici gla\u00e7at i tot el parc nevat, per\u00f2 amb molt de sol i bona temperatura. Impressionant. \u2744\ufe0f A la tarda, parc d\u2019aventura al llac de la Torrassa: circuit de tirolines, caiac, big padel surf&#8230; Hem caigut poc a [&hellip;]<\/p>\n","protected":false},"author":1,"featured_media":0,"parent":0,"menu_order":0,"comment_status":"closed","ping_status":"closed","template":"","meta":{"_bbp_topic_count":0,"_bbp_reply_count":0,"_bbp_total_topic_count":0,"_bbp_total_reply_count":0,"_bbp_voice_count":0,"_bbp_anonymous_reply_count":0,"_bbp_topic_count_hidden":0,"_bbp_reply_count_hidden":0,"_bbp_forum_subforum_count":0,"site-sidebar-layout":"default","site-content-layout":"","ast-site-content-layout":"","site-content-style":"default","site-sidebar-style":"default","ast-global-header-display":"","ast-banner-title-visibility":"","ast-main-header-display":"","ast-hfb-above-header-display":"","ast-hfb-below-header-display":"","ast-hfb-mobile-header-display":"","site-post-title":"","ast-breadcrumbs-content":"","ast-featured-img":"","footer-sml-layout":"","theme-transparent-header-meta":"","adv-header-id-meta":"","stick-header-meta":"","header-above-stick-meta":"","header-main-stick-meta":"","header-below-stick-meta":"","astra-migrate-meta-layouts":"default","ast-page-background-enabled":"default","ast-page-background-meta":{"desktop":{"background-color":"var(--ast-global-color-4)","background-image":"","background-repeat":"repeat","background-position":"center center","background-size":"auto","background-attachment":"scroll","background-type":"","background-media":"","overlay-type":"","overlay-color":"","overlay-opacity":"","overlay-gradient":""},"tablet":{"background-color":"","background-image":"","background-repeat":"repeat","background-position":"center center","background-size":"auto","background-attachment":"scroll","background-type":"","background-media":"","overlay-type":"","overlay-color":"","overlay-opacity":"","overlay-gradient":""},"mobile":{"background-color":"","background-image":"","background-repeat":"repeat","background-position":"center center","background-size":"auto","background-attachment":"scroll","background-type":"","background-media":"","overlay-type":"","overlay-color":"","overlay-opacity":"","overlay-gradient":""}},"ast-content-background-meta":{"desktop":{"background-color":"var(--ast-global-color-5)","background-image":"","background-repeat":"repeat","background-position":"center center","background-size":"auto","background-attachment":"scroll","background-type":"","background-media":"","overlay-type":"","overlay-color":"","overlay-opacity":"","overlay-gradient":""},"tablet":{"background-color":"var(--ast-global-color-5)","background-image":"","background-repeat":"repeat","background-position":"center center","background-size":"auto","background-attachment":"scroll","background-type":"","background-media":"","overlay-type":"","overlay-color":"","overlay-opacity":"","overlay-gradient":""},"mobile":{"background-color":"var(--ast-global-color-5)","background-image":"","background-repeat":"repeat","background-position":"center center","background-size":"auto","background-attachment":"scroll","background-type":"","background-media":"","overlay-type":"","overlay-color":"","overlay-opacity":"","overlay-gradient":""}},"footnotes":""},"class_list":["post-4219","page","type-page","status-publish","hentry"],"post_mailing_queue_ids":[],"_links":{"self":[{"href":"https:\/\/agora.xtec.cat\/ieslesmarines\/wp-json\/wp\/v2\/pages\/4219","targetHints":{"allow":["GET"]}}],"collection":[{"href":"https:\/\/agora.xtec.cat\/ieslesmarines\/wp-json\/wp\/v2\/pages"}],"about":[{"href":"https:\/\/agora.xtec.cat\/ieslesmarines\/wp-json\/wp\/v2\/types\/page"}],"author":[{"embeddable":true,"href":"https:\/\/agora.xtec.cat\/ieslesmarines\/wp-json\/wp\/v2\/users\/1"}],"replies":[{"embeddable":true,"href":"https:\/\/agora.xtec.cat\/ieslesmarines\/wp-json\/wp\/v2\/comments?post=4219"}],"version-history":[{"count":1,"href":"https:\/\/agora.xtec.cat\/ieslesmarines\/wp-json\/wp\/v2\/pages\/4219\/revisions"}],"predecessor-version":[{"id":4222,"href":"https:\/\/agora.xtec.cat\/ieslesmarines\/wp-json\/wp\/v2\/pages\/4219\/revisions\/4222"}],"wp:attachment":[{"href":"https:\/\/agora.xtec.cat\/ieslesmarines\/wp-json\/wp\/v2\/media?parent=4219"}],"curies":[{"name":"wp","href":"https:\/\/api.w.org\/{rel}","templated":true}]}}